{"id":16857,"date":"2021-06-18T21:41:49","date_gmt":"2021-06-18T21:41:49","guid":{"rendered":"http:\/\/ancestrina.com\/producto\/bois-de-kuripes\/"},"modified":"2026-05-13T20:38:05","modified_gmt":"2026-05-14T01:38:05","slug":"kuripes-wood","status":"publish","type":"product","link":"https:\/\/ancestrina.com\/fr\/producto\/kuripes-wood\/","title":{"rendered":"Bois de kuripe Indon\u00e9sie"},"content":{"rendered":"<p>D\u00e9couvrez la pr\u00e9cision et l&rsquo;\u00e9l\u00e9gance de nos kuripes artisanales, m\u00e9ticuleusement fabriqu\u00e9es en Indon\u00e9sie \u00e0 partir de bois fins s\u00e9lectionn\u00e9s pour leur beaut\u00e9 et leur durabilit\u00e9. Chaque kuripe est une \u0153uvre d&rsquo;art qui refl\u00e8te la riche tradition de l&rsquo;artisanat indon\u00e9sien, connu pour sa capacit\u00e9 \u00e0 transformer le bois naturel en pi\u00e8ces \u00e0 la fois fonctionnelles et esth\u00e9tiques.<\/p>\n<p>Ces kuripes sont non seulement des outils essentiels pour l&rsquo;administration personnelle du rap\u00e9, mais aussi des objets de collection qui se distinguent par leur design simple et leur finition lisse. Sa forme ergonomique garantit une utilisation confortable et efficace, permettant une connexion plus profonde et plus m\u00e9ditative pendant vos rituels. Id\u00e9al pour ceux qui appr\u00e9cient la finesse de l&rsquo;artisanat et recherchent une exp\u00e9rience authentique et respectueuse du rap\u00e9, chaque kuripe est une invitation \u00e0 profiter de la s\u00e9r\u00e9nit\u00e9 et de la concentration offertes par cette pratique ancestrale.<\/p>\n","protected":false},"excerpt":{"rendered":"<p>D\u00e9couvrez l&rsquo;\u00e9l\u00e9gance et la fonctionnalit\u00e9 de nos kuripes fabriqu\u00e9s \u00e0 la main, sculpt\u00e9s en Indon\u00e9sie dans des bois nobles r\u00e9put\u00e9s pour leur durabilit\u00e9 et leur beaut\u00e9 esth\u00e9tique. Chaque pi\u00e8ce refl\u00e8te l&rsquo;art traditionnel indon\u00e9sien exquis, offrant non seulement un outil pour l&rsquo;utilisation personnelle du rap\u00e9, mais aussi une v\u00e9ritable \u0153uvre d&rsquo;art.<\/p>\n<p>Ces kuripes combinent un design ergonomique et des finitions lisses pour une utilisation confortable et efficace, id\u00e9ale pour approfondir les pratiques spirituelles et de m\u00e9ditation. Leur qualit\u00e9 et leur design les rendent parfaits pour ceux qui recherchent une exp\u00e9rience de rap\u00e9 authentique, appr\u00e9ciant la finesse et la tradition dans chaque d\u00e9tail.<\/p>\n<p>&nbsp;<\/p>\n","protected":false},"featured_media":34874,"comment_status":"open","ping_status":"closed","template":"","meta":{"order-bump-settings":[],"_wpfnl_thankyou_order_overview":"on","_wpfnl_thankyou_order_details":"on","_wpfnl_thankyou_billing_details":"on","_wpfnl_thankyou_shipping_details":"on","site-sidebar-layout":"default","site-content-layout":"default","ast-site-content-layout":"default","site-content-style":"default","site-sidebar-style":"default","ast-global-header-display":"","ast-banner-title-visibility":"","ast-main-header-display":"","ast-hfb-above-header-display":"","ast-hfb-below-header-display":"","ast-hfb-mobile-header-display":"","site-post-title":"","ast-breadcrumbs-content":"","ast-featured-img":"","footer-sml-layout":"","ast-disable-related-posts":"","theme-transparent-header-meta":"default","adv-header-id-meta":"","stick-header-meta":"","header-above-stick-meta":"","header-main-stick-meta":"","header-below-stick-meta":"","astra-migrate-meta-layouts":"default","ast-page-background-enabled":"default","ast-page-background-meta":{"desktop":{"background-color":"","background-image":"","background-repeat":"repeat","background-position":"center center","background-size":"auto","background-attachment":"scroll","background-type":"","background-media":"","overlay-type":"","overlay-color":"","overlay-opacity":"","overlay-gradient":""},"tablet":{"background-color":"","background-image":"","background-repeat":"repeat","background-position":"center center","background-size":"auto","background-attachment":"scroll","background-type":"","background-media":"","overlay-type":"","overlay-color":"","overlay-opacity":"","overlay-gradient":""},"mobile":{"background-color":"","background-image":"","background-repeat":"repeat","background-position":"center center","background-size":"auto","background-attachment":"scroll","background-type":"","background-media":"","overlay-type":"","overlay-color":"","overlay-opacity":"","overlay-gradient":""}},"ast-content-background-meta":{"desktop":{"background-color":"var(--ast-global-color-5)","background-image":"","background-repeat":"repeat","background-position":"center center","background-size":"auto","background-attachment":"scroll","background-type":"","background-media":"","overlay-type":"","overlay-color":"","overlay-opacity":"","overlay-gradient":""},"tablet":{"background-color":"var(--ast-global-color-5)","background-image":"","background-repeat":"repeat","background-position":"center center","background-size":"auto","background-attachment":"scroll","background-type":"","background-media":"","overlay-type":"","overlay-color":"","overlay-opacity":"","overlay-gradient":""},"mobile":{"background-color":"var(--ast-global-color-5)","background-image":"","background-repeat":"repeat","background-position":"center center","background-size":"auto","background-attachment":"scroll","background-type":"","background-media":"","overlay-type":"","overlay-color":"","overlay-opacity":"","overlay-gradient":""}},"_joinchat":[]},"product_brand":[],"product_cat":[772,774],"product_tag":[],"class_list":{"0":"post-16857","1":"product","2":"type-product","3":"status-publish","4":"has-post-thumbnail","6":"product_cat-accessoires","7":"product_cat-kuripes-fr","8":"desktop-align-center","9":"tablet-align-left","10":"mobile-align-left","12":"first","13":"instock","14":"shipping-taxable","15":"purchasable","16":"product-type-simple"},"yoast_head":"<!-- This site is optimized with the Yoast SEO Premium plugin v22.6 (Yoast SEO v27.6) - https:\/\/yoast.com\/product\/yoast-seo-premium-wordpress\/ -->\n<title>Bois de kuripe Indon\u00e9sie Ancestrina<\/title>\n<meta name=\"description\" content=\"D\u00e9couvrez l&#039;\u00e9l\u00e9gance et la fonctionnalit\u00e9 de nos kuripes en bois indon\u00e9sien fabriqu\u00e9s \u00e0 la main, sculpt\u00e9s avec pr\u00e9cision dans des bois nobles s\u00e9lectionn\u00e9s pour leur beaut\u00e9 et leur durabilit\u00e9. Ces \u0153uvres d&#039;art refl\u00e8tent la riche tradition de l&#039;artisanat indon\u00e9sien et offrent une exp\u00e9rience authentique de l&#039;administration du rap\u00e9. Id\u00e9al pour les pratiques spirituelles et de m\u00e9ditation, chaque kuripe est une invitation \u00e0 profiter de la s\u00e9r\u00e9nit\u00e9 et de la concentration offertes par cette pratique ancienne.\" \/>\n<meta name=\"robots\" content=\"index, follow, max-snippet:-1, max-image-preview:large, max-video-preview:-1\" \/>\n<link rel=\"canonical\" href=\"https:\/\/ancestrina.com\/fr\/producto\/kuripes-wood\/\" \/>\n<meta property=\"og:locale\" content=\"fr_FR\" \/>\n<meta property=\"og:type\" content=\"article\" \/>\n<meta property=\"og:title\" content=\"Bois de kuripe Indon\u00e9sie\" \/>\n<meta property=\"og:description\" content=\"D\u00e9couvrez l&#039;\u00e9l\u00e9gance et la fonctionnalit\u00e9 de nos kuripes en bois indon\u00e9sien fabriqu\u00e9s \u00e0 la main, sculpt\u00e9s avec pr\u00e9cision dans des bois nobles s\u00e9lectionn\u00e9s pour leur beaut\u00e9 et leur durabilit\u00e9. Ces \u0153uvres d&#039;art refl\u00e8tent la riche tradition de l&#039;artisanat indon\u00e9sien et offrent une exp\u00e9rience authentique de l&#039;administration du rap\u00e9. Id\u00e9al pour les pratiques spirituelles et de m\u00e9ditation, chaque kuripe est une invitation \u00e0 profiter de la s\u00e9r\u00e9nit\u00e9 et de la concentration offertes par cette pratique ancienne.\" \/>\n<meta property=\"og:url\" content=\"https:\/\/ancestrina.com\/fr\/producto\/kuripes-wood\/\" \/>\n<meta property=\"og:site_name\" content=\"Ancestrina\" \/>\n<meta property=\"article:publisher\" content=\"https:\/\/www.facebook.com\/Ancestrina\/\" \/>\n<meta property=\"article:modified_time\" content=\"2026-05-14T01:38:05+00:00\" \/>\n<meta property=\"og:image\" content=\"https:\/\/ancestrina.com\/wp-content\/uploads\/kuripes-indonesia.jpg\" \/>\n\t<meta property=\"og:image:width\" content=\"2048\" \/>\n\t<meta property=\"og:image:height\" content=\"2048\" \/>\n\t<meta property=\"og:image:type\" content=\"image\/jpeg\" \/>\n<meta name=\"twitter:card\" content=\"summary_large_image\" \/>\n<meta name=\"twitter:label1\" content=\"Dur\u00e9e de lecture estim\u00e9e\" \/>\n\t<meta name=\"twitter:data1\" content=\"1 minute\" \/>\n<script type=\"application\/ld+json\" class=\"yoast-schema-graph\">{\"@context\":\"https:\\\/\\\/schema.org\",\"@graph\":[{\"@type\":\"WebPage\",\"@id\":\"https:\\\/\\\/ancestrina.com\\\/fr\\\/producto\\\/kuripes-wood\\\/\",\"url\":\"https:\\\/\\\/ancestrina.com\\\/fr\\\/producto\\\/kuripes-wood\\\/\",\"name\":\"Bois de kuripe Indon\u00e9sie Ancestrina\",\"isPartOf\":{\"@id\":\"https:\\\/\\\/ancestrina.com\\\/fr\\\/#website\"},\"primaryImageOfPage\":{\"@id\":\"https:\\\/\\\/ancestrina.com\\\/fr\\\/producto\\\/kuripes-wood\\\/#primaryimage\"},\"image\":{\"@id\":\"https:\\\/\\\/ancestrina.com\\\/fr\\\/producto\\\/kuripes-wood\\\/#primaryimage\"},\"thumbnailUrl\":\"https:\\\/\\\/ancestrina.com\\\/wp-content\\\/uploads\\\/kuripes-indonesia.jpg\",\"datePublished\":\"2021-06-18T21:41:49+00:00\",\"dateModified\":\"2026-05-14T01:38:05+00:00\",\"description\":\"D\u00e9couvrez l'\u00e9l\u00e9gance et la fonctionnalit\u00e9 de nos kuripes en bois indon\u00e9sien fabriqu\u00e9s \u00e0 la main, sculpt\u00e9s avec pr\u00e9cision dans des bois nobles s\u00e9lectionn\u00e9s pour leur beaut\u00e9 et leur durabilit\u00e9. Ces \u0153uvres d'art refl\u00e8tent la riche tradition de l'artisanat indon\u00e9sien et offrent une exp\u00e9rience authentique de l'administration du rap\u00e9. Id\u00e9al pour les pratiques spirituelles et de m\u00e9ditation, chaque kuripe est une invitation \u00e0 profiter de la s\u00e9r\u00e9nit\u00e9 et de la concentration offertes par cette pratique ancienne.\",\"breadcrumb\":{\"@id\":\"https:\\\/\\\/ancestrina.com\\\/fr\\\/producto\\\/kuripes-wood\\\/#breadcrumb\"},\"inLanguage\":\"fr-FR\",\"potentialAction\":[{\"@type\":\"ReadAction\",\"target\":[\"https:\\\/\\\/ancestrina.com\\\/fr\\\/producto\\\/kuripes-wood\\\/\"]}]},{\"@type\":\"ImageObject\",\"inLanguage\":\"fr-FR\",\"@id\":\"https:\\\/\\\/ancestrina.com\\\/fr\\\/producto\\\/kuripes-wood\\\/#primaryimage\",\"url\":\"https:\\\/\\\/ancestrina.com\\\/wp-content\\\/uploads\\\/kuripes-indonesia.jpg\",\"contentUrl\":\"https:\\\/\\\/ancestrina.com\\\/wp-content\\\/uploads\\\/kuripes-indonesia.jpg\",\"width\":2048,\"height\":2048},{\"@type\":\"BreadcrumbList\",\"@id\":\"https:\\\/\\\/ancestrina.com\\\/fr\\\/producto\\\/kuripes-wood\\\/#breadcrumb\",\"itemListElement\":[{\"@type\":\"ListItem\",\"position\":1,\"name\":\"Home\",\"item\":\"https:\\\/\\\/ancestrina.com\\\/fr\\\/domicile\\\/\"},{\"@type\":\"ListItem\",\"position\":2,\"name\":\"boutique\",\"item\":\"https:\\\/\\\/ancestrina.com\\\/fr\\\/boutique\\\/\"},{\"@type\":\"ListItem\",\"position\":3,\"name\":\"Bois de kuripe Indon\u00e9sie\"}]},{\"@type\":\"WebSite\",\"@id\":\"https:\\\/\\\/ancestrina.com\\\/fr\\\/#website\",\"url\":\"https:\\\/\\\/ancestrina.com\\\/fr\\\/\",\"name\":\"Ancestrina\",\"description\":\"Trabajamos experiencias con plantas maestras, terapias integradoras y cultos ancestrales\",\"publisher\":{\"@id\":\"https:\\\/\\\/ancestrina.com\\\/fr\\\/#organization\"},\"potentialAction\":[{\"@type\":\"SearchAction\",\"target\":{\"@type\":\"EntryPoint\",\"urlTemplate\":\"https:\\\/\\\/ancestrina.com\\\/fr\\\/?s={search_term_string}\"},\"query-input\":{\"@type\":\"PropertyValueSpecification\",\"valueRequired\":true,\"valueName\":\"search_term_string\"}}],\"inLanguage\":\"fr-FR\"},{\"@type\":\"Organization\",\"@id\":\"https:\\\/\\\/ancestrina.com\\\/fr\\\/#organization\",\"name\":\"Ancestrina\",\"url\":\"https:\\\/\\\/ancestrina.com\\\/fr\\\/\",\"logo\":{\"@type\":\"ImageObject\",\"inLanguage\":\"fr-FR\",\"@id\":\"https:\\\/\\\/ancestrina.com\\\/fr\\\/#\\\/schema\\\/logo\\\/image\\\/\",\"url\":\"https:\\\/\\\/ancestrina.com\\\/wp-content\\\/uploads\\\/2020\\\/06\\\/cropped-LOGO-ANCESTRINA-1.png\",\"contentUrl\":\"https:\\\/\\\/ancestrina.com\\\/wp-content\\\/uploads\\\/2020\\\/06\\\/cropped-LOGO-ANCESTRINA-1.png\",\"width\":630,\"height\":202,\"caption\":\"Ancestrina\"},\"image\":{\"@id\":\"https:\\\/\\\/ancestrina.com\\\/fr\\\/#\\\/schema\\\/logo\\\/image\\\/\"},\"sameAs\":[\"https:\\\/\\\/www.facebook.com\\\/Ancestrina\\\/\",\"https:\\\/\\\/www.instagram.com\\\/ancestrina\\\/\",\"https:\\\/\\\/www.youtube.com\\\/channel\\\/UCgtt6WFhEIVEI30PzxlOeIw\"]}]}<\/script>\n<!-- \/ Yoast SEO Premium plugin. -->","yoast_head_json":{"title":"Bois de kuripe Indon\u00e9sie Ancestrina","description":"D\u00e9couvrez l'\u00e9l\u00e9gance et la fonctionnalit\u00e9 de nos kuripes en bois indon\u00e9sien fabriqu\u00e9s \u00e0 la main, sculpt\u00e9s avec pr\u00e9cision dans des bois nobles s\u00e9lectionn\u00e9s pour leur beaut\u00e9 et leur durabilit\u00e9. Ces \u0153uvres d'art refl\u00e8tent la riche tradition de l'artisanat indon\u00e9sien et offrent une exp\u00e9rience authentique de l'administration du rap\u00e9. Id\u00e9al pour les pratiques spirituelles et de m\u00e9ditation, chaque kuripe est une invitation \u00e0 profiter de la s\u00e9r\u00e9nit\u00e9 et de la concentration offertes par cette pratique ancienne.","robots":{"index":"index","follow":"follow","max-snippet":"max-snippet:-1","max-image-preview":"max-image-preview:large","max-video-preview":"max-video-preview:-1"},"canonical":"https:\/\/ancestrina.com\/fr\/producto\/kuripes-wood\/","og_locale":"fr_FR","og_type":"article","og_title":"Bois de kuripe Indon\u00e9sie","og_description":"D\u00e9couvrez l'\u00e9l\u00e9gance et la fonctionnalit\u00e9 de nos kuripes en bois indon\u00e9sien fabriqu\u00e9s \u00e0 la main, sculpt\u00e9s avec pr\u00e9cision dans des bois nobles s\u00e9lectionn\u00e9s pour leur beaut\u00e9 et leur durabilit\u00e9. Ces \u0153uvres d'art refl\u00e8tent la riche tradition de l'artisanat indon\u00e9sien et offrent une exp\u00e9rience authentique de l'administration du rap\u00e9. Id\u00e9al pour les pratiques spirituelles et de m\u00e9ditation, chaque kuripe est une invitation \u00e0 profiter de la s\u00e9r\u00e9nit\u00e9 et de la concentration offertes par cette pratique ancienne.","og_url":"https:\/\/ancestrina.com\/fr\/producto\/kuripes-wood\/","og_site_name":"Ancestrina","article_publisher":"https:\/\/www.facebook.com\/Ancestrina\/","article_modified_time":"2026-05-14T01:38:05+00:00","og_image":[{"width":2048,"height":2048,"url":"https:\/\/ancestrina.com\/wp-content\/uploads\/kuripes-indonesia.jpg","type":"image\/jpeg"}],"twitter_card":"summary_large_image","twitter_misc":{"Dur\u00e9e de lecture estim\u00e9e":"1 minute"},"schema":{"@context":"https:\/\/schema.org","@graph":[{"@type":"WebPage","@id":"https:\/\/ancestrina.com\/fr\/producto\/kuripes-wood\/","url":"https:\/\/ancestrina.com\/fr\/producto\/kuripes-wood\/","name":"Bois de kuripe Indon\u00e9sie Ancestrina","isPartOf":{"@id":"https:\/\/ancestrina.com\/fr\/#website"},"primaryImageOfPage":{"@id":"https:\/\/ancestrina.com\/fr\/producto\/kuripes-wood\/#primaryimage"},"image":{"@id":"https:\/\/ancestrina.com\/fr\/producto\/kuripes-wood\/#primaryimage"},"thumbnailUrl":"https:\/\/ancestrina.com\/wp-content\/uploads\/kuripes-indonesia.jpg","datePublished":"2021-06-18T21:41:49+00:00","dateModified":"2026-05-14T01:38:05+00:00","description":"D\u00e9couvrez l'\u00e9l\u00e9gance et la fonctionnalit\u00e9 de nos kuripes en bois indon\u00e9sien fabriqu\u00e9s \u00e0 la main, sculpt\u00e9s avec pr\u00e9cision dans des bois nobles s\u00e9lectionn\u00e9s pour leur beaut\u00e9 et leur durabilit\u00e9. Ces \u0153uvres d'art refl\u00e8tent la riche tradition de l'artisanat indon\u00e9sien et offrent une exp\u00e9rience authentique de l'administration du rap\u00e9. Id\u00e9al pour les pratiques spirituelles et de m\u00e9ditation, chaque kuripe est une invitation \u00e0 profiter de la s\u00e9r\u00e9nit\u00e9 et de la concentration offertes par cette pratique ancienne.","breadcrumb":{"@id":"https:\/\/ancestrina.com\/fr\/producto\/kuripes-wood\/#breadcrumb"},"inLanguage":"fr-FR","potentialAction":[{"@type":"ReadAction","target":["https:\/\/ancestrina.com\/fr\/producto\/kuripes-wood\/"]}]},{"@type":"ImageObject","inLanguage":"fr-FR","@id":"https:\/\/ancestrina.com\/fr\/producto\/kuripes-wood\/#primaryimage","url":"https:\/\/ancestrina.com\/wp-content\/uploads\/kuripes-indonesia.jpg","contentUrl":"https:\/\/ancestrina.com\/wp-content\/uploads\/kuripes-indonesia.jpg","width":2048,"height":2048},{"@type":"BreadcrumbList","@id":"https:\/\/ancestrina.com\/fr\/producto\/kuripes-wood\/#breadcrumb","itemListElement":[{"@type":"ListItem","position":1,"name":"Home","item":"https:\/\/ancestrina.com\/fr\/domicile\/"},{"@type":"ListItem","position":2,"name":"boutique","item":"https:\/\/ancestrina.com\/fr\/boutique\/"},{"@type":"ListItem","position":3,"name":"Bois de kuripe Indon\u00e9sie"}]},{"@type":"WebSite","@id":"https:\/\/ancestrina.com\/fr\/#website","url":"https:\/\/ancestrina.com\/fr\/","name":"Ancestrina","description":"Trabajamos experiencias con plantas maestras, terapias integradoras y cultos ancestrales","publisher":{"@id":"https:\/\/ancestrina.com\/fr\/#organization"},"potentialAction":[{"@type":"SearchAction","target":{"@type":"EntryPoint","urlTemplate":"https:\/\/ancestrina.com\/fr\/?s={search_term_string}"},"query-input":{"@type":"PropertyValueSpecification","valueRequired":true,"valueName":"search_term_string"}}],"inLanguage":"fr-FR"},{"@type":"Organization","@id":"https:\/\/ancestrina.com\/fr\/#organization","name":"Ancestrina","url":"https:\/\/ancestrina.com\/fr\/","logo":{"@type":"ImageObject","inLanguage":"fr-FR","@id":"https:\/\/ancestrina.com\/fr\/#\/schema\/logo\/image\/","url":"https:\/\/ancestrina.com\/wp-content\/uploads\/2020\/06\/cropped-LOGO-ANCESTRINA-1.png","contentUrl":"https:\/\/ancestrina.com\/wp-content\/uploads\/2020\/06\/cropped-LOGO-ANCESTRINA-1.png","width":630,"height":202,"caption":"Ancestrina"},"image":{"@id":"https:\/\/ancestrina.com\/fr\/#\/schema\/logo\/image\/"},"sameAs":["https:\/\/www.facebook.com\/Ancestrina\/","https:\/\/www.instagram.com\/ancestrina\/","https:\/\/www.youtube.com\/channel\/UCgtt6WFhEIVEI30PzxlOeIw"]}]}},"_links":{"self":[{"href":"https:\/\/ancestrina.com\/fr\/wp-json\/wp\/v2\/product\/16857","targetHints":{"allow":["GET"]}}],"collection":[{"href":"https:\/\/ancestrina.com\/fr\/wp-json\/wp\/v2\/product"}],"about":[{"href":"https:\/\/ancestrina.com\/fr\/wp-json\/wp\/v2\/types\/product"}],"replies":[{"embeddable":true,"href":"https:\/\/ancestrina.com\/fr\/wp-json\/wp\/v2\/comments?post=16857"}],"version-history":[{"count":3,"href":"https:\/\/ancestrina.com\/fr\/wp-json\/wp\/v2\/product\/16857\/revisions"}],"predecessor-version":[{"id":37888,"href":"https:\/\/ancestrina.com\/fr\/wp-json\/wp\/v2\/product\/16857\/revisions\/37888"}],"wp:featuredmedia":[{"embeddable":true,"href":"https:\/\/ancestrina.com\/fr\/wp-json\/wp\/v2\/media\/34874"}],"wp:attachment":[{"href":"https:\/\/ancestrina.com\/fr\/wp-json\/wp\/v2\/media?parent=16857"}],"wp:term":[{"taxonomy":"product_brand","embeddable":true,"href":"https:\/\/ancestrina.com\/fr\/wp-json\/wp\/v2\/product_brand?post=16857"},{"taxonomy":"product_cat","embeddable":true,"href":"https:\/\/ancestrina.com\/fr\/wp-json\/wp\/v2\/product_cat?post=16857"},{"taxonomy":"product_tag","embeddable":true,"href":"https:\/\/ancestrina.com\/fr\/wp-json\/wp\/v2\/product_tag?post=16857"}],"curies":[{"name":"wp","href":"https:\/\/api.w.org\/{rel}","templated":true}]}}