{"id":16801,"date":"2021-06-18T22:41:13","date_gmt":"2021-06-18T22:41:13","guid":{"rendered":"http:\/\/ancestrina.com\/producto\/kuripes-sculptes-a-la-main\/"},"modified":"2026-05-15T15:18:47","modified_gmt":"2026-05-15T20:18:47","slug":"kuripes-sculpte-a-la-main","status":"publish","type":"product","link":"https:\/\/ancestrina.com\/fr\/producto\/kuripes-sculpte-a-la-main\/","title":{"rendered":"Kuripes sculpt\u00e9es \u00e0 la main"},"content":{"rendered":"<p>D\u00e9couvrez nos kuripes en bois sculpt\u00e9, chacune \u00e9tant une pi\u00e8ce d&rsquo;artisanat unique qui refl\u00e8te \u00e0 la fois l&rsquo;habilet\u00e9 et l&rsquo;intention spirituelle. Ces kuripes sont soigneusement sculpt\u00e9s \u00e0 la main par des ma\u00eetres artisans qui insufflent \u00e0 chaque cr\u00e9ation l&rsquo;essence des animaux de pouvoir, offrant ainsi non seulement un outil pour l&rsquo;utilisation du rap\u00e9, mais aussi une amulette de connexion spirituelle.<\/p>\n<p>Chaque kuripe est une \u0153uvre d&rsquo;art personnalisable, vous permettant de choisir l&rsquo;animal de pouvoir qui r\u00e9sonne le plus profond\u00e9ment avec votre esprit et vos besoins. Du jaguar, qui symbolise la force et la ruse, \u00e0 l&rsquo;aigle, qui repr\u00e9sente la hauteur de vue et la libert\u00e9, ces animaux ne se contentent pas d&rsquo;orner le kuripe, ils deviennent aussi des compagnons de voyage spirituel.<\/p>\n<p>La sculpture d\u00e9taill\u00e9e de chaque animal dans le bois ne met pas seulement en valeur la qualit\u00e9 artistique du kuripe, mais renforce \u00e9galement son r\u00f4le de canal de m\u00e9ditation profonde et de gu\u00e9rison. Ces kuripes sont id\u00e9ales pour ceux qui cherchent \u00e0 approfondir leur lien avec les traditions ancestrales et \u00e0 accomplir leurs rituels de rap\u00e9 avec un sentiment de guidance spirituelle et de protection.<\/p>\n<p>Optez pour l&rsquo;un de nos kuripes sculpt\u00e9s afin d&rsquo;enrichir votre pratique spirituelle d&rsquo;une pi\u00e8ce qui n&rsquo;est pas seulement fonctionnelle, mais aussi profond\u00e9ment symbolique et personnelle.<\/p>\n<p>&nbsp;<\/p>\n","protected":false},"excerpt":{"rendered":"<p>Explorez l&rsquo;union de l&rsquo;art et de la spiritualit\u00e9 avec nos kuripes en bois m\u00e9ticuleusement sculpt\u00e9es \u00e0 la main, personnalis\u00e9es avec des figures d&rsquo;animaux de pouvoir. Chaque kuripe est une pi\u00e8ce unique, con\u00e7ue non seulement pour \u00eatre utilis\u00e9e comme tabac \u00e0 priser, mais aussi comme symbole de protection et de guidance spirituelle, refl\u00e9tant l&rsquo;animal qui r\u00e9sonne le mieux avec votre chemin spirituel.<\/p>\n<p>Ces kuripes allient fonctionnalit\u00e9 et signification symbolique profonde. Ils sont parfaits pour ceux qui appr\u00e9cient les d\u00e9tails de l&rsquo;artisanat et recherchent un lien plus profond dans leurs pratiques spirituelles. Choisissez parmi une vari\u00e9t\u00e9 d&rsquo;animaux sculpt\u00e9s pour personnaliser votre exp\u00e9rience et enrichir vos rituels de la force et de la sagesse que chacun repr\u00e9sente.<\/p>\n<p><span style=\"color: #999999;\"><i>Renseignez-vous sur les kuripes disponibles.<\/i><\/span><\/p>\n","protected":false},"featured_media":34426,"comment_status":"open","ping_status":"closed","template":"","meta":{"order-bump-settings":[],"_wpfnl_thankyou_order_overview":"on","_wpfnl_thankyou_order_details":"on","_wpfnl_thankyou_billing_details":"on","_wpfnl_thankyou_shipping_details":"on","site-sidebar-layout":"default","site-content-layout":"default","ast-site-content-layout":"default","site-content-style":"default","site-sidebar-style":"default","ast-global-header-display":"","ast-banner-title-visibility":"","ast-main-header-display":"","ast-hfb-above-header-display":"","ast-hfb-below-header-display":"","ast-hfb-mobile-header-display":"","site-post-title":"","ast-breadcrumbs-content":"","ast-featured-img":"","footer-sml-layout":"","ast-disable-related-posts":"","theme-transparent-header-meta":"default","adv-header-id-meta":"","stick-header-meta":"","header-above-stick-meta":"","header-main-stick-meta":"","header-below-stick-meta":"","astra-migrate-meta-layouts":"default","ast-page-background-enabled":"default","ast-page-background-meta":{"desktop":{"background-color":"","background-image":"","background-repeat":"repeat","background-position":"center center","background-size":"auto","background-attachment":"scroll","background-type":"","background-media":"","overlay-type":"","overlay-color":"","overlay-opacity":"","overlay-gradient":""},"tablet":{"background-color":"","background-image":"","background-repeat":"repeat","background-position":"center center","background-size":"auto","background-attachment":"scroll","background-type":"","background-media":"","overlay-type":"","overlay-color":"","overlay-opacity":"","overlay-gradient":""},"mobile":{"background-color":"","background-image":"","background-repeat":"repeat","background-position":"center center","background-size":"auto","background-attachment":"scroll","background-type":"","background-media":"","overlay-type":"","overlay-color":"","overlay-opacity":"","overlay-gradient":""}},"ast-content-background-meta":{"desktop":{"background-color":"var(--ast-global-color-5)","background-image":"","background-repeat":"repeat","background-position":"center center","background-size":"auto","background-attachment":"scroll","background-type":"","background-media":"","overlay-type":"","overlay-color":"","overlay-opacity":"","overlay-gradient":""},"tablet":{"background-color":"var(--ast-global-color-5)","background-image":"","background-repeat":"repeat","background-position":"center center","background-size":"auto","background-attachment":"scroll","background-type":"","background-media":"","overlay-type":"","overlay-color":"","overlay-opacity":"","overlay-gradient":""},"mobile":{"background-color":"var(--ast-global-color-5)","background-image":"","background-repeat":"repeat","background-position":"center center","background-size":"auto","background-attachment":"scroll","background-type":"","background-media":"","overlay-type":"","overlay-color":"","overlay-opacity":"","overlay-gradient":""}},"_joinchat":[]},"product_brand":[],"product_cat":[772,774],"product_tag":[],"class_list":{"0":"post-16801","1":"product","2":"type-product","3":"status-publish","4":"has-post-thumbnail","6":"product_cat-accessoires","7":"product_cat-kuripes-fr","8":"desktop-align-center","9":"tablet-align-left","10":"mobile-align-left","12":"first","13":"instock","14":"shipping-taxable","15":"purchasable","16":"product-type-simple"},"yoast_head":"<!-- This site is optimized with the Yoast SEO Premium plugin v22.6 (Yoast SEO v27.6) - https:\/\/yoast.com\/product\/yoast-seo-premium-wordpress\/ -->\n<title>Kuripes sculpt\u00e9es \u00e0 la main Ancestrina<\/title>\n<meta name=\"description\" content=\"D\u00e9couvrez l&#039;union de l&#039;art et de la spiritualit\u00e9 avec nos kuripes en bois m\u00e9ticuleusement sculpt\u00e9s \u00e0 la main, personnalis\u00e9s avec des figures d&#039;animaux de pouvoir. Chaque kuripe est une pi\u00e8ce unique, con\u00e7ue non seulement pour l&#039;utilisation du rap\u00e9, mais aussi comme un symbole de protection et de guidance spirituelle, refl\u00e9tant l&#039;animal qui r\u00e9sonne le mieux avec votre chemin spirituel. Choisissez cette pi\u00e8ce pour enrichir vos rituels de la force et de la sagesse que repr\u00e9sente chaque animal.\" \/>\n<meta name=\"robots\" content=\"index, follow, max-snippet:-1, max-image-preview:large, max-video-preview:-1\" \/>\n<link rel=\"canonical\" href=\"https:\/\/ancestrina.com\/fr\/producto\/kuripes-sculpte-a-la-main\/\" \/>\n<meta property=\"og:locale\" content=\"fr_FR\" \/>\n<meta property=\"og:type\" content=\"article\" \/>\n<meta property=\"og:title\" content=\"Kuripes sculpt\u00e9es \u00e0 la main\" \/>\n<meta property=\"og:description\" content=\"D\u00e9couvrez l&#039;union de l&#039;art et de la spiritualit\u00e9 avec nos kuripes en bois m\u00e9ticuleusement sculpt\u00e9s \u00e0 la main, personnalis\u00e9s avec des figures d&#039;animaux de pouvoir. Chaque kuripe est une pi\u00e8ce unique, con\u00e7ue non seulement pour l&#039;utilisation du rap\u00e9, mais aussi comme un symbole de protection et de guidance spirituelle, refl\u00e9tant l&#039;animal qui r\u00e9sonne le mieux avec votre chemin spirituel. Choisissez cette pi\u00e8ce pour enrichir vos rituels de la force et de la sagesse que repr\u00e9sente chaque animal.\" \/>\n<meta property=\"og:url\" content=\"https:\/\/ancestrina.com\/fr\/producto\/kuripes-sculpte-a-la-main\/\" \/>\n<meta property=\"og:site_name\" content=\"Ancestrina\" \/>\n<meta property=\"article:publisher\" content=\"https:\/\/www.facebook.com\/Ancestrina\/\" \/>\n<meta property=\"article:modified_time\" content=\"2026-05-15T20:18:47+00:00\" \/>\n<meta property=\"og:image\" content=\"https:\/\/ancestrina.com\/wp-content\/uploads\/accesorios.jpg\" \/>\n\t<meta property=\"og:image:width\" content=\"2048\" \/>\n\t<meta property=\"og:image:height\" content=\"2048\" \/>\n\t<meta property=\"og:image:type\" content=\"image\/jpeg\" \/>\n<meta name=\"twitter:card\" content=\"summary_large_image\" \/>\n<meta name=\"twitter:label1\" content=\"Dur\u00e9e de lecture estim\u00e9e\" \/>\n\t<meta name=\"twitter:data1\" content=\"1 minute\" \/>\n<script type=\"application\/ld+json\" class=\"yoast-schema-graph\">{\"@context\":\"https:\\\/\\\/schema.org\",\"@graph\":[{\"@type\":\"WebPage\",\"@id\":\"https:\\\/\\\/ancestrina.com\\\/fr\\\/producto\\\/kuripes-sculpte-a-la-main\\\/\",\"url\":\"https:\\\/\\\/ancestrina.com\\\/fr\\\/producto\\\/kuripes-sculpte-a-la-main\\\/\",\"name\":\"Kuripes sculpt\u00e9es \u00e0 la main Ancestrina\",\"isPartOf\":{\"@id\":\"https:\\\/\\\/ancestrina.com\\\/fr\\\/#website\"},\"primaryImageOfPage\":{\"@id\":\"https:\\\/\\\/ancestrina.com\\\/fr\\\/producto\\\/kuripes-sculpte-a-la-main\\\/#primaryimage\"},\"image\":{\"@id\":\"https:\\\/\\\/ancestrina.com\\\/fr\\\/producto\\\/kuripes-sculpte-a-la-main\\\/#primaryimage\"},\"thumbnailUrl\":\"https:\\\/\\\/ancestrina.com\\\/wp-content\\\/uploads\\\/accesorios.jpg\",\"datePublished\":\"2021-06-18T22:41:13+00:00\",\"dateModified\":\"2026-05-15T20:18:47+00:00\",\"description\":\"D\u00e9couvrez l'union de l'art et de la spiritualit\u00e9 avec nos kuripes en bois m\u00e9ticuleusement sculpt\u00e9s \u00e0 la main, personnalis\u00e9s avec des figures d'animaux de pouvoir. Chaque kuripe est une pi\u00e8ce unique, con\u00e7ue non seulement pour l'utilisation du rap\u00e9, mais aussi comme un symbole de protection et de guidance spirituelle, refl\u00e9tant l'animal qui r\u00e9sonne le mieux avec votre chemin spirituel. Choisissez cette pi\u00e8ce pour enrichir vos rituels de la force et de la sagesse que repr\u00e9sente chaque animal.\",\"breadcrumb\":{\"@id\":\"https:\\\/\\\/ancestrina.com\\\/fr\\\/producto\\\/kuripes-sculpte-a-la-main\\\/#breadcrumb\"},\"inLanguage\":\"fr-FR\",\"potentialAction\":[{\"@type\":\"ReadAction\",\"target\":[\"https:\\\/\\\/ancestrina.com\\\/fr\\\/producto\\\/kuripes-sculpte-a-la-main\\\/\"]}]},{\"@type\":\"ImageObject\",\"inLanguage\":\"fr-FR\",\"@id\":\"https:\\\/\\\/ancestrina.com\\\/fr\\\/producto\\\/kuripes-sculpte-a-la-main\\\/#primaryimage\",\"url\":\"https:\\\/\\\/ancestrina.com\\\/wp-content\\\/uploads\\\/accesorios.jpg\",\"contentUrl\":\"https:\\\/\\\/ancestrina.com\\\/wp-content\\\/uploads\\\/accesorios.jpg\",\"width\":2048,\"height\":2048},{\"@type\":\"BreadcrumbList\",\"@id\":\"https:\\\/\\\/ancestrina.com\\\/fr\\\/producto\\\/kuripes-sculpte-a-la-main\\\/#breadcrumb\",\"itemListElement\":[{\"@type\":\"ListItem\",\"position\":1,\"name\":\"Home\",\"item\":\"https:\\\/\\\/ancestrina.com\\\/fr\\\/domicile\\\/\"},{\"@type\":\"ListItem\",\"position\":2,\"name\":\"boutique\",\"item\":\"https:\\\/\\\/ancestrina.com\\\/fr\\\/boutique\\\/\"},{\"@type\":\"ListItem\",\"position\":3,\"name\":\"Kuripes sculpt\u00e9es \u00e0 la main\"}]},{\"@type\":\"WebSite\",\"@id\":\"https:\\\/\\\/ancestrina.com\\\/fr\\\/#website\",\"url\":\"https:\\\/\\\/ancestrina.com\\\/fr\\\/\",\"name\":\"Ancestrina\",\"description\":\"Trabajamos experiencias con plantas maestras, terapias integradoras y cultos ancestrales\",\"publisher\":{\"@id\":\"https:\\\/\\\/ancestrina.com\\\/fr\\\/#organization\"},\"potentialAction\":[{\"@type\":\"SearchAction\",\"target\":{\"@type\":\"EntryPoint\",\"urlTemplate\":\"https:\\\/\\\/ancestrina.com\\\/fr\\\/?s={search_term_string}\"},\"query-input\":{\"@type\":\"PropertyValueSpecification\",\"valueRequired\":true,\"valueName\":\"search_term_string\"}}],\"inLanguage\":\"fr-FR\"},{\"@type\":\"Organization\",\"@id\":\"https:\\\/\\\/ancestrina.com\\\/fr\\\/#organization\",\"name\":\"Ancestrina\",\"url\":\"https:\\\/\\\/ancestrina.com\\\/fr\\\/\",\"logo\":{\"@type\":\"ImageObject\",\"inLanguage\":\"fr-FR\",\"@id\":\"https:\\\/\\\/ancestrina.com\\\/fr\\\/#\\\/schema\\\/logo\\\/image\\\/\",\"url\":\"https:\\\/\\\/ancestrina.com\\\/wp-content\\\/uploads\\\/2020\\\/06\\\/cropped-LOGO-ANCESTRINA-1.png\",\"contentUrl\":\"https:\\\/\\\/ancestrina.com\\\/wp-content\\\/uploads\\\/2020\\\/06\\\/cropped-LOGO-ANCESTRINA-1.png\",\"width\":630,\"height\":202,\"caption\":\"Ancestrina\"},\"image\":{\"@id\":\"https:\\\/\\\/ancestrina.com\\\/fr\\\/#\\\/schema\\\/logo\\\/image\\\/\"},\"sameAs\":[\"https:\\\/\\\/www.facebook.com\\\/Ancestrina\\\/\",\"https:\\\/\\\/www.instagram.com\\\/ancestrina\\\/\",\"https:\\\/\\\/www.youtube.com\\\/channel\\\/UCgtt6WFhEIVEI30PzxlOeIw\"]}]}<\/script>\n<!-- \/ Yoast SEO Premium plugin. -->","yoast_head_json":{"title":"Kuripes sculpt\u00e9es \u00e0 la main Ancestrina","description":"D\u00e9couvrez l'union de l'art et de la spiritualit\u00e9 avec nos kuripes en bois m\u00e9ticuleusement sculpt\u00e9s \u00e0 la main, personnalis\u00e9s avec des figures d'animaux de pouvoir. Chaque kuripe est une pi\u00e8ce unique, con\u00e7ue non seulement pour l'utilisation du rap\u00e9, mais aussi comme un symbole de protection et de guidance spirituelle, refl\u00e9tant l'animal qui r\u00e9sonne le mieux avec votre chemin spirituel. Choisissez cette pi\u00e8ce pour enrichir vos rituels de la force et de la sagesse que repr\u00e9sente chaque animal.","robots":{"index":"index","follow":"follow","max-snippet":"max-snippet:-1","max-image-preview":"max-image-preview:large","max-video-preview":"max-video-preview:-1"},"canonical":"https:\/\/ancestrina.com\/fr\/producto\/kuripes-sculpte-a-la-main\/","og_locale":"fr_FR","og_type":"article","og_title":"Kuripes sculpt\u00e9es \u00e0 la main","og_description":"D\u00e9couvrez l'union de l'art et de la spiritualit\u00e9 avec nos kuripes en bois m\u00e9ticuleusement sculpt\u00e9s \u00e0 la main, personnalis\u00e9s avec des figures d'animaux de pouvoir. Chaque kuripe est une pi\u00e8ce unique, con\u00e7ue non seulement pour l'utilisation du rap\u00e9, mais aussi comme un symbole de protection et de guidance spirituelle, refl\u00e9tant l'animal qui r\u00e9sonne le mieux avec votre chemin spirituel. Choisissez cette pi\u00e8ce pour enrichir vos rituels de la force et de la sagesse que repr\u00e9sente chaque animal.","og_url":"https:\/\/ancestrina.com\/fr\/producto\/kuripes-sculpte-a-la-main\/","og_site_name":"Ancestrina","article_publisher":"https:\/\/www.facebook.com\/Ancestrina\/","article_modified_time":"2026-05-15T20:18:47+00:00","og_image":[{"width":2048,"height":2048,"url":"https:\/\/ancestrina.com\/wp-content\/uploads\/accesorios.jpg","type":"image\/jpeg"}],"twitter_card":"summary_large_image","twitter_misc":{"Dur\u00e9e de lecture estim\u00e9e":"1 minute"},"schema":{"@context":"https:\/\/schema.org","@graph":[{"@type":"WebPage","@id":"https:\/\/ancestrina.com\/fr\/producto\/kuripes-sculpte-a-la-main\/","url":"https:\/\/ancestrina.com\/fr\/producto\/kuripes-sculpte-a-la-main\/","name":"Kuripes sculpt\u00e9es \u00e0 la main Ancestrina","isPartOf":{"@id":"https:\/\/ancestrina.com\/fr\/#website"},"primaryImageOfPage":{"@id":"https:\/\/ancestrina.com\/fr\/producto\/kuripes-sculpte-a-la-main\/#primaryimage"},"image":{"@id":"https:\/\/ancestrina.com\/fr\/producto\/kuripes-sculpte-a-la-main\/#primaryimage"},"thumbnailUrl":"https:\/\/ancestrina.com\/wp-content\/uploads\/accesorios.jpg","datePublished":"2021-06-18T22:41:13+00:00","dateModified":"2026-05-15T20:18:47+00:00","description":"D\u00e9couvrez l'union de l'art et de la spiritualit\u00e9 avec nos kuripes en bois m\u00e9ticuleusement sculpt\u00e9s \u00e0 la main, personnalis\u00e9s avec des figures d'animaux de pouvoir. Chaque kuripe est une pi\u00e8ce unique, con\u00e7ue non seulement pour l'utilisation du rap\u00e9, mais aussi comme un symbole de protection et de guidance spirituelle, refl\u00e9tant l'animal qui r\u00e9sonne le mieux avec votre chemin spirituel. Choisissez cette pi\u00e8ce pour enrichir vos rituels de la force et de la sagesse que repr\u00e9sente chaque animal.","breadcrumb":{"@id":"https:\/\/ancestrina.com\/fr\/producto\/kuripes-sculpte-a-la-main\/#breadcrumb"},"inLanguage":"fr-FR","potentialAction":[{"@type":"ReadAction","target":["https:\/\/ancestrina.com\/fr\/producto\/kuripes-sculpte-a-la-main\/"]}]},{"@type":"ImageObject","inLanguage":"fr-FR","@id":"https:\/\/ancestrina.com\/fr\/producto\/kuripes-sculpte-a-la-main\/#primaryimage","url":"https:\/\/ancestrina.com\/wp-content\/uploads\/accesorios.jpg","contentUrl":"https:\/\/ancestrina.com\/wp-content\/uploads\/accesorios.jpg","width":2048,"height":2048},{"@type":"BreadcrumbList","@id":"https:\/\/ancestrina.com\/fr\/producto\/kuripes-sculpte-a-la-main\/#breadcrumb","itemListElement":[{"@type":"ListItem","position":1,"name":"Home","item":"https:\/\/ancestrina.com\/fr\/domicile\/"},{"@type":"ListItem","position":2,"name":"boutique","item":"https:\/\/ancestrina.com\/fr\/boutique\/"},{"@type":"ListItem","position":3,"name":"Kuripes sculpt\u00e9es \u00e0 la main"}]},{"@type":"WebSite","@id":"https:\/\/ancestrina.com\/fr\/#website","url":"https:\/\/ancestrina.com\/fr\/","name":"Ancestrina","description":"Trabajamos experiencias con plantas maestras, terapias integradoras y cultos ancestrales","publisher":{"@id":"https:\/\/ancestrina.com\/fr\/#organization"},"potentialAction":[{"@type":"SearchAction","target":{"@type":"EntryPoint","urlTemplate":"https:\/\/ancestrina.com\/fr\/?s={search_term_string}"},"query-input":{"@type":"PropertyValueSpecification","valueRequired":true,"valueName":"search_term_string"}}],"inLanguage":"fr-FR"},{"@type":"Organization","@id":"https:\/\/ancestrina.com\/fr\/#organization","name":"Ancestrina","url":"https:\/\/ancestrina.com\/fr\/","logo":{"@type":"ImageObject","inLanguage":"fr-FR","@id":"https:\/\/ancestrina.com\/fr\/#\/schema\/logo\/image\/","url":"https:\/\/ancestrina.com\/wp-content\/uploads\/2020\/06\/cropped-LOGO-ANCESTRINA-1.png","contentUrl":"https:\/\/ancestrina.com\/wp-content\/uploads\/2020\/06\/cropped-LOGO-ANCESTRINA-1.png","width":630,"height":202,"caption":"Ancestrina"},"image":{"@id":"https:\/\/ancestrina.com\/fr\/#\/schema\/logo\/image\/"},"sameAs":["https:\/\/www.facebook.com\/Ancestrina\/","https:\/\/www.instagram.com\/ancestrina\/","https:\/\/www.youtube.com\/channel\/UCgtt6WFhEIVEI30PzxlOeIw"]}]}},"_links":{"self":[{"href":"https:\/\/ancestrina.com\/fr\/wp-json\/wp\/v2\/product\/16801","targetHints":{"allow":["GET"]}}],"collection":[{"href":"https:\/\/ancestrina.com\/fr\/wp-json\/wp\/v2\/product"}],"about":[{"href":"https:\/\/ancestrina.com\/fr\/wp-json\/wp\/v2\/types\/product"}],"replies":[{"embeddable":true,"href":"https:\/\/ancestrina.com\/fr\/wp-json\/wp\/v2\/comments?post=16801"}],"version-history":[{"count":2,"href":"https:\/\/ancestrina.com\/fr\/wp-json\/wp\/v2\/product\/16801\/revisions"}],"predecessor-version":[{"id":37892,"href":"https:\/\/ancestrina.com\/fr\/wp-json\/wp\/v2\/product\/16801\/revisions\/37892"}],"wp:featuredmedia":[{"embeddable":true,"href":"https:\/\/ancestrina.com\/fr\/wp-json\/wp\/v2\/media\/34426"}],"wp:attachment":[{"href":"https:\/\/ancestrina.com\/fr\/wp-json\/wp\/v2\/media?parent=16801"}],"wp:term":[{"taxonomy":"product_brand","embeddable":true,"href":"https:\/\/ancestrina.com\/fr\/wp-json\/wp\/v2\/product_brand?post=16801"},{"taxonomy":"product_cat","embeddable":true,"href":"https:\/\/ancestrina.com\/fr\/wp-json\/wp\/v2\/product_cat?post=16801"},{"taxonomy":"product_tag","embeddable":true,"href":"https:\/\/ancestrina.com\/fr\/wp-json\/wp\/v2\/product_tag?post=16801"}],"curies":[{"name":"wp","href":"https:\/\/api.w.org\/{rel}","templated":true}]}}