{"id":3562,"date":"2021-01-19T20:18:21","date_gmt":"2021-01-19T20:18:21","guid":{"rendered":"http:\/\/ancestrina.com\/producto\/cacau\/"},"modified":"2026-05-13T03:13:33","modified_gmt":"2026-05-13T08:13:33","slug":"rape-cocoa","status":"publish","type":"product","link":"https:\/\/ancestrina.com\/en\/producto\/rape-cocoa\/","title":{"rendered":"Cocoa"},"content":{"rendered":"<p>Prized as the snuff of joy, Cocoa Snuff invites those who approach it to experience life with a renewed sense of joy and vitality. Ideal for those times when you need a boost of energy and contentment, this rap\u00e9 opens the heart and mind, allowing the light of joy to illuminate even the darkest of days. <\/p>\n<p><strong>Key Benefits:<\/strong><\/p>\n<ol>\n<li><strong>Happiness Stimulation:<\/strong> Activates key neurotransmitters in the brain, naturally promoting feelings of happiness and contentment.<\/li>\n<li><strong>Improved Mood:<\/strong> Ideal for overcoming moments of sadness, lifting your spirits and helping you to see life with optimism.<\/li>\n<li><strong>Deep Relaxation:<\/strong> Offers a state of well-being and relaxation, without the intense stimulant effects of other compounds.<\/li>\n<li><strong>Adaptability to Change:<\/strong> Teaches you to flow with life, accepting changes with confidence and openness, strengthening your ability to adapt and enjoy the present.<\/li>\n<\/ol>\n<p><strong>Ideal For:<\/strong><\/p>\n<ol>\n<li><strong>Start the Day with Energy:<\/strong> For those who want to wake up every morning full of energy and with a positive attitude towards the day ahead.<\/li>\n<li><strong>Those Seeking Bliss and Contentment:<\/strong> Perfect if you are on a quest to cultivate a constant sense of joy and satisfaction in your life.<\/li>\n<li><strong>People Who Want to Improve Their Emotional Well-Being:<\/strong> If you want to stay in an elevated state of mind and cultivate a positive outlook.<\/li>\n<li><strong>Those who Aspire to a Greater Sense of Peace:<\/strong> Ideal for those who seek to find calm and serenity in their daily lives, learning to accept and flow with the currents of life.<\/li>\n<\/ol>\n<p>Cocoa Rap\u00e9 is an invitation to rediscover the joy of living, offering you a path to emotional well-being and fulfillment. Let this joy rap\u00e9 guide you to a richer and more fulfilling life experience, showing you how to embrace each day with joy and gratitude.<\/p>\n<p>&nbsp;<\/p>\n","protected":false},"excerpt":{"rendered":"<p>Immerse yourself in the essence of Cacao Rap\u00e9, our ancestral rap\u00e9 of joy and vitality. Ideal for those looking to brighten their day with a renewed sense of bliss, this rap\u00e9 awakens your energy, improves your mood and promotes deep relaxation, teaching you to flow with life. Ideal to start each morning with positivism or to rediscover contentment in times of change, Cocoa Rap\u00e9 is an invitation to live in harmony and gratitude. Discover how this sacred rap\u00e9 can transform your perspective and bring you inner peace at Ancestrina.<\/p>\n","protected":false},"featured_media":34517,"comment_status":"closed","ping_status":"closed","template":"","meta":{"order-bump-settings":[],"_wpfnl_thankyou_order_overview":"on","_wpfnl_thankyou_order_details":"on","_wpfnl_thankyou_billing_details":"on","_wpfnl_thankyou_shipping_details":"on","site-sidebar-layout":"default","site-content-layout":"plain-container","ast-site-content-layout":"normal-width-container","site-content-style":"unboxed","site-sidebar-style":"unboxed","ast-global-header-display":"","ast-banner-title-visibility":"","ast-main-header-display":"","ast-hfb-above-header-display":"","ast-hfb-below-header-display":"","ast-hfb-mobile-header-display":"","site-post-title":"","ast-breadcrumbs-content":"","ast-featured-img":"","footer-sml-layout":"","ast-disable-related-posts":"","theme-transparent-header-meta":"disabled","adv-header-id-meta":"","stick-header-meta":"","header-above-stick-meta":"","header-main-stick-meta":"","header-below-stick-meta":"","astra-migrate-meta-layouts":"default","ast-page-background-enabled":"default","ast-page-background-meta":{"desktop":{"background-color":"","background-image":"","background-repeat":"repeat","background-position":"center center","background-size":"auto","background-attachment":"scroll","background-type":"","background-media":"","overlay-type":"","overlay-color":"","overlay-opacity":"","overlay-gradient":""},"tablet":{"background-color":"","background-image":"","background-repeat":"repeat","background-position":"center center","background-size":"auto","background-attachment":"scroll","background-type":"","background-media":"","overlay-type":"","overlay-color":"","overlay-opacity":"","overlay-gradient":""},"mobile":{"background-color":"","background-image":"","background-repeat":"repeat","background-position":"center center","background-size":"auto","background-attachment":"scroll","background-type":"","background-media":"","overlay-type":"","overlay-color":"","overlay-opacity":"","overlay-gradient":""}},"ast-content-background-meta":{"desktop":{"background-color":"var(--ast-global-color-5)","background-image":"","background-repeat":"repeat","background-position":"center center","background-size":"auto","background-attachment":"scroll","background-type":"","background-media":"","overlay-type":"","overlay-color":"","overlay-opacity":"","overlay-gradient":""},"tablet":{"background-color":"var(--ast-global-color-5)","background-image":"","background-repeat":"repeat","background-position":"center center","background-size":"auto","background-attachment":"scroll","background-type":"","background-media":"","overlay-type":"","overlay-color":"","overlay-opacity":"","overlay-gradient":""},"mobile":{"background-color":"var(--ast-global-color-5)","background-image":"","background-repeat":"repeat","background-position":"center center","background-size":"auto","background-attachment":"scroll","background-type":"","background-media":"","overlay-type":"","overlay-color":"","overlay-opacity":"","overlay-gradient":""}},"_joinchat":[]},"product_brand":[],"product_cat":[170],"product_tag":[],"class_list":{"0":"post-3562","1":"product","2":"type-product","3":"status-publish","4":"has-post-thumbnail","6":"product_cat-rape","7":"desktop-align-center","8":"tablet-align-left","9":"mobile-align-left","11":"first","12":"instock","13":"shipping-taxable","14":"purchasable","15":"product-type-variable"},"yoast_head":"<!-- This site is optimized with the Yoast SEO Premium plugin v22.6 (Yoast SEO v27.6) - https:\/\/yoast.com\/product\/yoast-seo-premium-wordpress\/ -->\n<title>Cocoa Rap\u00e9: A Source of Joy and Vitality<\/title>\n<meta name=\"description\" content=\"Experience life with a renewed sense of joy and vitality with Cocoa Rap\u00e9, prized as the rap\u00e9 of joy. Ideal for elevating mood, promoting deep relaxation and cultivating a positive outlook on life. Perfect for starting the day with energy and maintaining a constant sense of joy and satisfaction.\" \/>\n<meta name=\"robots\" content=\"index, follow, max-snippet:-1, max-image-preview:large, max-video-preview:-1\" \/>\n<link rel=\"canonical\" href=\"https:\/\/ancestrina.com\/en\/producto\/rape-cocoa\/\" \/>\n<meta property=\"og:locale\" content=\"en_US\" \/>\n<meta property=\"og:type\" content=\"article\" \/>\n<meta property=\"og:title\" content=\"Cocoa\" \/>\n<meta property=\"og:description\" content=\"Experience life with a renewed sense of joy and vitality with Cocoa Rap\u00e9, prized as the rap\u00e9 of joy. Ideal for elevating mood, promoting deep relaxation and cultivating a positive outlook on life. Perfect for starting the day with energy and maintaining a constant sense of joy and satisfaction.\" \/>\n<meta property=\"og:url\" content=\"https:\/\/ancestrina.com\/en\/producto\/rape-cocoa\/\" \/>\n<meta property=\"og:site_name\" content=\"Ancestrina\" \/>\n<meta property=\"article:publisher\" content=\"https:\/\/www.facebook.com\/Ancestrina\/\" \/>\n<meta property=\"article:modified_time\" content=\"2026-05-13T08:13:33+00:00\" \/>\n<meta property=\"og:image\" content=\"https:\/\/ancestrina.com\/wp-content\/uploads\/cacao-1.jpg\" \/>\n\t<meta property=\"og:image:width\" content=\"2048\" \/>\n\t<meta property=\"og:image:height\" content=\"2048\" \/>\n\t<meta property=\"og:image:type\" content=\"image\/jpeg\" \/>\n<meta name=\"twitter:card\" content=\"summary_large_image\" \/>\n<meta name=\"twitter:label1\" content=\"Est. reading time\" \/>\n\t<meta name=\"twitter:data1\" content=\"1 minute\" \/>\n<script type=\"application\/ld+json\" class=\"yoast-schema-graph\">{\"@context\":\"https:\\\/\\\/schema.org\",\"@graph\":[{\"@type\":\"WebPage\",\"@id\":\"https:\\\/\\\/ancestrina.com\\\/en\\\/producto\\\/rape-cocoa\\\/\",\"url\":\"https:\\\/\\\/ancestrina.com\\\/en\\\/producto\\\/rape-cocoa\\\/\",\"name\":\"Cocoa Rap\u00e9: A Source of Joy and Vitality\",\"isPartOf\":{\"@id\":\"https:\\\/\\\/ancestrina.com\\\/en\\\/#website\"},\"primaryImageOfPage\":{\"@id\":\"https:\\\/\\\/ancestrina.com\\\/en\\\/producto\\\/rape-cocoa\\\/#primaryimage\"},\"image\":{\"@id\":\"https:\\\/\\\/ancestrina.com\\\/en\\\/producto\\\/rape-cocoa\\\/#primaryimage\"},\"thumbnailUrl\":\"https:\\\/\\\/ancestrina.com\\\/wp-content\\\/uploads\\\/cacao-1.jpg\",\"datePublished\":\"2021-01-19T20:18:21+00:00\",\"dateModified\":\"2026-05-13T08:13:33+00:00\",\"description\":\"Experience life with a renewed sense of joy and vitality with Cocoa Rap\u00e9, prized as the rap\u00e9 of joy. Ideal for elevating mood, promoting deep relaxation and cultivating a positive outlook on life. Perfect for starting the day with energy and maintaining a constant sense of joy and satisfaction.\",\"breadcrumb\":{\"@id\":\"https:\\\/\\\/ancestrina.com\\\/en\\\/producto\\\/rape-cocoa\\\/#breadcrumb\"},\"inLanguage\":\"en-US\",\"potentialAction\":[{\"@type\":\"ReadAction\",\"target\":[\"https:\\\/\\\/ancestrina.com\\\/en\\\/producto\\\/rape-cocoa\\\/\"]}]},{\"@type\":\"ImageObject\",\"inLanguage\":\"en-US\",\"@id\":\"https:\\\/\\\/ancestrina.com\\\/en\\\/producto\\\/rape-cocoa\\\/#primaryimage\",\"url\":\"https:\\\/\\\/ancestrina.com\\\/wp-content\\\/uploads\\\/cacao-1.jpg\",\"contentUrl\":\"https:\\\/\\\/ancestrina.com\\\/wp-content\\\/uploads\\\/cacao-1.jpg\",\"width\":2048,\"height\":2048},{\"@type\":\"BreadcrumbList\",\"@id\":\"https:\\\/\\\/ancestrina.com\\\/en\\\/producto\\\/rape-cocoa\\\/#breadcrumb\",\"itemListElement\":[{\"@type\":\"ListItem\",\"position\":1,\"name\":\"Home\",\"item\":\"https:\\\/\\\/ancestrina.com\\\/en\\\/home\\\/\"},{\"@type\":\"ListItem\",\"position\":2,\"name\":\"Store\",\"item\":\"https:\\\/\\\/ancestrina.com\\\/en\\\/store\\\/\"},{\"@type\":\"ListItem\",\"position\":3,\"name\":\"Cocoa\"}]},{\"@type\":\"WebSite\",\"@id\":\"https:\\\/\\\/ancestrina.com\\\/en\\\/#website\",\"url\":\"https:\\\/\\\/ancestrina.com\\\/en\\\/\",\"name\":\"Ancestrina\",\"description\":\"Trabajamos experiencias con plantas maestras, terapias integradoras y cultos ancestrales\",\"publisher\":{\"@id\":\"https:\\\/\\\/ancestrina.com\\\/en\\\/#organization\"},\"potentialAction\":[{\"@type\":\"SearchAction\",\"target\":{\"@type\":\"EntryPoint\",\"urlTemplate\":\"https:\\\/\\\/ancestrina.com\\\/en\\\/?s={search_term_string}\"},\"query-input\":{\"@type\":\"PropertyValueSpecification\",\"valueRequired\":true,\"valueName\":\"search_term_string\"}}],\"inLanguage\":\"en-US\"},{\"@type\":\"Organization\",\"@id\":\"https:\\\/\\\/ancestrina.com\\\/en\\\/#organization\",\"name\":\"Ancestrina\",\"url\":\"https:\\\/\\\/ancestrina.com\\\/en\\\/\",\"logo\":{\"@type\":\"ImageObject\",\"inLanguage\":\"en-US\",\"@id\":\"https:\\\/\\\/ancestrina.com\\\/en\\\/#\\\/schema\\\/logo\\\/image\\\/\",\"url\":\"https:\\\/\\\/ancestrina.com\\\/wp-content\\\/uploads\\\/2020\\\/06\\\/cropped-LOGO-ANCESTRINA-1.png\",\"contentUrl\":\"https:\\\/\\\/ancestrina.com\\\/wp-content\\\/uploads\\\/2020\\\/06\\\/cropped-LOGO-ANCESTRINA-1.png\",\"width\":630,\"height\":202,\"caption\":\"Ancestrina\"},\"image\":{\"@id\":\"https:\\\/\\\/ancestrina.com\\\/en\\\/#\\\/schema\\\/logo\\\/image\\\/\"},\"sameAs\":[\"https:\\\/\\\/www.facebook.com\\\/Ancestrina\\\/\",\"https:\\\/\\\/www.instagram.com\\\/ancestrina\\\/\",\"https:\\\/\\\/www.youtube.com\\\/channel\\\/UCgtt6WFhEIVEI30PzxlOeIw\"]}]}<\/script>\n<!-- \/ Yoast SEO Premium plugin. -->","yoast_head_json":{"title":"Cocoa Rap\u00e9: A Source of Joy and Vitality","description":"Experience life with a renewed sense of joy and vitality with Cocoa Rap\u00e9, prized as the rap\u00e9 of joy. Ideal for elevating mood, promoting deep relaxation and cultivating a positive outlook on life. Perfect for starting the day with energy and maintaining a constant sense of joy and satisfaction.","robots":{"index":"index","follow":"follow","max-snippet":"max-snippet:-1","max-image-preview":"max-image-preview:large","max-video-preview":"max-video-preview:-1"},"canonical":"https:\/\/ancestrina.com\/en\/producto\/rape-cocoa\/","og_locale":"en_US","og_type":"article","og_title":"Cocoa","og_description":"Experience life with a renewed sense of joy and vitality with Cocoa Rap\u00e9, prized as the rap\u00e9 of joy. Ideal for elevating mood, promoting deep relaxation and cultivating a positive outlook on life. Perfect for starting the day with energy and maintaining a constant sense of joy and satisfaction.","og_url":"https:\/\/ancestrina.com\/en\/producto\/rape-cocoa\/","og_site_name":"Ancestrina","article_publisher":"https:\/\/www.facebook.com\/Ancestrina\/","article_modified_time":"2026-05-13T08:13:33+00:00","og_image":[{"width":2048,"height":2048,"url":"https:\/\/ancestrina.com\/wp-content\/uploads\/cacao-1.jpg","type":"image\/jpeg"}],"twitter_card":"summary_large_image","twitter_misc":{"Est. reading time":"1 minute"},"schema":{"@context":"https:\/\/schema.org","@graph":[{"@type":"WebPage","@id":"https:\/\/ancestrina.com\/en\/producto\/rape-cocoa\/","url":"https:\/\/ancestrina.com\/en\/producto\/rape-cocoa\/","name":"Cocoa Rap\u00e9: A Source of Joy and Vitality","isPartOf":{"@id":"https:\/\/ancestrina.com\/en\/#website"},"primaryImageOfPage":{"@id":"https:\/\/ancestrina.com\/en\/producto\/rape-cocoa\/#primaryimage"},"image":{"@id":"https:\/\/ancestrina.com\/en\/producto\/rape-cocoa\/#primaryimage"},"thumbnailUrl":"https:\/\/ancestrina.com\/wp-content\/uploads\/cacao-1.jpg","datePublished":"2021-01-19T20:18:21+00:00","dateModified":"2026-05-13T08:13:33+00:00","description":"Experience life with a renewed sense of joy and vitality with Cocoa Rap\u00e9, prized as the rap\u00e9 of joy. Ideal for elevating mood, promoting deep relaxation and cultivating a positive outlook on life. Perfect for starting the day with energy and maintaining a constant sense of joy and satisfaction.","breadcrumb":{"@id":"https:\/\/ancestrina.com\/en\/producto\/rape-cocoa\/#breadcrumb"},"inLanguage":"en-US","potentialAction":[{"@type":"ReadAction","target":["https:\/\/ancestrina.com\/en\/producto\/rape-cocoa\/"]}]},{"@type":"ImageObject","inLanguage":"en-US","@id":"https:\/\/ancestrina.com\/en\/producto\/rape-cocoa\/#primaryimage","url":"https:\/\/ancestrina.com\/wp-content\/uploads\/cacao-1.jpg","contentUrl":"https:\/\/ancestrina.com\/wp-content\/uploads\/cacao-1.jpg","width":2048,"height":2048},{"@type":"BreadcrumbList","@id":"https:\/\/ancestrina.com\/en\/producto\/rape-cocoa\/#breadcrumb","itemListElement":[{"@type":"ListItem","position":1,"name":"Home","item":"https:\/\/ancestrina.com\/en\/home\/"},{"@type":"ListItem","position":2,"name":"Store","item":"https:\/\/ancestrina.com\/en\/store\/"},{"@type":"ListItem","position":3,"name":"Cocoa"}]},{"@type":"WebSite","@id":"https:\/\/ancestrina.com\/en\/#website","url":"https:\/\/ancestrina.com\/en\/","name":"Ancestrina","description":"Trabajamos experiencias con plantas maestras, terapias integradoras y cultos ancestrales","publisher":{"@id":"https:\/\/ancestrina.com\/en\/#organization"},"potentialAction":[{"@type":"SearchAction","target":{"@type":"EntryPoint","urlTemplate":"https:\/\/ancestrina.com\/en\/?s={search_term_string}"},"query-input":{"@type":"PropertyValueSpecification","valueRequired":true,"valueName":"search_term_string"}}],"inLanguage":"en-US"},{"@type":"Organization","@id":"https:\/\/ancestrina.com\/en\/#organization","name":"Ancestrina","url":"https:\/\/ancestrina.com\/en\/","logo":{"@type":"ImageObject","inLanguage":"en-US","@id":"https:\/\/ancestrina.com\/en\/#\/schema\/logo\/image\/","url":"https:\/\/ancestrina.com\/wp-content\/uploads\/2020\/06\/cropped-LOGO-ANCESTRINA-1.png","contentUrl":"https:\/\/ancestrina.com\/wp-content\/uploads\/2020\/06\/cropped-LOGO-ANCESTRINA-1.png","width":630,"height":202,"caption":"Ancestrina"},"image":{"@id":"https:\/\/ancestrina.com\/en\/#\/schema\/logo\/image\/"},"sameAs":["https:\/\/www.facebook.com\/Ancestrina\/","https:\/\/www.instagram.com\/ancestrina\/","https:\/\/www.youtube.com\/channel\/UCgtt6WFhEIVEI30PzxlOeIw"]}]}},"_links":{"self":[{"href":"https:\/\/ancestrina.com\/en\/wp-json\/wp\/v2\/product\/3562","targetHints":{"allow":["GET"]}}],"collection":[{"href":"https:\/\/ancestrina.com\/en\/wp-json\/wp\/v2\/product"}],"about":[{"href":"https:\/\/ancestrina.com\/en\/wp-json\/wp\/v2\/types\/product"}],"replies":[{"embeddable":true,"href":"https:\/\/ancestrina.com\/en\/wp-json\/wp\/v2\/comments?post=3562"}],"version-history":[{"count":2,"href":"https:\/\/ancestrina.com\/en\/wp-json\/wp\/v2\/product\/3562\/revisions"}],"predecessor-version":[{"id":37850,"href":"https:\/\/ancestrina.com\/en\/wp-json\/wp\/v2\/product\/3562\/revisions\/37850"}],"wp:featuredmedia":[{"embeddable":true,"href":"https:\/\/ancestrina.com\/en\/wp-json\/wp\/v2\/media\/34517"}],"wp:attachment":[{"href":"https:\/\/ancestrina.com\/en\/wp-json\/wp\/v2\/media?parent=3562"}],"wp:term":[{"taxonomy":"product_brand","embeddable":true,"href":"https:\/\/ancestrina.com\/en\/wp-json\/wp\/v2\/product_brand?post=3562"},{"taxonomy":"product_cat","embeddable":true,"href":"https:\/\/ancestrina.com\/en\/wp-json\/wp\/v2\/product_cat?post=3562"},{"taxonomy":"product_tag","embeddable":true,"href":"https:\/\/ancestrina.com\/en\/wp-json\/wp\/v2\/product_tag?post=3562"}],"curies":[{"name":"wp","href":"https:\/\/api.w.org\/{rel}","templated":true}]}}