{"id":3525,"date":"2021-01-19T20:42:45","date_gmt":"2021-01-19T20:42:45","guid":{"rendered":"http:\/\/ancestrina.com\/producto\/anaua\/"},"modified":"2026-05-12T17:20:54","modified_gmt":"2026-05-12T22:20:54","slug":"anaua-rape","status":"publish","type":"product","link":"https:\/\/ancestrina.com\/en\/producto\/anaua-rape\/","title":{"rendered":"Ana\u00faa"},"content":{"rendered":"<p>Anau\u00e1 Rap\u00e9 is designed to harmonize and reconnect with the Sacred Feminine, a life force essential for balance and wholeness in our emotional and spiritual lives. This rap\u00e9 invites everyone, regardless of gender, to cultivate and value the qualities of the Sacred Feminine such as receptivity, intuition, creativity, and the ability to nurture and collaborate.<\/p>\n<p>Inspired by ancestral wisdom that recognizes the duality of energies in each being, Anau\u00e1 Rap\u00e9 encourages a rebirth of feminine energies, balancing them with the masculine energies traditionally dominant in our society. This involves embracing empathy, inclusion and diversity, while strengthening the connection to the right hemisphere of the brain, associated with creativity and communication.<\/p>\n<p>Here are five key benefits of this rap\u00e9:<\/p>\n<ol>\n<li><strong>Increased Receptivity and Sensitivity:<\/strong> Cultivates greater openness to subtle emotions and perceptions, strengthening intuition and empathy.<\/li>\n<li><strong>Creativity Stimulus:<\/strong> By linking to the right hemisphere of the brain, this rap\u00e9 enhances creativity and communication skills, vital for all forms of artistic expression and problem solving.<\/li>\n<li><strong>Fostering Collaboration:<\/strong> Ideal for those seeking to improve their ability to work as a team and value the contributions of others, promoting an inclusive environment.<\/li>\n<li><strong>Emotional Balance:<\/strong> Helps to balance the masculine and feminine energies within oneself, leading to greater stability and inner peace.<\/li>\n<li><strong>Deep Spiritual Connection:<\/strong> Provides a way to connect with the spiritual aspect of existence, facilitating moments of meditation and deep reflection.<\/li>\n<\/ol>\n<p>This rap\u00e9 is ideal for those who:<\/p>\n<ul>\n<li>They are in a process of self-knowledge and personal development.<\/li>\n<li>They seek to heal and balance their feminine and masculine energies.<\/li>\n<li>They wish to deepen their spiritual practice.<\/li>\n<li>They need to foster creativity and communication in their lives.<\/li>\n<li>They work in collaborative environments and value diversity and inclusion.<\/li>\n<\/ul>\n<p>Use Anau\u00e1 Rap\u00e9 to cultivate an inner balance that reflects the harmony between your inner energies, promoting holistic wellness and a deeper connection with your true self.<\/p>\n","protected":false},"excerpt":{"rendered":"<p>Explore the benefits of Anau\u00e1 Rap\u00e9, designed to harmonize the Sacred Feminine and Masculine within you. This rap\u00e9 enhances receptivity, creativity and spiritual connection, helping you to balance your inner energies and deepen your spiritual practice. Ideal for those in search of self-knowledge and personal development, as well as for those who value collaboration and inclusion in their daily lives.<\/p>\n<p>Experience a profound transformation with each use, promoting greater emotional stability and spiritual enrichment that connects you with ancestral energies. Anau\u00e1 Rap\u00e9 is not only a meditation tool, but a step towards a holistic and balanced well-being.<\/p>\n","protected":false},"featured_media":34454,"comment_status":"closed","ping_status":"closed","template":"","meta":{"order-bump-settings":[],"_wpfnl_thankyou_order_overview":"on","_wpfnl_thankyou_order_details":"on","_wpfnl_thankyou_billing_details":"on","_wpfnl_thankyou_shipping_details":"on","site-sidebar-layout":"default","site-content-layout":"plain-container","ast-site-content-layout":"normal-width-container","site-content-style":"unboxed","site-sidebar-style":"unboxed","ast-global-header-display":"","ast-banner-title-visibility":"","ast-main-header-display":"","ast-hfb-above-header-display":"","ast-hfb-below-header-display":"","ast-hfb-mobile-header-display":"","site-post-title":"","ast-breadcrumbs-content":"","ast-featured-img":"","footer-sml-layout":"","ast-disable-related-posts":"","theme-transparent-header-meta":"disabled","adv-header-id-meta":"","stick-header-meta":"","header-above-stick-meta":"","header-main-stick-meta":"","header-below-stick-meta":"","astra-migrate-meta-layouts":"default","ast-page-background-enabled":"default","ast-page-background-meta":{"desktop":{"background-color":"","background-image":"","background-repeat":"repeat","background-position":"center center","background-size":"auto","background-attachment":"scroll","background-type":"","background-media":"","overlay-type":"","overlay-color":"","overlay-opacity":"","overlay-gradient":""},"tablet":{"background-color":"","background-image":"","background-repeat":"repeat","background-position":"center center","background-size":"auto","background-attachment":"scroll","background-type":"","background-media":"","overlay-type":"","overlay-color":"","overlay-opacity":"","overlay-gradient":""},"mobile":{"background-color":"","background-image":"","background-repeat":"repeat","background-position":"center center","background-size":"auto","background-attachment":"scroll","background-type":"","background-media":"","overlay-type":"","overlay-color":"","overlay-opacity":"","overlay-gradient":""}},"ast-content-background-meta":{"desktop":{"background-color":"var(--ast-global-color-5)","background-image":"","background-repeat":"repeat","background-position":"center center","background-size":"auto","background-attachment":"scroll","background-type":"","background-media":"","overlay-type":"","overlay-color":"","overlay-opacity":"","overlay-gradient":""},"tablet":{"background-color":"var(--ast-global-color-5)","background-image":"","background-repeat":"repeat","background-position":"center center","background-size":"auto","background-attachment":"scroll","background-type":"","background-media":"","overlay-type":"","overlay-color":"","overlay-opacity":"","overlay-gradient":""},"mobile":{"background-color":"var(--ast-global-color-5)","background-image":"","background-repeat":"repeat","background-position":"center center","background-size":"auto","background-attachment":"scroll","background-type":"","background-media":"","overlay-type":"","overlay-color":"","overlay-opacity":"","overlay-gradient":""}},"_joinchat":[]},"product_brand":[],"product_cat":[170],"product_tag":[],"class_list":{"0":"post-3525","1":"product","2":"type-product","3":"status-publish","4":"has-post-thumbnail","6":"product_cat-rape","7":"desktop-align-center","8":"tablet-align-left","9":"mobile-align-left","11":"first","12":"instock","13":"shipping-taxable","14":"purchasable","15":"product-type-variable"},"yoast_head":"<!-- This site is optimized with the Yoast SEO Premium plugin v22.6 (Yoast SEO v27.6) - https:\/\/yoast.com\/product\/yoast-seo-premium-wordpress\/ -->\n<title>Rap\u00e9 Anau\u00e1: Balance of the Sacred Feminine<\/title>\n<meta name=\"description\" content=\"Discover Anau\u00e1 Rap\u00e9, designed to harmonize and reconnect with the Sacred Feminine, cultivating receptivity, creativity and collaboration. Ideal for self-awareness, emotional balance and spiritual practices, this rap\u00e9 promotes holistic wellness and a deep connection with your true self.\" \/>\n<meta name=\"robots\" content=\"index, follow, max-snippet:-1, max-image-preview:large, max-video-preview:-1\" \/>\n<link rel=\"canonical\" href=\"https:\/\/ancestrina.com\/en\/producto\/anaua-rape\/\" \/>\n<meta property=\"og:locale\" content=\"en_US\" \/>\n<meta property=\"og:type\" content=\"article\" \/>\n<meta property=\"og:title\" content=\"Ana\u00faa\" \/>\n<meta property=\"og:description\" content=\"Discover Anau\u00e1 Rap\u00e9, designed to harmonize and reconnect with the Sacred Feminine, cultivating receptivity, creativity and collaboration. Ideal for self-awareness, emotional balance and spiritual practices, this rap\u00e9 promotes holistic wellness and a deep connection with your true self.\" \/>\n<meta property=\"og:url\" content=\"https:\/\/ancestrina.com\/en\/producto\/anaua-rape\/\" \/>\n<meta property=\"og:site_name\" content=\"Ancestrina\" \/>\n<meta property=\"article:publisher\" content=\"https:\/\/www.facebook.com\/Ancestrina\/\" \/>\n<meta property=\"article:modified_time\" content=\"2026-05-12T22:20:54+00:00\" \/>\n<meta property=\"og:image\" content=\"https:\/\/ancestrina.com\/wp-content\/uploads\/Anaua.jpg\" \/>\n\t<meta property=\"og:image:width\" content=\"2048\" \/>\n\t<meta property=\"og:image:height\" content=\"2048\" \/>\n\t<meta property=\"og:image:type\" content=\"image\/jpeg\" \/>\n<meta name=\"twitter:card\" content=\"summary_large_image\" \/>\n<meta name=\"twitter:label1\" content=\"Est. reading time\" \/>\n\t<meta name=\"twitter:data1\" content=\"2 minutes\" \/>\n<script type=\"application\/ld+json\" class=\"yoast-schema-graph\">{\"@context\":\"https:\\\/\\\/schema.org\",\"@graph\":[{\"@type\":\"WebPage\",\"@id\":\"https:\\\/\\\/ancestrina.com\\\/en\\\/producto\\\/anaua-rape\\\/\",\"url\":\"https:\\\/\\\/ancestrina.com\\\/en\\\/producto\\\/anaua-rape\\\/\",\"name\":\"Rap\u00e9 Anau\u00e1: Balance of the Sacred Feminine\",\"isPartOf\":{\"@id\":\"https:\\\/\\\/ancestrina.com\\\/en\\\/#website\"},\"primaryImageOfPage\":{\"@id\":\"https:\\\/\\\/ancestrina.com\\\/en\\\/producto\\\/anaua-rape\\\/#primaryimage\"},\"image\":{\"@id\":\"https:\\\/\\\/ancestrina.com\\\/en\\\/producto\\\/anaua-rape\\\/#primaryimage\"},\"thumbnailUrl\":\"https:\\\/\\\/ancestrina.com\\\/wp-content\\\/uploads\\\/Anaua.jpg\",\"datePublished\":\"2021-01-19T20:42:45+00:00\",\"dateModified\":\"2026-05-12T22:20:54+00:00\",\"description\":\"Discover Anau\u00e1 Rap\u00e9, designed to harmonize and reconnect with the Sacred Feminine, cultivating receptivity, creativity and collaboration. Ideal for self-awareness, emotional balance and spiritual practices, this rap\u00e9 promotes holistic wellness and a deep connection with your true self.\",\"breadcrumb\":{\"@id\":\"https:\\\/\\\/ancestrina.com\\\/en\\\/producto\\\/anaua-rape\\\/#breadcrumb\"},\"inLanguage\":\"en-US\",\"potentialAction\":[{\"@type\":\"ReadAction\",\"target\":[\"https:\\\/\\\/ancestrina.com\\\/en\\\/producto\\\/anaua-rape\\\/\"]}]},{\"@type\":\"ImageObject\",\"inLanguage\":\"en-US\",\"@id\":\"https:\\\/\\\/ancestrina.com\\\/en\\\/producto\\\/anaua-rape\\\/#primaryimage\",\"url\":\"https:\\\/\\\/ancestrina.com\\\/wp-content\\\/uploads\\\/Anaua.jpg\",\"contentUrl\":\"https:\\\/\\\/ancestrina.com\\\/wp-content\\\/uploads\\\/Anaua.jpg\",\"width\":2048,\"height\":2048},{\"@type\":\"BreadcrumbList\",\"@id\":\"https:\\\/\\\/ancestrina.com\\\/en\\\/producto\\\/anaua-rape\\\/#breadcrumb\",\"itemListElement\":[{\"@type\":\"ListItem\",\"position\":1,\"name\":\"Home\",\"item\":\"https:\\\/\\\/ancestrina.com\\\/en\\\/home\\\/\"},{\"@type\":\"ListItem\",\"position\":2,\"name\":\"Store\",\"item\":\"https:\\\/\\\/ancestrina.com\\\/en\\\/store\\\/\"},{\"@type\":\"ListItem\",\"position\":3,\"name\":\"Ana\u00faa\"}]},{\"@type\":\"WebSite\",\"@id\":\"https:\\\/\\\/ancestrina.com\\\/en\\\/#website\",\"url\":\"https:\\\/\\\/ancestrina.com\\\/en\\\/\",\"name\":\"Ancestrina\",\"description\":\"Trabajamos experiencias con plantas maestras, terapias integradoras y cultos ancestrales\",\"publisher\":{\"@id\":\"https:\\\/\\\/ancestrina.com\\\/en\\\/#organization\"},\"potentialAction\":[{\"@type\":\"SearchAction\",\"target\":{\"@type\":\"EntryPoint\",\"urlTemplate\":\"https:\\\/\\\/ancestrina.com\\\/en\\\/?s={search_term_string}\"},\"query-input\":{\"@type\":\"PropertyValueSpecification\",\"valueRequired\":true,\"valueName\":\"search_term_string\"}}],\"inLanguage\":\"en-US\"},{\"@type\":\"Organization\",\"@id\":\"https:\\\/\\\/ancestrina.com\\\/en\\\/#organization\",\"name\":\"Ancestrina\",\"url\":\"https:\\\/\\\/ancestrina.com\\\/en\\\/\",\"logo\":{\"@type\":\"ImageObject\",\"inLanguage\":\"en-US\",\"@id\":\"https:\\\/\\\/ancestrina.com\\\/en\\\/#\\\/schema\\\/logo\\\/image\\\/\",\"url\":\"https:\\\/\\\/ancestrina.com\\\/wp-content\\\/uploads\\\/2020\\\/06\\\/cropped-LOGO-ANCESTRINA-1.png\",\"contentUrl\":\"https:\\\/\\\/ancestrina.com\\\/wp-content\\\/uploads\\\/2020\\\/06\\\/cropped-LOGO-ANCESTRINA-1.png\",\"width\":630,\"height\":202,\"caption\":\"Ancestrina\"},\"image\":{\"@id\":\"https:\\\/\\\/ancestrina.com\\\/en\\\/#\\\/schema\\\/logo\\\/image\\\/\"},\"sameAs\":[\"https:\\\/\\\/www.facebook.com\\\/Ancestrina\\\/\",\"https:\\\/\\\/www.instagram.com\\\/ancestrina\\\/\",\"https:\\\/\\\/www.youtube.com\\\/channel\\\/UCgtt6WFhEIVEI30PzxlOeIw\"]}]}<\/script>\n<!-- \/ Yoast SEO Premium plugin. -->","yoast_head_json":{"title":"Rap\u00e9 Anau\u00e1: Balance of the Sacred Feminine","description":"Discover Anau\u00e1 Rap\u00e9, designed to harmonize and reconnect with the Sacred Feminine, cultivating receptivity, creativity and collaboration. Ideal for self-awareness, emotional balance and spiritual practices, this rap\u00e9 promotes holistic wellness and a deep connection with your true self.","robots":{"index":"index","follow":"follow","max-snippet":"max-snippet:-1","max-image-preview":"max-image-preview:large","max-video-preview":"max-video-preview:-1"},"canonical":"https:\/\/ancestrina.com\/en\/producto\/anaua-rape\/","og_locale":"en_US","og_type":"article","og_title":"Ana\u00faa","og_description":"Discover Anau\u00e1 Rap\u00e9, designed to harmonize and reconnect with the Sacred Feminine, cultivating receptivity, creativity and collaboration. Ideal for self-awareness, emotional balance and spiritual practices, this rap\u00e9 promotes holistic wellness and a deep connection with your true self.","og_url":"https:\/\/ancestrina.com\/en\/producto\/anaua-rape\/","og_site_name":"Ancestrina","article_publisher":"https:\/\/www.facebook.com\/Ancestrina\/","article_modified_time":"2026-05-12T22:20:54+00:00","og_image":[{"width":2048,"height":2048,"url":"https:\/\/ancestrina.com\/wp-content\/uploads\/Anaua.jpg","type":"image\/jpeg"}],"twitter_card":"summary_large_image","twitter_misc":{"Est. reading time":"2 minutes"},"schema":{"@context":"https:\/\/schema.org","@graph":[{"@type":"WebPage","@id":"https:\/\/ancestrina.com\/en\/producto\/anaua-rape\/","url":"https:\/\/ancestrina.com\/en\/producto\/anaua-rape\/","name":"Rap\u00e9 Anau\u00e1: Balance of the Sacred Feminine","isPartOf":{"@id":"https:\/\/ancestrina.com\/en\/#website"},"primaryImageOfPage":{"@id":"https:\/\/ancestrina.com\/en\/producto\/anaua-rape\/#primaryimage"},"image":{"@id":"https:\/\/ancestrina.com\/en\/producto\/anaua-rape\/#primaryimage"},"thumbnailUrl":"https:\/\/ancestrina.com\/wp-content\/uploads\/Anaua.jpg","datePublished":"2021-01-19T20:42:45+00:00","dateModified":"2026-05-12T22:20:54+00:00","description":"Discover Anau\u00e1 Rap\u00e9, designed to harmonize and reconnect with the Sacred Feminine, cultivating receptivity, creativity and collaboration. Ideal for self-awareness, emotional balance and spiritual practices, this rap\u00e9 promotes holistic wellness and a deep connection with your true self.","breadcrumb":{"@id":"https:\/\/ancestrina.com\/en\/producto\/anaua-rape\/#breadcrumb"},"inLanguage":"en-US","potentialAction":[{"@type":"ReadAction","target":["https:\/\/ancestrina.com\/en\/producto\/anaua-rape\/"]}]},{"@type":"ImageObject","inLanguage":"en-US","@id":"https:\/\/ancestrina.com\/en\/producto\/anaua-rape\/#primaryimage","url":"https:\/\/ancestrina.com\/wp-content\/uploads\/Anaua.jpg","contentUrl":"https:\/\/ancestrina.com\/wp-content\/uploads\/Anaua.jpg","width":2048,"height":2048},{"@type":"BreadcrumbList","@id":"https:\/\/ancestrina.com\/en\/producto\/anaua-rape\/#breadcrumb","itemListElement":[{"@type":"ListItem","position":1,"name":"Home","item":"https:\/\/ancestrina.com\/en\/home\/"},{"@type":"ListItem","position":2,"name":"Store","item":"https:\/\/ancestrina.com\/en\/store\/"},{"@type":"ListItem","position":3,"name":"Ana\u00faa"}]},{"@type":"WebSite","@id":"https:\/\/ancestrina.com\/en\/#website","url":"https:\/\/ancestrina.com\/en\/","name":"Ancestrina","description":"Trabajamos experiencias con plantas maestras, terapias integradoras y cultos ancestrales","publisher":{"@id":"https:\/\/ancestrina.com\/en\/#organization"},"potentialAction":[{"@type":"SearchAction","target":{"@type":"EntryPoint","urlTemplate":"https:\/\/ancestrina.com\/en\/?s={search_term_string}"},"query-input":{"@type":"PropertyValueSpecification","valueRequired":true,"valueName":"search_term_string"}}],"inLanguage":"en-US"},{"@type":"Organization","@id":"https:\/\/ancestrina.com\/en\/#organization","name":"Ancestrina","url":"https:\/\/ancestrina.com\/en\/","logo":{"@type":"ImageObject","inLanguage":"en-US","@id":"https:\/\/ancestrina.com\/en\/#\/schema\/logo\/image\/","url":"https:\/\/ancestrina.com\/wp-content\/uploads\/2020\/06\/cropped-LOGO-ANCESTRINA-1.png","contentUrl":"https:\/\/ancestrina.com\/wp-content\/uploads\/2020\/06\/cropped-LOGO-ANCESTRINA-1.png","width":630,"height":202,"caption":"Ancestrina"},"image":{"@id":"https:\/\/ancestrina.com\/en\/#\/schema\/logo\/image\/"},"sameAs":["https:\/\/www.facebook.com\/Ancestrina\/","https:\/\/www.instagram.com\/ancestrina\/","https:\/\/www.youtube.com\/channel\/UCgtt6WFhEIVEI30PzxlOeIw"]}]}},"_links":{"self":[{"href":"https:\/\/ancestrina.com\/en\/wp-json\/wp\/v2\/product\/3525","targetHints":{"allow":["GET"]}}],"collection":[{"href":"https:\/\/ancestrina.com\/en\/wp-json\/wp\/v2\/product"}],"about":[{"href":"https:\/\/ancestrina.com\/en\/wp-json\/wp\/v2\/types\/product"}],"replies":[{"embeddable":true,"href":"https:\/\/ancestrina.com\/en\/wp-json\/wp\/v2\/comments?post=3525"}],"version-history":[{"count":2,"href":"https:\/\/ancestrina.com\/en\/wp-json\/wp\/v2\/product\/3525\/revisions"}],"predecessor-version":[{"id":37879,"href":"https:\/\/ancestrina.com\/en\/wp-json\/wp\/v2\/product\/3525\/revisions\/37879"}],"wp:featuredmedia":[{"embeddable":true,"href":"https:\/\/ancestrina.com\/en\/wp-json\/wp\/v2\/media\/34454"}],"wp:attachment":[{"href":"https:\/\/ancestrina.com\/en\/wp-json\/wp\/v2\/media?parent=3525"}],"wp:term":[{"taxonomy":"product_brand","embeddable":true,"href":"https:\/\/ancestrina.com\/en\/wp-json\/wp\/v2\/product_brand?post=3525"},{"taxonomy":"product_cat","embeddable":true,"href":"https:\/\/ancestrina.com\/en\/wp-json\/wp\/v2\/product_cat?post=3525"},{"taxonomy":"product_tag","embeddable":true,"href":"https:\/\/ancestrina.com\/en\/wp-json\/wp\/v2\/product_tag?post=3525"}],"curies":[{"name":"wp","href":"https:\/\/api.w.org\/{rel}","templated":true}]}}