{"id":9567,"date":"2021-11-16T20:17:13","date_gmt":"2021-11-16T20:17:13","guid":{"rendered":"http:\/\/ancestrina.com\/producto\/tepi-holz\/"},"modified":"2026-05-12T21:38:54","modified_gmt":"2026-05-13T02:38:54","slug":"tepi-holz","status":"publish","type":"product","link":"https:\/\/ancestrina.com\/de\/producto\/tepi-holz\/","title":{"rendered":"Tepi Madera"},"content":{"rendered":"<p>Entdecken Sie die Sch\u00f6nheit und Funktionalit\u00e4t unserer handgefertigten Holztepis, die von erfahrenen kolumbianischen Kunsthandwerkern hergestellt werden, die sich der Bewahrung und Feier der Traditionen ihrer Vorfahren verschrieben haben. Jedes Tepi wird von Hand aus Holz geschnitzt, das aufgrund seiner Qualit\u00e4t und Festigkeit ausgew\u00e4hlt wurde, um nicht nur eine lange Lebensdauer, sondern auch ein authentisches Erlebnis bei jedem Gebrauch zu gew\u00e4hrleisten.<\/p>\n<p>Unsere Tepis sind unverzichtbare Hilfsmittel bei Rapsritualen, um die Verabreichung dieser heiligen Medizin auf respektvolle und effektive Weise zu erleichtern. Die Schlichtheit seines Designs spiegelt die Reinheit und die Absicht wider, die hinter seiner Verwendung steht: eine Verbindung mit der alten Weisheit herzustellen und eine Reise der Heilung und Selbsterkenntnis zu erm\u00f6glichen.<\/p>\n<p>Jedes Tepi ist ein Kunstwerk f\u00fcr sich, mit subtilen Details, die die nat\u00fcrliche Maserung des Holzes hervorheben, und einer glatten Oberfl\u00e4che, die ein angenehmes Gef\u00fchl beim Anfassen garantiert. Sein ergonomisches Design erm\u00f6glicht eine einfache und sichere Handhabung, ideal f\u00fcr pers\u00f6nliche oder Gruppen-Zeremonien. Wenn Sie sich f\u00fcr unsere Tepis entscheiden, erwerben Sie nicht nur ein funktionelles St\u00fcck, sondern unterst\u00fctzen auch die Handwerkergemeinschaften in Kolumbien, die ihre F\u00e4higkeiten und ihr Wissen von Generation zu Generation weitergeben.<\/p>\n<p>Nutzen Sie unsere handgefertigten Holztepis, um Ihre spirituelle Praxis zu vertiefen und sich mit den tiefen Wurzeln der indigenen Kultur zu verbinden, w\u00e4hrend Sie die Pr\u00e4zision und Sch\u00f6nheit genie\u00dfen, die nur handgefertigte Arbeit bieten kann.<\/p>\n","protected":false},"excerpt":{"rendered":"<p>Entdecken Sie die Tradition und Pr\u00e4zision unserer Artisan Wooden Tepis, die von erfahrenen kolumbianischen Kunsthandwerkern sorgf\u00e4ltig von Hand geschnitzt werden. Jedes Tepi verbindet Funktionalit\u00e4t mit nat\u00fcrlicher \u00c4sthetik und wurde entwickelt, um den zeremoniellen Gebrauch von Rap\u00e9 bei Heil- und Meditationspraktiken zu erleichtern. Wenn Sie sich f\u00fcr unsere Tepis entscheiden, unterst\u00fctzen Sie die Kontinuit\u00e4t der handwerklichen Fertigkeiten und des kulturellen Reichtums und tauchen in eine authentische und respektvolle spirituelle Erfahrung ein.<\/p>\n","protected":false},"featured_media":35161,"comment_status":"open","ping_status":"closed","template":"","meta":{"order-bump-settings":[],"_wpfnl_thankyou_order_overview":"on","_wpfnl_thankyou_order_details":"on","_wpfnl_thankyou_billing_details":"on","_wpfnl_thankyou_shipping_details":"on","site-sidebar-layout":"default","site-content-layout":"default","ast-site-content-layout":"default","site-content-style":"default","site-sidebar-style":"default","ast-global-header-display":"","ast-banner-title-visibility":"","ast-main-header-display":"","ast-hfb-above-header-display":"","ast-hfb-below-header-display":"","ast-hfb-mobile-header-display":"","site-post-title":"","ast-breadcrumbs-content":"","ast-featured-img":"","footer-sml-layout":"","ast-disable-related-posts":"","theme-transparent-header-meta":"default","adv-header-id-meta":"","stick-header-meta":"","header-above-stick-meta":"","header-main-stick-meta":"","header-below-stick-meta":"","astra-migrate-meta-layouts":"default","ast-page-background-enabled":"default","ast-page-background-meta":{"desktop":{"background-color":"","background-image":"","background-repeat":"repeat","background-position":"center center","background-size":"auto","background-attachment":"scroll","background-type":"","background-media":"","overlay-type":"","overlay-color":"","overlay-opacity":"","overlay-gradient":""},"tablet":{"background-color":"","background-image":"","background-repeat":"repeat","background-position":"center center","background-size":"auto","background-attachment":"scroll","background-type":"","background-media":"","overlay-type":"","overlay-color":"","overlay-opacity":"","overlay-gradient":""},"mobile":{"background-color":"","background-image":"","background-repeat":"repeat","background-position":"center center","background-size":"auto","background-attachment":"scroll","background-type":"","background-media":"","overlay-type":"","overlay-color":"","overlay-opacity":"","overlay-gradient":""}},"ast-content-background-meta":{"desktop":{"background-color":"var(--ast-global-color-5)","background-image":"","background-repeat":"repeat","background-position":"center center","background-size":"auto","background-attachment":"scroll","background-type":"","background-media":"","overlay-type":"","overlay-color":"","overlay-opacity":"","overlay-gradient":""},"tablet":{"background-color":"var(--ast-global-color-5)","background-image":"","background-repeat":"repeat","background-position":"center center","background-size":"auto","background-attachment":"scroll","background-type":"","background-media":"","overlay-type":"","overlay-color":"","overlay-opacity":"","overlay-gradient":""},"mobile":{"background-color":"var(--ast-global-color-5)","background-image":"","background-repeat":"repeat","background-position":"center center","background-size":"auto","background-attachment":"scroll","background-type":"","background-media":"","overlay-type":"","overlay-color":"","overlay-opacity":"","overlay-gradient":""}},"_joinchat":[]},"product_brand":[],"product_cat":[363,362],"product_tag":[],"class_list":{"0":"post-9567","1":"product","2":"type-product","3":"status-publish","4":"has-post-thumbnail","6":"product_cat-tepis-de","7":"product_cat-zubehor","8":"desktop-align-center","9":"tablet-align-left","10":"mobile-align-left","12":"first","13":"instock","14":"shipping-taxable","15":"purchasable","16":"product-type-simple"},"yoast_head":"<!-- This site is optimized with the Yoast SEO Premium plugin v22.6 (Yoast SEO v27.6) - https:\/\/yoast.com\/product\/yoast-seo-premium-wordpress\/ -->\n<title>Tepi Madera Ancestrina<\/title>\n<meta name=\"description\" content=\"Entdecken Sie die Tradition und Pr\u00e4zision unserer Artisan Wooden Tepis, die von erfahrenen kolumbianischen Kunsthandwerkern handgeschnitzt werden. Sie sind funktional und \u00e4sthetisch und erleichtern die zeremonielle Verwendung von Raps bei Heil- und Meditationspraktiken. Wenn Sie sich f\u00fcr unsere Tepis entscheiden, unterst\u00fctzen Sie die Kontinuit\u00e4t der handwerklichen F\u00e4higkeiten und tauchen in eine authentische und respektvolle spirituelle Erfahrung ein.\" \/>\n<meta name=\"robots\" content=\"index, follow, max-snippet:-1, max-image-preview:large, max-video-preview:-1\" \/>\n<link rel=\"canonical\" href=\"https:\/\/ancestrina.com\/de\/producto\/tepi-holz\/\" \/>\n<meta property=\"og:locale\" content=\"de_DE\" \/>\n<meta property=\"og:type\" content=\"article\" \/>\n<meta property=\"og:title\" content=\"Tepi Madera\" \/>\n<meta property=\"og:description\" content=\"Entdecken Sie die Tradition und Pr\u00e4zision unserer Artisan Wooden Tepis, die von erfahrenen kolumbianischen Kunsthandwerkern handgeschnitzt werden. Sie sind funktional und \u00e4sthetisch und erleichtern die zeremonielle Verwendung von Raps bei Heil- und Meditationspraktiken. Wenn Sie sich f\u00fcr unsere Tepis entscheiden, unterst\u00fctzen Sie die Kontinuit\u00e4t der handwerklichen F\u00e4higkeiten und tauchen in eine authentische und respektvolle spirituelle Erfahrung ein.\" \/>\n<meta property=\"og:url\" content=\"https:\/\/ancestrina.com\/de\/producto\/tepi-holz\/\" \/>\n<meta property=\"og:site_name\" content=\"Ancestrina\" \/>\n<meta property=\"article:publisher\" content=\"https:\/\/www.facebook.com\/Ancestrina\/\" \/>\n<meta property=\"article:modified_time\" content=\"2026-05-13T02:38:54+00:00\" \/>\n<meta property=\"og:image\" content=\"https:\/\/ancestrina.com\/wp-content\/uploads\/tepis.jpg\" \/>\n\t<meta property=\"og:image:width\" content=\"2048\" \/>\n\t<meta property=\"og:image:height\" content=\"2048\" \/>\n\t<meta property=\"og:image:type\" content=\"image\/jpeg\" \/>\n<meta name=\"twitter:card\" content=\"summary_large_image\" \/>\n<meta name=\"twitter:label1\" content=\"Gesch\u00e4tzte Lesezeit\" \/>\n\t<meta name=\"twitter:data1\" content=\"1\u00a0Minute\" \/>\n<script type=\"application\/ld+json\" class=\"yoast-schema-graph\">{\"@context\":\"https:\\\/\\\/schema.org\",\"@graph\":[{\"@type\":\"WebPage\",\"@id\":\"https:\\\/\\\/ancestrina.com\\\/de\\\/producto\\\/tepi-holz\\\/\",\"url\":\"https:\\\/\\\/ancestrina.com\\\/de\\\/producto\\\/tepi-holz\\\/\",\"name\":\"Tepi Madera Ancestrina\",\"isPartOf\":{\"@id\":\"https:\\\/\\\/ancestrina.com\\\/de\\\/#website\"},\"primaryImageOfPage\":{\"@id\":\"https:\\\/\\\/ancestrina.com\\\/de\\\/producto\\\/tepi-holz\\\/#primaryimage\"},\"image\":{\"@id\":\"https:\\\/\\\/ancestrina.com\\\/de\\\/producto\\\/tepi-holz\\\/#primaryimage\"},\"thumbnailUrl\":\"https:\\\/\\\/ancestrina.com\\\/wp-content\\\/uploads\\\/tepis.jpg\",\"datePublished\":\"2021-11-16T20:17:13+00:00\",\"dateModified\":\"2026-05-13T02:38:54+00:00\",\"description\":\"Entdecken Sie die Tradition und Pr\u00e4zision unserer Artisan Wooden Tepis, die von erfahrenen kolumbianischen Kunsthandwerkern handgeschnitzt werden. Sie sind funktional und \u00e4sthetisch und erleichtern die zeremonielle Verwendung von Raps bei Heil- und Meditationspraktiken. Wenn Sie sich f\u00fcr unsere Tepis entscheiden, unterst\u00fctzen Sie die Kontinuit\u00e4t der handwerklichen F\u00e4higkeiten und tauchen in eine authentische und respektvolle spirituelle Erfahrung ein.\",\"breadcrumb\":{\"@id\":\"https:\\\/\\\/ancestrina.com\\\/de\\\/producto\\\/tepi-holz\\\/#breadcrumb\"},\"inLanguage\":\"de\",\"potentialAction\":[{\"@type\":\"ReadAction\",\"target\":[\"https:\\\/\\\/ancestrina.com\\\/de\\\/producto\\\/tepi-holz\\\/\"]}]},{\"@type\":\"ImageObject\",\"inLanguage\":\"de\",\"@id\":\"https:\\\/\\\/ancestrina.com\\\/de\\\/producto\\\/tepi-holz\\\/#primaryimage\",\"url\":\"https:\\\/\\\/ancestrina.com\\\/wp-content\\\/uploads\\\/tepis.jpg\",\"contentUrl\":\"https:\\\/\\\/ancestrina.com\\\/wp-content\\\/uploads\\\/tepis.jpg\",\"width\":2048,\"height\":2048},{\"@type\":\"BreadcrumbList\",\"@id\":\"https:\\\/\\\/ancestrina.com\\\/de\\\/producto\\\/tepi-holz\\\/#breadcrumb\",\"itemListElement\":[{\"@type\":\"ListItem\",\"position\":1,\"name\":\"Home\",\"item\":\"https:\\\/\\\/ancestrina.com\\\/de\\\/zuhause\\\/\"},{\"@type\":\"ListItem\",\"position\":2,\"name\":\"Gesch\u00e4ft\",\"item\":\"https:\\\/\\\/ancestrina.com\\\/de\\\/geschaeft\\\/\"},{\"@type\":\"ListItem\",\"position\":3,\"name\":\"Tepi Madera\"}]},{\"@type\":\"WebSite\",\"@id\":\"https:\\\/\\\/ancestrina.com\\\/de\\\/#website\",\"url\":\"https:\\\/\\\/ancestrina.com\\\/de\\\/\",\"name\":\"Ancestrina\",\"description\":\"Trabajamos experiencias con plantas maestras, terapias integradoras y cultos ancestrales\",\"publisher\":{\"@id\":\"https:\\\/\\\/ancestrina.com\\\/de\\\/#organization\"},\"potentialAction\":[{\"@type\":\"SearchAction\",\"target\":{\"@type\":\"EntryPoint\",\"urlTemplate\":\"https:\\\/\\\/ancestrina.com\\\/de\\\/?s={search_term_string}\"},\"query-input\":{\"@type\":\"PropertyValueSpecification\",\"valueRequired\":true,\"valueName\":\"search_term_string\"}}],\"inLanguage\":\"de\"},{\"@type\":\"Organization\",\"@id\":\"https:\\\/\\\/ancestrina.com\\\/de\\\/#organization\",\"name\":\"Ancestrina\",\"url\":\"https:\\\/\\\/ancestrina.com\\\/de\\\/\",\"logo\":{\"@type\":\"ImageObject\",\"inLanguage\":\"de\",\"@id\":\"https:\\\/\\\/ancestrina.com\\\/de\\\/#\\\/schema\\\/logo\\\/image\\\/\",\"url\":\"https:\\\/\\\/ancestrina.com\\\/wp-content\\\/uploads\\\/2020\\\/06\\\/cropped-LOGO-ANCESTRINA-1.png\",\"contentUrl\":\"https:\\\/\\\/ancestrina.com\\\/wp-content\\\/uploads\\\/2020\\\/06\\\/cropped-LOGO-ANCESTRINA-1.png\",\"width\":630,\"height\":202,\"caption\":\"Ancestrina\"},\"image\":{\"@id\":\"https:\\\/\\\/ancestrina.com\\\/de\\\/#\\\/schema\\\/logo\\\/image\\\/\"},\"sameAs\":[\"https:\\\/\\\/www.facebook.com\\\/Ancestrina\\\/\",\"https:\\\/\\\/www.instagram.com\\\/ancestrina\\\/\",\"https:\\\/\\\/www.youtube.com\\\/channel\\\/UCgtt6WFhEIVEI30PzxlOeIw\"]}]}<\/script>\n<!-- \/ Yoast SEO Premium plugin. -->","yoast_head_json":{"title":"Tepi Madera Ancestrina","description":"Entdecken Sie die Tradition und Pr\u00e4zision unserer Artisan Wooden Tepis, die von erfahrenen kolumbianischen Kunsthandwerkern handgeschnitzt werden. Sie sind funktional und \u00e4sthetisch und erleichtern die zeremonielle Verwendung von Raps bei Heil- und Meditationspraktiken. Wenn Sie sich f\u00fcr unsere Tepis entscheiden, unterst\u00fctzen Sie die Kontinuit\u00e4t der handwerklichen F\u00e4higkeiten und tauchen in eine authentische und respektvolle spirituelle Erfahrung ein.","robots":{"index":"index","follow":"follow","max-snippet":"max-snippet:-1","max-image-preview":"max-image-preview:large","max-video-preview":"max-video-preview:-1"},"canonical":"https:\/\/ancestrina.com\/de\/producto\/tepi-holz\/","og_locale":"de_DE","og_type":"article","og_title":"Tepi Madera","og_description":"Entdecken Sie die Tradition und Pr\u00e4zision unserer Artisan Wooden Tepis, die von erfahrenen kolumbianischen Kunsthandwerkern handgeschnitzt werden. Sie sind funktional und \u00e4sthetisch und erleichtern die zeremonielle Verwendung von Raps bei Heil- und Meditationspraktiken. Wenn Sie sich f\u00fcr unsere Tepis entscheiden, unterst\u00fctzen Sie die Kontinuit\u00e4t der handwerklichen F\u00e4higkeiten und tauchen in eine authentische und respektvolle spirituelle Erfahrung ein.","og_url":"https:\/\/ancestrina.com\/de\/producto\/tepi-holz\/","og_site_name":"Ancestrina","article_publisher":"https:\/\/www.facebook.com\/Ancestrina\/","article_modified_time":"2026-05-13T02:38:54+00:00","og_image":[{"width":2048,"height":2048,"url":"https:\/\/ancestrina.com\/wp-content\/uploads\/tepis.jpg","type":"image\/jpeg"}],"twitter_card":"summary_large_image","twitter_misc":{"Gesch\u00e4tzte Lesezeit":"1\u00a0Minute"},"schema":{"@context":"https:\/\/schema.org","@graph":[{"@type":"WebPage","@id":"https:\/\/ancestrina.com\/de\/producto\/tepi-holz\/","url":"https:\/\/ancestrina.com\/de\/producto\/tepi-holz\/","name":"Tepi Madera Ancestrina","isPartOf":{"@id":"https:\/\/ancestrina.com\/de\/#website"},"primaryImageOfPage":{"@id":"https:\/\/ancestrina.com\/de\/producto\/tepi-holz\/#primaryimage"},"image":{"@id":"https:\/\/ancestrina.com\/de\/producto\/tepi-holz\/#primaryimage"},"thumbnailUrl":"https:\/\/ancestrina.com\/wp-content\/uploads\/tepis.jpg","datePublished":"2021-11-16T20:17:13+00:00","dateModified":"2026-05-13T02:38:54+00:00","description":"Entdecken Sie die Tradition und Pr\u00e4zision unserer Artisan Wooden Tepis, die von erfahrenen kolumbianischen Kunsthandwerkern handgeschnitzt werden. Sie sind funktional und \u00e4sthetisch und erleichtern die zeremonielle Verwendung von Raps bei Heil- und Meditationspraktiken. Wenn Sie sich f\u00fcr unsere Tepis entscheiden, unterst\u00fctzen Sie die Kontinuit\u00e4t der handwerklichen F\u00e4higkeiten und tauchen in eine authentische und respektvolle spirituelle Erfahrung ein.","breadcrumb":{"@id":"https:\/\/ancestrina.com\/de\/producto\/tepi-holz\/#breadcrumb"},"inLanguage":"de","potentialAction":[{"@type":"ReadAction","target":["https:\/\/ancestrina.com\/de\/producto\/tepi-holz\/"]}]},{"@type":"ImageObject","inLanguage":"de","@id":"https:\/\/ancestrina.com\/de\/producto\/tepi-holz\/#primaryimage","url":"https:\/\/ancestrina.com\/wp-content\/uploads\/tepis.jpg","contentUrl":"https:\/\/ancestrina.com\/wp-content\/uploads\/tepis.jpg","width":2048,"height":2048},{"@type":"BreadcrumbList","@id":"https:\/\/ancestrina.com\/de\/producto\/tepi-holz\/#breadcrumb","itemListElement":[{"@type":"ListItem","position":1,"name":"Home","item":"https:\/\/ancestrina.com\/de\/zuhause\/"},{"@type":"ListItem","position":2,"name":"Gesch\u00e4ft","item":"https:\/\/ancestrina.com\/de\/geschaeft\/"},{"@type":"ListItem","position":3,"name":"Tepi Madera"}]},{"@type":"WebSite","@id":"https:\/\/ancestrina.com\/de\/#website","url":"https:\/\/ancestrina.com\/de\/","name":"Ancestrina","description":"Trabajamos experiencias con plantas maestras, terapias integradoras y cultos ancestrales","publisher":{"@id":"https:\/\/ancestrina.com\/de\/#organization"},"potentialAction":[{"@type":"SearchAction","target":{"@type":"EntryPoint","urlTemplate":"https:\/\/ancestrina.com\/de\/?s={search_term_string}"},"query-input":{"@type":"PropertyValueSpecification","valueRequired":true,"valueName":"search_term_string"}}],"inLanguage":"de"},{"@type":"Organization","@id":"https:\/\/ancestrina.com\/de\/#organization","name":"Ancestrina","url":"https:\/\/ancestrina.com\/de\/","logo":{"@type":"ImageObject","inLanguage":"de","@id":"https:\/\/ancestrina.com\/de\/#\/schema\/logo\/image\/","url":"https:\/\/ancestrina.com\/wp-content\/uploads\/2020\/06\/cropped-LOGO-ANCESTRINA-1.png","contentUrl":"https:\/\/ancestrina.com\/wp-content\/uploads\/2020\/06\/cropped-LOGO-ANCESTRINA-1.png","width":630,"height":202,"caption":"Ancestrina"},"image":{"@id":"https:\/\/ancestrina.com\/de\/#\/schema\/logo\/image\/"},"sameAs":["https:\/\/www.facebook.com\/Ancestrina\/","https:\/\/www.instagram.com\/ancestrina\/","https:\/\/www.youtube.com\/channel\/UCgtt6WFhEIVEI30PzxlOeIw"]}]}},"_links":{"self":[{"href":"https:\/\/ancestrina.com\/de\/wp-json\/wp\/v2\/product\/9567","targetHints":{"allow":["GET"]}}],"collection":[{"href":"https:\/\/ancestrina.com\/de\/wp-json\/wp\/v2\/product"}],"about":[{"href":"https:\/\/ancestrina.com\/de\/wp-json\/wp\/v2\/types\/product"}],"replies":[{"embeddable":true,"href":"https:\/\/ancestrina.com\/de\/wp-json\/wp\/v2\/comments?post=9567"}],"version-history":[{"count":2,"href":"https:\/\/ancestrina.com\/de\/wp-json\/wp\/v2\/product\/9567\/revisions"}],"predecessor-version":[{"id":37891,"href":"https:\/\/ancestrina.com\/de\/wp-json\/wp\/v2\/product\/9567\/revisions\/37891"}],"wp:featuredmedia":[{"embeddable":true,"href":"https:\/\/ancestrina.com\/de\/wp-json\/wp\/v2\/media\/35161"}],"wp:attachment":[{"href":"https:\/\/ancestrina.com\/de\/wp-json\/wp\/v2\/media?parent=9567"}],"wp:term":[{"taxonomy":"product_brand","embeddable":true,"href":"https:\/\/ancestrina.com\/de\/wp-json\/wp\/v2\/product_brand?post=9567"},{"taxonomy":"product_cat","embeddable":true,"href":"https:\/\/ancestrina.com\/de\/wp-json\/wp\/v2\/product_cat?post=9567"},{"taxonomy":"product_tag","embeddable":true,"href":"https:\/\/ancestrina.com\/de\/wp-json\/wp\/v2\/product_tag?post=9567"}],"curies":[{"name":"wp","href":"https:\/\/api.w.org\/{rel}","templated":true}]}}