{"id":7297,"date":"2020-06-27T19:59:11","date_gmt":"2020-06-27T19:59:11","guid":{"rendered":"http:\/\/ancestrina.com\/producto\/schnupftabak-cielo\/"},"modified":"2026-03-15T12:48:50","modified_gmt":"2026-03-15T17:48:50","slug":"rape-himmel","status":"publish","type":"product","link":"https:\/\/ancestrina.com\/de\/producto\/rape-himmel\/","title":{"rendered":"Himmel"},"content":{"rendered":"<div class=\"flex-shrink-0 flex flex-col relative items-end\">\n<div>\n<div class=\"pt-0.5\">\n<div class=\"gizmo-shadow-stroke flex h-6 w-6 items-center justify-center overflow-hidden rounded-full\"><span style=\"font-size: 16px;\">Rap\u00e9 Cielo ist ein m\u00e4chtiges spirituelles Werkzeug, das den Benutzer mit dem verbinden soll, was viele Kulturen und Philosophien als &#8222;das H\u00f6here&#8220; betrachten. Dieses Konzept geht \u00fcber kulturelle und religi\u00f6se Unterschiede hinaus und wird oft als Gott, Gro\u00dfer Geist, Kosmisches Bewusstsein, Gro\u00dfe Mutter, Tao oder die Leere bezeichnet. Rap\u00e9 Cielo erleichtert die tiefe Selbstbeobachtung und das Erkennen unserer Einheit mit dem gesamten Leben.<\/span><\/div>\n<\/div>\n<\/div>\n<\/div>\n<div class=\"relative flex w-full flex-col agent-turn\">\n<div class=\"flex-col gap-1 md:gap-3\">\n<div class=\"flex flex-grow flex-col max-w-full\">\n<div class=\"min-h-[20px] text-message flex flex-col items-start gap-3 whitespace-pre-wrap break-words [.text-message+&]:mt-5 text-token-text-tertiary overflow-x-auto\" dir=\"auto\" data-message-author-role=\"assistant\" data-message-id=\"3e7bfd5f-5239-4419-a1c8-77c477b5358e\">\n<div class=\"text-token-text-tertiary markdown prose w-full break-words dark:prose-invert light\">\n<p><strong>Hauptmerkmale von Rap\u00e9 Cielo:<\/strong><\/p>\n<ul>\n<li><strong>F\u00f6rderung der spirituellen Verbindung:<\/strong> Hilft den Nutzern, ihre Verbindung zu einem gr\u00f6\u00dferen Ganzen zu sp\u00fcren und zu erkennen, unabh\u00e4ngig von einer bestimmten spirituellen oder religi\u00f6sen Nomenklatur.<\/li>\n<li><strong>Transformation des Bewusstseins:<\/strong> F\u00f6rdert eine tiefgreifende spirituelle Transformation, die zu der Erkenntnis f\u00fchrt, dass wir ein integraler und nicht ein separater Teil dieses &#8222;Ganzen&#8220; sind.<\/li>\n<li><strong>Ekstatische Erfahrung des Einsseins:<\/strong> Bietet ein Gef\u00fchl der Heimkehr, des Friedens und der Freude beim Erkennen der urspr\u00fcnglichen, ekstatischen Natur unserer Existenz.<\/li>\n<\/ul>\n<p><strong>Vorteile von Rap\u00e9 Cielo:<\/strong><\/p>\n<ol>\n<li><strong>Spirituelle Verwirklichung:<\/strong> Erleichtert Erfahrungen spiritueller Verwirklichung, indem die Illusion der Trennung zwischen dem Selbst und dem Universum identifiziert und aufgel\u00f6st wird.<\/li>\n<li><strong>Alchemie der Gegens\u00e4tze:<\/strong> Durch die Integration gegens\u00e4tzlicher Polarit\u00e4ten kann der Nutzer eine Synthese erleben, die einen dauerhaften und tiefgreifenden Frieden offenbart.<\/li>\n<li><strong>Unterst\u00fctzung der meditativen Praxis:<\/strong> Ideal f\u00fcr alle, die ihre meditative Praxis vertiefen und h\u00f6here Bewusstseinszust\u00e4nde in der Einsamkeit erforschen m\u00f6chten.<\/li>\n<\/ol>\n<p><strong>Ideal f\u00fcr:<\/strong><\/p>\n<ul>\n<li>Spirituell Praktizierende, die ihr Verst\u00e4ndnis und ihre Erfahrung der Verbindung mit dem Kosmos vertiefen m\u00f6chten.<\/li>\n<li>Personen, die daran interessiert sind, ihre eigene spirituelle Natur durch Meditation und andere introspektive Praktiken zu erforschen.<\/li>\n<li>Diejenigen, die Werkzeuge zur Unterst\u00fctzung ihrer pers\u00f6nlichen und spirituellen Transformation suchen.<\/li>\n<\/ul>\n<p>Rap\u00e9 Cielo ist mehr als nur ein Schnupftabak; es ist ein Mittel, um die Tiefen des Selbst und des Universums zu erforschen, das dazu einl\u00e4dt, sich von weltlichen Zw\u00e4ngen zu befreien und die wesentliche Einheit allen Lebens zu erkennen.<\/p>\n<\/div>\n<\/div>\n<\/div>\n<\/div>\n<\/div>\n","protected":false},"excerpt":{"rendered":"<p>Rap\u00e9 Cielo ist eine kraftvolle, uralte Medizin, die als konzentrierte und kurze Version einer Ayahuasca-Zeremonie wirkt und etwa eineinhalb Stunden dauert. Diese Erfahrung erm\u00f6glicht es den Anwendern, tiefe Zust\u00e4nde der Selbstbeobachtung und spirituellen Verbindung zu erreichen, die eine Begegnung mit dem G\u00f6ttlichen und dem Universellen erm\u00f6glichen. Durch den Konsum von Ayahuasca l\u00f6sen sich mentale und emotionale Barrieren auf und machen den Weg frei f\u00fcr eine au\u00dfergew\u00f6hnliche Klarheit und ein Gef\u00fchl der Einheit mit allem, was existiert.  <\/p>\n","protected":false},"featured_media":34604,"comment_status":"closed","ping_status":"closed","template":"","meta":{"order-bump-settings":[],"_wpfnl_thankyou_order_overview":"on","_wpfnl_thankyou_order_details":"on","_wpfnl_thankyou_billing_details":"on","_wpfnl_thankyou_shipping_details":"on","site-sidebar-layout":"default","site-content-layout":"default","ast-site-content-layout":"default","site-content-style":"default","site-sidebar-style":"default","ast-global-header-display":"","ast-banner-title-visibility":"","ast-main-header-display":"","ast-hfb-above-header-display":"","ast-hfb-below-header-display":"","ast-hfb-mobile-header-display":"","site-post-title":"","ast-breadcrumbs-content":"","ast-featured-img":"","footer-sml-layout":"","ast-disable-related-posts":"","theme-transparent-header-meta":"default","adv-header-id-meta":"","stick-header-meta":"","header-above-stick-meta":"","header-main-stick-meta":"","header-below-stick-meta":"","astra-migrate-meta-layouts":"default","ast-page-background-enabled":"default","ast-page-background-meta":{"desktop":{"background-color":"","background-image":"","background-repeat":"repeat","background-position":"center center","background-size":"auto","background-attachment":"scroll","background-type":"","background-media":"","overlay-type":"","overlay-color":"","overlay-opacity":"","overlay-gradient":""},"tablet":{"background-color":"","background-image":"","background-repeat":"repeat","background-position":"center center","background-size":"auto","background-attachment":"scroll","background-type":"","background-media":"","overlay-type":"","overlay-color":"","overlay-opacity":"","overlay-gradient":""},"mobile":{"background-color":"","background-image":"","background-repeat":"repeat","background-position":"center center","background-size":"auto","background-attachment":"scroll","background-type":"","background-media":"","overlay-type":"","overlay-color":"","overlay-opacity":"","overlay-gradient":""}},"ast-content-background-meta":{"desktop":{"background-color":"var(--ast-global-color-5)","background-image":"","background-repeat":"repeat","background-position":"center center","background-size":"auto","background-attachment":"scroll","background-type":"","background-media":"","overlay-type":"","overlay-color":"","overlay-opacity":"","overlay-gradient":""},"tablet":{"background-color":"var(--ast-global-color-5)","background-image":"","background-repeat":"repeat","background-position":"center center","background-size":"auto","background-attachment":"scroll","background-type":"","background-media":"","overlay-type":"","overlay-color":"","overlay-opacity":"","overlay-gradient":""},"mobile":{"background-color":"var(--ast-global-color-5)","background-image":"","background-repeat":"repeat","background-position":"center center","background-size":"auto","background-attachment":"scroll","background-type":"","background-media":"","overlay-type":"","overlay-color":"","overlay-opacity":"","overlay-gradient":""}},"_joinchat":[]},"product_brand":[],"product_cat":[357],"product_tag":[],"class_list":{"0":"post-7297","1":"product","2":"type-product","3":"status-publish","4":"has-post-thumbnail","6":"product_cat-rape-de","7":"desktop-align-center","8":"tablet-align-left","9":"mobile-align-left","11":"first","12":"outofstock","13":"shipping-taxable","14":"purchasable","15":"product-type-variable"},"yoast_head":"<!-- This site is optimized with the Yoast SEO Premium plugin v22.6 (Yoast SEO v27.6) - https:\/\/yoast.com\/product\/yoast-seo-premium-wordpress\/ -->\n<title>Rap\u00e9 Cielo: Verbindung zur Ganzheitlichkeit und spirituellen Transformation<\/title>\n<meta name=\"description\" content=\"Entdecken Sie Sky Snuff, ein kraftvolles spirituelles Werkzeug, das versucht, den Konsumenten mit dem zu verbinden, was viele Kulturen und Philosophien als &quot;das H\u00f6here&quot; betrachten. Dieser Schnupftabak erm\u00f6glicht eine tiefe Selbstbeobachtung und das Erkennen unserer Einheit mit dem gesamten Leben.\" \/>\n<meta name=\"robots\" content=\"index, follow, max-snippet:-1, max-image-preview:large, max-video-preview:-1\" \/>\n<link rel=\"canonical\" href=\"https:\/\/ancestrina.com\/de\/producto\/rape-himmel\/\" \/>\n<meta property=\"og:locale\" content=\"de_DE\" \/>\n<meta property=\"og:type\" content=\"article\" \/>\n<meta property=\"og:title\" content=\"Himmel\" \/>\n<meta property=\"og:description\" content=\"Entdecken Sie Sky Snuff, ein kraftvolles spirituelles Werkzeug, das versucht, den Konsumenten mit dem zu verbinden, was viele Kulturen und Philosophien als &quot;das H\u00f6here&quot; betrachten. Dieser Schnupftabak erm\u00f6glicht eine tiefe Selbstbeobachtung und das Erkennen unserer Einheit mit dem gesamten Leben.\" \/>\n<meta property=\"og:url\" content=\"https:\/\/ancestrina.com\/de\/producto\/rape-himmel\/\" \/>\n<meta property=\"og:site_name\" content=\"Ancestrina\" \/>\n<meta property=\"article:publisher\" content=\"https:\/\/www.facebook.com\/Ancestrina\/\" \/>\n<meta property=\"article:modified_time\" content=\"2026-03-15T17:48:50+00:00\" \/>\n<meta property=\"og:image\" content=\"https:\/\/ancestrina.com\/wp-content\/uploads\/cielo.jpg\" \/>\n\t<meta property=\"og:image:width\" content=\"2048\" \/>\n\t<meta property=\"og:image:height\" content=\"2048\" \/>\n\t<meta property=\"og:image:type\" content=\"image\/jpeg\" \/>\n<meta name=\"twitter:card\" content=\"summary_large_image\" \/>\n<meta name=\"twitter:label1\" content=\"Gesch\u00e4tzte Lesezeit\" \/>\n\t<meta name=\"twitter:data1\" content=\"2\u00a0Minuten\" \/>\n<script type=\"application\/ld+json\" class=\"yoast-schema-graph\">{\"@context\":\"https:\\\/\\\/schema.org\",\"@graph\":[{\"@type\":\"WebPage\",\"@id\":\"https:\\\/\\\/ancestrina.com\\\/de\\\/producto\\\/rape-himmel\\\/\",\"url\":\"https:\\\/\\\/ancestrina.com\\\/de\\\/producto\\\/rape-himmel\\\/\",\"name\":\"Rap\u00e9 Cielo: Verbindung zur Ganzheitlichkeit und spirituellen Transformation\",\"isPartOf\":{\"@id\":\"https:\\\/\\\/ancestrina.com\\\/de\\\/#website\"},\"primaryImageOfPage\":{\"@id\":\"https:\\\/\\\/ancestrina.com\\\/de\\\/producto\\\/rape-himmel\\\/#primaryimage\"},\"image\":{\"@id\":\"https:\\\/\\\/ancestrina.com\\\/de\\\/producto\\\/rape-himmel\\\/#primaryimage\"},\"thumbnailUrl\":\"https:\\\/\\\/ancestrina.com\\\/wp-content\\\/uploads\\\/cielo.jpg\",\"datePublished\":\"2020-06-27T19:59:11+00:00\",\"dateModified\":\"2026-03-15T17:48:50+00:00\",\"description\":\"Entdecken Sie Sky Snuff, ein kraftvolles spirituelles Werkzeug, das versucht, den Konsumenten mit dem zu verbinden, was viele Kulturen und Philosophien als \\\"das H\u00f6here\\\" betrachten. Dieser Schnupftabak erm\u00f6glicht eine tiefe Selbstbeobachtung und das Erkennen unserer Einheit mit dem gesamten Leben.\",\"breadcrumb\":{\"@id\":\"https:\\\/\\\/ancestrina.com\\\/de\\\/producto\\\/rape-himmel\\\/#breadcrumb\"},\"inLanguage\":\"de\",\"potentialAction\":[{\"@type\":\"ReadAction\",\"target\":[\"https:\\\/\\\/ancestrina.com\\\/de\\\/producto\\\/rape-himmel\\\/\"]}]},{\"@type\":\"ImageObject\",\"inLanguage\":\"de\",\"@id\":\"https:\\\/\\\/ancestrina.com\\\/de\\\/producto\\\/rape-himmel\\\/#primaryimage\",\"url\":\"https:\\\/\\\/ancestrina.com\\\/wp-content\\\/uploads\\\/cielo.jpg\",\"contentUrl\":\"https:\\\/\\\/ancestrina.com\\\/wp-content\\\/uploads\\\/cielo.jpg\",\"width\":2048,\"height\":2048},{\"@type\":\"BreadcrumbList\",\"@id\":\"https:\\\/\\\/ancestrina.com\\\/de\\\/producto\\\/rape-himmel\\\/#breadcrumb\",\"itemListElement\":[{\"@type\":\"ListItem\",\"position\":1,\"name\":\"Home\",\"item\":\"https:\\\/\\\/ancestrina.com\\\/de\\\/zuhause\\\/\"},{\"@type\":\"ListItem\",\"position\":2,\"name\":\"Gesch\u00e4ft\",\"item\":\"https:\\\/\\\/ancestrina.com\\\/de\\\/geschaeft\\\/\"},{\"@type\":\"ListItem\",\"position\":3,\"name\":\"Himmel\"}]},{\"@type\":\"WebSite\",\"@id\":\"https:\\\/\\\/ancestrina.com\\\/de\\\/#website\",\"url\":\"https:\\\/\\\/ancestrina.com\\\/de\\\/\",\"name\":\"Ancestrina\",\"description\":\"Trabajamos experiencias con plantas maestras, terapias integradoras y cultos ancestrales\",\"publisher\":{\"@id\":\"https:\\\/\\\/ancestrina.com\\\/de\\\/#organization\"},\"potentialAction\":[{\"@type\":\"SearchAction\",\"target\":{\"@type\":\"EntryPoint\",\"urlTemplate\":\"https:\\\/\\\/ancestrina.com\\\/de\\\/?s={search_term_string}\"},\"query-input\":{\"@type\":\"PropertyValueSpecification\",\"valueRequired\":true,\"valueName\":\"search_term_string\"}}],\"inLanguage\":\"de\"},{\"@type\":\"Organization\",\"@id\":\"https:\\\/\\\/ancestrina.com\\\/de\\\/#organization\",\"name\":\"Ancestrina\",\"url\":\"https:\\\/\\\/ancestrina.com\\\/de\\\/\",\"logo\":{\"@type\":\"ImageObject\",\"inLanguage\":\"de\",\"@id\":\"https:\\\/\\\/ancestrina.com\\\/de\\\/#\\\/schema\\\/logo\\\/image\\\/\",\"url\":\"https:\\\/\\\/ancestrina.com\\\/wp-content\\\/uploads\\\/2020\\\/06\\\/cropped-LOGO-ANCESTRINA-1.png\",\"contentUrl\":\"https:\\\/\\\/ancestrina.com\\\/wp-content\\\/uploads\\\/2020\\\/06\\\/cropped-LOGO-ANCESTRINA-1.png\",\"width\":630,\"height\":202,\"caption\":\"Ancestrina\"},\"image\":{\"@id\":\"https:\\\/\\\/ancestrina.com\\\/de\\\/#\\\/schema\\\/logo\\\/image\\\/\"},\"sameAs\":[\"https:\\\/\\\/www.facebook.com\\\/Ancestrina\\\/\",\"https:\\\/\\\/www.instagram.com\\\/ancestrina\\\/\",\"https:\\\/\\\/www.youtube.com\\\/channel\\\/UCgtt6WFhEIVEI30PzxlOeIw\"]}]}<\/script>\n<!-- \/ Yoast SEO Premium plugin. -->","yoast_head_json":{"title":"Rap\u00e9 Cielo: Verbindung zur Ganzheitlichkeit und spirituellen Transformation","description":"Entdecken Sie Sky Snuff, ein kraftvolles spirituelles Werkzeug, das versucht, den Konsumenten mit dem zu verbinden, was viele Kulturen und Philosophien als \"das H\u00f6here\" betrachten. Dieser Schnupftabak erm\u00f6glicht eine tiefe Selbstbeobachtung und das Erkennen unserer Einheit mit dem gesamten Leben.","robots":{"index":"index","follow":"follow","max-snippet":"max-snippet:-1","max-image-preview":"max-image-preview:large","max-video-preview":"max-video-preview:-1"},"canonical":"https:\/\/ancestrina.com\/de\/producto\/rape-himmel\/","og_locale":"de_DE","og_type":"article","og_title":"Himmel","og_description":"Entdecken Sie Sky Snuff, ein kraftvolles spirituelles Werkzeug, das versucht, den Konsumenten mit dem zu verbinden, was viele Kulturen und Philosophien als \"das H\u00f6here\" betrachten. Dieser Schnupftabak erm\u00f6glicht eine tiefe Selbstbeobachtung und das Erkennen unserer Einheit mit dem gesamten Leben.","og_url":"https:\/\/ancestrina.com\/de\/producto\/rape-himmel\/","og_site_name":"Ancestrina","article_publisher":"https:\/\/www.facebook.com\/Ancestrina\/","article_modified_time":"2026-03-15T17:48:50+00:00","og_image":[{"width":2048,"height":2048,"url":"https:\/\/ancestrina.com\/wp-content\/uploads\/cielo.jpg","type":"image\/jpeg"}],"twitter_card":"summary_large_image","twitter_misc":{"Gesch\u00e4tzte Lesezeit":"2\u00a0Minuten"},"schema":{"@context":"https:\/\/schema.org","@graph":[{"@type":"WebPage","@id":"https:\/\/ancestrina.com\/de\/producto\/rape-himmel\/","url":"https:\/\/ancestrina.com\/de\/producto\/rape-himmel\/","name":"Rap\u00e9 Cielo: Verbindung zur Ganzheitlichkeit und spirituellen Transformation","isPartOf":{"@id":"https:\/\/ancestrina.com\/de\/#website"},"primaryImageOfPage":{"@id":"https:\/\/ancestrina.com\/de\/producto\/rape-himmel\/#primaryimage"},"image":{"@id":"https:\/\/ancestrina.com\/de\/producto\/rape-himmel\/#primaryimage"},"thumbnailUrl":"https:\/\/ancestrina.com\/wp-content\/uploads\/cielo.jpg","datePublished":"2020-06-27T19:59:11+00:00","dateModified":"2026-03-15T17:48:50+00:00","description":"Entdecken Sie Sky Snuff, ein kraftvolles spirituelles Werkzeug, das versucht, den Konsumenten mit dem zu verbinden, was viele Kulturen und Philosophien als \"das H\u00f6here\" betrachten. Dieser Schnupftabak erm\u00f6glicht eine tiefe Selbstbeobachtung und das Erkennen unserer Einheit mit dem gesamten Leben.","breadcrumb":{"@id":"https:\/\/ancestrina.com\/de\/producto\/rape-himmel\/#breadcrumb"},"inLanguage":"de","potentialAction":[{"@type":"ReadAction","target":["https:\/\/ancestrina.com\/de\/producto\/rape-himmel\/"]}]},{"@type":"ImageObject","inLanguage":"de","@id":"https:\/\/ancestrina.com\/de\/producto\/rape-himmel\/#primaryimage","url":"https:\/\/ancestrina.com\/wp-content\/uploads\/cielo.jpg","contentUrl":"https:\/\/ancestrina.com\/wp-content\/uploads\/cielo.jpg","width":2048,"height":2048},{"@type":"BreadcrumbList","@id":"https:\/\/ancestrina.com\/de\/producto\/rape-himmel\/#breadcrumb","itemListElement":[{"@type":"ListItem","position":1,"name":"Home","item":"https:\/\/ancestrina.com\/de\/zuhause\/"},{"@type":"ListItem","position":2,"name":"Gesch\u00e4ft","item":"https:\/\/ancestrina.com\/de\/geschaeft\/"},{"@type":"ListItem","position":3,"name":"Himmel"}]},{"@type":"WebSite","@id":"https:\/\/ancestrina.com\/de\/#website","url":"https:\/\/ancestrina.com\/de\/","name":"Ancestrina","description":"Trabajamos experiencias con plantas maestras, terapias integradoras y cultos ancestrales","publisher":{"@id":"https:\/\/ancestrina.com\/de\/#organization"},"potentialAction":[{"@type":"SearchAction","target":{"@type":"EntryPoint","urlTemplate":"https:\/\/ancestrina.com\/de\/?s={search_term_string}"},"query-input":{"@type":"PropertyValueSpecification","valueRequired":true,"valueName":"search_term_string"}}],"inLanguage":"de"},{"@type":"Organization","@id":"https:\/\/ancestrina.com\/de\/#organization","name":"Ancestrina","url":"https:\/\/ancestrina.com\/de\/","logo":{"@type":"ImageObject","inLanguage":"de","@id":"https:\/\/ancestrina.com\/de\/#\/schema\/logo\/image\/","url":"https:\/\/ancestrina.com\/wp-content\/uploads\/2020\/06\/cropped-LOGO-ANCESTRINA-1.png","contentUrl":"https:\/\/ancestrina.com\/wp-content\/uploads\/2020\/06\/cropped-LOGO-ANCESTRINA-1.png","width":630,"height":202,"caption":"Ancestrina"},"image":{"@id":"https:\/\/ancestrina.com\/de\/#\/schema\/logo\/image\/"},"sameAs":["https:\/\/www.facebook.com\/Ancestrina\/","https:\/\/www.instagram.com\/ancestrina\/","https:\/\/www.youtube.com\/channel\/UCgtt6WFhEIVEI30PzxlOeIw"]}]}},"_links":{"self":[{"href":"https:\/\/ancestrina.com\/de\/wp-json\/wp\/v2\/product\/7297","targetHints":{"allow":["GET"]}}],"collection":[{"href":"https:\/\/ancestrina.com\/de\/wp-json\/wp\/v2\/product"}],"about":[{"href":"https:\/\/ancestrina.com\/de\/wp-json\/wp\/v2\/types\/product"}],"replies":[{"embeddable":true,"href":"https:\/\/ancestrina.com\/de\/wp-json\/wp\/v2\/comments?post=7297"}],"version-history":[{"count":2,"href":"https:\/\/ancestrina.com\/de\/wp-json\/wp\/v2\/product\/7297\/revisions"}],"predecessor-version":[{"id":37938,"href":"https:\/\/ancestrina.com\/de\/wp-json\/wp\/v2\/product\/7297\/revisions\/37938"}],"wp:featuredmedia":[{"embeddable":true,"href":"https:\/\/ancestrina.com\/de\/wp-json\/wp\/v2\/media\/34604"}],"wp:attachment":[{"href":"https:\/\/ancestrina.com\/de\/wp-json\/wp\/v2\/media?parent=7297"}],"wp:term":[{"taxonomy":"product_brand","embeddable":true,"href":"https:\/\/ancestrina.com\/de\/wp-json\/wp\/v2\/product_brand?post=7297"},{"taxonomy":"product_cat","embeddable":true,"href":"https:\/\/ancestrina.com\/de\/wp-json\/wp\/v2\/product_cat?post=7297"},{"taxonomy":"product_tag","embeddable":true,"href":"https:\/\/ancestrina.com\/de\/wp-json\/wp\/v2\/product_tag?post=7297"}],"curies":[{"name":"wp","href":"https:\/\/api.w.org\/{rel}","templated":true}]}}