{"id":7289,"date":"2020-06-28T00:33:58","date_gmt":"2020-06-28T00:33:58","guid":{"rendered":"http:\/\/ancestrina.com\/producto\/schnupftabak-cipo-camalechi\/"},"modified":"2026-05-17T13:36:17","modified_gmt":"2026-05-17T18:36:17","slug":"rape-cipo-camalechi","status":"publish","type":"product","link":"https:\/\/ancestrina.com\/de\/producto\/rape-cipo-camalechi\/","title":{"rendered":"Cip\u00f3 Camalechi"},"content":{"rendered":"<p>Das Cip\u00f3 Camalechi Rap\u00e9 wurde f\u00fcr diejenigen entwickelt, die ihre Praxis des luziden Tr\u00e4umens vertiefen m\u00f6chten. Es bietet ein leistungsstarkes Werkzeug f\u00fcr diejenigen, die ihre Tr\u00e4ume bewusst erforschen und manipulieren m\u00f6chten. Dieser Raps erleichtert den Zugang zu einem Bewusstseinszustand, in dem Sie sich v\u00f6llig bewusst sein k\u00f6nnen, dass Sie tr\u00e4umen, und der es Ihnen erm\u00f6glicht, bewusst mit dem Inhalt des Traums zu interagieren.<\/p>\n<p><strong>Hauptmerkmale von Rap\u00e9 Cip\u00f3 Camalechi:<\/strong><\/p>\n<ul>\n<li><strong>Verbesserung des luziden Tr\u00e4umens:<\/strong> Hilft, Luzidit\u00e4t in Tr\u00e4umen zu erreichen und aufrechtzuerhalten und bietet Kontrolle \u00fcber Traumerlebnisse.<\/li>\n<li><strong>Erforschung des Unbewussten:<\/strong> Erm\u00f6glicht eine tiefere Erforschung des inneren Selbst und der verborgenen W\u00fcnsche, die oft im Zustand des luziden Traums offenbart werden.<\/li>\n<li><strong>N\u00e4chtliche geistige Klarheit:<\/strong> Kl\u00e4rt den Geist von den Ablagerungen des Tages und vermeidet die Wiederholung von allt\u00e4glichen oder k\u00fcrzlichen Szenen im Traum, um eine authentischere und tiefere Entdeckung zu erm\u00f6glichen.<\/li>\n<\/ul>\n<p><strong>Vorteile von Rap\u00e9 Cip\u00f3 Camalechi:<\/strong><\/p>\n<ol>\n<li><strong>Traumtherapie:<\/strong> N\u00fctzlich bei der \u00dcberwindung wiederkehrender Albtr\u00e4ume, bei der Probleml\u00f6sung und der pers\u00f6nlichen Entwicklung durch die bewusste Beeinflussung von Tr\u00e4umen.<\/li>\n<li><strong>Verbesserung von F\u00e4higkeiten und Kreativit\u00e4t:<\/strong> Bietet einen sicheren Raum zum \u00dcben von F\u00e4higkeiten oder zur Arbeit an der Kreativit\u00e4t in einer Umgebung, die vom bewussten Verstand kontrolliert wird.<\/li>\n<li><strong>Tiefe Selbsterkenntnis:<\/strong> Erleichtert die Begegnung mit dem wahren Selbst und erm\u00f6glicht es, sich den verborgenen Aspekten der eigenen Pers\u00f6nlichkeit und den eigenen W\u00fcnschen zu stellen und sie zu verstehen.<\/li>\n<\/ol>\n<p><strong>Ideal f\u00fcr:<\/strong><\/p>\n<ul>\n<li>Personen, die sich f\u00fcr fortgeschrittene Techniken der Selbsterkundung und des pers\u00f6nlichen Wachstums durch Tr\u00e4ume interessieren.<\/li>\n<li>Diejenigen, die nach Werkzeugen suchen, um ihr Traumleben besser zu steuern und therapeutischen und kreativen Nutzen aus ihren Tr\u00e4umen zu ziehen.<\/li>\n<li>Menschen, die mehr \u00fcber sich selbst und ihre unbewussten Sehns\u00fcchte erfahren wollen.<\/li>\n<\/ul>\n<p>Rap\u00e9 Cip\u00f3 Camalechi ist nicht nur ein Mittel zur F\u00f6rderung des luziden Tr\u00e4umens, sondern auch ein Weg f\u00fcr eine tiefe und transformative Introspektion, die es Ihnen erm\u00f6glicht, die unendlichen M\u00f6glichkeiten Ihres Unterbewusstseins zu erkunden.<\/p>\n","protected":false},"excerpt":{"rendered":"<p>Das Cip\u00f3 Camalechi Rap\u00e9 ist ein unverzichtbares Werkzeug f\u00fcr alle, die luzide Tr\u00e4ume erforschen. Es bietet die M\u00f6glichkeit, sich der Traumumgebung voll bewusst zu sein und sie aktiv zu beeinflussen. Dieser Raps f\u00f6rdert ein tieferes Verst\u00e4ndnis des inneren Selbst und erm\u00f6glicht es dem Konsumenten, auf bewusste Weise mit seinem Unterbewusstsein zu interagieren.<\/p>\n<p>Cip\u00f3 Camalechi Rap\u00e9 ist ideal f\u00fcr alle, die Albtr\u00e4ume \u00fcberwinden, Probleme l\u00f6sen oder einfach nur ihre Kreativit\u00e4t durch kontrolliertes Tr\u00e4umen steigern wollen. Es erm\u00f6glicht eine reichere und tiefere Traumerfahrung und bietet die notwendigen Werkzeuge, um die weite Welt des luziden Tr\u00e4umens zu erkunden und zu erschlie\u00dfen.<\/p>\n","protected":false},"featured_media":34615,"comment_status":"closed","ping_status":"closed","template":"","meta":{"order-bump-settings":[],"_wpfnl_thankyou_order_overview":"on","_wpfnl_thankyou_order_details":"on","_wpfnl_thankyou_billing_details":"on","_wpfnl_thankyou_shipping_details":"on","site-sidebar-layout":"default","site-content-layout":"default","ast-site-content-layout":"default","site-content-style":"default","site-sidebar-style":"default","ast-global-header-display":"","ast-banner-title-visibility":"","ast-main-header-display":"","ast-hfb-above-header-display":"","ast-hfb-below-header-display":"","ast-hfb-mobile-header-display":"","site-post-title":"","ast-breadcrumbs-content":"","ast-featured-img":"","footer-sml-layout":"","ast-disable-related-posts":"","theme-transparent-header-meta":"default","adv-header-id-meta":"","stick-header-meta":"","header-above-stick-meta":"","header-main-stick-meta":"","header-below-stick-meta":"","astra-migrate-meta-layouts":"default","ast-page-background-enabled":"default","ast-page-background-meta":{"desktop":{"background-color":"","background-image":"","background-repeat":"repeat","background-position":"center center","background-size":"auto","background-attachment":"scroll","background-type":"","background-media":"","overlay-type":"","overlay-color":"","overlay-opacity":"","overlay-gradient":""},"tablet":{"background-color":"","background-image":"","background-repeat":"repeat","background-position":"center center","background-size":"auto","background-attachment":"scroll","background-type":"","background-media":"","overlay-type":"","overlay-color":"","overlay-opacity":"","overlay-gradient":""},"mobile":{"background-color":"","background-image":"","background-repeat":"repeat","background-position":"center center","background-size":"auto","background-attachment":"scroll","background-type":"","background-media":"","overlay-type":"","overlay-color":"","overlay-opacity":"","overlay-gradient":""}},"ast-content-background-meta":{"desktop":{"background-color":"var(--ast-global-color-5)","background-image":"","background-repeat":"repeat","background-position":"center center","background-size":"auto","background-attachment":"scroll","background-type":"","background-media":"","overlay-type":"","overlay-color":"","overlay-opacity":"","overlay-gradient":""},"tablet":{"background-color":"var(--ast-global-color-5)","background-image":"","background-repeat":"repeat","background-position":"center center","background-size":"auto","background-attachment":"scroll","background-type":"","background-media":"","overlay-type":"","overlay-color":"","overlay-opacity":"","overlay-gradient":""},"mobile":{"background-color":"var(--ast-global-color-5)","background-image":"","background-repeat":"repeat","background-position":"center center","background-size":"auto","background-attachment":"scroll","background-type":"","background-media":"","overlay-type":"","overlay-color":"","overlay-opacity":"","overlay-gradient":""}},"_joinchat":[]},"product_brand":[],"product_cat":[357],"product_tag":[],"class_list":{"0":"post-7289","1":"product","2":"type-product","3":"status-publish","4":"has-post-thumbnail","6":"product_cat-rape-de","7":"desktop-align-center","8":"tablet-align-left","9":"mobile-align-left","11":"first","12":"instock","13":"shipping-taxable","14":"purchasable","15":"product-type-variable"},"yoast_head":"<!-- This site is optimized with the Yoast SEO Premium plugin v22.6 (Yoast SEO v27.6) - https:\/\/yoast.com\/product\/yoast-seo-premium-wordpress\/ -->\n<title>Rap\u00e9 Cip\u00f3 Camalechi: Erforschung des luziden Tr\u00e4umens und des inneren Bewusstseins<\/title>\n<meta name=\"description\" content=\"Entdecken Sie die Kraft des Cip\u00f3 Camalechi Schnupftabaks, der f\u00fcr diejenigen entwickelt wurde, die die Praxis des luziden Tr\u00e4umens vertiefen m\u00f6chten. Dieser Schnupftabak erleichtert den Zugang zu einem Bewusstseinszustand, in dem Sie sich v\u00f6llig bewusst sein k\u00f6nnen, dass Sie tr\u00e4umen,\" \/>\n<meta name=\"robots\" content=\"index, follow, max-snippet:-1, max-image-preview:large, max-video-preview:-1\" \/>\n<link rel=\"canonical\" href=\"https:\/\/ancestrina.com\/de\/producto\/rape-cipo-camalechi\/\" \/>\n<meta property=\"og:locale\" content=\"de_DE\" \/>\n<meta property=\"og:type\" content=\"article\" \/>\n<meta property=\"og:title\" content=\"Cip\u00f3 Camalechi\" \/>\n<meta property=\"og:description\" content=\"Entdecken Sie die Kraft des Cip\u00f3 Camalechi Schnupftabaks, der f\u00fcr diejenigen entwickelt wurde, die die Praxis des luziden Tr\u00e4umens vertiefen m\u00f6chten. Dieser Schnupftabak erleichtert den Zugang zu einem Bewusstseinszustand, in dem Sie sich v\u00f6llig bewusst sein k\u00f6nnen, dass Sie tr\u00e4umen,\" \/>\n<meta property=\"og:url\" content=\"https:\/\/ancestrina.com\/de\/producto\/rape-cipo-camalechi\/\" \/>\n<meta property=\"og:site_name\" content=\"Ancestrina\" \/>\n<meta property=\"article:publisher\" content=\"https:\/\/www.facebook.com\/Ancestrina\/\" \/>\n<meta property=\"article:modified_time\" content=\"2026-05-17T18:36:17+00:00\" \/>\n<meta property=\"og:image\" content=\"https:\/\/ancestrina.com\/wp-content\/uploads\/Cipo-camalechi.jpg\" \/>\n\t<meta property=\"og:image:width\" content=\"2048\" \/>\n\t<meta property=\"og:image:height\" content=\"2048\" \/>\n\t<meta property=\"og:image:type\" content=\"image\/jpeg\" \/>\n<meta name=\"twitter:card\" content=\"summary_large_image\" \/>\n<meta name=\"twitter:label1\" content=\"Gesch\u00e4tzte Lesezeit\" \/>\n\t<meta name=\"twitter:data1\" content=\"2\u00a0Minuten\" \/>\n<script type=\"application\/ld+json\" class=\"yoast-schema-graph\">{\"@context\":\"https:\\\/\\\/schema.org\",\"@graph\":[{\"@type\":\"WebPage\",\"@id\":\"https:\\\/\\\/ancestrina.com\\\/de\\\/producto\\\/rape-cipo-camalechi\\\/\",\"url\":\"https:\\\/\\\/ancestrina.com\\\/de\\\/producto\\\/rape-cipo-camalechi\\\/\",\"name\":\"Rap\u00e9 Cip\u00f3 Camalechi: Erforschung des luziden Tr\u00e4umens und des inneren Bewusstseins\",\"isPartOf\":{\"@id\":\"https:\\\/\\\/ancestrina.com\\\/de\\\/#website\"},\"primaryImageOfPage\":{\"@id\":\"https:\\\/\\\/ancestrina.com\\\/de\\\/producto\\\/rape-cipo-camalechi\\\/#primaryimage\"},\"image\":{\"@id\":\"https:\\\/\\\/ancestrina.com\\\/de\\\/producto\\\/rape-cipo-camalechi\\\/#primaryimage\"},\"thumbnailUrl\":\"https:\\\/\\\/ancestrina.com\\\/wp-content\\\/uploads\\\/Cipo-camalechi.jpg\",\"datePublished\":\"2020-06-28T00:33:58+00:00\",\"dateModified\":\"2026-05-17T18:36:17+00:00\",\"description\":\"Entdecken Sie die Kraft des Cip\u00f3 Camalechi Schnupftabaks, der f\u00fcr diejenigen entwickelt wurde, die die Praxis des luziden Tr\u00e4umens vertiefen m\u00f6chten. Dieser Schnupftabak erleichtert den Zugang zu einem Bewusstseinszustand, in dem Sie sich v\u00f6llig bewusst sein k\u00f6nnen, dass Sie tr\u00e4umen,\",\"breadcrumb\":{\"@id\":\"https:\\\/\\\/ancestrina.com\\\/de\\\/producto\\\/rape-cipo-camalechi\\\/#breadcrumb\"},\"inLanguage\":\"de\",\"potentialAction\":[{\"@type\":\"ReadAction\",\"target\":[\"https:\\\/\\\/ancestrina.com\\\/de\\\/producto\\\/rape-cipo-camalechi\\\/\"]}]},{\"@type\":\"ImageObject\",\"inLanguage\":\"de\",\"@id\":\"https:\\\/\\\/ancestrina.com\\\/de\\\/producto\\\/rape-cipo-camalechi\\\/#primaryimage\",\"url\":\"https:\\\/\\\/ancestrina.com\\\/wp-content\\\/uploads\\\/Cipo-camalechi.jpg\",\"contentUrl\":\"https:\\\/\\\/ancestrina.com\\\/wp-content\\\/uploads\\\/Cipo-camalechi.jpg\",\"width\":2048,\"height\":2048},{\"@type\":\"BreadcrumbList\",\"@id\":\"https:\\\/\\\/ancestrina.com\\\/de\\\/producto\\\/rape-cipo-camalechi\\\/#breadcrumb\",\"itemListElement\":[{\"@type\":\"ListItem\",\"position\":1,\"name\":\"Home\",\"item\":\"https:\\\/\\\/ancestrina.com\\\/de\\\/zuhause\\\/\"},{\"@type\":\"ListItem\",\"position\":2,\"name\":\"Gesch\u00e4ft\",\"item\":\"https:\\\/\\\/ancestrina.com\\\/de\\\/geschaeft\\\/\"},{\"@type\":\"ListItem\",\"position\":3,\"name\":\"Cip\u00f3 Camalechi\"}]},{\"@type\":\"WebSite\",\"@id\":\"https:\\\/\\\/ancestrina.com\\\/de\\\/#website\",\"url\":\"https:\\\/\\\/ancestrina.com\\\/de\\\/\",\"name\":\"Ancestrina\",\"description\":\"Trabajamos experiencias con plantas maestras, terapias integradoras y cultos ancestrales\",\"publisher\":{\"@id\":\"https:\\\/\\\/ancestrina.com\\\/de\\\/#organization\"},\"potentialAction\":[{\"@type\":\"SearchAction\",\"target\":{\"@type\":\"EntryPoint\",\"urlTemplate\":\"https:\\\/\\\/ancestrina.com\\\/de\\\/?s={search_term_string}\"},\"query-input\":{\"@type\":\"PropertyValueSpecification\",\"valueRequired\":true,\"valueName\":\"search_term_string\"}}],\"inLanguage\":\"de\"},{\"@type\":\"Organization\",\"@id\":\"https:\\\/\\\/ancestrina.com\\\/de\\\/#organization\",\"name\":\"Ancestrina\",\"url\":\"https:\\\/\\\/ancestrina.com\\\/de\\\/\",\"logo\":{\"@type\":\"ImageObject\",\"inLanguage\":\"de\",\"@id\":\"https:\\\/\\\/ancestrina.com\\\/de\\\/#\\\/schema\\\/logo\\\/image\\\/\",\"url\":\"https:\\\/\\\/ancestrina.com\\\/wp-content\\\/uploads\\\/2020\\\/06\\\/cropped-LOGO-ANCESTRINA-1.png\",\"contentUrl\":\"https:\\\/\\\/ancestrina.com\\\/wp-content\\\/uploads\\\/2020\\\/06\\\/cropped-LOGO-ANCESTRINA-1.png\",\"width\":630,\"height\":202,\"caption\":\"Ancestrina\"},\"image\":{\"@id\":\"https:\\\/\\\/ancestrina.com\\\/de\\\/#\\\/schema\\\/logo\\\/image\\\/\"},\"sameAs\":[\"https:\\\/\\\/www.facebook.com\\\/Ancestrina\\\/\",\"https:\\\/\\\/www.instagram.com\\\/ancestrina\\\/\",\"https:\\\/\\\/www.youtube.com\\\/channel\\\/UCgtt6WFhEIVEI30PzxlOeIw\"]}]}<\/script>\n<!-- \/ Yoast SEO Premium plugin. -->","yoast_head_json":{"title":"Rap\u00e9 Cip\u00f3 Camalechi: Erforschung des luziden Tr\u00e4umens und des inneren Bewusstseins","description":"Entdecken Sie die Kraft des Cip\u00f3 Camalechi Schnupftabaks, der f\u00fcr diejenigen entwickelt wurde, die die Praxis des luziden Tr\u00e4umens vertiefen m\u00f6chten. Dieser Schnupftabak erleichtert den Zugang zu einem Bewusstseinszustand, in dem Sie sich v\u00f6llig bewusst sein k\u00f6nnen, dass Sie tr\u00e4umen,","robots":{"index":"index","follow":"follow","max-snippet":"max-snippet:-1","max-image-preview":"max-image-preview:large","max-video-preview":"max-video-preview:-1"},"canonical":"https:\/\/ancestrina.com\/de\/producto\/rape-cipo-camalechi\/","og_locale":"de_DE","og_type":"article","og_title":"Cip\u00f3 Camalechi","og_description":"Entdecken Sie die Kraft des Cip\u00f3 Camalechi Schnupftabaks, der f\u00fcr diejenigen entwickelt wurde, die die Praxis des luziden Tr\u00e4umens vertiefen m\u00f6chten. Dieser Schnupftabak erleichtert den Zugang zu einem Bewusstseinszustand, in dem Sie sich v\u00f6llig bewusst sein k\u00f6nnen, dass Sie tr\u00e4umen,","og_url":"https:\/\/ancestrina.com\/de\/producto\/rape-cipo-camalechi\/","og_site_name":"Ancestrina","article_publisher":"https:\/\/www.facebook.com\/Ancestrina\/","article_modified_time":"2026-05-17T18:36:17+00:00","og_image":[{"width":2048,"height":2048,"url":"https:\/\/ancestrina.com\/wp-content\/uploads\/Cipo-camalechi.jpg","type":"image\/jpeg"}],"twitter_card":"summary_large_image","twitter_misc":{"Gesch\u00e4tzte Lesezeit":"2\u00a0Minuten"},"schema":{"@context":"https:\/\/schema.org","@graph":[{"@type":"WebPage","@id":"https:\/\/ancestrina.com\/de\/producto\/rape-cipo-camalechi\/","url":"https:\/\/ancestrina.com\/de\/producto\/rape-cipo-camalechi\/","name":"Rap\u00e9 Cip\u00f3 Camalechi: Erforschung des luziden Tr\u00e4umens und des inneren Bewusstseins","isPartOf":{"@id":"https:\/\/ancestrina.com\/de\/#website"},"primaryImageOfPage":{"@id":"https:\/\/ancestrina.com\/de\/producto\/rape-cipo-camalechi\/#primaryimage"},"image":{"@id":"https:\/\/ancestrina.com\/de\/producto\/rape-cipo-camalechi\/#primaryimage"},"thumbnailUrl":"https:\/\/ancestrina.com\/wp-content\/uploads\/Cipo-camalechi.jpg","datePublished":"2020-06-28T00:33:58+00:00","dateModified":"2026-05-17T18:36:17+00:00","description":"Entdecken Sie die Kraft des Cip\u00f3 Camalechi Schnupftabaks, der f\u00fcr diejenigen entwickelt wurde, die die Praxis des luziden Tr\u00e4umens vertiefen m\u00f6chten. Dieser Schnupftabak erleichtert den Zugang zu einem Bewusstseinszustand, in dem Sie sich v\u00f6llig bewusst sein k\u00f6nnen, dass Sie tr\u00e4umen,","breadcrumb":{"@id":"https:\/\/ancestrina.com\/de\/producto\/rape-cipo-camalechi\/#breadcrumb"},"inLanguage":"de","potentialAction":[{"@type":"ReadAction","target":["https:\/\/ancestrina.com\/de\/producto\/rape-cipo-camalechi\/"]}]},{"@type":"ImageObject","inLanguage":"de","@id":"https:\/\/ancestrina.com\/de\/producto\/rape-cipo-camalechi\/#primaryimage","url":"https:\/\/ancestrina.com\/wp-content\/uploads\/Cipo-camalechi.jpg","contentUrl":"https:\/\/ancestrina.com\/wp-content\/uploads\/Cipo-camalechi.jpg","width":2048,"height":2048},{"@type":"BreadcrumbList","@id":"https:\/\/ancestrina.com\/de\/producto\/rape-cipo-camalechi\/#breadcrumb","itemListElement":[{"@type":"ListItem","position":1,"name":"Home","item":"https:\/\/ancestrina.com\/de\/zuhause\/"},{"@type":"ListItem","position":2,"name":"Gesch\u00e4ft","item":"https:\/\/ancestrina.com\/de\/geschaeft\/"},{"@type":"ListItem","position":3,"name":"Cip\u00f3 Camalechi"}]},{"@type":"WebSite","@id":"https:\/\/ancestrina.com\/de\/#website","url":"https:\/\/ancestrina.com\/de\/","name":"Ancestrina","description":"Trabajamos experiencias con plantas maestras, terapias integradoras y cultos ancestrales","publisher":{"@id":"https:\/\/ancestrina.com\/de\/#organization"},"potentialAction":[{"@type":"SearchAction","target":{"@type":"EntryPoint","urlTemplate":"https:\/\/ancestrina.com\/de\/?s={search_term_string}"},"query-input":{"@type":"PropertyValueSpecification","valueRequired":true,"valueName":"search_term_string"}}],"inLanguage":"de"},{"@type":"Organization","@id":"https:\/\/ancestrina.com\/de\/#organization","name":"Ancestrina","url":"https:\/\/ancestrina.com\/de\/","logo":{"@type":"ImageObject","inLanguage":"de","@id":"https:\/\/ancestrina.com\/de\/#\/schema\/logo\/image\/","url":"https:\/\/ancestrina.com\/wp-content\/uploads\/2020\/06\/cropped-LOGO-ANCESTRINA-1.png","contentUrl":"https:\/\/ancestrina.com\/wp-content\/uploads\/2020\/06\/cropped-LOGO-ANCESTRINA-1.png","width":630,"height":202,"caption":"Ancestrina"},"image":{"@id":"https:\/\/ancestrina.com\/de\/#\/schema\/logo\/image\/"},"sameAs":["https:\/\/www.facebook.com\/Ancestrina\/","https:\/\/www.instagram.com\/ancestrina\/","https:\/\/www.youtube.com\/channel\/UCgtt6WFhEIVEI30PzxlOeIw"]}]}},"_links":{"self":[{"href":"https:\/\/ancestrina.com\/de\/wp-json\/wp\/v2\/product\/7289","targetHints":{"allow":["GET"]}}],"collection":[{"href":"https:\/\/ancestrina.com\/de\/wp-json\/wp\/v2\/product"}],"about":[{"href":"https:\/\/ancestrina.com\/de\/wp-json\/wp\/v2\/types\/product"}],"replies":[{"embeddable":true,"href":"https:\/\/ancestrina.com\/de\/wp-json\/wp\/v2\/comments?post=7289"}],"version-history":[{"count":2,"href":"https:\/\/ancestrina.com\/de\/wp-json\/wp\/v2\/product\/7289\/revisions"}],"predecessor-version":[{"id":37903,"href":"https:\/\/ancestrina.com\/de\/wp-json\/wp\/v2\/product\/7289\/revisions\/37903"}],"wp:featuredmedia":[{"embeddable":true,"href":"https:\/\/ancestrina.com\/de\/wp-json\/wp\/v2\/media\/34615"}],"wp:attachment":[{"href":"https:\/\/ancestrina.com\/de\/wp-json\/wp\/v2\/media?parent=7289"}],"wp:term":[{"taxonomy":"product_brand","embeddable":true,"href":"https:\/\/ancestrina.com\/de\/wp-json\/wp\/v2\/product_brand?post=7289"},{"taxonomy":"product_cat","embeddable":true,"href":"https:\/\/ancestrina.com\/de\/wp-json\/wp\/v2\/product_cat?post=7289"},{"taxonomy":"product_tag","embeddable":true,"href":"https:\/\/ancestrina.com\/de\/wp-json\/wp\/v2\/product_tag?post=7289"}],"curies":[{"name":"wp","href":"https:\/\/api.w.org\/{rel}","templated":true}]}}