{"id":7282,"date":"2020-06-28T00:46:14","date_gmt":"2020-06-28T00:46:14","guid":{"rendered":"http:\/\/ancestrina.com\/producto\/schnupftabak-samauma\/"},"modified":"2026-05-13T00:11:01","modified_gmt":"2026-05-13T05:11:01","slug":"rape-samauma","status":"publish","type":"product","link":"https:\/\/ancestrina.com\/de\/producto\/rape-samauma\/","title":{"rendered":"Samauma"},"content":{"rendered":"<p>Samauma Snuff ist bekannt als der Schnupftabak der Empathie und des Mitgef\u00fchls, der sich auf die Verbesserung der emotionalen und spirituellen Verbindungen mit sich selbst und anderen konzentriert. Dieser kraftvolle Schnupftabak wirkt auf das zweite und vierte Chakra, die mit emotionalem Vergn\u00fcgen bzw. bedingungsloser Liebe verbunden sind, und erleichtert ein tieferes Verst\u00e4ndnis und die Akzeptanz der Gef\u00fchle und Sichtweisen anderer. <\/p>\n<p><strong>Hauptmerkmale von Samauma Rap\u00e9:<\/strong><\/p>\n<ul>\n<li><strong>F\u00f6rderung von Empathie und Mitgef\u00fchl:<\/strong> F\u00f6rdert ein offenes Herz und einen Geist, der bereit ist, zuzuh\u00f6ren und andere sowie sich selbst zu verstehen, und zwar aus einer nicht wertenden Perspektive.<\/li>\n<li><strong>Zwischenmenschliche Konfliktbew\u00e4ltigung:<\/strong> Hilft, Spannungen zu l\u00f6sen und Beziehungen zu verbessern, indem eine mitf\u00fchlendere und kooperativere Kommunikation gef\u00f6rdert wird.<\/li>\n<li><strong>F\u00f6rderung der Selbstakzeptanz:<\/strong> Arbeitet an der Verringerung von Selbstkritik und inneren Urteilen und f\u00f6rdert so eine gesunde Selbstliebe und ein gesteigertes Selbstwertgef\u00fchl.<\/li>\n<\/ul>\n<p><strong>Vorteile von Samauma Rap\u00e9:<\/strong><\/p>\n<ol>\n<li><strong>Bessere zwischenmenschliche Beziehungen:<\/strong> Indem man die Emotionen anderer versteht und sp\u00fcrt, werden Interaktionen reicher und weniger konfliktreich.<\/li>\n<li><strong>Verringerung der internen und externen Beurteilung:<\/strong> Durch die Verringerung der Kritik an sich selbst und anderen wird eine Atmosph\u00e4re der Akzeptanz und Toleranz gef\u00f6rdert.<\/li>\n<li><strong>Entwicklung von therapeutischen Werkzeugen:<\/strong> Besonders n\u00fctzlich f\u00fcr Therapeuten und Berater, die ihre F\u00e4higkeit, sich in ihre Patienten einzuf\u00fchlen, vertiefen m\u00f6chten.<\/li>\n<\/ol>\n<p><strong>Ideal f\u00fcr:<\/strong><\/p>\n<ul>\n<li>Personen, die ihre Beziehungs- und Kommunikationsf\u00e4higkeiten verbessern wollen.<\/li>\n<li>Fachleute f\u00fcr psychische Gesundheit, die eine einf\u00fchlsamere und mitf\u00fchlendere Pr\u00e4senz kultivieren m\u00f6chten.<\/li>\n<li>Jeder, der sein Verst\u00e4ndnis und seine Akzeptanz f\u00fcr sich selbst und andere vertiefen m\u00f6chte.<\/li>\n<\/ul>\n<p>Samauma Rap\u00e9 ist nicht nur ein Instrument zur Verbesserung des sozialen Zusammenlebens, sondern auch ein Mittel zur Erforschung und Bereicherung der Beziehung zu unserem inneren Selbst. Ihr bewusster Einsatz kann ein wichtiger Schritt zu einem tieferen und befriedigenderen emotionalen Wohlbefinden sein.<\/p>\n","protected":false},"excerpt":{"rendered":"<p>Samauma Rap\u00e9 ist bekannt f\u00fcr seine F\u00e4higkeit, Empathie und Mitgef\u00fchl zu st\u00e4rken und wirkt direkt auf das Gef\u00fchls- und das Herzchakra. Dieser Raps f\u00f6rdert eine emotionale Offenheit, die ein besseres Verst\u00e4ndnis und eine bessere Verbindung mit anderen erm\u00f6glicht und Ihnen hilft, pers\u00f6nliche Beziehungen mit mehr Sorgfalt und Respekt zu behandeln.<\/p>\n<p>Samauma Rap\u00e9 ist ideal f\u00fcr alle, die ihre Selbstakzeptanz und ihre zwischenmenschlichen Beziehungen verbessern wollen. Es hilft Ihnen, Urteile und Kritik zu reduzieren und eine Atmosph\u00e4re der Toleranz und Liebe f\u00fcr sich selbst und andere zu schaffen. Erleben Sie, wie dieser kraftvolle Rap\u00e9 Ihre Herangehensweise an die t\u00e4glichen Interaktionen ver\u00e4ndern kann und Sie in einen Zustand gr\u00f6\u00dferer Harmonie und besseren Verst\u00e4ndnisses versetzt.<\/p>\n","protected":false},"featured_media":35056,"comment_status":"closed","ping_status":"closed","template":"","meta":{"order-bump-settings":[],"_wpfnl_thankyou_order_overview":"on","_wpfnl_thankyou_order_details":"on","_wpfnl_thankyou_billing_details":"on","_wpfnl_thankyou_shipping_details":"on","site-sidebar-layout":"default","site-content-layout":"default","ast-site-content-layout":"default","site-content-style":"default","site-sidebar-style":"default","ast-global-header-display":"","ast-banner-title-visibility":"","ast-main-header-display":"","ast-hfb-above-header-display":"","ast-hfb-below-header-display":"","ast-hfb-mobile-header-display":"","site-post-title":"","ast-breadcrumbs-content":"","ast-featured-img":"","footer-sml-layout":"","ast-disable-related-posts":"","theme-transparent-header-meta":"default","adv-header-id-meta":"","stick-header-meta":"","header-above-stick-meta":"","header-main-stick-meta":"","header-below-stick-meta":"","astra-migrate-meta-layouts":"default","ast-page-background-enabled":"default","ast-page-background-meta":{"desktop":{"background-color":"","background-image":"","background-repeat":"repeat","background-position":"center center","background-size":"auto","background-attachment":"scroll","background-type":"","background-media":"","overlay-type":"","overlay-color":"","overlay-opacity":"","overlay-gradient":""},"tablet":{"background-color":"","background-image":"","background-repeat":"repeat","background-position":"center center","background-size":"auto","background-attachment":"scroll","background-type":"","background-media":"","overlay-type":"","overlay-color":"","overlay-opacity":"","overlay-gradient":""},"mobile":{"background-color":"","background-image":"","background-repeat":"repeat","background-position":"center center","background-size":"auto","background-attachment":"scroll","background-type":"","background-media":"","overlay-type":"","overlay-color":"","overlay-opacity":"","overlay-gradient":""}},"ast-content-background-meta":{"desktop":{"background-color":"var(--ast-global-color-5)","background-image":"","background-repeat":"repeat","background-position":"center center","background-size":"auto","background-attachment":"scroll","background-type":"","background-media":"","overlay-type":"","overlay-color":"","overlay-opacity":"","overlay-gradient":""},"tablet":{"background-color":"var(--ast-global-color-5)","background-image":"","background-repeat":"repeat","background-position":"center center","background-size":"auto","background-attachment":"scroll","background-type":"","background-media":"","overlay-type":"","overlay-color":"","overlay-opacity":"","overlay-gradient":""},"mobile":{"background-color":"var(--ast-global-color-5)","background-image":"","background-repeat":"repeat","background-position":"center center","background-size":"auto","background-attachment":"scroll","background-type":"","background-media":"","overlay-type":"","overlay-color":"","overlay-opacity":"","overlay-gradient":""}},"_joinchat":[]},"product_brand":[],"product_cat":[357],"product_tag":[],"class_list":{"0":"post-7282","1":"product","2":"type-product","3":"status-publish","4":"has-post-thumbnail","6":"product_cat-rape-de","7":"desktop-align-center","8":"tablet-align-left","9":"mobile-align-left","11":"first","12":"instock","13":"shipping-taxable","14":"purchasable","15":"product-type-variable"},"yoast_head":"<!-- This site is optimized with the Yoast SEO Premium plugin v22.6 (Yoast SEO v27.6) - https:\/\/yoast.com\/product\/yoast-seo-premium-wordpress\/ -->\n<title>Samauma Rap\u00e9: Der Rap\u00e9 der Empathie und des Mitgef\u00fchls<\/title>\n<meta name=\"description\" content=\"Entdecken Sie die Kraft von Samauma Snuff, der als Schnupftabak der Empathie und des Mitgef\u00fchls bekannt ist, um die emotionale und spirituelle Verbindung zu sich selbst und anderen zu verbessern.\" \/>\n<meta name=\"robots\" content=\"index, follow, max-snippet:-1, max-image-preview:large, max-video-preview:-1\" \/>\n<link rel=\"canonical\" href=\"https:\/\/ancestrina.com\/de\/producto\/rape-samauma\/\" \/>\n<meta property=\"og:locale\" content=\"de_DE\" \/>\n<meta property=\"og:type\" content=\"article\" \/>\n<meta property=\"og:title\" content=\"Samauma\" \/>\n<meta property=\"og:description\" content=\"Entdecken Sie die Kraft von Samauma Snuff, der als Schnupftabak der Empathie und des Mitgef\u00fchls bekannt ist, um die emotionale und spirituelle Verbindung zu sich selbst und anderen zu verbessern.\" \/>\n<meta property=\"og:url\" content=\"https:\/\/ancestrina.com\/de\/producto\/rape-samauma\/\" \/>\n<meta property=\"og:site_name\" content=\"Ancestrina\" \/>\n<meta property=\"article:publisher\" content=\"https:\/\/www.facebook.com\/Ancestrina\/\" \/>\n<meta property=\"article:modified_time\" content=\"2026-05-13T05:11:01+00:00\" \/>\n<meta property=\"og:image\" content=\"https:\/\/ancestrina.com\/wp-content\/uploads\/Samauma.jpg\" \/>\n\t<meta property=\"og:image:width\" content=\"2048\" \/>\n\t<meta property=\"og:image:height\" content=\"2048\" \/>\n\t<meta property=\"og:image:type\" content=\"image\/jpeg\" \/>\n<meta name=\"twitter:card\" content=\"summary_large_image\" \/>\n<meta name=\"twitter:label1\" content=\"Gesch\u00e4tzte Lesezeit\" \/>\n\t<meta name=\"twitter:data1\" content=\"2\u00a0Minuten\" \/>\n<script type=\"application\/ld+json\" class=\"yoast-schema-graph\">{\"@context\":\"https:\\\/\\\/schema.org\",\"@graph\":[{\"@type\":\"WebPage\",\"@id\":\"https:\\\/\\\/ancestrina.com\\\/de\\\/producto\\\/rape-samauma\\\/\",\"url\":\"https:\\\/\\\/ancestrina.com\\\/de\\\/producto\\\/rape-samauma\\\/\",\"name\":\"Samauma Rap\u00e9: Der Rap\u00e9 der Empathie und des Mitgef\u00fchls\",\"isPartOf\":{\"@id\":\"https:\\\/\\\/ancestrina.com\\\/de\\\/#website\"},\"primaryImageOfPage\":{\"@id\":\"https:\\\/\\\/ancestrina.com\\\/de\\\/producto\\\/rape-samauma\\\/#primaryimage\"},\"image\":{\"@id\":\"https:\\\/\\\/ancestrina.com\\\/de\\\/producto\\\/rape-samauma\\\/#primaryimage\"},\"thumbnailUrl\":\"https:\\\/\\\/ancestrina.com\\\/wp-content\\\/uploads\\\/Samauma.jpg\",\"datePublished\":\"2020-06-28T00:46:14+00:00\",\"dateModified\":\"2026-05-13T05:11:01+00:00\",\"description\":\"Entdecken Sie die Kraft von Samauma Snuff, der als Schnupftabak der Empathie und des Mitgef\u00fchls bekannt ist, um die emotionale und spirituelle Verbindung zu sich selbst und anderen zu verbessern.\",\"breadcrumb\":{\"@id\":\"https:\\\/\\\/ancestrina.com\\\/de\\\/producto\\\/rape-samauma\\\/#breadcrumb\"},\"inLanguage\":\"de\",\"potentialAction\":[{\"@type\":\"ReadAction\",\"target\":[\"https:\\\/\\\/ancestrina.com\\\/de\\\/producto\\\/rape-samauma\\\/\"]}]},{\"@type\":\"ImageObject\",\"inLanguage\":\"de\",\"@id\":\"https:\\\/\\\/ancestrina.com\\\/de\\\/producto\\\/rape-samauma\\\/#primaryimage\",\"url\":\"https:\\\/\\\/ancestrina.com\\\/wp-content\\\/uploads\\\/Samauma.jpg\",\"contentUrl\":\"https:\\\/\\\/ancestrina.com\\\/wp-content\\\/uploads\\\/Samauma.jpg\",\"width\":2048,\"height\":2048},{\"@type\":\"BreadcrumbList\",\"@id\":\"https:\\\/\\\/ancestrina.com\\\/de\\\/producto\\\/rape-samauma\\\/#breadcrumb\",\"itemListElement\":[{\"@type\":\"ListItem\",\"position\":1,\"name\":\"Home\",\"item\":\"https:\\\/\\\/ancestrina.com\\\/de\\\/zuhause\\\/\"},{\"@type\":\"ListItem\",\"position\":2,\"name\":\"Gesch\u00e4ft\",\"item\":\"https:\\\/\\\/ancestrina.com\\\/de\\\/geschaeft\\\/\"},{\"@type\":\"ListItem\",\"position\":3,\"name\":\"Samauma\"}]},{\"@type\":\"WebSite\",\"@id\":\"https:\\\/\\\/ancestrina.com\\\/de\\\/#website\",\"url\":\"https:\\\/\\\/ancestrina.com\\\/de\\\/\",\"name\":\"Ancestrina\",\"description\":\"Trabajamos experiencias con plantas maestras, terapias integradoras y cultos ancestrales\",\"publisher\":{\"@id\":\"https:\\\/\\\/ancestrina.com\\\/de\\\/#organization\"},\"potentialAction\":[{\"@type\":\"SearchAction\",\"target\":{\"@type\":\"EntryPoint\",\"urlTemplate\":\"https:\\\/\\\/ancestrina.com\\\/de\\\/?s={search_term_string}\"},\"query-input\":{\"@type\":\"PropertyValueSpecification\",\"valueRequired\":true,\"valueName\":\"search_term_string\"}}],\"inLanguage\":\"de\"},{\"@type\":\"Organization\",\"@id\":\"https:\\\/\\\/ancestrina.com\\\/de\\\/#organization\",\"name\":\"Ancestrina\",\"url\":\"https:\\\/\\\/ancestrina.com\\\/de\\\/\",\"logo\":{\"@type\":\"ImageObject\",\"inLanguage\":\"de\",\"@id\":\"https:\\\/\\\/ancestrina.com\\\/de\\\/#\\\/schema\\\/logo\\\/image\\\/\",\"url\":\"https:\\\/\\\/ancestrina.com\\\/wp-content\\\/uploads\\\/2020\\\/06\\\/cropped-LOGO-ANCESTRINA-1.png\",\"contentUrl\":\"https:\\\/\\\/ancestrina.com\\\/wp-content\\\/uploads\\\/2020\\\/06\\\/cropped-LOGO-ANCESTRINA-1.png\",\"width\":630,\"height\":202,\"caption\":\"Ancestrina\"},\"image\":{\"@id\":\"https:\\\/\\\/ancestrina.com\\\/de\\\/#\\\/schema\\\/logo\\\/image\\\/\"},\"sameAs\":[\"https:\\\/\\\/www.facebook.com\\\/Ancestrina\\\/\",\"https:\\\/\\\/www.instagram.com\\\/ancestrina\\\/\",\"https:\\\/\\\/www.youtube.com\\\/channel\\\/UCgtt6WFhEIVEI30PzxlOeIw\"]}]}<\/script>\n<!-- \/ Yoast SEO Premium plugin. -->","yoast_head_json":{"title":"Samauma Rap\u00e9: Der Rap\u00e9 der Empathie und des Mitgef\u00fchls","description":"Entdecken Sie die Kraft von Samauma Snuff, der als Schnupftabak der Empathie und des Mitgef\u00fchls bekannt ist, um die emotionale und spirituelle Verbindung zu sich selbst und anderen zu verbessern.","robots":{"index":"index","follow":"follow","max-snippet":"max-snippet:-1","max-image-preview":"max-image-preview:large","max-video-preview":"max-video-preview:-1"},"canonical":"https:\/\/ancestrina.com\/de\/producto\/rape-samauma\/","og_locale":"de_DE","og_type":"article","og_title":"Samauma","og_description":"Entdecken Sie die Kraft von Samauma Snuff, der als Schnupftabak der Empathie und des Mitgef\u00fchls bekannt ist, um die emotionale und spirituelle Verbindung zu sich selbst und anderen zu verbessern.","og_url":"https:\/\/ancestrina.com\/de\/producto\/rape-samauma\/","og_site_name":"Ancestrina","article_publisher":"https:\/\/www.facebook.com\/Ancestrina\/","article_modified_time":"2026-05-13T05:11:01+00:00","og_image":[{"width":2048,"height":2048,"url":"https:\/\/ancestrina.com\/wp-content\/uploads\/Samauma.jpg","type":"image\/jpeg"}],"twitter_card":"summary_large_image","twitter_misc":{"Gesch\u00e4tzte Lesezeit":"2\u00a0Minuten"},"schema":{"@context":"https:\/\/schema.org","@graph":[{"@type":"WebPage","@id":"https:\/\/ancestrina.com\/de\/producto\/rape-samauma\/","url":"https:\/\/ancestrina.com\/de\/producto\/rape-samauma\/","name":"Samauma Rap\u00e9: Der Rap\u00e9 der Empathie und des Mitgef\u00fchls","isPartOf":{"@id":"https:\/\/ancestrina.com\/de\/#website"},"primaryImageOfPage":{"@id":"https:\/\/ancestrina.com\/de\/producto\/rape-samauma\/#primaryimage"},"image":{"@id":"https:\/\/ancestrina.com\/de\/producto\/rape-samauma\/#primaryimage"},"thumbnailUrl":"https:\/\/ancestrina.com\/wp-content\/uploads\/Samauma.jpg","datePublished":"2020-06-28T00:46:14+00:00","dateModified":"2026-05-13T05:11:01+00:00","description":"Entdecken Sie die Kraft von Samauma Snuff, der als Schnupftabak der Empathie und des Mitgef\u00fchls bekannt ist, um die emotionale und spirituelle Verbindung zu sich selbst und anderen zu verbessern.","breadcrumb":{"@id":"https:\/\/ancestrina.com\/de\/producto\/rape-samauma\/#breadcrumb"},"inLanguage":"de","potentialAction":[{"@type":"ReadAction","target":["https:\/\/ancestrina.com\/de\/producto\/rape-samauma\/"]}]},{"@type":"ImageObject","inLanguage":"de","@id":"https:\/\/ancestrina.com\/de\/producto\/rape-samauma\/#primaryimage","url":"https:\/\/ancestrina.com\/wp-content\/uploads\/Samauma.jpg","contentUrl":"https:\/\/ancestrina.com\/wp-content\/uploads\/Samauma.jpg","width":2048,"height":2048},{"@type":"BreadcrumbList","@id":"https:\/\/ancestrina.com\/de\/producto\/rape-samauma\/#breadcrumb","itemListElement":[{"@type":"ListItem","position":1,"name":"Home","item":"https:\/\/ancestrina.com\/de\/zuhause\/"},{"@type":"ListItem","position":2,"name":"Gesch\u00e4ft","item":"https:\/\/ancestrina.com\/de\/geschaeft\/"},{"@type":"ListItem","position":3,"name":"Samauma"}]},{"@type":"WebSite","@id":"https:\/\/ancestrina.com\/de\/#website","url":"https:\/\/ancestrina.com\/de\/","name":"Ancestrina","description":"Trabajamos experiencias con plantas maestras, terapias integradoras y cultos ancestrales","publisher":{"@id":"https:\/\/ancestrina.com\/de\/#organization"},"potentialAction":[{"@type":"SearchAction","target":{"@type":"EntryPoint","urlTemplate":"https:\/\/ancestrina.com\/de\/?s={search_term_string}"},"query-input":{"@type":"PropertyValueSpecification","valueRequired":true,"valueName":"search_term_string"}}],"inLanguage":"de"},{"@type":"Organization","@id":"https:\/\/ancestrina.com\/de\/#organization","name":"Ancestrina","url":"https:\/\/ancestrina.com\/de\/","logo":{"@type":"ImageObject","inLanguage":"de","@id":"https:\/\/ancestrina.com\/de\/#\/schema\/logo\/image\/","url":"https:\/\/ancestrina.com\/wp-content\/uploads\/2020\/06\/cropped-LOGO-ANCESTRINA-1.png","contentUrl":"https:\/\/ancestrina.com\/wp-content\/uploads\/2020\/06\/cropped-LOGO-ANCESTRINA-1.png","width":630,"height":202,"caption":"Ancestrina"},"image":{"@id":"https:\/\/ancestrina.com\/de\/#\/schema\/logo\/image\/"},"sameAs":["https:\/\/www.facebook.com\/Ancestrina\/","https:\/\/www.instagram.com\/ancestrina\/","https:\/\/www.youtube.com\/channel\/UCgtt6WFhEIVEI30PzxlOeIw"]}]}},"_links":{"self":[{"href":"https:\/\/ancestrina.com\/de\/wp-json\/wp\/v2\/product\/7282","targetHints":{"allow":["GET"]}}],"collection":[{"href":"https:\/\/ancestrina.com\/de\/wp-json\/wp\/v2\/product"}],"about":[{"href":"https:\/\/ancestrina.com\/de\/wp-json\/wp\/v2\/types\/product"}],"replies":[{"embeddable":true,"href":"https:\/\/ancestrina.com\/de\/wp-json\/wp\/v2\/comments?post=7282"}],"version-history":[{"count":2,"href":"https:\/\/ancestrina.com\/de\/wp-json\/wp\/v2\/product\/7282\/revisions"}],"predecessor-version":[{"id":37917,"href":"https:\/\/ancestrina.com\/de\/wp-json\/wp\/v2\/product\/7282\/revisions\/37917"}],"wp:featuredmedia":[{"embeddable":true,"href":"https:\/\/ancestrina.com\/de\/wp-json\/wp\/v2\/media\/35056"}],"wp:attachment":[{"href":"https:\/\/ancestrina.com\/de\/wp-json\/wp\/v2\/media?parent=7282"}],"wp:term":[{"taxonomy":"product_brand","embeddable":true,"href":"https:\/\/ancestrina.com\/de\/wp-json\/wp\/v2\/product_brand?post=7282"},{"taxonomy":"product_cat","embeddable":true,"href":"https:\/\/ancestrina.com\/de\/wp-json\/wp\/v2\/product_cat?post=7282"},{"taxonomy":"product_tag","embeddable":true,"href":"https:\/\/ancestrina.com\/de\/wp-json\/wp\/v2\/product_tag?post=7282"}],"curies":[{"name":"wp","href":"https:\/\/api.w.org\/{rel}","templated":true}]}}