{"id":7251,"date":"2020-06-28T17:00:02","date_gmt":"2020-06-28T17:00:02","guid":{"rendered":"http:\/\/ancestrina.com\/producto\/schnupftabak-mulateiro\/"},"modified":"2026-05-13T17:07:24","modified_gmt":"2026-05-13T22:07:24","slug":"rape-mulateiro","status":"publish","type":"product","link":"https:\/\/ancestrina.com\/de\/producto\/rape-mulateiro\/","title":{"rendered":"Mulateiro"},"content":{"rendered":"<p>Rap\u00e9 Mulateiro ist eine heilige Mischung, die Sie direkt mit den heilenden Energien der Erde verbindet. Dieser kraftvolle Schnupftabak wurde entwickelt, um das erste Chakra zu aktivieren und zu entblockieren. Er erm\u00f6glicht einen energetischen Fluss, der an den F\u00fc\u00dfen beginnt und es der Nahrung von Pacha Mama erlaubt, durch Ihr Wesen aufzusteigen. Wenn Sie diesen Schnupftabak verwenden, werden Sie eine Erdung erfahren, die Sie fest in der physischen Welt verankert und eine solide Basis bietet, von der aus Sie sicher wachsen und expandieren k\u00f6nnen. <\/p>\n<p>Diese tiefe Verbundenheit mit der Erde belebt nicht nur Ihre Lebensenergie, sondern hilft Ihnen auch, ein Gef\u00fchl von Heimat und Zugeh\u00f6rigkeit zu entwickeln, wo immer Sie sind. Indem Sie Ihre Energie mit der der Mutter Erde in Einklang bringen, erm\u00f6glicht Ihnen Rap\u00e9 Mulateiro, die Stabilit\u00e4t und den Frieden wiederzufinden, die sich aus dem Einklang mit der nat\u00fcrlichen Umgebung ergeben. Dieser Erdungsprozess hilft Ihnen, Spannungen und Lasten loszulassen, die Sie vielleicht mit sich herumtragen, und schenkt Ihnen Klarheit und Seelenfrieden, w\u00e4hrend Sie sich darauf vorbereiten, Herausforderungen mit einem erneuerten und zentrierten Geist zu begegnen.<\/p>\n<p><strong>Hauptmerkmale von Rap\u00e9 Mulateiro:<\/strong><\/p>\n<ul>\n<li><strong>Tiefe Verwurzelung:<\/strong> Stimuliert eine starke Verbindung zur Erde, so dass Sie sich in Ihrer Umgebung geerdeter und stabiler f\u00fchlen.<\/li>\n<li><strong>Emotionale und k\u00f6rperliche Stabilit\u00e4t:<\/strong> Wenn Sie gut geerdet sind, k\u00f6nnen Sie Herausforderungen und Turbulenzen im t\u00e4glichen Leben besser bew\u00e4ltigen.<\/li>\n<li><strong>Reinigung und energetische Erneuerung:<\/strong> Erleichtert die Energiezirkulation, indem es Blockaden l\u00f6st und die Lebenskraft erneuert.<\/li>\n<li><strong>Stress- und Angstabbau:<\/strong> Indem er Ihre Verbindung zur Erde verbessert, hilft dieser Rap\u00e9, Gef\u00fchle von Angst und Reizbarkeit ohne ersichtlichen Grund zu reduzieren.<\/li>\n<li><strong>Sicherheit und Vertrauensbildung:<\/strong> St\u00e4rkt das Gef\u00fchl von Zugeh\u00f6rigkeit und Sicherheit und erm\u00f6glicht es Ihnen, Ihren eigenen pers\u00f6nlichen Raum zu schaffen und zu erhalten, in dem Sie sich entfalten k\u00f6nnen.<\/li>\n<\/ul>\n<p><strong>Ideal f\u00fcr:<\/strong><\/p>\n<ul>\n<li>Menschen, die sich in ihrem t\u00e4glichen Leben abgekoppelt oder destabilisiert f\u00fchlen.<\/li>\n<li>Diejenigen, die ihre F\u00e4higkeit verbessern wollen, Stress und \u00c4ngste zu bew\u00e4ltigen.<\/li>\n<li>Personen, die an spirituellen Praktiken interessiert sind, die ihre Verbindung zur Natur und zur Erde st\u00e4rken.<\/li>\n<li>Jeder, der sich einen pers\u00f6nlichen Raum schaffen m\u00f6chte, der Sicherheit und Harmonie ausstrahlt.<\/li>\n<\/ul>\n<p>Mulateiro Rap\u00e9 hilft Ihnen nicht nur, Ihre Verbindung zur Erde zu st\u00e4rken, sondern l\u00e4dt Sie auch ein, Ihre spirituelle Energie mit der von Pacha Mama wiederzuentdecken und neu auszurichten, was ein Gef\u00fchl der Ruhe und Stabilit\u00e4t vermittelt, das alle Aspekte des Lebens durchdringt.<\/p>\n","protected":false},"excerpt":{"rendered":"<p>Entdecken Sie die Kraft von Mulateiro Rap\u00e9, die Ihre Verbindung zur Erde st\u00e4rkt und eine tiefe Verwurzelung f\u00f6rdert. Dieser Schnupftabak wirkt direkt auf das erste Chakra und verbessert Ihre emotionale und k\u00f6rperliche Stabilit\u00e4t, indem er die Energie von Pacha Mama durch Sie flie\u00dfen l\u00e4sst. Erleben Sie ein neues Gef\u00fchl von Heimat und Sicherheit, denn dieser Schnupftabak hilft Ihnen, sich zu verankern und die Herausforderungen des Lebens ruhig und entschlossen zu meistern.<\/p>\n<p>Mulateiro Rap\u00e9 ist ideal f\u00fcr alle, die nach einer energetischen Unterst\u00fctzung suchen, die es ihnen erm\u00f6glicht, dem Leben mit einer soliden Basis zu begegnen, und ist Ihr Verb\u00fcndeter f\u00fcr ein ausgeglichenes und verwurzeltes Leben.<\/p>\n","protected":false},"featured_media":34919,"comment_status":"closed","ping_status":"closed","template":"","meta":{"order-bump-settings":[],"_wpfnl_thankyou_order_overview":"on","_wpfnl_thankyou_order_details":"on","_wpfnl_thankyou_billing_details":"on","_wpfnl_thankyou_shipping_details":"on","site-sidebar-layout":"default","site-content-layout":"plain-container","ast-site-content-layout":"normal-width-container","site-content-style":"unboxed","site-sidebar-style":"unboxed","ast-global-header-display":"","ast-banner-title-visibility":"","ast-main-header-display":"","ast-hfb-above-header-display":"","ast-hfb-below-header-display":"","ast-hfb-mobile-header-display":"","site-post-title":"","ast-breadcrumbs-content":"","ast-featured-img":"","footer-sml-layout":"","ast-disable-related-posts":"","theme-transparent-header-meta":"disabled","adv-header-id-meta":"","stick-header-meta":"","header-above-stick-meta":"","header-main-stick-meta":"","header-below-stick-meta":"","astra-migrate-meta-layouts":"default","ast-page-background-enabled":"default","ast-page-background-meta":{"desktop":{"background-color":"","background-image":"","background-repeat":"repeat","background-position":"center center","background-size":"auto","background-attachment":"scroll","background-type":"","background-media":"","overlay-type":"","overlay-color":"","overlay-opacity":"","overlay-gradient":""},"tablet":{"background-color":"","background-image":"","background-repeat":"repeat","background-position":"center center","background-size":"auto","background-attachment":"scroll","background-type":"","background-media":"","overlay-type":"","overlay-color":"","overlay-opacity":"","overlay-gradient":""},"mobile":{"background-color":"","background-image":"","background-repeat":"repeat","background-position":"center center","background-size":"auto","background-attachment":"scroll","background-type":"","background-media":"","overlay-type":"","overlay-color":"","overlay-opacity":"","overlay-gradient":""}},"ast-content-background-meta":{"desktop":{"background-color":"var(--ast-global-color-5)","background-image":"","background-repeat":"repeat","background-position":"center center","background-size":"auto","background-attachment":"scroll","background-type":"","background-media":"","overlay-type":"","overlay-color":"","overlay-opacity":"","overlay-gradient":""},"tablet":{"background-color":"var(--ast-global-color-5)","background-image":"","background-repeat":"repeat","background-position":"center center","background-size":"auto","background-attachment":"scroll","background-type":"","background-media":"","overlay-type":"","overlay-color":"","overlay-opacity":"","overlay-gradient":""},"mobile":{"background-color":"var(--ast-global-color-5)","background-image":"","background-repeat":"repeat","background-position":"center center","background-size":"auto","background-attachment":"scroll","background-type":"","background-media":"","overlay-type":"","overlay-color":"","overlay-opacity":"","overlay-gradient":""}},"_joinchat":[]},"product_brand":[],"product_cat":[357],"product_tag":[],"class_list":{"0":"post-7251","1":"product","2":"type-product","3":"status-publish","4":"has-post-thumbnail","6":"product_cat-rape-de","7":"desktop-align-center","8":"tablet-align-left","9":"mobile-align-left","11":"first","12":"instock","13":"shipping-taxable","14":"purchasable","15":"product-type-variable"},"yoast_head":"<!-- This site is optimized with the Yoast SEO Premium plugin v22.6 (Yoast SEO v27.6) - https:\/\/yoast.com\/product\/yoast-seo-premium-wordpress\/ -->\n<title>Rap\u00e9 Mulateiro: Erdung und Verbindung mit Pacha Mama<\/title>\n<meta name=\"description\" content=\"Erleben Sie die tiefe Verbindung zur Erde und die Stabilit\u00e4t, die Rap\u00e9 Mulateiro bietet. Diese heilige Mischung l\u00f6st die Blockade des ersten Chakras, erdet Sie fest in der physischen Welt und revitalisiert Ihre Lebensenergie. Entdecken Sie die Ruhe und den Frieden, die sich aus dem Einklang mit der Natur ergeben, w\u00e4hrend Sie Spannungen abbauen und sich darauf vorbereiten, Herausforderungen mit Zuversicht und Klarheit zu begegnen. Begeben Sie sich mit Rap\u00e9 Mulateiro auf diese Reise der Erdung und Erneuerung.\" \/>\n<meta name=\"robots\" content=\"index, follow, max-snippet:-1, max-image-preview:large, max-video-preview:-1\" \/>\n<link rel=\"canonical\" href=\"https:\/\/ancestrina.com\/de\/producto\/rape-mulateiro\/\" \/>\n<meta property=\"og:locale\" content=\"de_DE\" \/>\n<meta property=\"og:type\" content=\"article\" \/>\n<meta property=\"og:title\" content=\"Mulateiro\" \/>\n<meta property=\"og:description\" content=\"Erleben Sie die tiefe Verbindung zur Erde und die Stabilit\u00e4t, die Rap\u00e9 Mulateiro bietet. Diese heilige Mischung l\u00f6st die Blockade des ersten Chakras, erdet Sie fest in der physischen Welt und revitalisiert Ihre Lebensenergie. Entdecken Sie die Ruhe und den Frieden, die sich aus dem Einklang mit der Natur ergeben, w\u00e4hrend Sie Spannungen abbauen und sich darauf vorbereiten, Herausforderungen mit Zuversicht und Klarheit zu begegnen. Begeben Sie sich mit Rap\u00e9 Mulateiro auf diese Reise der Erdung und Erneuerung.\" \/>\n<meta property=\"og:url\" content=\"https:\/\/ancestrina.com\/de\/producto\/rape-mulateiro\/\" \/>\n<meta property=\"og:site_name\" content=\"Ancestrina\" \/>\n<meta property=\"article:publisher\" content=\"https:\/\/www.facebook.com\/Ancestrina\/\" \/>\n<meta property=\"article:modified_time\" content=\"2026-05-13T22:07:24+00:00\" \/>\n<meta property=\"og:image\" content=\"https:\/\/ancestrina.com\/wp-content\/uploads\/mulateiro.jpg\" \/>\n\t<meta property=\"og:image:width\" content=\"2048\" \/>\n\t<meta property=\"og:image:height\" content=\"2048\" \/>\n\t<meta property=\"og:image:type\" content=\"image\/jpeg\" \/>\n<meta name=\"twitter:card\" content=\"summary_large_image\" \/>\n<meta name=\"twitter:label1\" content=\"Gesch\u00e4tzte Lesezeit\" \/>\n\t<meta name=\"twitter:data1\" content=\"2\u00a0Minuten\" \/>\n<script type=\"application\/ld+json\" class=\"yoast-schema-graph\">{\"@context\":\"https:\\\/\\\/schema.org\",\"@graph\":[{\"@type\":\"WebPage\",\"@id\":\"https:\\\/\\\/ancestrina.com\\\/de\\\/producto\\\/rape-mulateiro\\\/\",\"url\":\"https:\\\/\\\/ancestrina.com\\\/de\\\/producto\\\/rape-mulateiro\\\/\",\"name\":\"Rap\u00e9 Mulateiro: Erdung und Verbindung mit Pacha Mama\",\"isPartOf\":{\"@id\":\"https:\\\/\\\/ancestrina.com\\\/de\\\/#website\"},\"primaryImageOfPage\":{\"@id\":\"https:\\\/\\\/ancestrina.com\\\/de\\\/producto\\\/rape-mulateiro\\\/#primaryimage\"},\"image\":{\"@id\":\"https:\\\/\\\/ancestrina.com\\\/de\\\/producto\\\/rape-mulateiro\\\/#primaryimage\"},\"thumbnailUrl\":\"https:\\\/\\\/ancestrina.com\\\/wp-content\\\/uploads\\\/mulateiro.jpg\",\"datePublished\":\"2020-06-28T17:00:02+00:00\",\"dateModified\":\"2026-05-13T22:07:24+00:00\",\"description\":\"Erleben Sie die tiefe Verbindung zur Erde und die Stabilit\u00e4t, die Rap\u00e9 Mulateiro bietet. Diese heilige Mischung l\u00f6st die Blockade des ersten Chakras, erdet Sie fest in der physischen Welt und revitalisiert Ihre Lebensenergie. Entdecken Sie die Ruhe und den Frieden, die sich aus dem Einklang mit der Natur ergeben, w\u00e4hrend Sie Spannungen abbauen und sich darauf vorbereiten, Herausforderungen mit Zuversicht und Klarheit zu begegnen. Begeben Sie sich mit Rap\u00e9 Mulateiro auf diese Reise der Erdung und Erneuerung.\",\"breadcrumb\":{\"@id\":\"https:\\\/\\\/ancestrina.com\\\/de\\\/producto\\\/rape-mulateiro\\\/#breadcrumb\"},\"inLanguage\":\"de\",\"potentialAction\":[{\"@type\":\"ReadAction\",\"target\":[\"https:\\\/\\\/ancestrina.com\\\/de\\\/producto\\\/rape-mulateiro\\\/\"]}]},{\"@type\":\"ImageObject\",\"inLanguage\":\"de\",\"@id\":\"https:\\\/\\\/ancestrina.com\\\/de\\\/producto\\\/rape-mulateiro\\\/#primaryimage\",\"url\":\"https:\\\/\\\/ancestrina.com\\\/wp-content\\\/uploads\\\/mulateiro.jpg\",\"contentUrl\":\"https:\\\/\\\/ancestrina.com\\\/wp-content\\\/uploads\\\/mulateiro.jpg\",\"width\":2048,\"height\":2048},{\"@type\":\"BreadcrumbList\",\"@id\":\"https:\\\/\\\/ancestrina.com\\\/de\\\/producto\\\/rape-mulateiro\\\/#breadcrumb\",\"itemListElement\":[{\"@type\":\"ListItem\",\"position\":1,\"name\":\"Home\",\"item\":\"https:\\\/\\\/ancestrina.com\\\/de\\\/zuhause\\\/\"},{\"@type\":\"ListItem\",\"position\":2,\"name\":\"Gesch\u00e4ft\",\"item\":\"https:\\\/\\\/ancestrina.com\\\/de\\\/geschaeft\\\/\"},{\"@type\":\"ListItem\",\"position\":3,\"name\":\"Mulateiro\"}]},{\"@type\":\"WebSite\",\"@id\":\"https:\\\/\\\/ancestrina.com\\\/de\\\/#website\",\"url\":\"https:\\\/\\\/ancestrina.com\\\/de\\\/\",\"name\":\"Ancestrina\",\"description\":\"Trabajamos experiencias con plantas maestras, terapias integradoras y cultos ancestrales\",\"publisher\":{\"@id\":\"https:\\\/\\\/ancestrina.com\\\/de\\\/#organization\"},\"potentialAction\":[{\"@type\":\"SearchAction\",\"target\":{\"@type\":\"EntryPoint\",\"urlTemplate\":\"https:\\\/\\\/ancestrina.com\\\/de\\\/?s={search_term_string}\"},\"query-input\":{\"@type\":\"PropertyValueSpecification\",\"valueRequired\":true,\"valueName\":\"search_term_string\"}}],\"inLanguage\":\"de\"},{\"@type\":\"Organization\",\"@id\":\"https:\\\/\\\/ancestrina.com\\\/de\\\/#organization\",\"name\":\"Ancestrina\",\"url\":\"https:\\\/\\\/ancestrina.com\\\/de\\\/\",\"logo\":{\"@type\":\"ImageObject\",\"inLanguage\":\"de\",\"@id\":\"https:\\\/\\\/ancestrina.com\\\/de\\\/#\\\/schema\\\/logo\\\/image\\\/\",\"url\":\"https:\\\/\\\/ancestrina.com\\\/wp-content\\\/uploads\\\/2020\\\/06\\\/cropped-LOGO-ANCESTRINA-1.png\",\"contentUrl\":\"https:\\\/\\\/ancestrina.com\\\/wp-content\\\/uploads\\\/2020\\\/06\\\/cropped-LOGO-ANCESTRINA-1.png\",\"width\":630,\"height\":202,\"caption\":\"Ancestrina\"},\"image\":{\"@id\":\"https:\\\/\\\/ancestrina.com\\\/de\\\/#\\\/schema\\\/logo\\\/image\\\/\"},\"sameAs\":[\"https:\\\/\\\/www.facebook.com\\\/Ancestrina\\\/\",\"https:\\\/\\\/www.instagram.com\\\/ancestrina\\\/\",\"https:\\\/\\\/www.youtube.com\\\/channel\\\/UCgtt6WFhEIVEI30PzxlOeIw\"]}]}<\/script>\n<!-- \/ Yoast SEO Premium plugin. -->","yoast_head_json":{"title":"Rap\u00e9 Mulateiro: Erdung und Verbindung mit Pacha Mama","description":"Erleben Sie die tiefe Verbindung zur Erde und die Stabilit\u00e4t, die Rap\u00e9 Mulateiro bietet. Diese heilige Mischung l\u00f6st die Blockade des ersten Chakras, erdet Sie fest in der physischen Welt und revitalisiert Ihre Lebensenergie. Entdecken Sie die Ruhe und den Frieden, die sich aus dem Einklang mit der Natur ergeben, w\u00e4hrend Sie Spannungen abbauen und sich darauf vorbereiten, Herausforderungen mit Zuversicht und Klarheit zu begegnen. Begeben Sie sich mit Rap\u00e9 Mulateiro auf diese Reise der Erdung und Erneuerung.","robots":{"index":"index","follow":"follow","max-snippet":"max-snippet:-1","max-image-preview":"max-image-preview:large","max-video-preview":"max-video-preview:-1"},"canonical":"https:\/\/ancestrina.com\/de\/producto\/rape-mulateiro\/","og_locale":"de_DE","og_type":"article","og_title":"Mulateiro","og_description":"Erleben Sie die tiefe Verbindung zur Erde und die Stabilit\u00e4t, die Rap\u00e9 Mulateiro bietet. Diese heilige Mischung l\u00f6st die Blockade des ersten Chakras, erdet Sie fest in der physischen Welt und revitalisiert Ihre Lebensenergie. Entdecken Sie die Ruhe und den Frieden, die sich aus dem Einklang mit der Natur ergeben, w\u00e4hrend Sie Spannungen abbauen und sich darauf vorbereiten, Herausforderungen mit Zuversicht und Klarheit zu begegnen. Begeben Sie sich mit Rap\u00e9 Mulateiro auf diese Reise der Erdung und Erneuerung.","og_url":"https:\/\/ancestrina.com\/de\/producto\/rape-mulateiro\/","og_site_name":"Ancestrina","article_publisher":"https:\/\/www.facebook.com\/Ancestrina\/","article_modified_time":"2026-05-13T22:07:24+00:00","og_image":[{"width":2048,"height":2048,"url":"https:\/\/ancestrina.com\/wp-content\/uploads\/mulateiro.jpg","type":"image\/jpeg"}],"twitter_card":"summary_large_image","twitter_misc":{"Gesch\u00e4tzte Lesezeit":"2\u00a0Minuten"},"schema":{"@context":"https:\/\/schema.org","@graph":[{"@type":"WebPage","@id":"https:\/\/ancestrina.com\/de\/producto\/rape-mulateiro\/","url":"https:\/\/ancestrina.com\/de\/producto\/rape-mulateiro\/","name":"Rap\u00e9 Mulateiro: Erdung und Verbindung mit Pacha Mama","isPartOf":{"@id":"https:\/\/ancestrina.com\/de\/#website"},"primaryImageOfPage":{"@id":"https:\/\/ancestrina.com\/de\/producto\/rape-mulateiro\/#primaryimage"},"image":{"@id":"https:\/\/ancestrina.com\/de\/producto\/rape-mulateiro\/#primaryimage"},"thumbnailUrl":"https:\/\/ancestrina.com\/wp-content\/uploads\/mulateiro.jpg","datePublished":"2020-06-28T17:00:02+00:00","dateModified":"2026-05-13T22:07:24+00:00","description":"Erleben Sie die tiefe Verbindung zur Erde und die Stabilit\u00e4t, die Rap\u00e9 Mulateiro bietet. Diese heilige Mischung l\u00f6st die Blockade des ersten Chakras, erdet Sie fest in der physischen Welt und revitalisiert Ihre Lebensenergie. Entdecken Sie die Ruhe und den Frieden, die sich aus dem Einklang mit der Natur ergeben, w\u00e4hrend Sie Spannungen abbauen und sich darauf vorbereiten, Herausforderungen mit Zuversicht und Klarheit zu begegnen. Begeben Sie sich mit Rap\u00e9 Mulateiro auf diese Reise der Erdung und Erneuerung.","breadcrumb":{"@id":"https:\/\/ancestrina.com\/de\/producto\/rape-mulateiro\/#breadcrumb"},"inLanguage":"de","potentialAction":[{"@type":"ReadAction","target":["https:\/\/ancestrina.com\/de\/producto\/rape-mulateiro\/"]}]},{"@type":"ImageObject","inLanguage":"de","@id":"https:\/\/ancestrina.com\/de\/producto\/rape-mulateiro\/#primaryimage","url":"https:\/\/ancestrina.com\/wp-content\/uploads\/mulateiro.jpg","contentUrl":"https:\/\/ancestrina.com\/wp-content\/uploads\/mulateiro.jpg","width":2048,"height":2048},{"@type":"BreadcrumbList","@id":"https:\/\/ancestrina.com\/de\/producto\/rape-mulateiro\/#breadcrumb","itemListElement":[{"@type":"ListItem","position":1,"name":"Home","item":"https:\/\/ancestrina.com\/de\/zuhause\/"},{"@type":"ListItem","position":2,"name":"Gesch\u00e4ft","item":"https:\/\/ancestrina.com\/de\/geschaeft\/"},{"@type":"ListItem","position":3,"name":"Mulateiro"}]},{"@type":"WebSite","@id":"https:\/\/ancestrina.com\/de\/#website","url":"https:\/\/ancestrina.com\/de\/","name":"Ancestrina","description":"Trabajamos experiencias con plantas maestras, terapias integradoras y cultos ancestrales","publisher":{"@id":"https:\/\/ancestrina.com\/de\/#organization"},"potentialAction":[{"@type":"SearchAction","target":{"@type":"EntryPoint","urlTemplate":"https:\/\/ancestrina.com\/de\/?s={search_term_string}"},"query-input":{"@type":"PropertyValueSpecification","valueRequired":true,"valueName":"search_term_string"}}],"inLanguage":"de"},{"@type":"Organization","@id":"https:\/\/ancestrina.com\/de\/#organization","name":"Ancestrina","url":"https:\/\/ancestrina.com\/de\/","logo":{"@type":"ImageObject","inLanguage":"de","@id":"https:\/\/ancestrina.com\/de\/#\/schema\/logo\/image\/","url":"https:\/\/ancestrina.com\/wp-content\/uploads\/2020\/06\/cropped-LOGO-ANCESTRINA-1.png","contentUrl":"https:\/\/ancestrina.com\/wp-content\/uploads\/2020\/06\/cropped-LOGO-ANCESTRINA-1.png","width":630,"height":202,"caption":"Ancestrina"},"image":{"@id":"https:\/\/ancestrina.com\/de\/#\/schema\/logo\/image\/"},"sameAs":["https:\/\/www.facebook.com\/Ancestrina\/","https:\/\/www.instagram.com\/ancestrina\/","https:\/\/www.youtube.com\/channel\/UCgtt6WFhEIVEI30PzxlOeIw"]}]}},"_links":{"self":[{"href":"https:\/\/ancestrina.com\/de\/wp-json\/wp\/v2\/product\/7251","targetHints":{"allow":["GET"]}}],"collection":[{"href":"https:\/\/ancestrina.com\/de\/wp-json\/wp\/v2\/product"}],"about":[{"href":"https:\/\/ancestrina.com\/de\/wp-json\/wp\/v2\/types\/product"}],"replies":[{"embeddable":true,"href":"https:\/\/ancestrina.com\/de\/wp-json\/wp\/v2\/comments?post=7251"}],"version-history":[{"count":2,"href":"https:\/\/ancestrina.com\/de\/wp-json\/wp\/v2\/product\/7251\/revisions"}],"predecessor-version":[{"id":37800,"href":"https:\/\/ancestrina.com\/de\/wp-json\/wp\/v2\/product\/7251\/revisions\/37800"}],"wp:featuredmedia":[{"embeddable":true,"href":"https:\/\/ancestrina.com\/de\/wp-json\/wp\/v2\/media\/34919"}],"wp:attachment":[{"href":"https:\/\/ancestrina.com\/de\/wp-json\/wp\/v2\/media?parent=7251"}],"wp:term":[{"taxonomy":"product_brand","embeddable":true,"href":"https:\/\/ancestrina.com\/de\/wp-json\/wp\/v2\/product_brand?post=7251"},{"taxonomy":"product_cat","embeddable":true,"href":"https:\/\/ancestrina.com\/de\/wp-json\/wp\/v2\/product_cat?post=7251"},{"taxonomy":"product_tag","embeddable":true,"href":"https:\/\/ancestrina.com\/de\/wp-json\/wp\/v2\/product_tag?post=7251"}],"curies":[{"name":"wp","href":"https:\/\/api.w.org\/{rel}","templated":true}]}}