{"id":7049,"date":"2021-06-18T22:41:13","date_gmt":"2021-06-18T22:41:13","guid":{"rendered":"http:\/\/ancestrina.com\/producto\/handgeschnitzte-kuripes\/"},"modified":"2026-05-12T19:37:12","modified_gmt":"2026-05-13T00:37:12","slug":"kuripes-geschnitzt-zu-hand","status":"publish","type":"product","link":"https:\/\/ancestrina.com\/de\/producto\/kuripes-geschnitzt-zu-hand\/","title":{"rendered":"Handgeschnitzte Kurven"},"content":{"rendered":"<p>Entdecken Sie unsere holzgeschnitzten Kurven, jede ein einzigartiges St\u00fcck Handwerkskunst, das sowohl K\u00f6nnen als auch spirituelle Absicht widerspiegelt. Diese Kuripes werden sorgf\u00e4ltig von Meisterhand geschnitzt, die jeder Kreation die Essenz der Krafttiere einhauchen und damit nicht nur ein Werkzeug f\u00fcr den Gebrauch von Raps, sondern auch ein Amulett der spirituellen Verbindung anbieten.<\/p>\n<p>Jede Kuripe ist ein individuell gestaltbares Kunstwerk, bei dem Sie das Krafttier w\u00e4hlen k\u00f6nnen, das am st\u00e4rksten mit Ihrem Geist und Ihren Bed\u00fcrfnissen in Einklang steht. Vom Jaguar, der St\u00e4rke und Gerissenheit symbolisiert, bis zum Adler, der f\u00fcr Weitsicht und Freiheit steht, schm\u00fccken diese Tiere nicht nur die Kurpfeife, sondern werden auch zu Begleitern auf Ihrer spirituellen Reise.<\/p>\n<p>Die detaillierte Schnitzerei jedes Tieres im Holz unterstreicht nicht nur die k\u00fcnstlerische Qualit\u00e4t der Kurpfeife, sondern verst\u00e4rkt auch ihren Zweck als Kanal f\u00fcr tiefe Meditation und Heilung. Diese Kuripes sind ideal f\u00fcr alle, die ihre Verbindung zu den Traditionen ihrer Vorfahren vertiefen und ihre Schnupfrituale mit einem Gef\u00fchl der spirituellen F\u00fchrung und des Schutzes durchf\u00fchren m\u00f6chten.<\/p>\n<p>Entscheiden Sie sich f\u00fcr eine unserer geschnitzten Kuripen, um Ihre spirituelle Praxis mit einem St\u00fcck zu bereichern, das nicht nur funktionell, sondern auch zutiefst symbolisch und pers\u00f6nlich ist.<\/p>\n<p>&nbsp;<\/p>\n","protected":false},"excerpt":{"rendered":"<p>Entdecken Sie die Verbindung von Kunst und Spiritualit\u00e4t mit unseren sorgf\u00e4ltig handgefertigten holzgeschnitzten Kurven, die mit Krafttierfiguren personalisiert sind. Jede Kurpfeife ist ein Unikat, das nicht nur f\u00fcr den Gebrauch als Rap\u00e9 gedacht ist, sondern auch als Symbol f\u00fcr Schutz und spirituelle F\u00fchrung, das das Tier widerspiegelt, das am besten mit Ihrem spirituellen Weg \u00fcbereinstimmt.<\/p>\n<p>Diese Kuripes sind perfekt f\u00fcr alle, die Wert auf detaillierte Handwerkskunst legen und eine tiefere Verbindung zu ihren spirituellen Praktiken suchen. Sie verbinden Funktionalit\u00e4t mit tiefer symbolischer Bedeutung. W\u00e4hlen Sie aus einer Vielzahl von geschnitzten Tieren, um Ihr Erlebnis zu personalisieren und Ihre Rituale mit der Kraft und Weisheit zu bereichern, die jedes Tier verk\u00f6rpert.<\/p>\n<p><span style=\"color: #999999;\"><i>Fragen Sie nach den Kuripen, die wir anbieten<\/i><\/span><\/p>\n","protected":false},"featured_media":34426,"comment_status":"open","ping_status":"closed","template":"","meta":{"order-bump-settings":[],"_wpfnl_thankyou_order_overview":"on","_wpfnl_thankyou_order_details":"on","_wpfnl_thankyou_billing_details":"on","_wpfnl_thankyou_shipping_details":"on","site-sidebar-layout":"default","site-content-layout":"default","ast-site-content-layout":"default","site-content-style":"default","site-sidebar-style":"default","ast-global-header-display":"","ast-banner-title-visibility":"","ast-main-header-display":"","ast-hfb-above-header-display":"","ast-hfb-below-header-display":"","ast-hfb-mobile-header-display":"","site-post-title":"","ast-breadcrumbs-content":"","ast-featured-img":"","footer-sml-layout":"","ast-disable-related-posts":"","theme-transparent-header-meta":"default","adv-header-id-meta":"","stick-header-meta":"","header-above-stick-meta":"","header-main-stick-meta":"","header-below-stick-meta":"","astra-migrate-meta-layouts":"default","ast-page-background-enabled":"default","ast-page-background-meta":{"desktop":{"background-color":"","background-image":"","background-repeat":"repeat","background-position":"center center","background-size":"auto","background-attachment":"scroll","background-type":"","background-media":"","overlay-type":"","overlay-color":"","overlay-opacity":"","overlay-gradient":""},"tablet":{"background-color":"","background-image":"","background-repeat":"repeat","background-position":"center center","background-size":"auto","background-attachment":"scroll","background-type":"","background-media":"","overlay-type":"","overlay-color":"","overlay-opacity":"","overlay-gradient":""},"mobile":{"background-color":"","background-image":"","background-repeat":"repeat","background-position":"center center","background-size":"auto","background-attachment":"scroll","background-type":"","background-media":"","overlay-type":"","overlay-color":"","overlay-opacity":"","overlay-gradient":""}},"ast-content-background-meta":{"desktop":{"background-color":"var(--ast-global-color-5)","background-image":"","background-repeat":"repeat","background-position":"center center","background-size":"auto","background-attachment":"scroll","background-type":"","background-media":"","overlay-type":"","overlay-color":"","overlay-opacity":"","overlay-gradient":""},"tablet":{"background-color":"var(--ast-global-color-5)","background-image":"","background-repeat":"repeat","background-position":"center center","background-size":"auto","background-attachment":"scroll","background-type":"","background-media":"","overlay-type":"","overlay-color":"","overlay-opacity":"","overlay-gradient":""},"mobile":{"background-color":"var(--ast-global-color-5)","background-image":"","background-repeat":"repeat","background-position":"center center","background-size":"auto","background-attachment":"scroll","background-type":"","background-media":"","overlay-type":"","overlay-color":"","overlay-opacity":"","overlay-gradient":""}},"_joinchat":[]},"product_brand":[],"product_cat":[361,362],"product_tag":[],"class_list":{"0":"post-7049","1":"product","2":"type-product","3":"status-publish","4":"has-post-thumbnail","6":"product_cat-kuripen","7":"product_cat-zubehor","8":"desktop-align-center","9":"tablet-align-left","10":"mobile-align-left","12":"first","13":"instock","14":"shipping-taxable","15":"purchasable","16":"product-type-simple"},"yoast_head":"<!-- This site is optimized with the Yoast SEO Premium plugin v22.6 (Yoast SEO v27.6) - https:\/\/yoast.com\/product\/yoast-seo-premium-wordpress\/ -->\n<title>Handgeschnitzte Kurven Ancestrina<\/title>\n<meta name=\"description\" content=\"Entdecken Sie die Verbindung von Kunst und Spiritualit\u00e4t mit unseren sorgf\u00e4ltig handgefertigten holzgeschnitzten Kuripes, die mit Krafttierfiguren personalisiert sind. Jede Kurpfeife ist ein Unikat, das nicht nur zum Rappen, sondern auch als Symbol f\u00fcr Schutz und spirituelle F\u00fchrung gedacht ist und das Tier widerspiegelt, das am besten mit Ihrem spirituellen Weg \u00fcbereinstimmt. W\u00e4hlen Sie dieses St\u00fcck, um Ihre Rituale mit der Kraft und Weisheit zu bereichern, die jedes Tier repr\u00e4sentiert.\" \/>\n<meta name=\"robots\" content=\"index, follow, max-snippet:-1, max-image-preview:large, max-video-preview:-1\" \/>\n<link rel=\"canonical\" href=\"https:\/\/ancestrina.com\/de\/producto\/kuripes-geschnitzt-zu-hand\/\" \/>\n<meta property=\"og:locale\" content=\"de_DE\" \/>\n<meta property=\"og:type\" content=\"article\" \/>\n<meta property=\"og:title\" content=\"Handgeschnitzte Kurven\" \/>\n<meta property=\"og:description\" content=\"Entdecken Sie die Verbindung von Kunst und Spiritualit\u00e4t mit unseren sorgf\u00e4ltig handgefertigten holzgeschnitzten Kuripes, die mit Krafttierfiguren personalisiert sind. Jede Kurpfeife ist ein Unikat, das nicht nur zum Rappen, sondern auch als Symbol f\u00fcr Schutz und spirituelle F\u00fchrung gedacht ist und das Tier widerspiegelt, das am besten mit Ihrem spirituellen Weg \u00fcbereinstimmt. W\u00e4hlen Sie dieses St\u00fcck, um Ihre Rituale mit der Kraft und Weisheit zu bereichern, die jedes Tier repr\u00e4sentiert.\" \/>\n<meta property=\"og:url\" content=\"https:\/\/ancestrina.com\/de\/producto\/kuripes-geschnitzt-zu-hand\/\" \/>\n<meta property=\"og:site_name\" content=\"Ancestrina\" \/>\n<meta property=\"article:publisher\" content=\"https:\/\/www.facebook.com\/Ancestrina\/\" \/>\n<meta property=\"article:modified_time\" content=\"2026-05-13T00:37:12+00:00\" \/>\n<meta property=\"og:image\" content=\"https:\/\/ancestrina.com\/wp-content\/uploads\/accesorios.jpg\" \/>\n\t<meta property=\"og:image:width\" content=\"2048\" \/>\n\t<meta property=\"og:image:height\" content=\"2048\" \/>\n\t<meta property=\"og:image:type\" content=\"image\/jpeg\" \/>\n<meta name=\"twitter:card\" content=\"summary_large_image\" \/>\n<meta name=\"twitter:label1\" content=\"Gesch\u00e4tzte Lesezeit\" \/>\n\t<meta name=\"twitter:data1\" content=\"1\u00a0Minute\" \/>\n<script type=\"application\/ld+json\" class=\"yoast-schema-graph\">{\"@context\":\"https:\\\/\\\/schema.org\",\"@graph\":[{\"@type\":\"WebPage\",\"@id\":\"https:\\\/\\\/ancestrina.com\\\/de\\\/producto\\\/kuripes-geschnitzt-zu-hand\\\/\",\"url\":\"https:\\\/\\\/ancestrina.com\\\/de\\\/producto\\\/kuripes-geschnitzt-zu-hand\\\/\",\"name\":\"Handgeschnitzte Kurven Ancestrina\",\"isPartOf\":{\"@id\":\"https:\\\/\\\/ancestrina.com\\\/de\\\/#website\"},\"primaryImageOfPage\":{\"@id\":\"https:\\\/\\\/ancestrina.com\\\/de\\\/producto\\\/kuripes-geschnitzt-zu-hand\\\/#primaryimage\"},\"image\":{\"@id\":\"https:\\\/\\\/ancestrina.com\\\/de\\\/producto\\\/kuripes-geschnitzt-zu-hand\\\/#primaryimage\"},\"thumbnailUrl\":\"https:\\\/\\\/ancestrina.com\\\/wp-content\\\/uploads\\\/accesorios.jpg\",\"datePublished\":\"2021-06-18T22:41:13+00:00\",\"dateModified\":\"2026-05-13T00:37:12+00:00\",\"description\":\"Entdecken Sie die Verbindung von Kunst und Spiritualit\u00e4t mit unseren sorgf\u00e4ltig handgefertigten holzgeschnitzten Kuripes, die mit Krafttierfiguren personalisiert sind. Jede Kurpfeife ist ein Unikat, das nicht nur zum Rappen, sondern auch als Symbol f\u00fcr Schutz und spirituelle F\u00fchrung gedacht ist und das Tier widerspiegelt, das am besten mit Ihrem spirituellen Weg \u00fcbereinstimmt. W\u00e4hlen Sie dieses St\u00fcck, um Ihre Rituale mit der Kraft und Weisheit zu bereichern, die jedes Tier repr\u00e4sentiert.\",\"breadcrumb\":{\"@id\":\"https:\\\/\\\/ancestrina.com\\\/de\\\/producto\\\/kuripes-geschnitzt-zu-hand\\\/#breadcrumb\"},\"inLanguage\":\"de\",\"potentialAction\":[{\"@type\":\"ReadAction\",\"target\":[\"https:\\\/\\\/ancestrina.com\\\/de\\\/producto\\\/kuripes-geschnitzt-zu-hand\\\/\"]}]},{\"@type\":\"ImageObject\",\"inLanguage\":\"de\",\"@id\":\"https:\\\/\\\/ancestrina.com\\\/de\\\/producto\\\/kuripes-geschnitzt-zu-hand\\\/#primaryimage\",\"url\":\"https:\\\/\\\/ancestrina.com\\\/wp-content\\\/uploads\\\/accesorios.jpg\",\"contentUrl\":\"https:\\\/\\\/ancestrina.com\\\/wp-content\\\/uploads\\\/accesorios.jpg\",\"width\":2048,\"height\":2048},{\"@type\":\"BreadcrumbList\",\"@id\":\"https:\\\/\\\/ancestrina.com\\\/de\\\/producto\\\/kuripes-geschnitzt-zu-hand\\\/#breadcrumb\",\"itemListElement\":[{\"@type\":\"ListItem\",\"position\":1,\"name\":\"Home\",\"item\":\"https:\\\/\\\/ancestrina.com\\\/de\\\/zuhause\\\/\"},{\"@type\":\"ListItem\",\"position\":2,\"name\":\"Gesch\u00e4ft\",\"item\":\"https:\\\/\\\/ancestrina.com\\\/de\\\/geschaeft\\\/\"},{\"@type\":\"ListItem\",\"position\":3,\"name\":\"Handgeschnitzte Kurven\"}]},{\"@type\":\"WebSite\",\"@id\":\"https:\\\/\\\/ancestrina.com\\\/de\\\/#website\",\"url\":\"https:\\\/\\\/ancestrina.com\\\/de\\\/\",\"name\":\"Ancestrina\",\"description\":\"Trabajamos experiencias con plantas maestras, terapias integradoras y cultos ancestrales\",\"publisher\":{\"@id\":\"https:\\\/\\\/ancestrina.com\\\/de\\\/#organization\"},\"potentialAction\":[{\"@type\":\"SearchAction\",\"target\":{\"@type\":\"EntryPoint\",\"urlTemplate\":\"https:\\\/\\\/ancestrina.com\\\/de\\\/?s={search_term_string}\"},\"query-input\":{\"@type\":\"PropertyValueSpecification\",\"valueRequired\":true,\"valueName\":\"search_term_string\"}}],\"inLanguage\":\"de\"},{\"@type\":\"Organization\",\"@id\":\"https:\\\/\\\/ancestrina.com\\\/de\\\/#organization\",\"name\":\"Ancestrina\",\"url\":\"https:\\\/\\\/ancestrina.com\\\/de\\\/\",\"logo\":{\"@type\":\"ImageObject\",\"inLanguage\":\"de\",\"@id\":\"https:\\\/\\\/ancestrina.com\\\/de\\\/#\\\/schema\\\/logo\\\/image\\\/\",\"url\":\"https:\\\/\\\/ancestrina.com\\\/wp-content\\\/uploads\\\/2020\\\/06\\\/cropped-LOGO-ANCESTRINA-1.png\",\"contentUrl\":\"https:\\\/\\\/ancestrina.com\\\/wp-content\\\/uploads\\\/2020\\\/06\\\/cropped-LOGO-ANCESTRINA-1.png\",\"width\":630,\"height\":202,\"caption\":\"Ancestrina\"},\"image\":{\"@id\":\"https:\\\/\\\/ancestrina.com\\\/de\\\/#\\\/schema\\\/logo\\\/image\\\/\"},\"sameAs\":[\"https:\\\/\\\/www.facebook.com\\\/Ancestrina\\\/\",\"https:\\\/\\\/www.instagram.com\\\/ancestrina\\\/\",\"https:\\\/\\\/www.youtube.com\\\/channel\\\/UCgtt6WFhEIVEI30PzxlOeIw\"]}]}<\/script>\n<!-- \/ Yoast SEO Premium plugin. -->","yoast_head_json":{"title":"Handgeschnitzte Kurven Ancestrina","description":"Entdecken Sie die Verbindung von Kunst und Spiritualit\u00e4t mit unseren sorgf\u00e4ltig handgefertigten holzgeschnitzten Kuripes, die mit Krafttierfiguren personalisiert sind. Jede Kurpfeife ist ein Unikat, das nicht nur zum Rappen, sondern auch als Symbol f\u00fcr Schutz und spirituelle F\u00fchrung gedacht ist und das Tier widerspiegelt, das am besten mit Ihrem spirituellen Weg \u00fcbereinstimmt. W\u00e4hlen Sie dieses St\u00fcck, um Ihre Rituale mit der Kraft und Weisheit zu bereichern, die jedes Tier repr\u00e4sentiert.","robots":{"index":"index","follow":"follow","max-snippet":"max-snippet:-1","max-image-preview":"max-image-preview:large","max-video-preview":"max-video-preview:-1"},"canonical":"https:\/\/ancestrina.com\/de\/producto\/kuripes-geschnitzt-zu-hand\/","og_locale":"de_DE","og_type":"article","og_title":"Handgeschnitzte Kurven","og_description":"Entdecken Sie die Verbindung von Kunst und Spiritualit\u00e4t mit unseren sorgf\u00e4ltig handgefertigten holzgeschnitzten Kuripes, die mit Krafttierfiguren personalisiert sind. Jede Kurpfeife ist ein Unikat, das nicht nur zum Rappen, sondern auch als Symbol f\u00fcr Schutz und spirituelle F\u00fchrung gedacht ist und das Tier widerspiegelt, das am besten mit Ihrem spirituellen Weg \u00fcbereinstimmt. W\u00e4hlen Sie dieses St\u00fcck, um Ihre Rituale mit der Kraft und Weisheit zu bereichern, die jedes Tier repr\u00e4sentiert.","og_url":"https:\/\/ancestrina.com\/de\/producto\/kuripes-geschnitzt-zu-hand\/","og_site_name":"Ancestrina","article_publisher":"https:\/\/www.facebook.com\/Ancestrina\/","article_modified_time":"2026-05-13T00:37:12+00:00","og_image":[{"width":2048,"height":2048,"url":"https:\/\/ancestrina.com\/wp-content\/uploads\/accesorios.jpg","type":"image\/jpeg"}],"twitter_card":"summary_large_image","twitter_misc":{"Gesch\u00e4tzte Lesezeit":"1\u00a0Minute"},"schema":{"@context":"https:\/\/schema.org","@graph":[{"@type":"WebPage","@id":"https:\/\/ancestrina.com\/de\/producto\/kuripes-geschnitzt-zu-hand\/","url":"https:\/\/ancestrina.com\/de\/producto\/kuripes-geschnitzt-zu-hand\/","name":"Handgeschnitzte Kurven Ancestrina","isPartOf":{"@id":"https:\/\/ancestrina.com\/de\/#website"},"primaryImageOfPage":{"@id":"https:\/\/ancestrina.com\/de\/producto\/kuripes-geschnitzt-zu-hand\/#primaryimage"},"image":{"@id":"https:\/\/ancestrina.com\/de\/producto\/kuripes-geschnitzt-zu-hand\/#primaryimage"},"thumbnailUrl":"https:\/\/ancestrina.com\/wp-content\/uploads\/accesorios.jpg","datePublished":"2021-06-18T22:41:13+00:00","dateModified":"2026-05-13T00:37:12+00:00","description":"Entdecken Sie die Verbindung von Kunst und Spiritualit\u00e4t mit unseren sorgf\u00e4ltig handgefertigten holzgeschnitzten Kuripes, die mit Krafttierfiguren personalisiert sind. Jede Kurpfeife ist ein Unikat, das nicht nur zum Rappen, sondern auch als Symbol f\u00fcr Schutz und spirituelle F\u00fchrung gedacht ist und das Tier widerspiegelt, das am besten mit Ihrem spirituellen Weg \u00fcbereinstimmt. W\u00e4hlen Sie dieses St\u00fcck, um Ihre Rituale mit der Kraft und Weisheit zu bereichern, die jedes Tier repr\u00e4sentiert.","breadcrumb":{"@id":"https:\/\/ancestrina.com\/de\/producto\/kuripes-geschnitzt-zu-hand\/#breadcrumb"},"inLanguage":"de","potentialAction":[{"@type":"ReadAction","target":["https:\/\/ancestrina.com\/de\/producto\/kuripes-geschnitzt-zu-hand\/"]}]},{"@type":"ImageObject","inLanguage":"de","@id":"https:\/\/ancestrina.com\/de\/producto\/kuripes-geschnitzt-zu-hand\/#primaryimage","url":"https:\/\/ancestrina.com\/wp-content\/uploads\/accesorios.jpg","contentUrl":"https:\/\/ancestrina.com\/wp-content\/uploads\/accesorios.jpg","width":2048,"height":2048},{"@type":"BreadcrumbList","@id":"https:\/\/ancestrina.com\/de\/producto\/kuripes-geschnitzt-zu-hand\/#breadcrumb","itemListElement":[{"@type":"ListItem","position":1,"name":"Home","item":"https:\/\/ancestrina.com\/de\/zuhause\/"},{"@type":"ListItem","position":2,"name":"Gesch\u00e4ft","item":"https:\/\/ancestrina.com\/de\/geschaeft\/"},{"@type":"ListItem","position":3,"name":"Handgeschnitzte Kurven"}]},{"@type":"WebSite","@id":"https:\/\/ancestrina.com\/de\/#website","url":"https:\/\/ancestrina.com\/de\/","name":"Ancestrina","description":"Trabajamos experiencias con plantas maestras, terapias integradoras y cultos ancestrales","publisher":{"@id":"https:\/\/ancestrina.com\/de\/#organization"},"potentialAction":[{"@type":"SearchAction","target":{"@type":"EntryPoint","urlTemplate":"https:\/\/ancestrina.com\/de\/?s={search_term_string}"},"query-input":{"@type":"PropertyValueSpecification","valueRequired":true,"valueName":"search_term_string"}}],"inLanguage":"de"},{"@type":"Organization","@id":"https:\/\/ancestrina.com\/de\/#organization","name":"Ancestrina","url":"https:\/\/ancestrina.com\/de\/","logo":{"@type":"ImageObject","inLanguage":"de","@id":"https:\/\/ancestrina.com\/de\/#\/schema\/logo\/image\/","url":"https:\/\/ancestrina.com\/wp-content\/uploads\/2020\/06\/cropped-LOGO-ANCESTRINA-1.png","contentUrl":"https:\/\/ancestrina.com\/wp-content\/uploads\/2020\/06\/cropped-LOGO-ANCESTRINA-1.png","width":630,"height":202,"caption":"Ancestrina"},"image":{"@id":"https:\/\/ancestrina.com\/de\/#\/schema\/logo\/image\/"},"sameAs":["https:\/\/www.facebook.com\/Ancestrina\/","https:\/\/www.instagram.com\/ancestrina\/","https:\/\/www.youtube.com\/channel\/UCgtt6WFhEIVEI30PzxlOeIw"]}]}},"_links":{"self":[{"href":"https:\/\/ancestrina.com\/de\/wp-json\/wp\/v2\/product\/7049","targetHints":{"allow":["GET"]}}],"collection":[{"href":"https:\/\/ancestrina.com\/de\/wp-json\/wp\/v2\/product"}],"about":[{"href":"https:\/\/ancestrina.com\/de\/wp-json\/wp\/v2\/types\/product"}],"replies":[{"embeddable":true,"href":"https:\/\/ancestrina.com\/de\/wp-json\/wp\/v2\/comments?post=7049"}],"version-history":[{"count":2,"href":"https:\/\/ancestrina.com\/de\/wp-json\/wp\/v2\/product\/7049\/revisions"}],"predecessor-version":[{"id":37890,"href":"https:\/\/ancestrina.com\/de\/wp-json\/wp\/v2\/product\/7049\/revisions\/37890"}],"wp:featuredmedia":[{"embeddable":true,"href":"https:\/\/ancestrina.com\/de\/wp-json\/wp\/v2\/media\/34426"}],"wp:attachment":[{"href":"https:\/\/ancestrina.com\/de\/wp-json\/wp\/v2\/media?parent=7049"}],"wp:term":[{"taxonomy":"product_brand","embeddable":true,"href":"https:\/\/ancestrina.com\/de\/wp-json\/wp\/v2\/product_brand?post=7049"},{"taxonomy":"product_cat","embeddable":true,"href":"https:\/\/ancestrina.com\/de\/wp-json\/wp\/v2\/product_cat?post=7049"},{"taxonomy":"product_tag","embeddable":true,"href":"https:\/\/ancestrina.com\/de\/wp-json\/wp\/v2\/product_tag?post=7049"}],"curies":[{"name":"wp","href":"https:\/\/api.w.org\/{rel}","templated":true}]}}