{"id":7022,"date":"2021-01-19T19:55:07","date_gmt":"2021-01-19T19:55:07","guid":{"rendered":"http:\/\/ancestrina.com\/producto\/schnupftabak-osha\/"},"modified":"2026-05-13T02:25:33","modified_gmt":"2026-05-13T07:25:33","slug":"rape-oscha","status":"publish","type":"product","link":"https:\/\/ancestrina.com\/de\/producto\/rape-oscha\/","title":{"rendered":"Osha"},"content":{"rendered":"<p>Osha Rap\u00e9, auch bekannt als die &#8222;Kraft des B\u00e4ren&#8220;, ist ein kraftvolles Werkzeug zur Selbsterm\u00e4chtigung f\u00fcr alle, die die Barrieren der Versagensangst \u00fcberwinden und ihr wahres Potenzial aktivieren wollen. Dieser Raps st\u00e4rkt nicht nur das Selbstvertrauen, sondern hilft auch, einschr\u00e4nkende Glaubenss\u00e4tze in \u00dcberzeugungen von St\u00e4rke und Leistungsf\u00e4higkeit zu verwandeln.<\/p>\n<p><strong>Die wichtigsten Vorteile von Osha Rap\u00e9:<\/strong><\/p>\n<ol>\n<li><strong>Pers\u00f6nliches Empowerment:<\/strong> Steigert das Selbstvertrauen und die Selbstwirksamkeit und bef\u00e4higt den Einzelnen, sein Leben selbst in die Hand zu nehmen und zielgerichtet zu handeln.<\/li>\n<li><strong>\u00dcberwindung der Angst vor dem Scheitern:<\/strong> Hilft, die Wahrnehmung des Scheiterns zu ver\u00e4ndern und f\u00f6rdert eine flexiblere Sichtweise und einen ges\u00fcnderen Umgang mit Herausforderungen und R\u00fcckschl\u00e4gen.<\/li>\n<li><strong>Klarheit in der Kommunikation:<\/strong> Erleichtert die F\u00e4higkeit, Ihre Gedanken und Gef\u00fchle ehrlich auszudr\u00fccken, insbesondere in schwierigen Gespr\u00e4chen, und dabei ruhig und mitf\u00fchlend zu bleiben.<\/li>\n<li><strong>Stimulierung von Innovation:<\/strong> Die Nutzer sollen zu Kreativit\u00e4t und Eigeninitiative bei der Entwicklung von Ideen und L\u00f6sungen angeregt werden, um den Unternehmergeist neu zu beleben.<\/li>\n<li><strong>St\u00e4rkung des Unterbewusstseins:<\/strong> Verbinden Sie sich mit Ihrem Unterbewusstsein, um einschr\u00e4nkende \u00dcberzeugungen durch \u00dcberzeugungen zu ersetzen, die Ihr pers\u00f6nliches und berufliches Wachstum f\u00f6rdern.<\/li>\n<\/ol>\n<p><strong>Ideal f\u00fcr:<\/strong><\/p>\n<ul>\n<li>Menschen, die aus Angst vor Versagen oder Kritik gel\u00e4hmt sind.<\/li>\n<li>Diejenigen, die mehr Motivation und Orientierung f\u00fcr ihre pers\u00f6nlichen und beruflichen Projekte suchen.<\/li>\n<li>Personen, die ihre F\u00e4higkeit verbessern m\u00f6chten, klare Grenzen zu setzen und zu wahren.<\/li>\n<li>Diejenigen, die ihre innere und \u00e4u\u00dfere Stimme in verschiedenen Lebensbereichen st\u00e4rken wollen.<\/li>\n<\/ul>\n<p>Osha Snuff ist mehr als Schnupftabak; er ist ein Katalysator f\u00fcr Ver\u00e4nderung und pers\u00f6nliches Wachstum. Wagen Sie es, Ihre innere Kraft zu entdecken und Ihre \u00c4ngste in Br\u00fccken zu Erfolg und Wohlbefinden zu verwandeln.<\/p>\n","protected":false},"excerpt":{"rendered":"<p>Osha Rap\u00e9, auch bekannt als &#8222;B\u00e4renkraft&#8220;, ist ein kraftvolles Instrument zur St\u00e4rkung der Selbstbestimmung f\u00fcr alle, die die Angst vor dem Versagen \u00fcberwinden und ihr wahres Potenzial aktivieren wollen. Dieser Raps regt die Kraftzentren in Ihnen an und f\u00f6rdert das Selbstvertrauen und die Entschlossenheit, sich Herausforderungen zu stellen und neue Projekte mit Mut und Klarheit in Angriff zu nehmen.<\/p>\n<p>Osha Rap\u00e9 ist ideal f\u00fcr alle, die ihre Selbstwirksamkeit st\u00e4rken und ihre Kommunikation in schwierigen Situationen verbessern wollen. Er wandelt einschr\u00e4nkende Glaubenss\u00e4tze um und erm\u00f6glicht es Ihnen, sich authentisch auszudr\u00fccken und ohne Vorbehalte pers\u00f6nlichen und beruflichen Erfolg zu erreichen.<\/p>\n","protected":false},"featured_media":34958,"comment_status":"closed","ping_status":"closed","template":"","meta":{"order-bump-settings":[],"_wpfnl_thankyou_order_overview":"on","_wpfnl_thankyou_order_details":"on","_wpfnl_thankyou_billing_details":"on","_wpfnl_thankyou_shipping_details":"on","site-sidebar-layout":"default","site-content-layout":"plain-container","ast-site-content-layout":"normal-width-container","site-content-style":"unboxed","site-sidebar-style":"unboxed","ast-global-header-display":"","ast-banner-title-visibility":"","ast-main-header-display":"","ast-hfb-above-header-display":"","ast-hfb-below-header-display":"","ast-hfb-mobile-header-display":"","site-post-title":"","ast-breadcrumbs-content":"","ast-featured-img":"","footer-sml-layout":"","ast-disable-related-posts":"","theme-transparent-header-meta":"disabled","adv-header-id-meta":"","stick-header-meta":"","header-above-stick-meta":"","header-main-stick-meta":"","header-below-stick-meta":"","astra-migrate-meta-layouts":"default","ast-page-background-enabled":"default","ast-page-background-meta":{"desktop":{"background-color":"","background-image":"","background-repeat":"repeat","background-position":"center center","background-size":"auto","background-attachment":"scroll","background-type":"","background-media":"","overlay-type":"","overlay-color":"","overlay-opacity":"","overlay-gradient":""},"tablet":{"background-color":"","background-image":"","background-repeat":"repeat","background-position":"center center","background-size":"auto","background-attachment":"scroll","background-type":"","background-media":"","overlay-type":"","overlay-color":"","overlay-opacity":"","overlay-gradient":""},"mobile":{"background-color":"","background-image":"","background-repeat":"repeat","background-position":"center center","background-size":"auto","background-attachment":"scroll","background-type":"","background-media":"","overlay-type":"","overlay-color":"","overlay-opacity":"","overlay-gradient":""}},"ast-content-background-meta":{"desktop":{"background-color":"var(--ast-global-color-5)","background-image":"","background-repeat":"repeat","background-position":"center center","background-size":"auto","background-attachment":"scroll","background-type":"","background-media":"","overlay-type":"","overlay-color":"","overlay-opacity":"","overlay-gradient":""},"tablet":{"background-color":"var(--ast-global-color-5)","background-image":"","background-repeat":"repeat","background-position":"center center","background-size":"auto","background-attachment":"scroll","background-type":"","background-media":"","overlay-type":"","overlay-color":"","overlay-opacity":"","overlay-gradient":""},"mobile":{"background-color":"var(--ast-global-color-5)","background-image":"","background-repeat":"repeat","background-position":"center center","background-size":"auto","background-attachment":"scroll","background-type":"","background-media":"","overlay-type":"","overlay-color":"","overlay-opacity":"","overlay-gradient":""}},"_joinchat":[]},"product_brand":[],"product_cat":[357],"product_tag":[],"class_list":{"0":"post-7022","1":"product","2":"type-product","3":"status-publish","4":"has-post-thumbnail","6":"product_cat-rape-de","7":"desktop-align-center","8":"tablet-align-left","9":"mobile-align-left","11":"first","12":"instock","13":"shipping-taxable","14":"purchasable","15":"product-type-variable"},"yoast_head":"<!-- This site is optimized with the Yoast SEO Premium plugin v22.6 (Yoast SEO v27.6) - https:\/\/yoast.com\/product\/yoast-seo-premium-wordpress\/ -->\n<title>Osha Rap\u00e9: Erm\u00e4chtigung und Befreiung der inneren Kraft<\/title>\n<meta name=\"description\" content=\"Entdecken Sie die Kraft von Osha Rap\u00e9, einem Werkzeug zur Selbsterm\u00e4chtigung, das hilft, Versagens\u00e4ngste zu \u00fcberwinden, das Selbstvertrauen zu st\u00e4rken und einschr\u00e4nkende Glaubenss\u00e4tze in \u00dcberzeugungen der St\u00e4rke zu verwandeln. Ideal f\u00fcr alle, die Motivation und Orientierung bei pers\u00f6nlichen und beruflichen Projekten suchen.\" \/>\n<meta name=\"robots\" content=\"index, follow, max-snippet:-1, max-image-preview:large, max-video-preview:-1\" \/>\n<link rel=\"canonical\" href=\"https:\/\/ancestrina.com\/de\/producto\/rape-oscha\/\" \/>\n<meta property=\"og:locale\" content=\"de_DE\" \/>\n<meta property=\"og:type\" content=\"article\" \/>\n<meta property=\"og:title\" content=\"Osha\" \/>\n<meta property=\"og:description\" content=\"Entdecken Sie die Kraft von Osha Rap\u00e9, einem Werkzeug zur Selbsterm\u00e4chtigung, das hilft, Versagens\u00e4ngste zu \u00fcberwinden, das Selbstvertrauen zu st\u00e4rken und einschr\u00e4nkende Glaubenss\u00e4tze in \u00dcberzeugungen der St\u00e4rke zu verwandeln. Ideal f\u00fcr alle, die Motivation und Orientierung bei pers\u00f6nlichen und beruflichen Projekten suchen.\" \/>\n<meta property=\"og:url\" content=\"https:\/\/ancestrina.com\/de\/producto\/rape-oscha\/\" \/>\n<meta property=\"og:site_name\" content=\"Ancestrina\" \/>\n<meta property=\"article:publisher\" content=\"https:\/\/www.facebook.com\/Ancestrina\/\" \/>\n<meta property=\"article:modified_time\" content=\"2026-05-13T07:25:33+00:00\" \/>\n<meta property=\"og:image\" content=\"https:\/\/ancestrina.com\/wp-content\/uploads\/Osha.jpg\" \/>\n\t<meta property=\"og:image:width\" content=\"2048\" \/>\n\t<meta property=\"og:image:height\" content=\"2048\" \/>\n\t<meta property=\"og:image:type\" content=\"image\/jpeg\" \/>\n<meta name=\"twitter:card\" content=\"summary_large_image\" \/>\n<meta name=\"twitter:label1\" content=\"Gesch\u00e4tzte Lesezeit\" \/>\n\t<meta name=\"twitter:data1\" content=\"1\u00a0Minute\" \/>\n<script type=\"application\/ld+json\" class=\"yoast-schema-graph\">{\"@context\":\"https:\\\/\\\/schema.org\",\"@graph\":[{\"@type\":\"WebPage\",\"@id\":\"https:\\\/\\\/ancestrina.com\\\/de\\\/producto\\\/rape-oscha\\\/\",\"url\":\"https:\\\/\\\/ancestrina.com\\\/de\\\/producto\\\/rape-oscha\\\/\",\"name\":\"Osha Rap\u00e9: Erm\u00e4chtigung und Befreiung der inneren Kraft\",\"isPartOf\":{\"@id\":\"https:\\\/\\\/ancestrina.com\\\/de\\\/#website\"},\"primaryImageOfPage\":{\"@id\":\"https:\\\/\\\/ancestrina.com\\\/de\\\/producto\\\/rape-oscha\\\/#primaryimage\"},\"image\":{\"@id\":\"https:\\\/\\\/ancestrina.com\\\/de\\\/producto\\\/rape-oscha\\\/#primaryimage\"},\"thumbnailUrl\":\"https:\\\/\\\/ancestrina.com\\\/wp-content\\\/uploads\\\/Osha.jpg\",\"datePublished\":\"2021-01-19T19:55:07+00:00\",\"dateModified\":\"2026-05-13T07:25:33+00:00\",\"description\":\"Entdecken Sie die Kraft von Osha Rap\u00e9, einem Werkzeug zur Selbsterm\u00e4chtigung, das hilft, Versagens\u00e4ngste zu \u00fcberwinden, das Selbstvertrauen zu st\u00e4rken und einschr\u00e4nkende Glaubenss\u00e4tze in \u00dcberzeugungen der St\u00e4rke zu verwandeln. Ideal f\u00fcr alle, die Motivation und Orientierung bei pers\u00f6nlichen und beruflichen Projekten suchen.\",\"breadcrumb\":{\"@id\":\"https:\\\/\\\/ancestrina.com\\\/de\\\/producto\\\/rape-oscha\\\/#breadcrumb\"},\"inLanguage\":\"de\",\"potentialAction\":[{\"@type\":\"ReadAction\",\"target\":[\"https:\\\/\\\/ancestrina.com\\\/de\\\/producto\\\/rape-oscha\\\/\"]}]},{\"@type\":\"ImageObject\",\"inLanguage\":\"de\",\"@id\":\"https:\\\/\\\/ancestrina.com\\\/de\\\/producto\\\/rape-oscha\\\/#primaryimage\",\"url\":\"https:\\\/\\\/ancestrina.com\\\/wp-content\\\/uploads\\\/Osha.jpg\",\"contentUrl\":\"https:\\\/\\\/ancestrina.com\\\/wp-content\\\/uploads\\\/Osha.jpg\",\"width\":2048,\"height\":2048},{\"@type\":\"BreadcrumbList\",\"@id\":\"https:\\\/\\\/ancestrina.com\\\/de\\\/producto\\\/rape-oscha\\\/#breadcrumb\",\"itemListElement\":[{\"@type\":\"ListItem\",\"position\":1,\"name\":\"Home\",\"item\":\"https:\\\/\\\/ancestrina.com\\\/de\\\/zuhause\\\/\"},{\"@type\":\"ListItem\",\"position\":2,\"name\":\"Gesch\u00e4ft\",\"item\":\"https:\\\/\\\/ancestrina.com\\\/de\\\/geschaeft\\\/\"},{\"@type\":\"ListItem\",\"position\":3,\"name\":\"Osha\"}]},{\"@type\":\"WebSite\",\"@id\":\"https:\\\/\\\/ancestrina.com\\\/de\\\/#website\",\"url\":\"https:\\\/\\\/ancestrina.com\\\/de\\\/\",\"name\":\"Ancestrina\",\"description\":\"Trabajamos experiencias con plantas maestras, terapias integradoras y cultos ancestrales\",\"publisher\":{\"@id\":\"https:\\\/\\\/ancestrina.com\\\/de\\\/#organization\"},\"potentialAction\":[{\"@type\":\"SearchAction\",\"target\":{\"@type\":\"EntryPoint\",\"urlTemplate\":\"https:\\\/\\\/ancestrina.com\\\/de\\\/?s={search_term_string}\"},\"query-input\":{\"@type\":\"PropertyValueSpecification\",\"valueRequired\":true,\"valueName\":\"search_term_string\"}}],\"inLanguage\":\"de\"},{\"@type\":\"Organization\",\"@id\":\"https:\\\/\\\/ancestrina.com\\\/de\\\/#organization\",\"name\":\"Ancestrina\",\"url\":\"https:\\\/\\\/ancestrina.com\\\/de\\\/\",\"logo\":{\"@type\":\"ImageObject\",\"inLanguage\":\"de\",\"@id\":\"https:\\\/\\\/ancestrina.com\\\/de\\\/#\\\/schema\\\/logo\\\/image\\\/\",\"url\":\"https:\\\/\\\/ancestrina.com\\\/wp-content\\\/uploads\\\/2020\\\/06\\\/cropped-LOGO-ANCESTRINA-1.png\",\"contentUrl\":\"https:\\\/\\\/ancestrina.com\\\/wp-content\\\/uploads\\\/2020\\\/06\\\/cropped-LOGO-ANCESTRINA-1.png\",\"width\":630,\"height\":202,\"caption\":\"Ancestrina\"},\"image\":{\"@id\":\"https:\\\/\\\/ancestrina.com\\\/de\\\/#\\\/schema\\\/logo\\\/image\\\/\"},\"sameAs\":[\"https:\\\/\\\/www.facebook.com\\\/Ancestrina\\\/\",\"https:\\\/\\\/www.instagram.com\\\/ancestrina\\\/\",\"https:\\\/\\\/www.youtube.com\\\/channel\\\/UCgtt6WFhEIVEI30PzxlOeIw\"]}]}<\/script>\n<!-- \/ Yoast SEO Premium plugin. -->","yoast_head_json":{"title":"Osha Rap\u00e9: Erm\u00e4chtigung und Befreiung der inneren Kraft","description":"Entdecken Sie die Kraft von Osha Rap\u00e9, einem Werkzeug zur Selbsterm\u00e4chtigung, das hilft, Versagens\u00e4ngste zu \u00fcberwinden, das Selbstvertrauen zu st\u00e4rken und einschr\u00e4nkende Glaubenss\u00e4tze in \u00dcberzeugungen der St\u00e4rke zu verwandeln. Ideal f\u00fcr alle, die Motivation und Orientierung bei pers\u00f6nlichen und beruflichen Projekten suchen.","robots":{"index":"index","follow":"follow","max-snippet":"max-snippet:-1","max-image-preview":"max-image-preview:large","max-video-preview":"max-video-preview:-1"},"canonical":"https:\/\/ancestrina.com\/de\/producto\/rape-oscha\/","og_locale":"de_DE","og_type":"article","og_title":"Osha","og_description":"Entdecken Sie die Kraft von Osha Rap\u00e9, einem Werkzeug zur Selbsterm\u00e4chtigung, das hilft, Versagens\u00e4ngste zu \u00fcberwinden, das Selbstvertrauen zu st\u00e4rken und einschr\u00e4nkende Glaubenss\u00e4tze in \u00dcberzeugungen der St\u00e4rke zu verwandeln. Ideal f\u00fcr alle, die Motivation und Orientierung bei pers\u00f6nlichen und beruflichen Projekten suchen.","og_url":"https:\/\/ancestrina.com\/de\/producto\/rape-oscha\/","og_site_name":"Ancestrina","article_publisher":"https:\/\/www.facebook.com\/Ancestrina\/","article_modified_time":"2026-05-13T07:25:33+00:00","og_image":[{"width":2048,"height":2048,"url":"https:\/\/ancestrina.com\/wp-content\/uploads\/Osha.jpg","type":"image\/jpeg"}],"twitter_card":"summary_large_image","twitter_misc":{"Gesch\u00e4tzte Lesezeit":"1\u00a0Minute"},"schema":{"@context":"https:\/\/schema.org","@graph":[{"@type":"WebPage","@id":"https:\/\/ancestrina.com\/de\/producto\/rape-oscha\/","url":"https:\/\/ancestrina.com\/de\/producto\/rape-oscha\/","name":"Osha Rap\u00e9: Erm\u00e4chtigung und Befreiung der inneren Kraft","isPartOf":{"@id":"https:\/\/ancestrina.com\/de\/#website"},"primaryImageOfPage":{"@id":"https:\/\/ancestrina.com\/de\/producto\/rape-oscha\/#primaryimage"},"image":{"@id":"https:\/\/ancestrina.com\/de\/producto\/rape-oscha\/#primaryimage"},"thumbnailUrl":"https:\/\/ancestrina.com\/wp-content\/uploads\/Osha.jpg","datePublished":"2021-01-19T19:55:07+00:00","dateModified":"2026-05-13T07:25:33+00:00","description":"Entdecken Sie die Kraft von Osha Rap\u00e9, einem Werkzeug zur Selbsterm\u00e4chtigung, das hilft, Versagens\u00e4ngste zu \u00fcberwinden, das Selbstvertrauen zu st\u00e4rken und einschr\u00e4nkende Glaubenss\u00e4tze in \u00dcberzeugungen der St\u00e4rke zu verwandeln. Ideal f\u00fcr alle, die Motivation und Orientierung bei pers\u00f6nlichen und beruflichen Projekten suchen.","breadcrumb":{"@id":"https:\/\/ancestrina.com\/de\/producto\/rape-oscha\/#breadcrumb"},"inLanguage":"de","potentialAction":[{"@type":"ReadAction","target":["https:\/\/ancestrina.com\/de\/producto\/rape-oscha\/"]}]},{"@type":"ImageObject","inLanguage":"de","@id":"https:\/\/ancestrina.com\/de\/producto\/rape-oscha\/#primaryimage","url":"https:\/\/ancestrina.com\/wp-content\/uploads\/Osha.jpg","contentUrl":"https:\/\/ancestrina.com\/wp-content\/uploads\/Osha.jpg","width":2048,"height":2048},{"@type":"BreadcrumbList","@id":"https:\/\/ancestrina.com\/de\/producto\/rape-oscha\/#breadcrumb","itemListElement":[{"@type":"ListItem","position":1,"name":"Home","item":"https:\/\/ancestrina.com\/de\/zuhause\/"},{"@type":"ListItem","position":2,"name":"Gesch\u00e4ft","item":"https:\/\/ancestrina.com\/de\/geschaeft\/"},{"@type":"ListItem","position":3,"name":"Osha"}]},{"@type":"WebSite","@id":"https:\/\/ancestrina.com\/de\/#website","url":"https:\/\/ancestrina.com\/de\/","name":"Ancestrina","description":"Trabajamos experiencias con plantas maestras, terapias integradoras y cultos ancestrales","publisher":{"@id":"https:\/\/ancestrina.com\/de\/#organization"},"potentialAction":[{"@type":"SearchAction","target":{"@type":"EntryPoint","urlTemplate":"https:\/\/ancestrina.com\/de\/?s={search_term_string}"},"query-input":{"@type":"PropertyValueSpecification","valueRequired":true,"valueName":"search_term_string"}}],"inLanguage":"de"},{"@type":"Organization","@id":"https:\/\/ancestrina.com\/de\/#organization","name":"Ancestrina","url":"https:\/\/ancestrina.com\/de\/","logo":{"@type":"ImageObject","inLanguage":"de","@id":"https:\/\/ancestrina.com\/de\/#\/schema\/logo\/image\/","url":"https:\/\/ancestrina.com\/wp-content\/uploads\/2020\/06\/cropped-LOGO-ANCESTRINA-1.png","contentUrl":"https:\/\/ancestrina.com\/wp-content\/uploads\/2020\/06\/cropped-LOGO-ANCESTRINA-1.png","width":630,"height":202,"caption":"Ancestrina"},"image":{"@id":"https:\/\/ancestrina.com\/de\/#\/schema\/logo\/image\/"},"sameAs":["https:\/\/www.facebook.com\/Ancestrina\/","https:\/\/www.instagram.com\/ancestrina\/","https:\/\/www.youtube.com\/channel\/UCgtt6WFhEIVEI30PzxlOeIw"]}]}},"_links":{"self":[{"href":"https:\/\/ancestrina.com\/de\/wp-json\/wp\/v2\/product\/7022","targetHints":{"allow":["GET"]}}],"collection":[{"href":"https:\/\/ancestrina.com\/de\/wp-json\/wp\/v2\/product"}],"about":[{"href":"https:\/\/ancestrina.com\/de\/wp-json\/wp\/v2\/types\/product"}],"replies":[{"embeddable":true,"href":"https:\/\/ancestrina.com\/de\/wp-json\/wp\/v2\/comments?post=7022"}],"version-history":[{"count":2,"href":"https:\/\/ancestrina.com\/de\/wp-json\/wp\/v2\/product\/7022\/revisions"}],"predecessor-version":[{"id":37832,"href":"https:\/\/ancestrina.com\/de\/wp-json\/wp\/v2\/product\/7022\/revisions\/37832"}],"wp:featuredmedia":[{"embeddable":true,"href":"https:\/\/ancestrina.com\/de\/wp-json\/wp\/v2\/media\/34958"}],"wp:attachment":[{"href":"https:\/\/ancestrina.com\/de\/wp-json\/wp\/v2\/media?parent=7022"}],"wp:term":[{"taxonomy":"product_brand","embeddable":true,"href":"https:\/\/ancestrina.com\/de\/wp-json\/wp\/v2\/product_brand?post=7022"},{"taxonomy":"product_cat","embeddable":true,"href":"https:\/\/ancestrina.com\/de\/wp-json\/wp\/v2\/product_cat?post=7022"},{"taxonomy":"product_tag","embeddable":true,"href":"https:\/\/ancestrina.com\/de\/wp-json\/wp\/v2\/product_tag?post=7022"}],"curies":[{"name":"wp","href":"https:\/\/api.w.org\/{rel}","templated":true}]}}