{"id":7015,"date":"2021-01-19T20:18:21","date_gmt":"2021-01-19T20:18:21","guid":{"rendered":"http:\/\/ancestrina.com\/producto\/schnupftabak-kakao\/"},"modified":"2026-05-16T06:17:53","modified_gmt":"2026-05-16T11:17:53","slug":"rape-kakao","status":"publish","type":"product","link":"https:\/\/ancestrina.com\/de\/producto\/rape-kakao\/","title":{"rendered":"Kakao"},"content":{"rendered":"<p>Der als Schnupftabak der Freude gesch\u00e4tzte Cocoa Snuff l\u00e4dt diejenigen, die sich ihm n\u00e4hern, dazu ein, das Leben mit einem neuen Gef\u00fchl der Freude und Vitalit\u00e4t zu erleben. Dieser Schnupftabak ist ideal f\u00fcr Zeiten, in denen Sie einen Schub an Energie und Zufriedenheit brauchen. Er \u00f6ffnet Herz und Geist und l\u00e4sst das Licht der Freude selbst die dunkelsten Tage erhellen. <\/p>\n<p><strong>Wichtigste Vorteile:<\/strong><\/p>\n<ol>\n<li><strong>Gl\u00fccksstimulation:<\/strong> Aktiviert wichtige Neurotransmitter im Gehirn und f\u00f6rdert auf nat\u00fcrliche Weise Gef\u00fchle von Gl\u00fcck und Zufriedenheit.<\/li>\n<li><strong>Stimmungsaufheller:<\/strong> Ideal, um Momente der Traurigkeit zu \u00fcberwinden, die Stimmung zu heben und das Leben mit Optimismus zu betrachten.<\/li>\n<li><strong>Tiefenentspannung:<\/strong> Bietet einen Zustand des Wohlbefindens und der Entspannung, ohne die intensive stimulierende Wirkung anderer Substanzen.<\/li>\n<li><strong>Anpassungsf\u00e4higkeit an Ver\u00e4nderungen:<\/strong> Sie lernen, mit dem Leben zu flie\u00dfen, Ver\u00e4nderungen mit Vertrauen und Offenheit zu akzeptieren und Ihre F\u00e4higkeit zu st\u00e4rken, sich anzupassen und die Gegenwart zu genie\u00dfen.<\/li>\n<\/ol>\n<p><strong>Ideal f\u00fcr:<\/strong><\/p>\n<ol>\n<li><strong>Beginnen Sie den Tag mit Energie:<\/strong> F\u00fcr alle, die jeden Morgen voller Energie und mit einer positiven Einstellung f\u00fcr den bevorstehenden Tag aufwachen m\u00f6chten.<\/li>\n<li><strong>Diejenigen, die Gl\u00fcckseligkeit und Zufriedenheit suchen:<\/strong> Perfekt, wenn Sie auf der Suche nach einem konstanten Gef\u00fchl der Freude und Zufriedenheit in Ihrem Leben sind.<\/li>\n<li><strong>Menschen, die ihr emotionales Wohlbefinden verbessern wollen:<\/strong> Wenn Sie in einem hohen Geisteszustand bleiben und eine positive Einstellung kultivieren wollen.<\/li>\n<li><strong>Diejenigen, die ein gr\u00f6\u00dferes Gef\u00fchl von Frieden anstreben:<\/strong> Ideal f\u00fcr diejenigen, die Ruhe und Gelassenheit in ihrem t\u00e4glichen Leben finden und lernen wollen, die Str\u00f6mungen des Lebens zu akzeptieren und mit ihnen zu flie\u00dfen.<\/li>\n<\/ol>\n<p>Cocoa Rap\u00e9 ist eine Einladung, die Freude am Leben wiederzuentdecken und bietet Ihnen einen Weg zu emotionalem Wohlbefinden und Entfaltung. Lassen Sie sich von diesem Rap\u00e9 der Freude zu einer reicheren und erf\u00fcllteren Lebenserfahrung f\u00fchren, indem er Ihnen zeigt, wie Sie jeden Tag mit Freude und Dankbarkeit begr\u00fc\u00dfen k\u00f6nnen.<\/p>\n<p>&nbsp;<\/p>\n","protected":false},"excerpt":{"rendered":"<p>Tauchen Sie ein in die Essenz von Cacao Snuff, unserem uralten Schnupftabak der Freude und Vitalit\u00e4t. Dieser Rap\u00e9 ist ideal f\u00fcr alle, die ihren Tag mit einem neuen Gef\u00fchl der Gl\u00fcckseligkeit erhellen wollen. Er weckt Ihre Energie, verbessert Ihre Stimmung und f\u00f6rdert die Tiefenentspannung, so dass Sie lernen, mit dem Leben zu flie\u00dfen. Cocoa Rap\u00e9 ist ideal, um jeden Morgen mit Positivit\u00e4t zu beginnen oder um in Zeiten des Wandels die Zufriedenheit wiederzufinden, eine Einladung, in Harmonie und Dankbarkeit zu leben. Entdecken Sie bei Ancestrina, wie dieser heilige Raps Ihre Perspektive ver\u00e4ndern und Ihnen inneren Frieden bringen kann.<\/p>\n","protected":false},"featured_media":34517,"comment_status":"closed","ping_status":"closed","template":"","meta":{"order-bump-settings":[],"_wpfnl_thankyou_order_overview":"on","_wpfnl_thankyou_order_details":"on","_wpfnl_thankyou_billing_details":"on","_wpfnl_thankyou_shipping_details":"on","site-sidebar-layout":"default","site-content-layout":"plain-container","ast-site-content-layout":"normal-width-container","site-content-style":"unboxed","site-sidebar-style":"unboxed","ast-global-header-display":"","ast-banner-title-visibility":"","ast-main-header-display":"","ast-hfb-above-header-display":"","ast-hfb-below-header-display":"","ast-hfb-mobile-header-display":"","site-post-title":"","ast-breadcrumbs-content":"","ast-featured-img":"","footer-sml-layout":"","ast-disable-related-posts":"","theme-transparent-header-meta":"disabled","adv-header-id-meta":"","stick-header-meta":"","header-above-stick-meta":"","header-main-stick-meta":"","header-below-stick-meta":"","astra-migrate-meta-layouts":"default","ast-page-background-enabled":"default","ast-page-background-meta":{"desktop":{"background-color":"","background-image":"","background-repeat":"repeat","background-position":"center center","background-size":"auto","background-attachment":"scroll","background-type":"","background-media":"","overlay-type":"","overlay-color":"","overlay-opacity":"","overlay-gradient":""},"tablet":{"background-color":"","background-image":"","background-repeat":"repeat","background-position":"center center","background-size":"auto","background-attachment":"scroll","background-type":"","background-media":"","overlay-type":"","overlay-color":"","overlay-opacity":"","overlay-gradient":""},"mobile":{"background-color":"","background-image":"","background-repeat":"repeat","background-position":"center center","background-size":"auto","background-attachment":"scroll","background-type":"","background-media":"","overlay-type":"","overlay-color":"","overlay-opacity":"","overlay-gradient":""}},"ast-content-background-meta":{"desktop":{"background-color":"var(--ast-global-color-5)","background-image":"","background-repeat":"repeat","background-position":"center center","background-size":"auto","background-attachment":"scroll","background-type":"","background-media":"","overlay-type":"","overlay-color":"","overlay-opacity":"","overlay-gradient":""},"tablet":{"background-color":"var(--ast-global-color-5)","background-image":"","background-repeat":"repeat","background-position":"center center","background-size":"auto","background-attachment":"scroll","background-type":"","background-media":"","overlay-type":"","overlay-color":"","overlay-opacity":"","overlay-gradient":""},"mobile":{"background-color":"var(--ast-global-color-5)","background-image":"","background-repeat":"repeat","background-position":"center center","background-size":"auto","background-attachment":"scroll","background-type":"","background-media":"","overlay-type":"","overlay-color":"","overlay-opacity":"","overlay-gradient":""}},"_joinchat":[]},"product_brand":[],"product_cat":[357],"product_tag":[],"class_list":{"0":"post-7015","1":"product","2":"type-product","3":"status-publish","4":"has-post-thumbnail","6":"product_cat-rape-de","7":"desktop-align-center","8":"tablet-align-left","9":"mobile-align-left","11":"first","12":"instock","13":"shipping-taxable","14":"purchasable","15":"product-type-variable"},"yoast_head":"<!-- This site is optimized with the Yoast SEO Premium plugin v22.6 (Yoast SEO v27.6) - https:\/\/yoast.com\/product\/yoast-seo-premium-wordpress\/ -->\n<title>Kakao-Rap\u00e9: Eine Quelle der Freude und Vitalit\u00e4t<\/title>\n<meta name=\"description\" content=\"Erleben Sie das Leben mit einem neuen Gef\u00fchl von Freude und Vitalit\u00e4t mit Cacao Snuff, der als Schnupftabak der Freude gesch\u00e4tzt wird. Ideal, um die Stimmung zu heben, tiefe Entspannung zu f\u00f6rdern und eine positive Lebenseinstellung zu kultivieren. Perfekt, um den Tag mit Energie zu beginnen und ein konstantes Gef\u00fchl der Freude und Zufriedenheit zu erhalten.\" \/>\n<meta name=\"robots\" content=\"index, follow, max-snippet:-1, max-image-preview:large, max-video-preview:-1\" \/>\n<link rel=\"canonical\" href=\"https:\/\/ancestrina.com\/de\/producto\/rape-kakao\/\" \/>\n<meta property=\"og:locale\" content=\"de_DE\" \/>\n<meta property=\"og:type\" content=\"article\" \/>\n<meta property=\"og:title\" content=\"Kakao\" \/>\n<meta property=\"og:description\" content=\"Erleben Sie das Leben mit einem neuen Gef\u00fchl von Freude und Vitalit\u00e4t mit Cacao Snuff, der als Schnupftabak der Freude gesch\u00e4tzt wird. Ideal, um die Stimmung zu heben, tiefe Entspannung zu f\u00f6rdern und eine positive Lebenseinstellung zu kultivieren. Perfekt, um den Tag mit Energie zu beginnen und ein konstantes Gef\u00fchl der Freude und Zufriedenheit zu erhalten.\" \/>\n<meta property=\"og:url\" content=\"https:\/\/ancestrina.com\/de\/producto\/rape-kakao\/\" \/>\n<meta property=\"og:site_name\" content=\"Ancestrina\" \/>\n<meta property=\"article:publisher\" content=\"https:\/\/www.facebook.com\/Ancestrina\/\" \/>\n<meta property=\"article:modified_time\" content=\"2026-05-16T11:17:53+00:00\" \/>\n<meta property=\"og:image\" content=\"https:\/\/ancestrina.com\/wp-content\/uploads\/cacao-1.jpg\" \/>\n\t<meta property=\"og:image:width\" content=\"2048\" \/>\n\t<meta property=\"og:image:height\" content=\"2048\" \/>\n\t<meta property=\"og:image:type\" content=\"image\/jpeg\" \/>\n<meta name=\"twitter:card\" content=\"summary_large_image\" \/>\n<meta name=\"twitter:label1\" content=\"Gesch\u00e4tzte Lesezeit\" \/>\n\t<meta name=\"twitter:data1\" content=\"2\u00a0Minuten\" \/>\n<script type=\"application\/ld+json\" class=\"yoast-schema-graph\">{\"@context\":\"https:\\\/\\\/schema.org\",\"@graph\":[{\"@type\":\"WebPage\",\"@id\":\"https:\\\/\\\/ancestrina.com\\\/de\\\/producto\\\/rape-kakao\\\/\",\"url\":\"https:\\\/\\\/ancestrina.com\\\/de\\\/producto\\\/rape-kakao\\\/\",\"name\":\"Kakao-Rap\u00e9: Eine Quelle der Freude und Vitalit\u00e4t\",\"isPartOf\":{\"@id\":\"https:\\\/\\\/ancestrina.com\\\/de\\\/#website\"},\"primaryImageOfPage\":{\"@id\":\"https:\\\/\\\/ancestrina.com\\\/de\\\/producto\\\/rape-kakao\\\/#primaryimage\"},\"image\":{\"@id\":\"https:\\\/\\\/ancestrina.com\\\/de\\\/producto\\\/rape-kakao\\\/#primaryimage\"},\"thumbnailUrl\":\"https:\\\/\\\/ancestrina.com\\\/wp-content\\\/uploads\\\/cacao-1.jpg\",\"datePublished\":\"2021-01-19T20:18:21+00:00\",\"dateModified\":\"2026-05-16T11:17:53+00:00\",\"description\":\"Erleben Sie das Leben mit einem neuen Gef\u00fchl von Freude und Vitalit\u00e4t mit Cacao Snuff, der als Schnupftabak der Freude gesch\u00e4tzt wird. Ideal, um die Stimmung zu heben, tiefe Entspannung zu f\u00f6rdern und eine positive Lebenseinstellung zu kultivieren. Perfekt, um den Tag mit Energie zu beginnen und ein konstantes Gef\u00fchl der Freude und Zufriedenheit zu erhalten.\",\"breadcrumb\":{\"@id\":\"https:\\\/\\\/ancestrina.com\\\/de\\\/producto\\\/rape-kakao\\\/#breadcrumb\"},\"inLanguage\":\"de\",\"potentialAction\":[{\"@type\":\"ReadAction\",\"target\":[\"https:\\\/\\\/ancestrina.com\\\/de\\\/producto\\\/rape-kakao\\\/\"]}]},{\"@type\":\"ImageObject\",\"inLanguage\":\"de\",\"@id\":\"https:\\\/\\\/ancestrina.com\\\/de\\\/producto\\\/rape-kakao\\\/#primaryimage\",\"url\":\"https:\\\/\\\/ancestrina.com\\\/wp-content\\\/uploads\\\/cacao-1.jpg\",\"contentUrl\":\"https:\\\/\\\/ancestrina.com\\\/wp-content\\\/uploads\\\/cacao-1.jpg\",\"width\":2048,\"height\":2048},{\"@type\":\"BreadcrumbList\",\"@id\":\"https:\\\/\\\/ancestrina.com\\\/de\\\/producto\\\/rape-kakao\\\/#breadcrumb\",\"itemListElement\":[{\"@type\":\"ListItem\",\"position\":1,\"name\":\"Home\",\"item\":\"https:\\\/\\\/ancestrina.com\\\/de\\\/zuhause\\\/\"},{\"@type\":\"ListItem\",\"position\":2,\"name\":\"Gesch\u00e4ft\",\"item\":\"https:\\\/\\\/ancestrina.com\\\/de\\\/geschaeft\\\/\"},{\"@type\":\"ListItem\",\"position\":3,\"name\":\"Kakao\"}]},{\"@type\":\"WebSite\",\"@id\":\"https:\\\/\\\/ancestrina.com\\\/de\\\/#website\",\"url\":\"https:\\\/\\\/ancestrina.com\\\/de\\\/\",\"name\":\"Ancestrina\",\"description\":\"Trabajamos experiencias con plantas maestras, terapias integradoras y cultos ancestrales\",\"publisher\":{\"@id\":\"https:\\\/\\\/ancestrina.com\\\/de\\\/#organization\"},\"potentialAction\":[{\"@type\":\"SearchAction\",\"target\":{\"@type\":\"EntryPoint\",\"urlTemplate\":\"https:\\\/\\\/ancestrina.com\\\/de\\\/?s={search_term_string}\"},\"query-input\":{\"@type\":\"PropertyValueSpecification\",\"valueRequired\":true,\"valueName\":\"search_term_string\"}}],\"inLanguage\":\"de\"},{\"@type\":\"Organization\",\"@id\":\"https:\\\/\\\/ancestrina.com\\\/de\\\/#organization\",\"name\":\"Ancestrina\",\"url\":\"https:\\\/\\\/ancestrina.com\\\/de\\\/\",\"logo\":{\"@type\":\"ImageObject\",\"inLanguage\":\"de\",\"@id\":\"https:\\\/\\\/ancestrina.com\\\/de\\\/#\\\/schema\\\/logo\\\/image\\\/\",\"url\":\"https:\\\/\\\/ancestrina.com\\\/wp-content\\\/uploads\\\/2020\\\/06\\\/cropped-LOGO-ANCESTRINA-1.png\",\"contentUrl\":\"https:\\\/\\\/ancestrina.com\\\/wp-content\\\/uploads\\\/2020\\\/06\\\/cropped-LOGO-ANCESTRINA-1.png\",\"width\":630,\"height\":202,\"caption\":\"Ancestrina\"},\"image\":{\"@id\":\"https:\\\/\\\/ancestrina.com\\\/de\\\/#\\\/schema\\\/logo\\\/image\\\/\"},\"sameAs\":[\"https:\\\/\\\/www.facebook.com\\\/Ancestrina\\\/\",\"https:\\\/\\\/www.instagram.com\\\/ancestrina\\\/\",\"https:\\\/\\\/www.youtube.com\\\/channel\\\/UCgtt6WFhEIVEI30PzxlOeIw\"]}]}<\/script>\n<!-- \/ Yoast SEO Premium plugin. -->","yoast_head_json":{"title":"Kakao-Rap\u00e9: Eine Quelle der Freude und Vitalit\u00e4t","description":"Erleben Sie das Leben mit einem neuen Gef\u00fchl von Freude und Vitalit\u00e4t mit Cacao Snuff, der als Schnupftabak der Freude gesch\u00e4tzt wird. Ideal, um die Stimmung zu heben, tiefe Entspannung zu f\u00f6rdern und eine positive Lebenseinstellung zu kultivieren. Perfekt, um den Tag mit Energie zu beginnen und ein konstantes Gef\u00fchl der Freude und Zufriedenheit zu erhalten.","robots":{"index":"index","follow":"follow","max-snippet":"max-snippet:-1","max-image-preview":"max-image-preview:large","max-video-preview":"max-video-preview:-1"},"canonical":"https:\/\/ancestrina.com\/de\/producto\/rape-kakao\/","og_locale":"de_DE","og_type":"article","og_title":"Kakao","og_description":"Erleben Sie das Leben mit einem neuen Gef\u00fchl von Freude und Vitalit\u00e4t mit Cacao Snuff, der als Schnupftabak der Freude gesch\u00e4tzt wird. Ideal, um die Stimmung zu heben, tiefe Entspannung zu f\u00f6rdern und eine positive Lebenseinstellung zu kultivieren. Perfekt, um den Tag mit Energie zu beginnen und ein konstantes Gef\u00fchl der Freude und Zufriedenheit zu erhalten.","og_url":"https:\/\/ancestrina.com\/de\/producto\/rape-kakao\/","og_site_name":"Ancestrina","article_publisher":"https:\/\/www.facebook.com\/Ancestrina\/","article_modified_time":"2026-05-16T11:17:53+00:00","og_image":[{"width":2048,"height":2048,"url":"https:\/\/ancestrina.com\/wp-content\/uploads\/cacao-1.jpg","type":"image\/jpeg"}],"twitter_card":"summary_large_image","twitter_misc":{"Gesch\u00e4tzte Lesezeit":"2\u00a0Minuten"},"schema":{"@context":"https:\/\/schema.org","@graph":[{"@type":"WebPage","@id":"https:\/\/ancestrina.com\/de\/producto\/rape-kakao\/","url":"https:\/\/ancestrina.com\/de\/producto\/rape-kakao\/","name":"Kakao-Rap\u00e9: Eine Quelle der Freude und Vitalit\u00e4t","isPartOf":{"@id":"https:\/\/ancestrina.com\/de\/#website"},"primaryImageOfPage":{"@id":"https:\/\/ancestrina.com\/de\/producto\/rape-kakao\/#primaryimage"},"image":{"@id":"https:\/\/ancestrina.com\/de\/producto\/rape-kakao\/#primaryimage"},"thumbnailUrl":"https:\/\/ancestrina.com\/wp-content\/uploads\/cacao-1.jpg","datePublished":"2021-01-19T20:18:21+00:00","dateModified":"2026-05-16T11:17:53+00:00","description":"Erleben Sie das Leben mit einem neuen Gef\u00fchl von Freude und Vitalit\u00e4t mit Cacao Snuff, der als Schnupftabak der Freude gesch\u00e4tzt wird. Ideal, um die Stimmung zu heben, tiefe Entspannung zu f\u00f6rdern und eine positive Lebenseinstellung zu kultivieren. Perfekt, um den Tag mit Energie zu beginnen und ein konstantes Gef\u00fchl der Freude und Zufriedenheit zu erhalten.","breadcrumb":{"@id":"https:\/\/ancestrina.com\/de\/producto\/rape-kakao\/#breadcrumb"},"inLanguage":"de","potentialAction":[{"@type":"ReadAction","target":["https:\/\/ancestrina.com\/de\/producto\/rape-kakao\/"]}]},{"@type":"ImageObject","inLanguage":"de","@id":"https:\/\/ancestrina.com\/de\/producto\/rape-kakao\/#primaryimage","url":"https:\/\/ancestrina.com\/wp-content\/uploads\/cacao-1.jpg","contentUrl":"https:\/\/ancestrina.com\/wp-content\/uploads\/cacao-1.jpg","width":2048,"height":2048},{"@type":"BreadcrumbList","@id":"https:\/\/ancestrina.com\/de\/producto\/rape-kakao\/#breadcrumb","itemListElement":[{"@type":"ListItem","position":1,"name":"Home","item":"https:\/\/ancestrina.com\/de\/zuhause\/"},{"@type":"ListItem","position":2,"name":"Gesch\u00e4ft","item":"https:\/\/ancestrina.com\/de\/geschaeft\/"},{"@type":"ListItem","position":3,"name":"Kakao"}]},{"@type":"WebSite","@id":"https:\/\/ancestrina.com\/de\/#website","url":"https:\/\/ancestrina.com\/de\/","name":"Ancestrina","description":"Trabajamos experiencias con plantas maestras, terapias integradoras y cultos ancestrales","publisher":{"@id":"https:\/\/ancestrina.com\/de\/#organization"},"potentialAction":[{"@type":"SearchAction","target":{"@type":"EntryPoint","urlTemplate":"https:\/\/ancestrina.com\/de\/?s={search_term_string}"},"query-input":{"@type":"PropertyValueSpecification","valueRequired":true,"valueName":"search_term_string"}}],"inLanguage":"de"},{"@type":"Organization","@id":"https:\/\/ancestrina.com\/de\/#organization","name":"Ancestrina","url":"https:\/\/ancestrina.com\/de\/","logo":{"@type":"ImageObject","inLanguage":"de","@id":"https:\/\/ancestrina.com\/de\/#\/schema\/logo\/image\/","url":"https:\/\/ancestrina.com\/wp-content\/uploads\/2020\/06\/cropped-LOGO-ANCESTRINA-1.png","contentUrl":"https:\/\/ancestrina.com\/wp-content\/uploads\/2020\/06\/cropped-LOGO-ANCESTRINA-1.png","width":630,"height":202,"caption":"Ancestrina"},"image":{"@id":"https:\/\/ancestrina.com\/de\/#\/schema\/logo\/image\/"},"sameAs":["https:\/\/www.facebook.com\/Ancestrina\/","https:\/\/www.instagram.com\/ancestrina\/","https:\/\/www.youtube.com\/channel\/UCgtt6WFhEIVEI30PzxlOeIw"]}]}},"_links":{"self":[{"href":"https:\/\/ancestrina.com\/de\/wp-json\/wp\/v2\/product\/7015","targetHints":{"allow":["GET"]}}],"collection":[{"href":"https:\/\/ancestrina.com\/de\/wp-json\/wp\/v2\/product"}],"about":[{"href":"https:\/\/ancestrina.com\/de\/wp-json\/wp\/v2\/types\/product"}],"replies":[{"embeddable":true,"href":"https:\/\/ancestrina.com\/de\/wp-json\/wp\/v2\/comments?post=7015"}],"version-history":[{"count":2,"href":"https:\/\/ancestrina.com\/de\/wp-json\/wp\/v2\/product\/7015\/revisions"}],"predecessor-version":[{"id":37846,"href":"https:\/\/ancestrina.com\/de\/wp-json\/wp\/v2\/product\/7015\/revisions\/37846"}],"wp:featuredmedia":[{"embeddable":true,"href":"https:\/\/ancestrina.com\/de\/wp-json\/wp\/v2\/media\/34517"}],"wp:attachment":[{"href":"https:\/\/ancestrina.com\/de\/wp-json\/wp\/v2\/media?parent=7015"}],"wp:term":[{"taxonomy":"product_brand","embeddable":true,"href":"https:\/\/ancestrina.com\/de\/wp-json\/wp\/v2\/product_brand?post=7015"},{"taxonomy":"product_cat","embeddable":true,"href":"https:\/\/ancestrina.com\/de\/wp-json\/wp\/v2\/product_cat?post=7015"},{"taxonomy":"product_tag","embeddable":true,"href":"https:\/\/ancestrina.com\/de\/wp-json\/wp\/v2\/product_tag?post=7015"}],"curies":[{"name":"wp","href":"https:\/\/api.w.org\/{rel}","templated":true}]}}