{"id":7010,"date":"2021-01-19T20:23:07","date_gmt":"2021-01-19T20:23:07","guid":{"rendered":"http:\/\/ancestrina.com\/producto\/schnupftabak-pfeffer-longa\/"},"modified":"2026-05-12T16:39:44","modified_gmt":"2026-05-12T21:39:44","slug":"rape-pfeffer-longa","status":"publish","type":"product","link":"https:\/\/ancestrina.com\/de\/producto\/rape-pfeffer-longa\/","title":{"rendered":"Pimienta Longa"},"content":{"rendered":"<p>Pimienta Longa Snuff ist ein m\u00e4chtiges spirituelles Werkzeug, das sich auf die F\u00f6rderung von Losgel\u00f6stheit und emotionaler Klarheit konzentriert. Dieser Schnupftabak wurde speziell entwickelt, um Ihnen zu helfen, sowohl k\u00f6rperliche als auch emotionale Bindungen loszulassen, damit Sie ein freieres und authentischeres Leben f\u00fchren k\u00f6nnen. Sein Einfluss geht \u00fcber die blo\u00dfe Entspannung hinaus und regt zu tiefem Nachdenken \u00fcber das Wesen der Kontrolle und dar\u00fcber an, wie unser Bed\u00fcrfnis nach Dominanz unseren inneren Frieden st\u00f6ren kann.<\/p>\n<p>Pimienta Longa Snuff wirkt als Katalysator, um alte emotionale Bindungen und Abh\u00e4ngigkeiten loszulassen und bietet einen Weg zur spirituellen Freiheit. Dieser Befreiungsprozess ist f\u00fcr alle, die auf ihrem pers\u00f6nlichen und spirituellen Weg vorankommen wollen, von entscheidender Bedeutung, da er es ihnen erm\u00f6glicht, das Leben mit einer neuen Perspektive und ohne die Einschr\u00e4nkungen der Vergangenheit anzunehmen.<\/p>\n<p><strong>Wichtigste Vorteile:<\/strong><\/p>\n<ol>\n<li><strong>Erleichtert die Losl\u00f6sung:<\/strong> Hilft Ihnen, k\u00f6rperliche und emotionale Anhaftungen loszulassen, so dass Sie das Leben besser erleben k\u00f6nnen.<\/li>\n<li><strong>Erleichtert das Bed\u00fcrfnis nach Kontrolle:<\/strong> Indem es das Loslassen f\u00f6rdert, reduziert es die Tendenz, sich zu verkrampfen, zu kontrollieren und festzuhalten, was nat\u00fcrlich zu einem Zustand der Entspannung und Offenheit f\u00fchrt.<\/li>\n<li><strong>Erweckt das Bewusstsein f\u00fcr Kontrolle:<\/strong> L\u00e4dt uns ein, \u00fcber unser Bed\u00fcrfnis nach Kontrolle nachzudenken, und hilft uns zu verstehen, dass in der Akzeptanz und der Hingabe wahrer Frieden liegt.<\/li>\n<li><strong>Unterst\u00fctzung in Zeiten des \u00dcbergangs:<\/strong> Ideal f\u00fcr Menschen, die mit bedeutenden Ver\u00e4nderungen konfrontiert sind, um die Akzeptanz und Anpassung an neue Umst\u00e4nde zu erleichtern.<\/li>\n<li><strong>Verdauungshilfe:<\/strong> Die Wirkung von Pimienta Longa Snuff erstreckt sich auf die Linderung von Verdauungsbeschwerden wie Verdauungsst\u00f6rungen, Koliken und Unwohlsein, um das allgemeine Wohlbefinden zu f\u00f6rdern.<\/li>\n<\/ol>\n<p><strong>Ideal f\u00fcr:<\/strong><\/p>\n<ul>\n<li>Menschen, die auf der Suche nach einem spirituellen Hilfsmittel sind, das ihnen beim Prozess des Loslassens und der Losl\u00f6sung hilft.<\/li>\n<li>Diejenigen, die sich in einer Zeit des Wandels befinden und versuchen, sich von alten Bindungen zu befreien, um voranzukommen.<\/li>\n<li>Personen, die ihr Verst\u00e4ndnis f\u00fcr die Dynamik von Kontrolle und Hingabe in ihrem Leben vertiefen m\u00f6chten.<\/li>\n<li>Diejenigen, die eine nat\u00fcrliche Form der Entspannung suchen, um die angesammelten Spannungen des t\u00e4glichen Lebens abzubauen.<\/li>\n<\/ul>\n<p>Pepper Longa Snuff ist ein m\u00e4chtiger Verb\u00fcndeter auf dem Weg zur Losl\u00f6sung und Freiheit von der Illusion der Kontrolle. Indem Sie dieser heiligen Medizin erlauben, in Ihnen zu wirken, \u00f6ffnen Sie sich f\u00fcr einen Prozess der tiefgreifenden Transformation, in dem Gelassenheit und Frieden zu Pfeilern Ihrer Lebenserfahrung werden.<\/p>\n<p>&nbsp;<\/p>\n","protected":false},"excerpt":{"rendered":"<p>Pimienta Longa Snuff ist ein kraftvolles spirituelles Werkzeug, das Ihnen dabei hilft, loszulassen und sich von dem zu l\u00f6sen, was Ihnen nicht mehr dient. Dieser Schnupftabak wirkt in Zeiten, in denen unverarbeitete Emotionen oder Situationen zu k\u00f6rperlichen Blockaden werden, insbesondere im Zusammenhang mit dem dritten Chakra und Verdauungsproblemen. Da dieser Schnupftabak nicht nur Nahrungsmittel, sondern auch Lebenserfahrungen verdaut, erleichtert er das Loslassen von \u00c4ngsten, Unsicherheiten und Reizbarkeit.  <\/p>\n<p>Pimienta Longa Snuff ist ideal f\u00fcr alle, die sich von emotionalen oder psychischen Belastungen befreien wollen. Er f\u00f6rdert das innere Gleichgewicht und die Losl\u00f6sung und hilft Ihnen, Ihre Energie auf ein k\u00f6rperliches und emotionales Wohlbefinden umzulenken. Er ist Ihr Verb\u00fcndeter, wenn es darum geht, Herausforderungen mit gr\u00f6\u00dferer Klarheit, Gelassenheit und Zuversicht zu meistern, damit Sie loslassen k\u00f6nnen, was Sie zur\u00fcckh\u00e4lt. <\/p>\n","protected":false},"featured_media":35007,"comment_status":"closed","ping_status":"closed","template":"","meta":{"order-bump-settings":[],"_wpfnl_thankyou_order_overview":"on","_wpfnl_thankyou_order_details":"on","_wpfnl_thankyou_billing_details":"on","_wpfnl_thankyou_shipping_details":"on","site-sidebar-layout":"default","site-content-layout":"plain-container","ast-site-content-layout":"normal-width-container","site-content-style":"unboxed","site-sidebar-style":"unboxed","ast-global-header-display":"","ast-banner-title-visibility":"","ast-main-header-display":"","ast-hfb-above-header-display":"","ast-hfb-below-header-display":"","ast-hfb-mobile-header-display":"","site-post-title":"","ast-breadcrumbs-content":"","ast-featured-img":"","footer-sml-layout":"","ast-disable-related-posts":"","theme-transparent-header-meta":"disabled","adv-header-id-meta":"","stick-header-meta":"","header-above-stick-meta":"","header-main-stick-meta":"","header-below-stick-meta":"","astra-migrate-meta-layouts":"default","ast-page-background-enabled":"default","ast-page-background-meta":{"desktop":{"background-color":"","background-image":"","background-repeat":"repeat","background-position":"center center","background-size":"auto","background-attachment":"scroll","background-type":"","background-media":"","overlay-type":"","overlay-color":"","overlay-opacity":"","overlay-gradient":""},"tablet":{"background-color":"","background-image":"","background-repeat":"repeat","background-position":"center center","background-size":"auto","background-attachment":"scroll","background-type":"","background-media":"","overlay-type":"","overlay-color":"","overlay-opacity":"","overlay-gradient":""},"mobile":{"background-color":"","background-image":"","background-repeat":"repeat","background-position":"center center","background-size":"auto","background-attachment":"scroll","background-type":"","background-media":"","overlay-type":"","overlay-color":"","overlay-opacity":"","overlay-gradient":""}},"ast-content-background-meta":{"desktop":{"background-color":"var(--ast-global-color-5)","background-image":"","background-repeat":"repeat","background-position":"center center","background-size":"auto","background-attachment":"scroll","background-type":"","background-media":"","overlay-type":"","overlay-color":"","overlay-opacity":"","overlay-gradient":""},"tablet":{"background-color":"var(--ast-global-color-5)","background-image":"","background-repeat":"repeat","background-position":"center center","background-size":"auto","background-attachment":"scroll","background-type":"","background-media":"","overlay-type":"","overlay-color":"","overlay-opacity":"","overlay-gradient":""},"mobile":{"background-color":"var(--ast-global-color-5)","background-image":"","background-repeat":"repeat","background-position":"center center","background-size":"auto","background-attachment":"scroll","background-type":"","background-media":"","overlay-type":"","overlay-color":"","overlay-opacity":"","overlay-gradient":""}},"_joinchat":[]},"product_brand":[],"product_cat":[357],"product_tag":[],"class_list":{"0":"post-7010","1":"product","2":"type-product","3":"status-publish","4":"has-post-thumbnail","6":"product_cat-rape-de","7":"desktop-align-center","8":"tablet-align-left","9":"mobile-align-left","11":"first","12":"instock","13":"shipping-taxable","14":"purchasable","15":"product-type-variable"},"yoast_head":"<!-- This site is optimized with the Yoast SEO Premium plugin v22.6 (Yoast SEO v27.6) - https:\/\/yoast.com\/product\/yoast-seo-premium-wordpress\/ -->\n<title>Pepper Longa Snuff: Gelassenheit, Kontrolle und Gelassenheit<\/title>\n<meta name=\"description\" content=\"Entdecken Sie die Kraft von Pimienta Longa Snuff, um Losgel\u00f6stheit und emotionale Klarheit zu f\u00f6rdern. Dieser Schnupftabak hilft, k\u00f6rperliche und emotionale Anhaftungen loszulassen, lindert das Bed\u00fcrfnis nach Kontrolle und erweckt das Bewusstsein f\u00fcr die Dynamik von Kontrolle und Hingabe. Ideal f\u00fcr Zeiten des \u00dcbergangs und f\u00fcr alle, die eine nat\u00fcrliche Form der Entspannung suchen.\" \/>\n<meta name=\"robots\" content=\"index, follow, max-snippet:-1, max-image-preview:large, max-video-preview:-1\" \/>\n<link rel=\"canonical\" href=\"https:\/\/ancestrina.com\/de\/producto\/rape-pfeffer-longa\/\" \/>\n<meta property=\"og:locale\" content=\"de_DE\" \/>\n<meta property=\"og:type\" content=\"article\" \/>\n<meta property=\"og:title\" content=\"Pimienta Longa\" \/>\n<meta property=\"og:description\" content=\"Entdecken Sie die Kraft von Pimienta Longa Snuff, um Losgel\u00f6stheit und emotionale Klarheit zu f\u00f6rdern. Dieser Schnupftabak hilft, k\u00f6rperliche und emotionale Anhaftungen loszulassen, lindert das Bed\u00fcrfnis nach Kontrolle und erweckt das Bewusstsein f\u00fcr die Dynamik von Kontrolle und Hingabe. Ideal f\u00fcr Zeiten des \u00dcbergangs und f\u00fcr alle, die eine nat\u00fcrliche Form der Entspannung suchen.\" \/>\n<meta property=\"og:url\" content=\"https:\/\/ancestrina.com\/de\/producto\/rape-pfeffer-longa\/\" \/>\n<meta property=\"og:site_name\" content=\"Ancestrina\" \/>\n<meta property=\"article:publisher\" content=\"https:\/\/www.facebook.com\/Ancestrina\/\" \/>\n<meta property=\"article:modified_time\" content=\"2026-05-12T21:39:44+00:00\" \/>\n<meta property=\"og:image\" content=\"https:\/\/ancestrina.com\/wp-content\/uploads\/pimienta.jpg\" \/>\n\t<meta property=\"og:image:width\" content=\"2048\" \/>\n\t<meta property=\"og:image:height\" content=\"2048\" \/>\n\t<meta property=\"og:image:type\" content=\"image\/jpeg\" \/>\n<meta name=\"twitter:card\" content=\"summary_large_image\" \/>\n<meta name=\"twitter:label1\" content=\"Gesch\u00e4tzte Lesezeit\" \/>\n\t<meta name=\"twitter:data1\" content=\"2\u00a0Minuten\" \/>\n<script type=\"application\/ld+json\" class=\"yoast-schema-graph\">{\"@context\":\"https:\\\/\\\/schema.org\",\"@graph\":[{\"@type\":\"WebPage\",\"@id\":\"https:\\\/\\\/ancestrina.com\\\/de\\\/producto\\\/rape-pfeffer-longa\\\/\",\"url\":\"https:\\\/\\\/ancestrina.com\\\/de\\\/producto\\\/rape-pfeffer-longa\\\/\",\"name\":\"Pepper Longa Snuff: Gelassenheit, Kontrolle und Gelassenheit\",\"isPartOf\":{\"@id\":\"https:\\\/\\\/ancestrina.com\\\/de\\\/#website\"},\"primaryImageOfPage\":{\"@id\":\"https:\\\/\\\/ancestrina.com\\\/de\\\/producto\\\/rape-pfeffer-longa\\\/#primaryimage\"},\"image\":{\"@id\":\"https:\\\/\\\/ancestrina.com\\\/de\\\/producto\\\/rape-pfeffer-longa\\\/#primaryimage\"},\"thumbnailUrl\":\"https:\\\/\\\/ancestrina.com\\\/wp-content\\\/uploads\\\/pimienta.jpg\",\"datePublished\":\"2021-01-19T20:23:07+00:00\",\"dateModified\":\"2026-05-12T21:39:44+00:00\",\"description\":\"Entdecken Sie die Kraft von Pimienta Longa Snuff, um Losgel\u00f6stheit und emotionale Klarheit zu f\u00f6rdern. Dieser Schnupftabak hilft, k\u00f6rperliche und emotionale Anhaftungen loszulassen, lindert das Bed\u00fcrfnis nach Kontrolle und erweckt das Bewusstsein f\u00fcr die Dynamik von Kontrolle und Hingabe. Ideal f\u00fcr Zeiten des \u00dcbergangs und f\u00fcr alle, die eine nat\u00fcrliche Form der Entspannung suchen.\",\"breadcrumb\":{\"@id\":\"https:\\\/\\\/ancestrina.com\\\/de\\\/producto\\\/rape-pfeffer-longa\\\/#breadcrumb\"},\"inLanguage\":\"de\",\"potentialAction\":[{\"@type\":\"ReadAction\",\"target\":[\"https:\\\/\\\/ancestrina.com\\\/de\\\/producto\\\/rape-pfeffer-longa\\\/\"]}]},{\"@type\":\"ImageObject\",\"inLanguage\":\"de\",\"@id\":\"https:\\\/\\\/ancestrina.com\\\/de\\\/producto\\\/rape-pfeffer-longa\\\/#primaryimage\",\"url\":\"https:\\\/\\\/ancestrina.com\\\/wp-content\\\/uploads\\\/pimienta.jpg\",\"contentUrl\":\"https:\\\/\\\/ancestrina.com\\\/wp-content\\\/uploads\\\/pimienta.jpg\",\"width\":2048,\"height\":2048},{\"@type\":\"BreadcrumbList\",\"@id\":\"https:\\\/\\\/ancestrina.com\\\/de\\\/producto\\\/rape-pfeffer-longa\\\/#breadcrumb\",\"itemListElement\":[{\"@type\":\"ListItem\",\"position\":1,\"name\":\"Home\",\"item\":\"https:\\\/\\\/ancestrina.com\\\/de\\\/zuhause\\\/\"},{\"@type\":\"ListItem\",\"position\":2,\"name\":\"Gesch\u00e4ft\",\"item\":\"https:\\\/\\\/ancestrina.com\\\/de\\\/geschaeft\\\/\"},{\"@type\":\"ListItem\",\"position\":3,\"name\":\"Pimienta Longa\"}]},{\"@type\":\"WebSite\",\"@id\":\"https:\\\/\\\/ancestrina.com\\\/de\\\/#website\",\"url\":\"https:\\\/\\\/ancestrina.com\\\/de\\\/\",\"name\":\"Ancestrina\",\"description\":\"Trabajamos experiencias con plantas maestras, terapias integradoras y cultos ancestrales\",\"publisher\":{\"@id\":\"https:\\\/\\\/ancestrina.com\\\/de\\\/#organization\"},\"potentialAction\":[{\"@type\":\"SearchAction\",\"target\":{\"@type\":\"EntryPoint\",\"urlTemplate\":\"https:\\\/\\\/ancestrina.com\\\/de\\\/?s={search_term_string}\"},\"query-input\":{\"@type\":\"PropertyValueSpecification\",\"valueRequired\":true,\"valueName\":\"search_term_string\"}}],\"inLanguage\":\"de\"},{\"@type\":\"Organization\",\"@id\":\"https:\\\/\\\/ancestrina.com\\\/de\\\/#organization\",\"name\":\"Ancestrina\",\"url\":\"https:\\\/\\\/ancestrina.com\\\/de\\\/\",\"logo\":{\"@type\":\"ImageObject\",\"inLanguage\":\"de\",\"@id\":\"https:\\\/\\\/ancestrina.com\\\/de\\\/#\\\/schema\\\/logo\\\/image\\\/\",\"url\":\"https:\\\/\\\/ancestrina.com\\\/wp-content\\\/uploads\\\/2020\\\/06\\\/cropped-LOGO-ANCESTRINA-1.png\",\"contentUrl\":\"https:\\\/\\\/ancestrina.com\\\/wp-content\\\/uploads\\\/2020\\\/06\\\/cropped-LOGO-ANCESTRINA-1.png\",\"width\":630,\"height\":202,\"caption\":\"Ancestrina\"},\"image\":{\"@id\":\"https:\\\/\\\/ancestrina.com\\\/de\\\/#\\\/schema\\\/logo\\\/image\\\/\"},\"sameAs\":[\"https:\\\/\\\/www.facebook.com\\\/Ancestrina\\\/\",\"https:\\\/\\\/www.instagram.com\\\/ancestrina\\\/\",\"https:\\\/\\\/www.youtube.com\\\/channel\\\/UCgtt6WFhEIVEI30PzxlOeIw\"]}]}<\/script>\n<!-- \/ Yoast SEO Premium plugin. -->","yoast_head_json":{"title":"Pepper Longa Snuff: Gelassenheit, Kontrolle und Gelassenheit","description":"Entdecken Sie die Kraft von Pimienta Longa Snuff, um Losgel\u00f6stheit und emotionale Klarheit zu f\u00f6rdern. Dieser Schnupftabak hilft, k\u00f6rperliche und emotionale Anhaftungen loszulassen, lindert das Bed\u00fcrfnis nach Kontrolle und erweckt das Bewusstsein f\u00fcr die Dynamik von Kontrolle und Hingabe. Ideal f\u00fcr Zeiten des \u00dcbergangs und f\u00fcr alle, die eine nat\u00fcrliche Form der Entspannung suchen.","robots":{"index":"index","follow":"follow","max-snippet":"max-snippet:-1","max-image-preview":"max-image-preview:large","max-video-preview":"max-video-preview:-1"},"canonical":"https:\/\/ancestrina.com\/de\/producto\/rape-pfeffer-longa\/","og_locale":"de_DE","og_type":"article","og_title":"Pimienta Longa","og_description":"Entdecken Sie die Kraft von Pimienta Longa Snuff, um Losgel\u00f6stheit und emotionale Klarheit zu f\u00f6rdern. Dieser Schnupftabak hilft, k\u00f6rperliche und emotionale Anhaftungen loszulassen, lindert das Bed\u00fcrfnis nach Kontrolle und erweckt das Bewusstsein f\u00fcr die Dynamik von Kontrolle und Hingabe. Ideal f\u00fcr Zeiten des \u00dcbergangs und f\u00fcr alle, die eine nat\u00fcrliche Form der Entspannung suchen.","og_url":"https:\/\/ancestrina.com\/de\/producto\/rape-pfeffer-longa\/","og_site_name":"Ancestrina","article_publisher":"https:\/\/www.facebook.com\/Ancestrina\/","article_modified_time":"2026-05-12T21:39:44+00:00","og_image":[{"width":2048,"height":2048,"url":"https:\/\/ancestrina.com\/wp-content\/uploads\/pimienta.jpg","type":"image\/jpeg"}],"twitter_card":"summary_large_image","twitter_misc":{"Gesch\u00e4tzte Lesezeit":"2\u00a0Minuten"},"schema":{"@context":"https:\/\/schema.org","@graph":[{"@type":"WebPage","@id":"https:\/\/ancestrina.com\/de\/producto\/rape-pfeffer-longa\/","url":"https:\/\/ancestrina.com\/de\/producto\/rape-pfeffer-longa\/","name":"Pepper Longa Snuff: Gelassenheit, Kontrolle und Gelassenheit","isPartOf":{"@id":"https:\/\/ancestrina.com\/de\/#website"},"primaryImageOfPage":{"@id":"https:\/\/ancestrina.com\/de\/producto\/rape-pfeffer-longa\/#primaryimage"},"image":{"@id":"https:\/\/ancestrina.com\/de\/producto\/rape-pfeffer-longa\/#primaryimage"},"thumbnailUrl":"https:\/\/ancestrina.com\/wp-content\/uploads\/pimienta.jpg","datePublished":"2021-01-19T20:23:07+00:00","dateModified":"2026-05-12T21:39:44+00:00","description":"Entdecken Sie die Kraft von Pimienta Longa Snuff, um Losgel\u00f6stheit und emotionale Klarheit zu f\u00f6rdern. Dieser Schnupftabak hilft, k\u00f6rperliche und emotionale Anhaftungen loszulassen, lindert das Bed\u00fcrfnis nach Kontrolle und erweckt das Bewusstsein f\u00fcr die Dynamik von Kontrolle und Hingabe. Ideal f\u00fcr Zeiten des \u00dcbergangs und f\u00fcr alle, die eine nat\u00fcrliche Form der Entspannung suchen.","breadcrumb":{"@id":"https:\/\/ancestrina.com\/de\/producto\/rape-pfeffer-longa\/#breadcrumb"},"inLanguage":"de","potentialAction":[{"@type":"ReadAction","target":["https:\/\/ancestrina.com\/de\/producto\/rape-pfeffer-longa\/"]}]},{"@type":"ImageObject","inLanguage":"de","@id":"https:\/\/ancestrina.com\/de\/producto\/rape-pfeffer-longa\/#primaryimage","url":"https:\/\/ancestrina.com\/wp-content\/uploads\/pimienta.jpg","contentUrl":"https:\/\/ancestrina.com\/wp-content\/uploads\/pimienta.jpg","width":2048,"height":2048},{"@type":"BreadcrumbList","@id":"https:\/\/ancestrina.com\/de\/producto\/rape-pfeffer-longa\/#breadcrumb","itemListElement":[{"@type":"ListItem","position":1,"name":"Home","item":"https:\/\/ancestrina.com\/de\/zuhause\/"},{"@type":"ListItem","position":2,"name":"Gesch\u00e4ft","item":"https:\/\/ancestrina.com\/de\/geschaeft\/"},{"@type":"ListItem","position":3,"name":"Pimienta Longa"}]},{"@type":"WebSite","@id":"https:\/\/ancestrina.com\/de\/#website","url":"https:\/\/ancestrina.com\/de\/","name":"Ancestrina","description":"Trabajamos experiencias con plantas maestras, terapias integradoras y cultos ancestrales","publisher":{"@id":"https:\/\/ancestrina.com\/de\/#organization"},"potentialAction":[{"@type":"SearchAction","target":{"@type":"EntryPoint","urlTemplate":"https:\/\/ancestrina.com\/de\/?s={search_term_string}"},"query-input":{"@type":"PropertyValueSpecification","valueRequired":true,"valueName":"search_term_string"}}],"inLanguage":"de"},{"@type":"Organization","@id":"https:\/\/ancestrina.com\/de\/#organization","name":"Ancestrina","url":"https:\/\/ancestrina.com\/de\/","logo":{"@type":"ImageObject","inLanguage":"de","@id":"https:\/\/ancestrina.com\/de\/#\/schema\/logo\/image\/","url":"https:\/\/ancestrina.com\/wp-content\/uploads\/2020\/06\/cropped-LOGO-ANCESTRINA-1.png","contentUrl":"https:\/\/ancestrina.com\/wp-content\/uploads\/2020\/06\/cropped-LOGO-ANCESTRINA-1.png","width":630,"height":202,"caption":"Ancestrina"},"image":{"@id":"https:\/\/ancestrina.com\/de\/#\/schema\/logo\/image\/"},"sameAs":["https:\/\/www.facebook.com\/Ancestrina\/","https:\/\/www.instagram.com\/ancestrina\/","https:\/\/www.youtube.com\/channel\/UCgtt6WFhEIVEI30PzxlOeIw"]}]}},"_links":{"self":[{"href":"https:\/\/ancestrina.com\/de\/wp-json\/wp\/v2\/product\/7010","targetHints":{"allow":["GET"]}}],"collection":[{"href":"https:\/\/ancestrina.com\/de\/wp-json\/wp\/v2\/product"}],"about":[{"href":"https:\/\/ancestrina.com\/de\/wp-json\/wp\/v2\/types\/product"}],"replies":[{"embeddable":true,"href":"https:\/\/ancestrina.com\/de\/wp-json\/wp\/v2\/comments?post=7010"}],"version-history":[{"count":2,"href":"https:\/\/ancestrina.com\/de\/wp-json\/wp\/v2\/product\/7010\/revisions"}],"predecessor-version":[{"id":37858,"href":"https:\/\/ancestrina.com\/de\/wp-json\/wp\/v2\/product\/7010\/revisions\/37858"}],"wp:featuredmedia":[{"embeddable":true,"href":"https:\/\/ancestrina.com\/de\/wp-json\/wp\/v2\/media\/35007"}],"wp:attachment":[{"href":"https:\/\/ancestrina.com\/de\/wp-json\/wp\/v2\/media?parent=7010"}],"wp:term":[{"taxonomy":"product_brand","embeddable":true,"href":"https:\/\/ancestrina.com\/de\/wp-json\/wp\/v2\/product_brand?post=7010"},{"taxonomy":"product_cat","embeddable":true,"href":"https:\/\/ancestrina.com\/de\/wp-json\/wp\/v2\/product_cat?post=7010"},{"taxonomy":"product_tag","embeddable":true,"href":"https:\/\/ancestrina.com\/de\/wp-json\/wp\/v2\/product_tag?post=7010"}],"curies":[{"name":"wp","href":"https:\/\/api.w.org\/{rel}","templated":true}]}}