{"id":7004,"date":"2021-01-19T20:35:58","date_gmt":"2021-01-19T20:35:58","guid":{"rendered":"http:\/\/ancestrina.com\/producto\/schnupftabak-aroeira\/"},"modified":"2026-05-12T23:49:57","modified_gmt":"2026-05-13T04:49:57","slug":"rapel-aroeira","status":"publish","type":"product","link":"https:\/\/ancestrina.com\/de\/producto\/rapel-aroeira\/","title":{"rendered":"Aroeira"},"content":{"rendered":"<p>Aroeira Snuff ist als &#8222;Schnupftabak der Verantwortung&#8220; bekannt, da er eine starke Wirkung auf die Energiezentren hat, die unsere Handlungsf\u00e4higkeit und unser Engagement direkt beeinflussen. Dieser Schnupftabak wirkt vom ersten Chakra (Wurzel) aufsteigend bis zum dritten Chakra (Solarplexus). Er l\u00f6st die Blockade stagnierender Energien, die uns dazu verleiten, zu z\u00f6gern und unsere Verantwortung aufzuschieben. <\/p>\n<p><strong>Die wichtigsten Vorteile von Aroeira Rap\u00e9:<\/strong><\/p>\n<ol>\n<li><strong>Energetisches L\u00f6sen von Blockaden:<\/strong> Beginnen Sie mit dem L\u00f6sen von Blockaden im Wurzelchakra, das entscheidend ist, um den ersten Schwung und die Kraft zu gewinnen, um Projekte zu beginnen.<\/li>\n<li><strong>St\u00e4rkung der Willenskraft:<\/strong> Erh\u00f6ht die Energie im Solarplexus, dem Zentrum unserer Willenskraft, und bef\u00e4higt die Person, Aufgaben mit Entschlossenheit anzugehen und zu erledigen.<\/li>\n<li><strong>Bek\u00e4mpfung der Prokrastination:<\/strong> Bietet Klarheit \u00fcber die Gr\u00fcnde f\u00fcr die Prokrastination und liefert die Werkzeuge zur \u00dcberwindung dieser Gewohnheit.<\/li>\n<li><strong>Gesteigerte Produktivit\u00e4t:<\/strong> Hilft dabei, Aufgaben ohne Widerstand, Jammern oder Langeweile auszuf\u00fchren, was die Produktivit\u00e4t deutlich erh\u00f6ht.<\/li>\n<li><strong>Verbesserte Konzentration und Ausrichtung:<\/strong> Kl\u00e4rt den Geist und erm\u00f6glicht eine erneute Konzentration und klare Ausrichtung auf t\u00e4gliche Aktivit\u00e4ten und langfristige Ziele.<\/li>\n<\/ol>\n<p><strong>Ideal f\u00fcr:<\/strong><\/p>\n<ul>\n<li>Personen, die h\u00e4ufig mit Prokrastination und Motivationsmangel zu k\u00e4mpfen haben.<\/li>\n<li>Diejenigen, die sich von ihren Aufgaben \u00fcberfordert f\u00fchlen und einen Ansto\u00df brauchen, um Aufgaben in Angriff zu nehmen oder zu erledigen.<\/li>\n<li>Menschen, die ihre Verbindung mit ihren Energiezentren st\u00e4rken wollen, um ihr pers\u00f6nliches Energiemanagement zu verbessern.<\/li>\n<li>Diejenigen, die einen disziplinierteren und leistungsorientierteren Ansatz f\u00fcr ihr pers\u00f6nliches und berufliches Leben w\u00fcnschen.<\/li>\n<\/ul>\n<p>Integrieren Sie Aroeira Rap\u00e9 in Ihre Routine, um Ihre Konzentration und Produktivit\u00e4t zu steigern. Entdecken Sie, wie dieser m\u00e4chtige Verb\u00fcndete Ihnen helfen kann, Aufschieberitis zu beseitigen und Ihr volles Potenzial zu aktivieren, um Ihre Ziele mit Selbstvertrauen und Klarheit zu erreichen.<\/p>\n","protected":false},"excerpt":{"rendered":"<p>Entdecken Sie den Aroeira Schnupftabak, der als &#8222;Schnupftabak der Verantwortung&#8220; bekannt ist und speziell entwickelt wurde, um Aufschieberitis zu bek\u00e4mpfen und zum Handeln anzuregen. Dieser kraftvolle Schnupftabak wirkt, indem er die Wurzelchakren und den Solarplexus entblockiert und aktiviert. Er steigert die Motivation, die Entschlossenheit und die Klarheit, um unerledigte Aufgaben zu erledigen und neue Aufgaben mit neuer Energie zu \u00fcbernehmen.<\/p>\n<p>Aroeira Rap\u00e9 ist ideal f\u00fcr alle, die mit Aufschieberitis oder Orientierungslosigkeit zu k\u00e4mpfen haben, und ist ein unverzichtbares Hilfsmittel zur Verbesserung von Produktivit\u00e4t und Konzentration. Nutzen Sie es, um eine disziplinierte Vorgehensweise zu kultivieren und Ihre pers\u00f6nlichen und beruflichen Ziele effektiver zu erreichen.<\/p>\n","protected":false},"featured_media":34468,"comment_status":"closed","ping_status":"closed","template":"","meta":{"order-bump-settings":[],"_wpfnl_thankyou_order_overview":"on","_wpfnl_thankyou_order_details":"on","_wpfnl_thankyou_billing_details":"on","_wpfnl_thankyou_shipping_details":"on","site-sidebar-layout":"default","site-content-layout":"plain-container","ast-site-content-layout":"normal-width-container","site-content-style":"unboxed","site-sidebar-style":"unboxed","ast-global-header-display":"","ast-banner-title-visibility":"","ast-main-header-display":"","ast-hfb-above-header-display":"","ast-hfb-below-header-display":"","ast-hfb-mobile-header-display":"","site-post-title":"","ast-breadcrumbs-content":"","ast-featured-img":"","footer-sml-layout":"","ast-disable-related-posts":"","theme-transparent-header-meta":"disabled","adv-header-id-meta":"","stick-header-meta":"","header-above-stick-meta":"","header-main-stick-meta":"","header-below-stick-meta":"","astra-migrate-meta-layouts":"default","ast-page-background-enabled":"default","ast-page-background-meta":{"desktop":{"background-color":"","background-image":"","background-repeat":"repeat","background-position":"center center","background-size":"auto","background-attachment":"scroll","background-type":"","background-media":"","overlay-type":"","overlay-color":"","overlay-opacity":"","overlay-gradient":""},"tablet":{"background-color":"","background-image":"","background-repeat":"repeat","background-position":"center center","background-size":"auto","background-attachment":"scroll","background-type":"","background-media":"","overlay-type":"","overlay-color":"","overlay-opacity":"","overlay-gradient":""},"mobile":{"background-color":"","background-image":"","background-repeat":"repeat","background-position":"center center","background-size":"auto","background-attachment":"scroll","background-type":"","background-media":"","overlay-type":"","overlay-color":"","overlay-opacity":"","overlay-gradient":""}},"ast-content-background-meta":{"desktop":{"background-color":"var(--ast-global-color-5)","background-image":"","background-repeat":"repeat","background-position":"center center","background-size":"auto","background-attachment":"scroll","background-type":"","background-media":"","overlay-type":"","overlay-color":"","overlay-opacity":"","overlay-gradient":""},"tablet":{"background-color":"var(--ast-global-color-5)","background-image":"","background-repeat":"repeat","background-position":"center center","background-size":"auto","background-attachment":"scroll","background-type":"","background-media":"","overlay-type":"","overlay-color":"","overlay-opacity":"","overlay-gradient":""},"mobile":{"background-color":"var(--ast-global-color-5)","background-image":"","background-repeat":"repeat","background-position":"center center","background-size":"auto","background-attachment":"scroll","background-type":"","background-media":"","overlay-type":"","overlay-color":"","overlay-opacity":"","overlay-gradient":""}},"_joinchat":[]},"product_brand":[],"product_cat":[357],"product_tag":[],"class_list":{"0":"post-7004","1":"product","2":"type-product","3":"status-publish","4":"has-post-thumbnail","6":"product_cat-rape-de","7":"desktop-align-center","8":"tablet-align-left","9":"mobile-align-left","11":"first","12":"instock","13":"shipping-taxable","14":"purchasable","15":"product-type-variable"},"yoast_head":"<!-- This site is optimized with the Yoast SEO Premium plugin v22.6 (Yoast SEO v27.6) - https:\/\/yoast.com\/product\/yoast-seo-premium-wordpress\/ -->\n<title>Rap\u00e9 Aroeira: \u00dcberwindung der Prokrastination<\/title>\n<meta name=\"description\" content=\"Entdecken Sie den Aroeira Schnupftabak, der als &quot;Schnupftabak der Verantwortung&quot; bekannt ist und stagnierende Energien in den Wurzelchakren und im Solarplexus freisetzt, um Zaudern zu bek\u00e4mpfen und die Produktivit\u00e4t zu steigern. Ideal f\u00fcr alle, die mit mangelnder Motivation zu k\u00e4mpfen haben und ihre Verbindung zu ihren Energiezentren st\u00e4rken m\u00f6chten. Integrieren Sie Aroeira Rap\u00e9 in Ihre Routine, um Ihr volles Potenzial zu aktivieren und Ihre Ziele mit Zuversicht und Klarheit zu erreichen.\" \/>\n<meta name=\"robots\" content=\"index, follow, max-snippet:-1, max-image-preview:large, max-video-preview:-1\" \/>\n<link rel=\"canonical\" href=\"https:\/\/ancestrina.com\/de\/producto\/rapel-aroeira\/\" \/>\n<meta property=\"og:locale\" content=\"de_DE\" \/>\n<meta property=\"og:type\" content=\"article\" \/>\n<meta property=\"og:title\" content=\"Aroeira\" \/>\n<meta property=\"og:description\" content=\"Entdecken Sie den Aroeira Schnupftabak, der als &quot;Schnupftabak der Verantwortung&quot; bekannt ist und stagnierende Energien in den Wurzelchakren und im Solarplexus freisetzt, um Zaudern zu bek\u00e4mpfen und die Produktivit\u00e4t zu steigern. Ideal f\u00fcr alle, die mit mangelnder Motivation zu k\u00e4mpfen haben und ihre Verbindung zu ihren Energiezentren st\u00e4rken m\u00f6chten. Integrieren Sie Aroeira Rap\u00e9 in Ihre Routine, um Ihr volles Potenzial zu aktivieren und Ihre Ziele mit Zuversicht und Klarheit zu erreichen.\" \/>\n<meta property=\"og:url\" content=\"https:\/\/ancestrina.com\/de\/producto\/rapel-aroeira\/\" \/>\n<meta property=\"og:site_name\" content=\"Ancestrina\" \/>\n<meta property=\"article:publisher\" content=\"https:\/\/www.facebook.com\/Ancestrina\/\" \/>\n<meta property=\"article:modified_time\" content=\"2026-05-13T04:49:57+00:00\" \/>\n<meta property=\"og:image\" content=\"https:\/\/ancestrina.com\/wp-content\/uploads\/Aroeira.jpg\" \/>\n\t<meta property=\"og:image:width\" content=\"2048\" \/>\n\t<meta property=\"og:image:height\" content=\"2048\" \/>\n\t<meta property=\"og:image:type\" content=\"image\/jpeg\" \/>\n<meta name=\"twitter:card\" content=\"summary_large_image\" \/>\n<meta name=\"twitter:label1\" content=\"Gesch\u00e4tzte Lesezeit\" \/>\n\t<meta name=\"twitter:data1\" content=\"2\u00a0Minuten\" \/>\n<script type=\"application\/ld+json\" class=\"yoast-schema-graph\">{\"@context\":\"https:\\\/\\\/schema.org\",\"@graph\":[{\"@type\":\"WebPage\",\"@id\":\"https:\\\/\\\/ancestrina.com\\\/de\\\/producto\\\/rapel-aroeira\\\/\",\"url\":\"https:\\\/\\\/ancestrina.com\\\/de\\\/producto\\\/rapel-aroeira\\\/\",\"name\":\"Rap\u00e9 Aroeira: \u00dcberwindung der Prokrastination\",\"isPartOf\":{\"@id\":\"https:\\\/\\\/ancestrina.com\\\/de\\\/#website\"},\"primaryImageOfPage\":{\"@id\":\"https:\\\/\\\/ancestrina.com\\\/de\\\/producto\\\/rapel-aroeira\\\/#primaryimage\"},\"image\":{\"@id\":\"https:\\\/\\\/ancestrina.com\\\/de\\\/producto\\\/rapel-aroeira\\\/#primaryimage\"},\"thumbnailUrl\":\"https:\\\/\\\/ancestrina.com\\\/wp-content\\\/uploads\\\/Aroeira.jpg\",\"datePublished\":\"2021-01-19T20:35:58+00:00\",\"dateModified\":\"2026-05-13T04:49:57+00:00\",\"description\":\"Entdecken Sie den Aroeira Schnupftabak, der als \\\"Schnupftabak der Verantwortung\\\" bekannt ist und stagnierende Energien in den Wurzelchakren und im Solarplexus freisetzt, um Zaudern zu bek\u00e4mpfen und die Produktivit\u00e4t zu steigern. Ideal f\u00fcr alle, die mit mangelnder Motivation zu k\u00e4mpfen haben und ihre Verbindung zu ihren Energiezentren st\u00e4rken m\u00f6chten. Integrieren Sie Aroeira Rap\u00e9 in Ihre Routine, um Ihr volles Potenzial zu aktivieren und Ihre Ziele mit Zuversicht und Klarheit zu erreichen.\",\"breadcrumb\":{\"@id\":\"https:\\\/\\\/ancestrina.com\\\/de\\\/producto\\\/rapel-aroeira\\\/#breadcrumb\"},\"inLanguage\":\"de\",\"potentialAction\":[{\"@type\":\"ReadAction\",\"target\":[\"https:\\\/\\\/ancestrina.com\\\/de\\\/producto\\\/rapel-aroeira\\\/\"]}]},{\"@type\":\"ImageObject\",\"inLanguage\":\"de\",\"@id\":\"https:\\\/\\\/ancestrina.com\\\/de\\\/producto\\\/rapel-aroeira\\\/#primaryimage\",\"url\":\"https:\\\/\\\/ancestrina.com\\\/wp-content\\\/uploads\\\/Aroeira.jpg\",\"contentUrl\":\"https:\\\/\\\/ancestrina.com\\\/wp-content\\\/uploads\\\/Aroeira.jpg\",\"width\":2048,\"height\":2048},{\"@type\":\"BreadcrumbList\",\"@id\":\"https:\\\/\\\/ancestrina.com\\\/de\\\/producto\\\/rapel-aroeira\\\/#breadcrumb\",\"itemListElement\":[{\"@type\":\"ListItem\",\"position\":1,\"name\":\"Home\",\"item\":\"https:\\\/\\\/ancestrina.com\\\/de\\\/zuhause\\\/\"},{\"@type\":\"ListItem\",\"position\":2,\"name\":\"Gesch\u00e4ft\",\"item\":\"https:\\\/\\\/ancestrina.com\\\/de\\\/geschaeft\\\/\"},{\"@type\":\"ListItem\",\"position\":3,\"name\":\"Aroeira\"}]},{\"@type\":\"WebSite\",\"@id\":\"https:\\\/\\\/ancestrina.com\\\/de\\\/#website\",\"url\":\"https:\\\/\\\/ancestrina.com\\\/de\\\/\",\"name\":\"Ancestrina\",\"description\":\"Trabajamos experiencias con plantas maestras, terapias integradoras y cultos ancestrales\",\"publisher\":{\"@id\":\"https:\\\/\\\/ancestrina.com\\\/de\\\/#organization\"},\"potentialAction\":[{\"@type\":\"SearchAction\",\"target\":{\"@type\":\"EntryPoint\",\"urlTemplate\":\"https:\\\/\\\/ancestrina.com\\\/de\\\/?s={search_term_string}\"},\"query-input\":{\"@type\":\"PropertyValueSpecification\",\"valueRequired\":true,\"valueName\":\"search_term_string\"}}],\"inLanguage\":\"de\"},{\"@type\":\"Organization\",\"@id\":\"https:\\\/\\\/ancestrina.com\\\/de\\\/#organization\",\"name\":\"Ancestrina\",\"url\":\"https:\\\/\\\/ancestrina.com\\\/de\\\/\",\"logo\":{\"@type\":\"ImageObject\",\"inLanguage\":\"de\",\"@id\":\"https:\\\/\\\/ancestrina.com\\\/de\\\/#\\\/schema\\\/logo\\\/image\\\/\",\"url\":\"https:\\\/\\\/ancestrina.com\\\/wp-content\\\/uploads\\\/2020\\\/06\\\/cropped-LOGO-ANCESTRINA-1.png\",\"contentUrl\":\"https:\\\/\\\/ancestrina.com\\\/wp-content\\\/uploads\\\/2020\\\/06\\\/cropped-LOGO-ANCESTRINA-1.png\",\"width\":630,\"height\":202,\"caption\":\"Ancestrina\"},\"image\":{\"@id\":\"https:\\\/\\\/ancestrina.com\\\/de\\\/#\\\/schema\\\/logo\\\/image\\\/\"},\"sameAs\":[\"https:\\\/\\\/www.facebook.com\\\/Ancestrina\\\/\",\"https:\\\/\\\/www.instagram.com\\\/ancestrina\\\/\",\"https:\\\/\\\/www.youtube.com\\\/channel\\\/UCgtt6WFhEIVEI30PzxlOeIw\"]}]}<\/script>\n<!-- \/ Yoast SEO Premium plugin. -->","yoast_head_json":{"title":"Rap\u00e9 Aroeira: \u00dcberwindung der Prokrastination","description":"Entdecken Sie den Aroeira Schnupftabak, der als \"Schnupftabak der Verantwortung\" bekannt ist und stagnierende Energien in den Wurzelchakren und im Solarplexus freisetzt, um Zaudern zu bek\u00e4mpfen und die Produktivit\u00e4t zu steigern. Ideal f\u00fcr alle, die mit mangelnder Motivation zu k\u00e4mpfen haben und ihre Verbindung zu ihren Energiezentren st\u00e4rken m\u00f6chten. Integrieren Sie Aroeira Rap\u00e9 in Ihre Routine, um Ihr volles Potenzial zu aktivieren und Ihre Ziele mit Zuversicht und Klarheit zu erreichen.","robots":{"index":"index","follow":"follow","max-snippet":"max-snippet:-1","max-image-preview":"max-image-preview:large","max-video-preview":"max-video-preview:-1"},"canonical":"https:\/\/ancestrina.com\/de\/producto\/rapel-aroeira\/","og_locale":"de_DE","og_type":"article","og_title":"Aroeira","og_description":"Entdecken Sie den Aroeira Schnupftabak, der als \"Schnupftabak der Verantwortung\" bekannt ist und stagnierende Energien in den Wurzelchakren und im Solarplexus freisetzt, um Zaudern zu bek\u00e4mpfen und die Produktivit\u00e4t zu steigern. Ideal f\u00fcr alle, die mit mangelnder Motivation zu k\u00e4mpfen haben und ihre Verbindung zu ihren Energiezentren st\u00e4rken m\u00f6chten. Integrieren Sie Aroeira Rap\u00e9 in Ihre Routine, um Ihr volles Potenzial zu aktivieren und Ihre Ziele mit Zuversicht und Klarheit zu erreichen.","og_url":"https:\/\/ancestrina.com\/de\/producto\/rapel-aroeira\/","og_site_name":"Ancestrina","article_publisher":"https:\/\/www.facebook.com\/Ancestrina\/","article_modified_time":"2026-05-13T04:49:57+00:00","og_image":[{"width":2048,"height":2048,"url":"https:\/\/ancestrina.com\/wp-content\/uploads\/Aroeira.jpg","type":"image\/jpeg"}],"twitter_card":"summary_large_image","twitter_misc":{"Gesch\u00e4tzte Lesezeit":"2\u00a0Minuten"},"schema":{"@context":"https:\/\/schema.org","@graph":[{"@type":"WebPage","@id":"https:\/\/ancestrina.com\/de\/producto\/rapel-aroeira\/","url":"https:\/\/ancestrina.com\/de\/producto\/rapel-aroeira\/","name":"Rap\u00e9 Aroeira: \u00dcberwindung der Prokrastination","isPartOf":{"@id":"https:\/\/ancestrina.com\/de\/#website"},"primaryImageOfPage":{"@id":"https:\/\/ancestrina.com\/de\/producto\/rapel-aroeira\/#primaryimage"},"image":{"@id":"https:\/\/ancestrina.com\/de\/producto\/rapel-aroeira\/#primaryimage"},"thumbnailUrl":"https:\/\/ancestrina.com\/wp-content\/uploads\/Aroeira.jpg","datePublished":"2021-01-19T20:35:58+00:00","dateModified":"2026-05-13T04:49:57+00:00","description":"Entdecken Sie den Aroeira Schnupftabak, der als \"Schnupftabak der Verantwortung\" bekannt ist und stagnierende Energien in den Wurzelchakren und im Solarplexus freisetzt, um Zaudern zu bek\u00e4mpfen und die Produktivit\u00e4t zu steigern. Ideal f\u00fcr alle, die mit mangelnder Motivation zu k\u00e4mpfen haben und ihre Verbindung zu ihren Energiezentren st\u00e4rken m\u00f6chten. Integrieren Sie Aroeira Rap\u00e9 in Ihre Routine, um Ihr volles Potenzial zu aktivieren und Ihre Ziele mit Zuversicht und Klarheit zu erreichen.","breadcrumb":{"@id":"https:\/\/ancestrina.com\/de\/producto\/rapel-aroeira\/#breadcrumb"},"inLanguage":"de","potentialAction":[{"@type":"ReadAction","target":["https:\/\/ancestrina.com\/de\/producto\/rapel-aroeira\/"]}]},{"@type":"ImageObject","inLanguage":"de","@id":"https:\/\/ancestrina.com\/de\/producto\/rapel-aroeira\/#primaryimage","url":"https:\/\/ancestrina.com\/wp-content\/uploads\/Aroeira.jpg","contentUrl":"https:\/\/ancestrina.com\/wp-content\/uploads\/Aroeira.jpg","width":2048,"height":2048},{"@type":"BreadcrumbList","@id":"https:\/\/ancestrina.com\/de\/producto\/rapel-aroeira\/#breadcrumb","itemListElement":[{"@type":"ListItem","position":1,"name":"Home","item":"https:\/\/ancestrina.com\/de\/zuhause\/"},{"@type":"ListItem","position":2,"name":"Gesch\u00e4ft","item":"https:\/\/ancestrina.com\/de\/geschaeft\/"},{"@type":"ListItem","position":3,"name":"Aroeira"}]},{"@type":"WebSite","@id":"https:\/\/ancestrina.com\/de\/#website","url":"https:\/\/ancestrina.com\/de\/","name":"Ancestrina","description":"Trabajamos experiencias con plantas maestras, terapias integradoras y cultos ancestrales","publisher":{"@id":"https:\/\/ancestrina.com\/de\/#organization"},"potentialAction":[{"@type":"SearchAction","target":{"@type":"EntryPoint","urlTemplate":"https:\/\/ancestrina.com\/de\/?s={search_term_string}"},"query-input":{"@type":"PropertyValueSpecification","valueRequired":true,"valueName":"search_term_string"}}],"inLanguage":"de"},{"@type":"Organization","@id":"https:\/\/ancestrina.com\/de\/#organization","name":"Ancestrina","url":"https:\/\/ancestrina.com\/de\/","logo":{"@type":"ImageObject","inLanguage":"de","@id":"https:\/\/ancestrina.com\/de\/#\/schema\/logo\/image\/","url":"https:\/\/ancestrina.com\/wp-content\/uploads\/2020\/06\/cropped-LOGO-ANCESTRINA-1.png","contentUrl":"https:\/\/ancestrina.com\/wp-content\/uploads\/2020\/06\/cropped-LOGO-ANCESTRINA-1.png","width":630,"height":202,"caption":"Ancestrina"},"image":{"@id":"https:\/\/ancestrina.com\/de\/#\/schema\/logo\/image\/"},"sameAs":["https:\/\/www.facebook.com\/Ancestrina\/","https:\/\/www.instagram.com\/ancestrina\/","https:\/\/www.youtube.com\/channel\/UCgtt6WFhEIVEI30PzxlOeIw"]}]}},"_links":{"self":[{"href":"https:\/\/ancestrina.com\/de\/wp-json\/wp\/v2\/product\/7004","targetHints":{"allow":["GET"]}}],"collection":[{"href":"https:\/\/ancestrina.com\/de\/wp-json\/wp\/v2\/product"}],"about":[{"href":"https:\/\/ancestrina.com\/de\/wp-json\/wp\/v2\/types\/product"}],"replies":[{"embeddable":true,"href":"https:\/\/ancestrina.com\/de\/wp-json\/wp\/v2\/comments?post=7004"}],"version-history":[{"count":2,"href":"https:\/\/ancestrina.com\/de\/wp-json\/wp\/v2\/product\/7004\/revisions"}],"predecessor-version":[{"id":37861,"href":"https:\/\/ancestrina.com\/de\/wp-json\/wp\/v2\/product\/7004\/revisions\/37861"}],"wp:featuredmedia":[{"embeddable":true,"href":"https:\/\/ancestrina.com\/de\/wp-json\/wp\/v2\/media\/34468"}],"wp:attachment":[{"href":"https:\/\/ancestrina.com\/de\/wp-json\/wp\/v2\/media?parent=7004"}],"wp:term":[{"taxonomy":"product_brand","embeddable":true,"href":"https:\/\/ancestrina.com\/de\/wp-json\/wp\/v2\/product_brand?post=7004"},{"taxonomy":"product_cat","embeddable":true,"href":"https:\/\/ancestrina.com\/de\/wp-json\/wp\/v2\/product_cat?post=7004"},{"taxonomy":"product_tag","embeddable":true,"href":"https:\/\/ancestrina.com\/de\/wp-json\/wp\/v2\/product_tag?post=7004"}],"curies":[{"name":"wp","href":"https:\/\/api.w.org\/{rel}","templated":true}]}}