{"id":36774,"date":"2025-10-23T02:40:58","date_gmt":"2025-10-23T07:40:58","guid":{"rendered":"https:\/\/ancestrina.com\/?post_type=product&#038;p=36774"},"modified":"2026-05-17T12:19:50","modified_gmt":"2026-05-17T17:19:50","slug":"jenipapo","status":"publish","type":"product","link":"https:\/\/ancestrina.com\/de\/producto\/jenipapo\/","title":{"rendered":"Jenipapo"},"content":{"rendered":"<article class=\"w-full text-token-text-primary focus-visible:outline-2 focus-visible:outline-offset-[-4px]\" dir=\"auto\" data-testid=\"conversation-turn-9\" data-scroll-anchor=\"true\">\n<div class=\"text-base my-auto mx-auto py-[18px] px-6\">\n<div class=\"mx-auto flex flex-1 text-base gap-4 md:gap-5 lg:gap-6 md:max-w-3xl lg:max-w-[40rem] xl:max-w-[48rem]\">\n<div class=\"group\/conversation-turn relative flex w-full min-w-0 flex-col agent-turn @xs\/thread:px-0 @sm\/thread:px-1.5 @md\/thread:px-4\">\n<div class=\"flex-col gap-1 md:gap-3\">\n<div class=\"flex max-w-full flex-col flex-grow\">\n<div class=\"min-h-8 text-message relative flex w-full flex-col items-end gap-2 whitespace-normal break-words text-start [.text-message+&]:mt-5\" dir=\"auto\" data-message-author-role=\"assistant\" data-message-id=\"9e89b7b7-0c73-46c4-93bf-6381a039ba55\" data-message-model-slug=\"gpt-4o\">\n<div class=\"flex w-full flex-col gap-1 empty:hidden first:pt-[3px]\">\n<div class=\"markdown prose w-full break-words dark:prose-invert light\">\n<p data-start=\"237\" data-end=\"306\"><strong data-start=\"237\" data-end=\"304\">Rap\u00e9 Jenipapo: Empowerment und Anerkennung des eigenen Wertes<\/strong><\/p>\n<p data-start=\"308\" data-end=\"559\">Rap\u00e9 Jenipapo, hergestellt aus <strong data-start=\"340\" data-end=\"360\">Genipa americana<\/strong>, ist eine uralte Medizin, die auf <strong data-start=\"407\" data-end=\"445\">das Selbstbild und das pers\u00f6nliche Selbstvertrauen<\/strong> einwirkt. Sein Wesen begleitet Prozesse des Selbstwertgef\u00fchls und hilft, das eigene Licht, die eigenen Talente und F\u00e4higkeiten zu erkennen.<\/p>\n<p data-start=\"561\" data-end=\"808\">Dieser rap\u00e9 ist ideal f\u00fcr alle, die ihre innere Sicherheit st\u00e4rken und an ihrer Beziehung zu sich selbst arbeiten m\u00f6chten. Seine Wirkung erm\u00f6glicht es uns, einschr\u00e4nkende Glaubenss\u00e4tze und Muster der Selbstsabotage aufzul\u00f6sen und eine <strong data-start=\"761\" data-end=\"805\">authentischere Verbindung mit dem eigenen Wesen<\/strong> zu f\u00f6rdern. <\/p>\n<p data-start=\"810\" data-end=\"839\"><strong data-start=\"810\" data-end=\"837\">Hauptvorteile:<\/strong><\/p>\n<ul data-start=\"840\" data-end=\"1169\">\n<li data-start=\"840\" data-end=\"884\">Es st\u00e4rkt das Selbstwertgef\u00fchl und die Selbstliebe.<\/li>\n<li data-start=\"885\" data-end=\"940\">Es hilft, die eigenen Qualit\u00e4ten zu erkennen und wertzusch\u00e4tzen.<\/li>\n<li data-start=\"941\" data-end=\"1014\">L\u00f6st Unsicherheiten und Glaubenss\u00e4tze auf, die den pers\u00f6nlichen Ausdruck einschr\u00e4nken.<\/li>\n<li data-start=\"1015\" data-end=\"1089\">Sie schafft Klarheit im Selbstbild und in der Wahrnehmung des eigenen Weges.<\/li>\n<li data-start=\"1090\" data-end=\"1169\">Es f\u00f6rdert das Vertrauen in die Entscheidungsfindung und den authentischen Ausdruck.<\/li>\n<\/ul>\n<p data-start=\"1171\" data-end=\"1344\" data-is-last-node=\"\" data-is-only-node=\"\">Rap\u00e9 ist ein kraftvolles Werkzeug f\u00fcr alle, die <strong data-start=\"1236\" data-end=\"1332\">sich wieder mit ihrer Essenz verbinden, sich von innen heraus st\u00e4rken und mit Sicherheit und Entschlossenheit<\/strong> in ihrem Leben gehen wollen<\/p>\n<\/div>\n<\/div>\n<\/div>\n<\/div>\n<\/div>\n<\/div>\n<\/div>\n<\/div>\n<\/article>\n","protected":false},"excerpt":{"rendered":"<p>Rap\u00e9 ist ein Verb\u00fcndeter, um das Selbstwertgef\u00fchl und die pers\u00f6nliche Wahrnehmung zu st\u00e4rken. Ihre Energie hilft, den eigenen Wert zu erkennen, f\u00f6rdert Sicherheit und inneres Vertrauen. <\/p>\n","protected":false},"featured_media":34800,"comment_status":"open","ping_status":"closed","template":"","meta":{"order-bump-settings":[],"_wpfnl_thankyou_order_overview":"on","_wpfnl_thankyou_order_details":"on","_wpfnl_thankyou_billing_details":"on","_wpfnl_thankyou_shipping_details":"on","site-sidebar-layout":"default","site-content-layout":"","ast-site-content-layout":"default","site-content-style":"default","site-sidebar-style":"default","ast-global-header-display":"","ast-banner-title-visibility":"","ast-main-header-display":"","ast-hfb-above-header-display":"","ast-hfb-below-header-display":"","ast-hfb-mobile-header-display":"","site-post-title":"","ast-breadcrumbs-content":"","ast-featured-img":"","footer-sml-layout":"","ast-disable-related-posts":"","theme-transparent-header-meta":"default","adv-header-id-meta":"","stick-header-meta":"","header-above-stick-meta":"","header-main-stick-meta":"","header-below-stick-meta":"","astra-migrate-meta-layouts":"default","ast-page-background-enabled":"default","ast-page-background-meta":{"desktop":{"background-color":"","background-image":"","background-repeat":"repeat","background-position":"center center","background-size":"auto","background-attachment":"scroll","background-type":"","background-media":"","overlay-type":"","overlay-color":"","overlay-opacity":"","overlay-gradient":""},"tablet":{"background-color":"","background-image":"","background-repeat":"repeat","background-position":"center center","background-size":"auto","background-attachment":"scroll","background-type":"","background-media":"","overlay-type":"","overlay-color":"","overlay-opacity":"","overlay-gradient":""},"mobile":{"background-color":"","background-image":"","background-repeat":"repeat","background-position":"center center","background-size":"auto","background-attachment":"scroll","background-type":"","background-media":"","overlay-type":"","overlay-color":"","overlay-opacity":"","overlay-gradient":""}},"ast-content-background-meta":{"desktop":{"background-color":"var(--ast-global-color-5)","background-image":"","background-repeat":"repeat","background-position":"center center","background-size":"auto","background-attachment":"scroll","background-type":"","background-media":"","overlay-type":"","overlay-color":"","overlay-opacity":"","overlay-gradient":""},"tablet":{"background-color":"var(--ast-global-color-5)","background-image":"","background-repeat":"repeat","background-position":"center center","background-size":"auto","background-attachment":"scroll","background-type":"","background-media":"","overlay-type":"","overlay-color":"","overlay-opacity":"","overlay-gradient":""},"mobile":{"background-color":"var(--ast-global-color-5)","background-image":"","background-repeat":"repeat","background-position":"center center","background-size":"auto","background-attachment":"scroll","background-type":"","background-media":"","overlay-type":"","overlay-color":"","overlay-opacity":"","overlay-gradient":""}},"_joinchat":[]},"product_brand":[],"product_cat":[357],"product_tag":[],"class_list":{"0":"post-36774","1":"product","2":"type-product","3":"status-publish","4":"has-post-thumbnail","6":"product_cat-rape-de","7":"desktop-align-center","8":"tablet-align-left","9":"mobile-align-left","11":"first","12":"instock","13":"shipping-taxable","14":"purchasable","15":"product-type-variable"},"yoast_head":"<!-- This site is optimized with the Yoast SEO Premium plugin v22.6 (Yoast SEO v27.6) - https:\/\/yoast.com\/product\/yoast-seo-premium-wordpress\/ -->\n<title>Jenipapo Ancestrina<\/title>\n<meta name=\"description\" content=\"Rap\u00e9 ist ein Verb\u00fcndeter, um das Selbstwertgef\u00fchl und die pers\u00f6nliche Wahrnehmung zu st\u00e4rken. Ihre Energie hilft, den eigenen Wert zu erkennen, f\u00f6rdert Sicherheit und inneres Vertrauen.\" \/>\n<meta name=\"robots\" content=\"index, follow, max-snippet:-1, max-image-preview:large, max-video-preview:-1\" \/>\n<link rel=\"canonical\" href=\"https:\/\/ancestrina.com\/de\/producto\/jenipapo\/\" \/>\n<meta property=\"og:locale\" content=\"de_DE\" \/>\n<meta property=\"og:type\" content=\"article\" \/>\n<meta property=\"og:title\" content=\"Jenipapo\" \/>\n<meta property=\"og:description\" content=\"Rap\u00e9 ist ein Verb\u00fcndeter, um das Selbstwertgef\u00fchl und die pers\u00f6nliche Wahrnehmung zu st\u00e4rken. Ihre Energie hilft, den eigenen Wert zu erkennen, f\u00f6rdert Sicherheit und inneres Vertrauen.\" \/>\n<meta property=\"og:url\" content=\"https:\/\/ancestrina.com\/de\/producto\/jenipapo\/\" \/>\n<meta property=\"og:site_name\" content=\"Ancestrina\" \/>\n<meta property=\"article:publisher\" content=\"https:\/\/www.facebook.com\/Ancestrina\/\" \/>\n<meta property=\"article:modified_time\" content=\"2026-05-17T17:19:50+00:00\" \/>\n<meta property=\"og:image\" content=\"https:\/\/ancestrina.com\/wp-content\/uploads\/Jenipapo.jpg\" \/>\n\t<meta property=\"og:image:width\" content=\"2048\" \/>\n\t<meta property=\"og:image:height\" content=\"2048\" \/>\n\t<meta property=\"og:image:type\" content=\"image\/jpeg\" \/>\n<meta name=\"twitter:card\" content=\"summary_large_image\" \/>\n<meta name=\"twitter:label1\" content=\"Gesch\u00e4tzte Lesezeit\" \/>\n\t<meta name=\"twitter:data1\" content=\"1\u00a0Minute\" \/>\n<script type=\"application\/ld+json\" class=\"yoast-schema-graph\">{\"@context\":\"https:\\\/\\\/schema.org\",\"@graph\":[{\"@type\":\"WebPage\",\"@id\":\"https:\\\/\\\/ancestrina.com\\\/de\\\/producto\\\/jenipapo\\\/\",\"url\":\"https:\\\/\\\/ancestrina.com\\\/de\\\/producto\\\/jenipapo\\\/\",\"name\":\"Jenipapo Ancestrina\",\"isPartOf\":{\"@id\":\"https:\\\/\\\/ancestrina.com\\\/de\\\/#website\"},\"primaryImageOfPage\":{\"@id\":\"https:\\\/\\\/ancestrina.com\\\/de\\\/producto\\\/jenipapo\\\/#primaryimage\"},\"image\":{\"@id\":\"https:\\\/\\\/ancestrina.com\\\/de\\\/producto\\\/jenipapo\\\/#primaryimage\"},\"thumbnailUrl\":\"https:\\\/\\\/ancestrina.com\\\/wp-content\\\/uploads\\\/Jenipapo.jpg\",\"datePublished\":\"2025-10-23T07:40:58+00:00\",\"dateModified\":\"2026-05-17T17:19:50+00:00\",\"description\":\"Rap\u00e9 ist ein Verb\u00fcndeter, um das Selbstwertgef\u00fchl und die pers\u00f6nliche Wahrnehmung zu st\u00e4rken. Ihre Energie hilft, den eigenen Wert zu erkennen, f\u00f6rdert Sicherheit und inneres Vertrauen.\",\"breadcrumb\":{\"@id\":\"https:\\\/\\\/ancestrina.com\\\/de\\\/producto\\\/jenipapo\\\/#breadcrumb\"},\"inLanguage\":\"de\",\"potentialAction\":[{\"@type\":\"ReadAction\",\"target\":[\"https:\\\/\\\/ancestrina.com\\\/de\\\/producto\\\/jenipapo\\\/\"]}]},{\"@type\":\"ImageObject\",\"inLanguage\":\"de\",\"@id\":\"https:\\\/\\\/ancestrina.com\\\/de\\\/producto\\\/jenipapo\\\/#primaryimage\",\"url\":\"https:\\\/\\\/ancestrina.com\\\/wp-content\\\/uploads\\\/Jenipapo.jpg\",\"contentUrl\":\"https:\\\/\\\/ancestrina.com\\\/wp-content\\\/uploads\\\/Jenipapo.jpg\",\"width\":2048,\"height\":2048,\"caption\":\"Jenipapo Ancestrina \u2014 extracto antioxidante natural para una piel radiante y bienestar org\u00e1nico.\"},{\"@type\":\"BreadcrumbList\",\"@id\":\"https:\\\/\\\/ancestrina.com\\\/de\\\/producto\\\/jenipapo\\\/#breadcrumb\",\"itemListElement\":[{\"@type\":\"ListItem\",\"position\":1,\"name\":\"Home\",\"item\":\"https:\\\/\\\/ancestrina.com\\\/de\\\/zuhause\\\/\"},{\"@type\":\"ListItem\",\"position\":2,\"name\":\"Gesch\u00e4ft\",\"item\":\"https:\\\/\\\/ancestrina.com\\\/de\\\/geschaeft\\\/\"},{\"@type\":\"ListItem\",\"position\":3,\"name\":\"Jenipapo\"}]},{\"@type\":\"WebSite\",\"@id\":\"https:\\\/\\\/ancestrina.com\\\/de\\\/#website\",\"url\":\"https:\\\/\\\/ancestrina.com\\\/de\\\/\",\"name\":\"Ancestrina\",\"description\":\"Trabajamos experiencias con plantas maestras, terapias integradoras y cultos ancestrales\",\"publisher\":{\"@id\":\"https:\\\/\\\/ancestrina.com\\\/de\\\/#organization\"},\"potentialAction\":[{\"@type\":\"SearchAction\",\"target\":{\"@type\":\"EntryPoint\",\"urlTemplate\":\"https:\\\/\\\/ancestrina.com\\\/de\\\/?s={search_term_string}\"},\"query-input\":{\"@type\":\"PropertyValueSpecification\",\"valueRequired\":true,\"valueName\":\"search_term_string\"}}],\"inLanguage\":\"de\"},{\"@type\":\"Organization\",\"@id\":\"https:\\\/\\\/ancestrina.com\\\/de\\\/#organization\",\"name\":\"Ancestrina\",\"url\":\"https:\\\/\\\/ancestrina.com\\\/de\\\/\",\"logo\":{\"@type\":\"ImageObject\",\"inLanguage\":\"de\",\"@id\":\"https:\\\/\\\/ancestrina.com\\\/de\\\/#\\\/schema\\\/logo\\\/image\\\/\",\"url\":\"https:\\\/\\\/ancestrina.com\\\/wp-content\\\/uploads\\\/2020\\\/06\\\/cropped-LOGO-ANCESTRINA-1.png\",\"contentUrl\":\"https:\\\/\\\/ancestrina.com\\\/wp-content\\\/uploads\\\/2020\\\/06\\\/cropped-LOGO-ANCESTRINA-1.png\",\"width\":630,\"height\":202,\"caption\":\"Ancestrina\"},\"image\":{\"@id\":\"https:\\\/\\\/ancestrina.com\\\/de\\\/#\\\/schema\\\/logo\\\/image\\\/\"},\"sameAs\":[\"https:\\\/\\\/www.facebook.com\\\/Ancestrina\\\/\",\"https:\\\/\\\/www.instagram.com\\\/ancestrina\\\/\",\"https:\\\/\\\/www.youtube.com\\\/channel\\\/UCgtt6WFhEIVEI30PzxlOeIw\"]}]}<\/script>\n<!-- \/ Yoast SEO Premium plugin. -->","yoast_head_json":{"title":"Jenipapo Ancestrina","description":"Rap\u00e9 ist ein Verb\u00fcndeter, um das Selbstwertgef\u00fchl und die pers\u00f6nliche Wahrnehmung zu st\u00e4rken. Ihre Energie hilft, den eigenen Wert zu erkennen, f\u00f6rdert Sicherheit und inneres Vertrauen.","robots":{"index":"index","follow":"follow","max-snippet":"max-snippet:-1","max-image-preview":"max-image-preview:large","max-video-preview":"max-video-preview:-1"},"canonical":"https:\/\/ancestrina.com\/de\/producto\/jenipapo\/","og_locale":"de_DE","og_type":"article","og_title":"Jenipapo","og_description":"Rap\u00e9 ist ein Verb\u00fcndeter, um das Selbstwertgef\u00fchl und die pers\u00f6nliche Wahrnehmung zu st\u00e4rken. Ihre Energie hilft, den eigenen Wert zu erkennen, f\u00f6rdert Sicherheit und inneres Vertrauen.","og_url":"https:\/\/ancestrina.com\/de\/producto\/jenipapo\/","og_site_name":"Ancestrina","article_publisher":"https:\/\/www.facebook.com\/Ancestrina\/","article_modified_time":"2026-05-17T17:19:50+00:00","og_image":[{"width":2048,"height":2048,"url":"https:\/\/ancestrina.com\/wp-content\/uploads\/Jenipapo.jpg","type":"image\/jpeg"}],"twitter_card":"summary_large_image","twitter_misc":{"Gesch\u00e4tzte Lesezeit":"1\u00a0Minute"},"schema":{"@context":"https:\/\/schema.org","@graph":[{"@type":"WebPage","@id":"https:\/\/ancestrina.com\/de\/producto\/jenipapo\/","url":"https:\/\/ancestrina.com\/de\/producto\/jenipapo\/","name":"Jenipapo Ancestrina","isPartOf":{"@id":"https:\/\/ancestrina.com\/de\/#website"},"primaryImageOfPage":{"@id":"https:\/\/ancestrina.com\/de\/producto\/jenipapo\/#primaryimage"},"image":{"@id":"https:\/\/ancestrina.com\/de\/producto\/jenipapo\/#primaryimage"},"thumbnailUrl":"https:\/\/ancestrina.com\/wp-content\/uploads\/Jenipapo.jpg","datePublished":"2025-10-23T07:40:58+00:00","dateModified":"2026-05-17T17:19:50+00:00","description":"Rap\u00e9 ist ein Verb\u00fcndeter, um das Selbstwertgef\u00fchl und die pers\u00f6nliche Wahrnehmung zu st\u00e4rken. Ihre Energie hilft, den eigenen Wert zu erkennen, f\u00f6rdert Sicherheit und inneres Vertrauen.","breadcrumb":{"@id":"https:\/\/ancestrina.com\/de\/producto\/jenipapo\/#breadcrumb"},"inLanguage":"de","potentialAction":[{"@type":"ReadAction","target":["https:\/\/ancestrina.com\/de\/producto\/jenipapo\/"]}]},{"@type":"ImageObject","inLanguage":"de","@id":"https:\/\/ancestrina.com\/de\/producto\/jenipapo\/#primaryimage","url":"https:\/\/ancestrina.com\/wp-content\/uploads\/Jenipapo.jpg","contentUrl":"https:\/\/ancestrina.com\/wp-content\/uploads\/Jenipapo.jpg","width":2048,"height":2048,"caption":"Jenipapo Ancestrina \u2014 extracto antioxidante natural para una piel radiante y bienestar org\u00e1nico."},{"@type":"BreadcrumbList","@id":"https:\/\/ancestrina.com\/de\/producto\/jenipapo\/#breadcrumb","itemListElement":[{"@type":"ListItem","position":1,"name":"Home","item":"https:\/\/ancestrina.com\/de\/zuhause\/"},{"@type":"ListItem","position":2,"name":"Gesch\u00e4ft","item":"https:\/\/ancestrina.com\/de\/geschaeft\/"},{"@type":"ListItem","position":3,"name":"Jenipapo"}]},{"@type":"WebSite","@id":"https:\/\/ancestrina.com\/de\/#website","url":"https:\/\/ancestrina.com\/de\/","name":"Ancestrina","description":"Trabajamos experiencias con plantas maestras, terapias integradoras y cultos ancestrales","publisher":{"@id":"https:\/\/ancestrina.com\/de\/#organization"},"potentialAction":[{"@type":"SearchAction","target":{"@type":"EntryPoint","urlTemplate":"https:\/\/ancestrina.com\/de\/?s={search_term_string}"},"query-input":{"@type":"PropertyValueSpecification","valueRequired":true,"valueName":"search_term_string"}}],"inLanguage":"de"},{"@type":"Organization","@id":"https:\/\/ancestrina.com\/de\/#organization","name":"Ancestrina","url":"https:\/\/ancestrina.com\/de\/","logo":{"@type":"ImageObject","inLanguage":"de","@id":"https:\/\/ancestrina.com\/de\/#\/schema\/logo\/image\/","url":"https:\/\/ancestrina.com\/wp-content\/uploads\/2020\/06\/cropped-LOGO-ANCESTRINA-1.png","contentUrl":"https:\/\/ancestrina.com\/wp-content\/uploads\/2020\/06\/cropped-LOGO-ANCESTRINA-1.png","width":630,"height":202,"caption":"Ancestrina"},"image":{"@id":"https:\/\/ancestrina.com\/de\/#\/schema\/logo\/image\/"},"sameAs":["https:\/\/www.facebook.com\/Ancestrina\/","https:\/\/www.instagram.com\/ancestrina\/","https:\/\/www.youtube.com\/channel\/UCgtt6WFhEIVEI30PzxlOeIw"]}]}},"_links":{"self":[{"href":"https:\/\/ancestrina.com\/de\/wp-json\/wp\/v2\/product\/36774","targetHints":{"allow":["GET"]}}],"collection":[{"href":"https:\/\/ancestrina.com\/de\/wp-json\/wp\/v2\/product"}],"about":[{"href":"https:\/\/ancestrina.com\/de\/wp-json\/wp\/v2\/types\/product"}],"replies":[{"embeddable":true,"href":"https:\/\/ancestrina.com\/de\/wp-json\/wp\/v2\/comments?post=36774"}],"version-history":[{"count":1,"href":"https:\/\/ancestrina.com\/de\/wp-json\/wp\/v2\/product\/36774\/revisions"}],"predecessor-version":[{"id":37398,"href":"https:\/\/ancestrina.com\/de\/wp-json\/wp\/v2\/product\/36774\/revisions\/37398"}],"wp:featuredmedia":[{"embeddable":true,"href":"https:\/\/ancestrina.com\/de\/wp-json\/wp\/v2\/media\/34800"}],"wp:attachment":[{"href":"https:\/\/ancestrina.com\/de\/wp-json\/wp\/v2\/media?parent=36774"}],"wp:term":[{"taxonomy":"product_brand","embeddable":true,"href":"https:\/\/ancestrina.com\/de\/wp-json\/wp\/v2\/product_brand?post=36774"},{"taxonomy":"product_cat","embeddable":true,"href":"https:\/\/ancestrina.com\/de\/wp-json\/wp\/v2\/product_cat?post=36774"},{"taxonomy":"product_tag","embeddable":true,"href":"https:\/\/ancestrina.com\/de\/wp-json\/wp\/v2\/product_tag?post=36774"}],"curies":[{"name":"wp","href":"https:\/\/api.w.org\/{rel}","templated":true}]}}