{"id":36762,"date":"2025-10-23T02:40:59","date_gmt":"2025-10-23T07:40:59","guid":{"rendered":"https:\/\/ancestrina.com\/?post_type=product&#038;p=36762"},"modified":"2026-05-16T03:32:00","modified_gmt":"2026-05-16T08:32:00","slug":"copaiba","status":"publish","type":"product","link":"https:\/\/ancestrina.com\/de\/producto\/copaiba\/","title":{"rendered":"Copaiba"},"content":{"rendered":"<p data-start=\"285\" data-end=\"355\"><strong data-start=\"285\" data-end=\"353\">Rap\u00e9 Copaiba: Integration des Schattens und innere Transformation<\/strong><\/p>\n<p data-start=\"357\" data-end=\"729\">Copaiba Rap\u00e9, hergestellt aus dem Harz von <strong data-start=\"401\" data-end=\"418\">Copaifera sp.<\/strong>, ist eine uralte Medizin, die verwendet wird, um sich <strong data-start=\"461\" data-end=\"511\">mit den unerkannten Teilen des Wesens<\/strong>, diesen Emotionen und verborgenen Erinnerungen zu verbinden, die das t\u00e4gliche Leben beeinflussen. Seine tiefgreifende Wirkung erm\u00f6glicht es nicht nur, den Schatten ohne Urteil zu beobachten, sondern f\u00f6rdert auch einen Prozess der <strong data-start=\"691\" data-end=\"726\">Selbstakzeptanz und Transformation<\/strong>. <\/p>\n<p data-start=\"731\" data-end=\"1053\">Dieser rap\u00e9 ist ideal f\u00fcr diejenigen, die sich auf einem Weg des inneren Wachstums befinden, und hilft dabei, die Aspekte zu erkennen und anzunehmen, die normalerweise verdr\u00e4ngt oder verleugnet werden. In seiner Anwendung erm\u00f6glicht es den Zugang zu einem klareren und mitf\u00fchlenderen Blick auf sich selbst und erleichtert so <strong data-start=\"1001\" data-end=\"1050\">die emotionale Integration und das innere Gleichgewicht<\/strong>. <\/p>\n<p data-start=\"1055\" data-end=\"1084\"><strong data-start=\"1055\" data-end=\"1082\">Hauptvorteile:<\/strong><\/p>\n<ul data-start=\"1085\" data-end=\"1418\">\n<li data-start=\"1085\" data-end=\"1149\">Es hilft bei der Erforschung und Akzeptanz unterdr\u00fcckter Emotionen.<\/li>\n<li data-start=\"1150\" data-end=\"1215\">Es erleichtert Prozesse der pers\u00f6nlichen Integration und Selbsterkenntnis.<\/li>\n<li data-start=\"1216\" data-end=\"1293\">Es f\u00f6rdert die emotionale Transformation durch tiefes Verst\u00e4ndnis.<\/li>\n<li data-start=\"1294\" data-end=\"1353\">Es beg\u00fcnstigt einen Zustand gr\u00f6\u00dferer Ruhe und innerer Akzeptanz.<\/li>\n<li data-start=\"1354\" data-end=\"1418\">Es begleitet therapeutische Prozesse der Heilung und des Wachstums.<\/li>\n<\/ul>\n<p data-start=\"1420\" data-end=\"1715\" data-is-last-node=\"\" data-is-only-node=\"\">Dieser rap\u00e9 fungiert als Br\u00fccke zu <strong data-start=\"1460\" data-end=\"1490\">Bewusstheit und Ausgeglichenheit<\/strong> und erm\u00f6glicht es jedem Menschen, seinen inneren Weg mit gr\u00f6\u00dferer Klarheit und Authentizit\u00e4t zu gehen. Sein Wesen begleitet den Prozess der <strong data-start=\"1621\" data-end=\"1665\">Vers\u00f6hnung mit dem, was verleugnet wurde<\/strong>, und \u00f6ffnet die T\u00fcr zu einer echten Ver\u00e4nderung. <\/p>\n","protected":false},"excerpt":{"rendered":"<p>Copaiba Rap\u00e9 erleichtert die Verbindung mit dem Schatten und die Integration schwieriger Emotionen. Seine Energie begleitet die pers\u00f6nliche Transformation und hilft, das, was im Unbewussten wohnt, zu akzeptieren, zu verstehen und umzuwandeln. <\/p>\n<p>&nbsp;<\/p>\n","protected":false},"featured_media":34646,"comment_status":"open","ping_status":"closed","template":"","meta":{"order-bump-settings":[],"_wpfnl_thankyou_order_overview":"on","_wpfnl_thankyou_order_details":"on","_wpfnl_thankyou_billing_details":"on","_wpfnl_thankyou_shipping_details":"on","site-sidebar-layout":"default","site-content-layout":"","ast-site-content-layout":"default","site-content-style":"default","site-sidebar-style":"default","ast-global-header-display":"","ast-banner-title-visibility":"","ast-main-header-display":"","ast-hfb-above-header-display":"","ast-hfb-below-header-display":"","ast-hfb-mobile-header-display":"","site-post-title":"","ast-breadcrumbs-content":"","ast-featured-img":"","footer-sml-layout":"","ast-disable-related-posts":"","theme-transparent-header-meta":"default","adv-header-id-meta":"","stick-header-meta":"","header-above-stick-meta":"","header-main-stick-meta":"","header-below-stick-meta":"","astra-migrate-meta-layouts":"default","ast-page-background-enabled":"default","ast-page-background-meta":{"desktop":{"background-color":"","background-image":"","background-repeat":"repeat","background-position":"center center","background-size":"auto","background-attachment":"scroll","background-type":"","background-media":"","overlay-type":"","overlay-color":"","overlay-opacity":"","overlay-gradient":""},"tablet":{"background-color":"","background-image":"","background-repeat":"repeat","background-position":"center center","background-size":"auto","background-attachment":"scroll","background-type":"","background-media":"","overlay-type":"","overlay-color":"","overlay-opacity":"","overlay-gradient":""},"mobile":{"background-color":"","background-image":"","background-repeat":"repeat","background-position":"center center","background-size":"auto","background-attachment":"scroll","background-type":"","background-media":"","overlay-type":"","overlay-color":"","overlay-opacity":"","overlay-gradient":""}},"ast-content-background-meta":{"desktop":{"background-color":"var(--ast-global-color-5)","background-image":"","background-repeat":"repeat","background-position":"center center","background-size":"auto","background-attachment":"scroll","background-type":"","background-media":"","overlay-type":"","overlay-color":"","overlay-opacity":"","overlay-gradient":""},"tablet":{"background-color":"var(--ast-global-color-5)","background-image":"","background-repeat":"repeat","background-position":"center center","background-size":"auto","background-attachment":"scroll","background-type":"","background-media":"","overlay-type":"","overlay-color":"","overlay-opacity":"","overlay-gradient":""},"mobile":{"background-color":"var(--ast-global-color-5)","background-image":"","background-repeat":"repeat","background-position":"center center","background-size":"auto","background-attachment":"scroll","background-type":"","background-media":"","overlay-type":"","overlay-color":"","overlay-opacity":"","overlay-gradient":""}},"_joinchat":[]},"product_brand":[],"product_cat":[357],"product_tag":[],"class_list":{"0":"post-36762","1":"product","2":"type-product","3":"status-publish","4":"has-post-thumbnail","6":"product_cat-rape-de","7":"desktop-align-center","8":"tablet-align-left","9":"mobile-align-left","11":"first","12":"instock","13":"shipping-taxable","14":"purchasable","15":"product-type-variable"},"yoast_head":"<!-- This site is optimized with the Yoast SEO Premium plugin v22.6 (Yoast SEO v27.6) - https:\/\/yoast.com\/product\/yoast-seo-premium-wordpress\/ -->\n<title>Copaiba Ancestrina<\/title>\n<meta name=\"description\" content=\"Copaiba Rap\u00e9 erleichtert die Verbindung mit dem Schatten und die Integration schwieriger Emotionen. Seine Energie begleitet die pers\u00f6nliche Transformation und hilft, das, was im Unbewussten wohnt, zu akzeptieren, zu verstehen und umzuwandeln.  &nbsp;\" \/>\n<meta name=\"robots\" content=\"index, follow, max-snippet:-1, max-image-preview:large, max-video-preview:-1\" \/>\n<link rel=\"canonical\" href=\"https:\/\/ancestrina.com\/de\/producto\/copaiba\/\" \/>\n<meta property=\"og:locale\" content=\"de_DE\" \/>\n<meta property=\"og:type\" content=\"article\" \/>\n<meta property=\"og:title\" content=\"Copaiba\" \/>\n<meta property=\"og:description\" content=\"Copaiba Rap\u00e9 erleichtert die Verbindung mit dem Schatten und die Integration schwieriger Emotionen. Seine Energie begleitet die pers\u00f6nliche Transformation und hilft, das, was im Unbewussten wohnt, zu akzeptieren, zu verstehen und umzuwandeln.  &nbsp;\" \/>\n<meta property=\"og:url\" content=\"https:\/\/ancestrina.com\/de\/producto\/copaiba\/\" \/>\n<meta property=\"og:site_name\" content=\"Ancestrina\" \/>\n<meta property=\"article:publisher\" content=\"https:\/\/www.facebook.com\/Ancestrina\/\" \/>\n<meta property=\"article:modified_time\" content=\"2026-05-16T08:32:00+00:00\" \/>\n<meta property=\"og:image\" content=\"https:\/\/ancestrina.com\/wp-content\/uploads\/copaiba-1.jpg\" \/>\n\t<meta property=\"og:image:width\" content=\"2048\" \/>\n\t<meta property=\"og:image:height\" content=\"2048\" \/>\n\t<meta property=\"og:image:type\" content=\"image\/jpeg\" \/>\n<meta name=\"twitter:card\" content=\"summary_large_image\" \/>\n<meta name=\"twitter:label1\" content=\"Gesch\u00e4tzte Lesezeit\" \/>\n\t<meta name=\"twitter:data1\" content=\"1\u00a0Minute\" \/>\n<script type=\"application\/ld+json\" class=\"yoast-schema-graph\">{\"@context\":\"https:\\\/\\\/schema.org\",\"@graph\":[{\"@type\":\"WebPage\",\"@id\":\"https:\\\/\\\/ancestrina.com\\\/de\\\/producto\\\/copaiba\\\/\",\"url\":\"https:\\\/\\\/ancestrina.com\\\/de\\\/producto\\\/copaiba\\\/\",\"name\":\"Copaiba Ancestrina\",\"isPartOf\":{\"@id\":\"https:\\\/\\\/ancestrina.com\\\/de\\\/#website\"},\"primaryImageOfPage\":{\"@id\":\"https:\\\/\\\/ancestrina.com\\\/de\\\/producto\\\/copaiba\\\/#primaryimage\"},\"image\":{\"@id\":\"https:\\\/\\\/ancestrina.com\\\/de\\\/producto\\\/copaiba\\\/#primaryimage\"},\"thumbnailUrl\":\"https:\\\/\\\/ancestrina.com\\\/wp-content\\\/uploads\\\/copaiba-1.jpg\",\"datePublished\":\"2025-10-23T07:40:59+00:00\",\"dateModified\":\"2026-05-16T08:32:00+00:00\",\"description\":\"Copaiba Rap\u00e9 erleichtert die Verbindung mit dem Schatten und die Integration schwieriger Emotionen. Seine Energie begleitet die pers\u00f6nliche Transformation und hilft, das, was im Unbewussten wohnt, zu akzeptieren, zu verstehen und umzuwandeln. &nbsp;\",\"breadcrumb\":{\"@id\":\"https:\\\/\\\/ancestrina.com\\\/de\\\/producto\\\/copaiba\\\/#breadcrumb\"},\"inLanguage\":\"de\",\"potentialAction\":[{\"@type\":\"ReadAction\",\"target\":[\"https:\\\/\\\/ancestrina.com\\\/de\\\/producto\\\/copaiba\\\/\"]}]},{\"@type\":\"ImageObject\",\"inLanguage\":\"de\",\"@id\":\"https:\\\/\\\/ancestrina.com\\\/de\\\/producto\\\/copaiba\\\/#primaryimage\",\"url\":\"https:\\\/\\\/ancestrina.com\\\/wp-content\\\/uploads\\\/copaiba-1.jpg\",\"contentUrl\":\"https:\\\/\\\/ancestrina.com\\\/wp-content\\\/uploads\\\/copaiba-1.jpg\",\"width\":2048,\"height\":2048,\"caption\":\"Copaiba Ancestrina \u2014 extracto natural premium para el bienestar y el cuidado de la piel.\"},{\"@type\":\"BreadcrumbList\",\"@id\":\"https:\\\/\\\/ancestrina.com\\\/de\\\/producto\\\/copaiba\\\/#breadcrumb\",\"itemListElement\":[{\"@type\":\"ListItem\",\"position\":1,\"name\":\"Home\",\"item\":\"https:\\\/\\\/ancestrina.com\\\/de\\\/zuhause\\\/\"},{\"@type\":\"ListItem\",\"position\":2,\"name\":\"Gesch\u00e4ft\",\"item\":\"https:\\\/\\\/ancestrina.com\\\/de\\\/geschaeft\\\/\"},{\"@type\":\"ListItem\",\"position\":3,\"name\":\"Copaiba\"}]},{\"@type\":\"WebSite\",\"@id\":\"https:\\\/\\\/ancestrina.com\\\/de\\\/#website\",\"url\":\"https:\\\/\\\/ancestrina.com\\\/de\\\/\",\"name\":\"Ancestrina\",\"description\":\"Trabajamos experiencias con plantas maestras, terapias integradoras y cultos ancestrales\",\"publisher\":{\"@id\":\"https:\\\/\\\/ancestrina.com\\\/de\\\/#organization\"},\"potentialAction\":[{\"@type\":\"SearchAction\",\"target\":{\"@type\":\"EntryPoint\",\"urlTemplate\":\"https:\\\/\\\/ancestrina.com\\\/de\\\/?s={search_term_string}\"},\"query-input\":{\"@type\":\"PropertyValueSpecification\",\"valueRequired\":true,\"valueName\":\"search_term_string\"}}],\"inLanguage\":\"de\"},{\"@type\":\"Organization\",\"@id\":\"https:\\\/\\\/ancestrina.com\\\/de\\\/#organization\",\"name\":\"Ancestrina\",\"url\":\"https:\\\/\\\/ancestrina.com\\\/de\\\/\",\"logo\":{\"@type\":\"ImageObject\",\"inLanguage\":\"de\",\"@id\":\"https:\\\/\\\/ancestrina.com\\\/de\\\/#\\\/schema\\\/logo\\\/image\\\/\",\"url\":\"https:\\\/\\\/ancestrina.com\\\/wp-content\\\/uploads\\\/2020\\\/06\\\/cropped-LOGO-ANCESTRINA-1.png\",\"contentUrl\":\"https:\\\/\\\/ancestrina.com\\\/wp-content\\\/uploads\\\/2020\\\/06\\\/cropped-LOGO-ANCESTRINA-1.png\",\"width\":630,\"height\":202,\"caption\":\"Ancestrina\"},\"image\":{\"@id\":\"https:\\\/\\\/ancestrina.com\\\/de\\\/#\\\/schema\\\/logo\\\/image\\\/\"},\"sameAs\":[\"https:\\\/\\\/www.facebook.com\\\/Ancestrina\\\/\",\"https:\\\/\\\/www.instagram.com\\\/ancestrina\\\/\",\"https:\\\/\\\/www.youtube.com\\\/channel\\\/UCgtt6WFhEIVEI30PzxlOeIw\"]}]}<\/script>\n<!-- \/ Yoast SEO Premium plugin. -->","yoast_head_json":{"title":"Copaiba Ancestrina","description":"Copaiba Rap\u00e9 erleichtert die Verbindung mit dem Schatten und die Integration schwieriger Emotionen. Seine Energie begleitet die pers\u00f6nliche Transformation und hilft, das, was im Unbewussten wohnt, zu akzeptieren, zu verstehen und umzuwandeln.  &nbsp;","robots":{"index":"index","follow":"follow","max-snippet":"max-snippet:-1","max-image-preview":"max-image-preview:large","max-video-preview":"max-video-preview:-1"},"canonical":"https:\/\/ancestrina.com\/de\/producto\/copaiba\/","og_locale":"de_DE","og_type":"article","og_title":"Copaiba","og_description":"Copaiba Rap\u00e9 erleichtert die Verbindung mit dem Schatten und die Integration schwieriger Emotionen. Seine Energie begleitet die pers\u00f6nliche Transformation und hilft, das, was im Unbewussten wohnt, zu akzeptieren, zu verstehen und umzuwandeln.  &nbsp;","og_url":"https:\/\/ancestrina.com\/de\/producto\/copaiba\/","og_site_name":"Ancestrina","article_publisher":"https:\/\/www.facebook.com\/Ancestrina\/","article_modified_time":"2026-05-16T08:32:00+00:00","og_image":[{"width":2048,"height":2048,"url":"https:\/\/ancestrina.com\/wp-content\/uploads\/copaiba-1.jpg","type":"image\/jpeg"}],"twitter_card":"summary_large_image","twitter_misc":{"Gesch\u00e4tzte Lesezeit":"1\u00a0Minute"},"schema":{"@context":"https:\/\/schema.org","@graph":[{"@type":"WebPage","@id":"https:\/\/ancestrina.com\/de\/producto\/copaiba\/","url":"https:\/\/ancestrina.com\/de\/producto\/copaiba\/","name":"Copaiba Ancestrina","isPartOf":{"@id":"https:\/\/ancestrina.com\/de\/#website"},"primaryImageOfPage":{"@id":"https:\/\/ancestrina.com\/de\/producto\/copaiba\/#primaryimage"},"image":{"@id":"https:\/\/ancestrina.com\/de\/producto\/copaiba\/#primaryimage"},"thumbnailUrl":"https:\/\/ancestrina.com\/wp-content\/uploads\/copaiba-1.jpg","datePublished":"2025-10-23T07:40:59+00:00","dateModified":"2026-05-16T08:32:00+00:00","description":"Copaiba Rap\u00e9 erleichtert die Verbindung mit dem Schatten und die Integration schwieriger Emotionen. Seine Energie begleitet die pers\u00f6nliche Transformation und hilft, das, was im Unbewussten wohnt, zu akzeptieren, zu verstehen und umzuwandeln. &nbsp;","breadcrumb":{"@id":"https:\/\/ancestrina.com\/de\/producto\/copaiba\/#breadcrumb"},"inLanguage":"de","potentialAction":[{"@type":"ReadAction","target":["https:\/\/ancestrina.com\/de\/producto\/copaiba\/"]}]},{"@type":"ImageObject","inLanguage":"de","@id":"https:\/\/ancestrina.com\/de\/producto\/copaiba\/#primaryimage","url":"https:\/\/ancestrina.com\/wp-content\/uploads\/copaiba-1.jpg","contentUrl":"https:\/\/ancestrina.com\/wp-content\/uploads\/copaiba-1.jpg","width":2048,"height":2048,"caption":"Copaiba Ancestrina \u2014 extracto natural premium para el bienestar y el cuidado de la piel."},{"@type":"BreadcrumbList","@id":"https:\/\/ancestrina.com\/de\/producto\/copaiba\/#breadcrumb","itemListElement":[{"@type":"ListItem","position":1,"name":"Home","item":"https:\/\/ancestrina.com\/de\/zuhause\/"},{"@type":"ListItem","position":2,"name":"Gesch\u00e4ft","item":"https:\/\/ancestrina.com\/de\/geschaeft\/"},{"@type":"ListItem","position":3,"name":"Copaiba"}]},{"@type":"WebSite","@id":"https:\/\/ancestrina.com\/de\/#website","url":"https:\/\/ancestrina.com\/de\/","name":"Ancestrina","description":"Trabajamos experiencias con plantas maestras, terapias integradoras y cultos ancestrales","publisher":{"@id":"https:\/\/ancestrina.com\/de\/#organization"},"potentialAction":[{"@type":"SearchAction","target":{"@type":"EntryPoint","urlTemplate":"https:\/\/ancestrina.com\/de\/?s={search_term_string}"},"query-input":{"@type":"PropertyValueSpecification","valueRequired":true,"valueName":"search_term_string"}}],"inLanguage":"de"},{"@type":"Organization","@id":"https:\/\/ancestrina.com\/de\/#organization","name":"Ancestrina","url":"https:\/\/ancestrina.com\/de\/","logo":{"@type":"ImageObject","inLanguage":"de","@id":"https:\/\/ancestrina.com\/de\/#\/schema\/logo\/image\/","url":"https:\/\/ancestrina.com\/wp-content\/uploads\/2020\/06\/cropped-LOGO-ANCESTRINA-1.png","contentUrl":"https:\/\/ancestrina.com\/wp-content\/uploads\/2020\/06\/cropped-LOGO-ANCESTRINA-1.png","width":630,"height":202,"caption":"Ancestrina"},"image":{"@id":"https:\/\/ancestrina.com\/de\/#\/schema\/logo\/image\/"},"sameAs":["https:\/\/www.facebook.com\/Ancestrina\/","https:\/\/www.instagram.com\/ancestrina\/","https:\/\/www.youtube.com\/channel\/UCgtt6WFhEIVEI30PzxlOeIw"]}]}},"_links":{"self":[{"href":"https:\/\/ancestrina.com\/de\/wp-json\/wp\/v2\/product\/36762","targetHints":{"allow":["GET"]}}],"collection":[{"href":"https:\/\/ancestrina.com\/de\/wp-json\/wp\/v2\/product"}],"about":[{"href":"https:\/\/ancestrina.com\/de\/wp-json\/wp\/v2\/types\/product"}],"replies":[{"embeddable":true,"href":"https:\/\/ancestrina.com\/de\/wp-json\/wp\/v2\/comments?post=36762"}],"version-history":[{"count":1,"href":"https:\/\/ancestrina.com\/de\/wp-json\/wp\/v2\/product\/36762\/revisions"}],"predecessor-version":[{"id":37533,"href":"https:\/\/ancestrina.com\/de\/wp-json\/wp\/v2\/product\/36762\/revisions\/37533"}],"wp:featuredmedia":[{"embeddable":true,"href":"https:\/\/ancestrina.com\/de\/wp-json\/wp\/v2\/media\/34646"}],"wp:attachment":[{"href":"https:\/\/ancestrina.com\/de\/wp-json\/wp\/v2\/media?parent=36762"}],"wp:term":[{"taxonomy":"product_brand","embeddable":true,"href":"https:\/\/ancestrina.com\/de\/wp-json\/wp\/v2\/product_brand?post=36762"},{"taxonomy":"product_cat","embeddable":true,"href":"https:\/\/ancestrina.com\/de\/wp-json\/wp\/v2\/product_cat?post=36762"},{"taxonomy":"product_tag","embeddable":true,"href":"https:\/\/ancestrina.com\/de\/wp-json\/wp\/v2\/product_tag?post=36762"}],"curies":[{"name":"wp","href":"https:\/\/api.w.org\/{rel}","templated":true}]}}