{"id":36079,"date":"2024-10-13T16:55:33","date_gmt":"2024-10-13T21:55:33","guid":{"rendered":"https:\/\/ancestrina.com\/producto\/reinigungsseife\/"},"modified":"2026-05-13T17:31:55","modified_gmt":"2026-05-13T22:31:55","slug":"reinigungsseife","status":"publish","type":"product","link":"https:\/\/ancestrina.com\/de\/producto\/reinigungsseife\/","title":{"rendered":"Reinigungsseife"},"content":{"rendered":"<p>Im heiligen Ritual der energetischen Reinigung steht unsere <strong>Heavy Cleansing and Discharge Soap<\/strong> als uralter W\u00e4chter, der dazu bestimmt ist, die dichtesten Schichten Ihres Wesens zu reinigen. Mit dem kraftvollen Schutz von <g id=\"gid_1\">Velandinho<\/g>, einem Schutzschild gegen negative Energien, und der reinigenden Kraft von <g id=\"gid_2\">Meersalz<\/g> und <g id=\"gid_3\">Weinraute<\/g> wirkt diese Seife wie ein Portal zu Leichtigkeit und Ausgeglichenheit. Der <g id=\"gid_4\">Breu Branco<\/g>, der von Amazonas-Schamanen verwendet wird, hebt das Ritual in eine spirituelle Dimension und hilft Ihnen, angesammelte Negativit\u00e4t zu beseitigen und Ihr Energiefeld wiederherzustellen. Diese Seife ist ideal f\u00fcr Zeremonienmoderatoren und diejenigen, die starken Einfl\u00fcssen ausgesetzt sind, und begleitet Sie auf der Reise zu einer tiefgreifenden Transformation, die Ihre Vitalit\u00e4t und Verbindung mit dem Heiligen erneuert.   <\/p>\n","protected":false},"excerpt":{"rendered":"<h3>Schwere Austrags- und Reinigungsseife (Weinraute, Meersalz, Breu Branco, Velandinho)<\/h3>\n<p>Diese Seife, die im Herzen des Dschungels unter der Anleitung weiser \u00c4ltester hergestellt wurde, ist ein kraftvolles Werkzeug zur Energiereinigung. Mit einer heiligen Mischung aus Weinraute, Meersalz, Breu Branco und Velandinho ist jeder Riegel mit sch\u00fctzenden Absichten aufgeladen, die die dichtesten Energien zerstreuen und K\u00f6rper und Geist reinigen und erneuern. <\/p>\n","protected":false},"featured_media":34765,"comment_status":"open","ping_status":"closed","template":"","meta":{"order-bump-settings":[],"_wpfnl_thankyou_order_overview":"on","_wpfnl_thankyou_order_details":"on","_wpfnl_thankyou_billing_details":"on","_wpfnl_thankyou_shipping_details":"on","site-sidebar-layout":"default","site-content-layout":"","ast-site-content-layout":"default","site-content-style":"default","site-sidebar-style":"default","ast-global-header-display":"","ast-banner-title-visibility":"","ast-main-header-display":"","ast-hfb-above-header-display":"","ast-hfb-below-header-display":"","ast-hfb-mobile-header-display":"","site-post-title":"","ast-breadcrumbs-content":"","ast-featured-img":"","footer-sml-layout":"","ast-disable-related-posts":"","theme-transparent-header-meta":"default","adv-header-id-meta":"","stick-header-meta":"","header-above-stick-meta":"","header-main-stick-meta":"","header-below-stick-meta":"","astra-migrate-meta-layouts":"default","ast-page-background-enabled":"default","ast-page-background-meta":{"desktop":{"background-color":"","background-image":"","background-repeat":"repeat","background-position":"center center","background-size":"auto","background-attachment":"scroll","background-type":"","background-media":"","overlay-type":"","overlay-color":"","overlay-opacity":"","overlay-gradient":""},"tablet":{"background-color":"","background-image":"","background-repeat":"repeat","background-position":"center center","background-size":"auto","background-attachment":"scroll","background-type":"","background-media":"","overlay-type":"","overlay-color":"","overlay-opacity":"","overlay-gradient":""},"mobile":{"background-color":"","background-image":"","background-repeat":"repeat","background-position":"center center","background-size":"auto","background-attachment":"scroll","background-type":"","background-media":"","overlay-type":"","overlay-color":"","overlay-opacity":"","overlay-gradient":""}},"ast-content-background-meta":{"desktop":{"background-color":"var(--ast-global-color-5)","background-image":"","background-repeat":"repeat","background-position":"center center","background-size":"auto","background-attachment":"scroll","background-type":"","background-media":"","overlay-type":"","overlay-color":"","overlay-opacity":"","overlay-gradient":""},"tablet":{"background-color":"var(--ast-global-color-5)","background-image":"","background-repeat":"repeat","background-position":"center center","background-size":"auto","background-attachment":"scroll","background-type":"","background-media":"","overlay-type":"","overlay-color":"","overlay-opacity":"","overlay-gradient":""},"mobile":{"background-color":"var(--ast-global-color-5)","background-image":"","background-repeat":"repeat","background-position":"center center","background-size":"auto","background-attachment":"scroll","background-type":"","background-media":"","overlay-type":"","overlay-color":"","overlay-opacity":"","overlay-gradient":""}},"_joinchat":[]},"product_brand":[],"product_cat":[1446],"product_tag":[],"class_list":{"0":"post-36079","1":"product","2":"type-product","3":"status-publish","4":"has-post-thumbnail","6":"product_cat-seifen","7":"desktop-align-center","8":"tablet-align-left","9":"mobile-align-left","11":"first","12":"instock","13":"shipping-taxable","14":"purchasable","15":"product-type-simple"},"yoast_head":"<!-- This site is optimized with the Yoast SEO Premium plugin v22.6 (Yoast SEO v27.6) - https:\/\/yoast.com\/product\/yoast-seo-premium-wordpress\/ -->\n<title>Reinigungsseife Ancestrina<\/title>\n<meta name=\"description\" content=\"Schwere Austrags- und Reinigungsseife (Weinraute, Meersalz, Breu Branco, Velandinho) Diese Seife, die im Herzen des Dschungels unter der Anleitung weiser \u00c4ltester hergestellt wurde, ist ein kraftvolles Werkzeug zur Energiereinigung. Mit einer heiligen Mischung aus Weinraute, Meersalz, Breu Branco und Velandinho ist jeder Riegel mit sch\u00fctzenden Absichten aufgeladen, die die dichtesten Energien zerstreuen und K\u00f6rper und Geist reinigen und erneuern.\" \/>\n<meta name=\"robots\" content=\"index, follow, max-snippet:-1, max-image-preview:large, max-video-preview:-1\" \/>\n<link rel=\"canonical\" href=\"https:\/\/ancestrina.com\/de\/producto\/reinigungsseife\/\" \/>\n<meta property=\"og:locale\" content=\"de_DE\" \/>\n<meta property=\"og:type\" content=\"article\" \/>\n<meta property=\"og:title\" content=\"Reinigungsseife\" \/>\n<meta property=\"og:description\" content=\"Schwere Austrags- und Reinigungsseife (Weinraute, Meersalz, Breu Branco, Velandinho) Diese Seife, die im Herzen des Dschungels unter der Anleitung weiser \u00c4ltester hergestellt wurde, ist ein kraftvolles Werkzeug zur Energiereinigung. Mit einer heiligen Mischung aus Weinraute, Meersalz, Breu Branco und Velandinho ist jeder Riegel mit sch\u00fctzenden Absichten aufgeladen, die die dichtesten Energien zerstreuen und K\u00f6rper und Geist reinigen und erneuern.\" \/>\n<meta property=\"og:url\" content=\"https:\/\/ancestrina.com\/de\/producto\/reinigungsseife\/\" \/>\n<meta property=\"og:site_name\" content=\"Ancestrina\" \/>\n<meta property=\"article:publisher\" content=\"https:\/\/www.facebook.com\/Ancestrina\/\" \/>\n<meta property=\"article:modified_time\" content=\"2026-05-13T22:31:55+00:00\" \/>\n<meta property=\"og:image\" content=\"https:\/\/ancestrina.com\/wp-content\/uploads\/jabon-limpieza.jpg\" \/>\n\t<meta property=\"og:image:width\" content=\"2048\" \/>\n\t<meta property=\"og:image:height\" content=\"2048\" \/>\n\t<meta property=\"og:image:type\" content=\"image\/jpeg\" \/>\n<meta name=\"twitter:card\" content=\"summary_large_image\" \/>\n<meta name=\"twitter:label1\" content=\"Gesch\u00e4tzte Lesezeit\" \/>\n\t<meta name=\"twitter:data1\" content=\"1\u00a0Minute\" \/>\n<script type=\"application\/ld+json\" class=\"yoast-schema-graph\">{\"@context\":\"https:\\\/\\\/schema.org\",\"@graph\":[{\"@type\":\"WebPage\",\"@id\":\"https:\\\/\\\/ancestrina.com\\\/de\\\/producto\\\/reinigungsseife\\\/\",\"url\":\"https:\\\/\\\/ancestrina.com\\\/de\\\/producto\\\/reinigungsseife\\\/\",\"name\":\"Reinigungsseife Ancestrina\",\"isPartOf\":{\"@id\":\"https:\\\/\\\/ancestrina.com\\\/de\\\/#website\"},\"primaryImageOfPage\":{\"@id\":\"https:\\\/\\\/ancestrina.com\\\/de\\\/producto\\\/reinigungsseife\\\/#primaryimage\"},\"image\":{\"@id\":\"https:\\\/\\\/ancestrina.com\\\/de\\\/producto\\\/reinigungsseife\\\/#primaryimage\"},\"thumbnailUrl\":\"https:\\\/\\\/ancestrina.com\\\/wp-content\\\/uploads\\\/jabon-limpieza.jpg\",\"datePublished\":\"2024-10-13T21:55:33+00:00\",\"dateModified\":\"2026-05-13T22:31:55+00:00\",\"description\":\"Schwere Austrags- und Reinigungsseife (Weinraute, Meersalz, Breu Branco, Velandinho) Diese Seife, die im Herzen des Dschungels unter der Anleitung weiser \u00c4ltester hergestellt wurde, ist ein kraftvolles Werkzeug zur Energiereinigung. Mit einer heiligen Mischung aus Weinraute, Meersalz, Breu Branco und Velandinho ist jeder Riegel mit sch\u00fctzenden Absichten aufgeladen, die die dichtesten Energien zerstreuen und K\u00f6rper und Geist reinigen und erneuern.\",\"breadcrumb\":{\"@id\":\"https:\\\/\\\/ancestrina.com\\\/de\\\/producto\\\/reinigungsseife\\\/#breadcrumb\"},\"inLanguage\":\"de\",\"potentialAction\":[{\"@type\":\"ReadAction\",\"target\":[\"https:\\\/\\\/ancestrina.com\\\/de\\\/producto\\\/reinigungsseife\\\/\"]}]},{\"@type\":\"ImageObject\",\"inLanguage\":\"de\",\"@id\":\"https:\\\/\\\/ancestrina.com\\\/de\\\/producto\\\/reinigungsseife\\\/#primaryimage\",\"url\":\"https:\\\/\\\/ancestrina.com\\\/wp-content\\\/uploads\\\/jabon-limpieza.jpg\",\"contentUrl\":\"https:\\\/\\\/ancestrina.com\\\/wp-content\\\/uploads\\\/jabon-limpieza.jpg\",\"width\":2048,\"height\":2048},{\"@type\":\"BreadcrumbList\",\"@id\":\"https:\\\/\\\/ancestrina.com\\\/de\\\/producto\\\/reinigungsseife\\\/#breadcrumb\",\"itemListElement\":[{\"@type\":\"ListItem\",\"position\":1,\"name\":\"Home\",\"item\":\"https:\\\/\\\/ancestrina.com\\\/de\\\/zuhause\\\/\"},{\"@type\":\"ListItem\",\"position\":2,\"name\":\"Gesch\u00e4ft\",\"item\":\"https:\\\/\\\/ancestrina.com\\\/de\\\/geschaeft\\\/\"},{\"@type\":\"ListItem\",\"position\":3,\"name\":\"Reinigungsseife\"}]},{\"@type\":\"WebSite\",\"@id\":\"https:\\\/\\\/ancestrina.com\\\/de\\\/#website\",\"url\":\"https:\\\/\\\/ancestrina.com\\\/de\\\/\",\"name\":\"Ancestrina\",\"description\":\"Trabajamos experiencias con plantas maestras, terapias integradoras y cultos ancestrales\",\"publisher\":{\"@id\":\"https:\\\/\\\/ancestrina.com\\\/de\\\/#organization\"},\"potentialAction\":[{\"@type\":\"SearchAction\",\"target\":{\"@type\":\"EntryPoint\",\"urlTemplate\":\"https:\\\/\\\/ancestrina.com\\\/de\\\/?s={search_term_string}\"},\"query-input\":{\"@type\":\"PropertyValueSpecification\",\"valueRequired\":true,\"valueName\":\"search_term_string\"}}],\"inLanguage\":\"de\"},{\"@type\":\"Organization\",\"@id\":\"https:\\\/\\\/ancestrina.com\\\/de\\\/#organization\",\"name\":\"Ancestrina\",\"url\":\"https:\\\/\\\/ancestrina.com\\\/de\\\/\",\"logo\":{\"@type\":\"ImageObject\",\"inLanguage\":\"de\",\"@id\":\"https:\\\/\\\/ancestrina.com\\\/de\\\/#\\\/schema\\\/logo\\\/image\\\/\",\"url\":\"https:\\\/\\\/ancestrina.com\\\/wp-content\\\/uploads\\\/2020\\\/06\\\/cropped-LOGO-ANCESTRINA-1.png\",\"contentUrl\":\"https:\\\/\\\/ancestrina.com\\\/wp-content\\\/uploads\\\/2020\\\/06\\\/cropped-LOGO-ANCESTRINA-1.png\",\"width\":630,\"height\":202,\"caption\":\"Ancestrina\"},\"image\":{\"@id\":\"https:\\\/\\\/ancestrina.com\\\/de\\\/#\\\/schema\\\/logo\\\/image\\\/\"},\"sameAs\":[\"https:\\\/\\\/www.facebook.com\\\/Ancestrina\\\/\",\"https:\\\/\\\/www.instagram.com\\\/ancestrina\\\/\",\"https:\\\/\\\/www.youtube.com\\\/channel\\\/UCgtt6WFhEIVEI30PzxlOeIw\"]}]}<\/script>\n<!-- \/ Yoast SEO Premium plugin. -->","yoast_head_json":{"title":"Reinigungsseife Ancestrina","description":"Schwere Austrags- und Reinigungsseife (Weinraute, Meersalz, Breu Branco, Velandinho) Diese Seife, die im Herzen des Dschungels unter der Anleitung weiser \u00c4ltester hergestellt wurde, ist ein kraftvolles Werkzeug zur Energiereinigung. Mit einer heiligen Mischung aus Weinraute, Meersalz, Breu Branco und Velandinho ist jeder Riegel mit sch\u00fctzenden Absichten aufgeladen, die die dichtesten Energien zerstreuen und K\u00f6rper und Geist reinigen und erneuern.","robots":{"index":"index","follow":"follow","max-snippet":"max-snippet:-1","max-image-preview":"max-image-preview:large","max-video-preview":"max-video-preview:-1"},"canonical":"https:\/\/ancestrina.com\/de\/producto\/reinigungsseife\/","og_locale":"de_DE","og_type":"article","og_title":"Reinigungsseife","og_description":"Schwere Austrags- und Reinigungsseife (Weinraute, Meersalz, Breu Branco, Velandinho) Diese Seife, die im Herzen des Dschungels unter der Anleitung weiser \u00c4ltester hergestellt wurde, ist ein kraftvolles Werkzeug zur Energiereinigung. Mit einer heiligen Mischung aus Weinraute, Meersalz, Breu Branco und Velandinho ist jeder Riegel mit sch\u00fctzenden Absichten aufgeladen, die die dichtesten Energien zerstreuen und K\u00f6rper und Geist reinigen und erneuern.","og_url":"https:\/\/ancestrina.com\/de\/producto\/reinigungsseife\/","og_site_name":"Ancestrina","article_publisher":"https:\/\/www.facebook.com\/Ancestrina\/","article_modified_time":"2026-05-13T22:31:55+00:00","og_image":[{"width":2048,"height":2048,"url":"https:\/\/ancestrina.com\/wp-content\/uploads\/jabon-limpieza.jpg","type":"image\/jpeg"}],"twitter_card":"summary_large_image","twitter_misc":{"Gesch\u00e4tzte Lesezeit":"1\u00a0Minute"},"schema":{"@context":"https:\/\/schema.org","@graph":[{"@type":"WebPage","@id":"https:\/\/ancestrina.com\/de\/producto\/reinigungsseife\/","url":"https:\/\/ancestrina.com\/de\/producto\/reinigungsseife\/","name":"Reinigungsseife Ancestrina","isPartOf":{"@id":"https:\/\/ancestrina.com\/de\/#website"},"primaryImageOfPage":{"@id":"https:\/\/ancestrina.com\/de\/producto\/reinigungsseife\/#primaryimage"},"image":{"@id":"https:\/\/ancestrina.com\/de\/producto\/reinigungsseife\/#primaryimage"},"thumbnailUrl":"https:\/\/ancestrina.com\/wp-content\/uploads\/jabon-limpieza.jpg","datePublished":"2024-10-13T21:55:33+00:00","dateModified":"2026-05-13T22:31:55+00:00","description":"Schwere Austrags- und Reinigungsseife (Weinraute, Meersalz, Breu Branco, Velandinho) Diese Seife, die im Herzen des Dschungels unter der Anleitung weiser \u00c4ltester hergestellt wurde, ist ein kraftvolles Werkzeug zur Energiereinigung. Mit einer heiligen Mischung aus Weinraute, Meersalz, Breu Branco und Velandinho ist jeder Riegel mit sch\u00fctzenden Absichten aufgeladen, die die dichtesten Energien zerstreuen und K\u00f6rper und Geist reinigen und erneuern.","breadcrumb":{"@id":"https:\/\/ancestrina.com\/de\/producto\/reinigungsseife\/#breadcrumb"},"inLanguage":"de","potentialAction":[{"@type":"ReadAction","target":["https:\/\/ancestrina.com\/de\/producto\/reinigungsseife\/"]}]},{"@type":"ImageObject","inLanguage":"de","@id":"https:\/\/ancestrina.com\/de\/producto\/reinigungsseife\/#primaryimage","url":"https:\/\/ancestrina.com\/wp-content\/uploads\/jabon-limpieza.jpg","contentUrl":"https:\/\/ancestrina.com\/wp-content\/uploads\/jabon-limpieza.jpg","width":2048,"height":2048},{"@type":"BreadcrumbList","@id":"https:\/\/ancestrina.com\/de\/producto\/reinigungsseife\/#breadcrumb","itemListElement":[{"@type":"ListItem","position":1,"name":"Home","item":"https:\/\/ancestrina.com\/de\/zuhause\/"},{"@type":"ListItem","position":2,"name":"Gesch\u00e4ft","item":"https:\/\/ancestrina.com\/de\/geschaeft\/"},{"@type":"ListItem","position":3,"name":"Reinigungsseife"}]},{"@type":"WebSite","@id":"https:\/\/ancestrina.com\/de\/#website","url":"https:\/\/ancestrina.com\/de\/","name":"Ancestrina","description":"Trabajamos experiencias con plantas maestras, terapias integradoras y cultos ancestrales","publisher":{"@id":"https:\/\/ancestrina.com\/de\/#organization"},"potentialAction":[{"@type":"SearchAction","target":{"@type":"EntryPoint","urlTemplate":"https:\/\/ancestrina.com\/de\/?s={search_term_string}"},"query-input":{"@type":"PropertyValueSpecification","valueRequired":true,"valueName":"search_term_string"}}],"inLanguage":"de"},{"@type":"Organization","@id":"https:\/\/ancestrina.com\/de\/#organization","name":"Ancestrina","url":"https:\/\/ancestrina.com\/de\/","logo":{"@type":"ImageObject","inLanguage":"de","@id":"https:\/\/ancestrina.com\/de\/#\/schema\/logo\/image\/","url":"https:\/\/ancestrina.com\/wp-content\/uploads\/2020\/06\/cropped-LOGO-ANCESTRINA-1.png","contentUrl":"https:\/\/ancestrina.com\/wp-content\/uploads\/2020\/06\/cropped-LOGO-ANCESTRINA-1.png","width":630,"height":202,"caption":"Ancestrina"},"image":{"@id":"https:\/\/ancestrina.com\/de\/#\/schema\/logo\/image\/"},"sameAs":["https:\/\/www.facebook.com\/Ancestrina\/","https:\/\/www.instagram.com\/ancestrina\/","https:\/\/www.youtube.com\/channel\/UCgtt6WFhEIVEI30PzxlOeIw"]}]}},"_links":{"self":[{"href":"https:\/\/ancestrina.com\/de\/wp-json\/wp\/v2\/product\/36079","targetHints":{"allow":["GET"]}}],"collection":[{"href":"https:\/\/ancestrina.com\/de\/wp-json\/wp\/v2\/product"}],"about":[{"href":"https:\/\/ancestrina.com\/de\/wp-json\/wp\/v2\/types\/product"}],"replies":[{"embeddable":true,"href":"https:\/\/ancestrina.com\/de\/wp-json\/wp\/v2\/comments?post=36079"}],"version-history":[{"count":1,"href":"https:\/\/ancestrina.com\/de\/wp-json\/wp\/v2\/product\/36079\/revisions"}],"predecessor-version":[{"id":37650,"href":"https:\/\/ancestrina.com\/de\/wp-json\/wp\/v2\/product\/36079\/revisions\/37650"}],"wp:featuredmedia":[{"embeddable":true,"href":"https:\/\/ancestrina.com\/de\/wp-json\/wp\/v2\/media\/34765"}],"wp:attachment":[{"href":"https:\/\/ancestrina.com\/de\/wp-json\/wp\/v2\/media?parent=36079"}],"wp:term":[{"taxonomy":"product_brand","embeddable":true,"href":"https:\/\/ancestrina.com\/de\/wp-json\/wp\/v2\/product_brand?post=36079"},{"taxonomy":"product_cat","embeddable":true,"href":"https:\/\/ancestrina.com\/de\/wp-json\/wp\/v2\/product_cat?post=36079"},{"taxonomy":"product_tag","embeddable":true,"href":"https:\/\/ancestrina.com\/de\/wp-json\/wp\/v2\/product_tag?post=36079"}],"curies":[{"name":"wp","href":"https:\/\/api.w.org\/{rel}","templated":true}]}}