{"id":36057,"date":"2024-10-13T17:17:53","date_gmt":"2024-10-13T22:17:53","guid":{"rendered":"https:\/\/ancestrina.com\/producto\/tepi-doppel\/"},"modified":"2026-03-15T10:57:02","modified_gmt":"2026-03-15T15:57:02","slug":"tepi-doppel","status":"publish","type":"product","link":"https:\/\/ancestrina.com\/de\/producto\/tepi-doppel\/","title":{"rendered":"Doppelter Tepi"},"content":{"rendered":"<p>Das <strong>Double Tepi<\/strong> ist ein einzigartiges zeremonielles Instrument f\u00fcr diejenigen, die eine ausgewogene und gleichzeitige Anwendung von Schnupftabak in beiden Nasenl\u00f6chern suchen. Meisterhaft gefertigt von Handwerkern, die die Kunst der Holzbearbeitung seit Generationen perfektioniert haben, sorgt dieses Tepi daf\u00fcr, dass die heilige Medizin des Rapses harmonisch flie\u00dft und eine tiefere und ausgeglichenere Erfahrung bietet.<\/p>\n<p>Dieses spezielle Design erm\u00f6glicht es, den Rap\u00e9 gleichzeitig in beide Gruben zu schleudern, wodurch ein kontinuierlicher Energiefluss entsteht. Jedes <strong>Double Tepi<\/strong> ist handgefertigt und mit spirituellen und zeremoniellen Absichten durchdrungen. So wird sichergestellt, dass jede Anwendung mehr als nur ein Ritual ist, n\u00e4mlich ein Moment der Verbindung mit dem Heiligen.<\/p>\n<p><strong>Double Tepi<\/strong> wird in den Zeremonien der Vorfahren verwendet und ist ideal f\u00fcr alle, die die Wirkung von Schnupftabak verst\u00e4rken wollen. Es erm\u00f6glicht eine gleichzeitige \u00d6ffnung der Energiekan\u00e4le und eine gr\u00f6\u00dfere geistige und spirituelle Klarheit. Dieses Tepi erm\u00f6glicht es Ihnen, die Erfahrung des Raps auf ausgewogene Weise zu vertiefen und die Verbindung zwischen K\u00f6rper, Geist und Seele unter dem Schutz uralter Weisheit zu optimieren.<\/p>\n","protected":false},"excerpt":{"rendered":"<p>Der <strong>Double Tepi<\/strong>, der sorgf\u00e4ltig entwickelt wurde, um rap\u00e9 gleichzeitig in beide Nasenl\u00f6cher zu projizieren, ist ein pr\u00e4zises und kraftvolles zeremonielles Werkzeug. Dieses von erfahrenen Handwerkern hergestellte Instrument garantiert eine ausgewogene und tiefe Anwendung und optimiert das rap\u00e9 mit einer direkten Verbindung zur Energie der Vorfahren. <\/p>\n","protected":false},"featured_media":35150,"comment_status":"open","ping_status":"closed","template":"","meta":{"order-bump-settings":[],"_wpfnl_thankyou_order_overview":"on","_wpfnl_thankyou_order_details":"on","_wpfnl_thankyou_billing_details":"on","_wpfnl_thankyou_shipping_details":"on","site-sidebar-layout":"default","site-content-layout":"","ast-site-content-layout":"default","site-content-style":"default","site-sidebar-style":"default","ast-global-header-display":"","ast-banner-title-visibility":"","ast-main-header-display":"","ast-hfb-above-header-display":"","ast-hfb-below-header-display":"","ast-hfb-mobile-header-display":"","site-post-title":"","ast-breadcrumbs-content":"","ast-featured-img":"","footer-sml-layout":"","ast-disable-related-posts":"","theme-transparent-header-meta":"default","adv-header-id-meta":"","stick-header-meta":"","header-above-stick-meta":"","header-main-stick-meta":"","header-below-stick-meta":"","astra-migrate-meta-layouts":"default","ast-page-background-enabled":"default","ast-page-background-meta":{"desktop":{"background-color":"","background-image":"","background-repeat":"repeat","background-position":"center center","background-size":"auto","background-attachment":"scroll","background-type":"","background-media":"","overlay-type":"","overlay-color":"","overlay-opacity":"","overlay-gradient":""},"tablet":{"background-color":"","background-image":"","background-repeat":"repeat","background-position":"center center","background-size":"auto","background-attachment":"scroll","background-type":"","background-media":"","overlay-type":"","overlay-color":"","overlay-opacity":"","overlay-gradient":""},"mobile":{"background-color":"","background-image":"","background-repeat":"repeat","background-position":"center center","background-size":"auto","background-attachment":"scroll","background-type":"","background-media":"","overlay-type":"","overlay-color":"","overlay-opacity":"","overlay-gradient":""}},"ast-content-background-meta":{"desktop":{"background-color":"var(--ast-global-color-5)","background-image":"","background-repeat":"repeat","background-position":"center center","background-size":"auto","background-attachment":"scroll","background-type":"","background-media":"","overlay-type":"","overlay-color":"","overlay-opacity":"","overlay-gradient":""},"tablet":{"background-color":"var(--ast-global-color-5)","background-image":"","background-repeat":"repeat","background-position":"center center","background-size":"auto","background-attachment":"scroll","background-type":"","background-media":"","overlay-type":"","overlay-color":"","overlay-opacity":"","overlay-gradient":""},"mobile":{"background-color":"var(--ast-global-color-5)","background-image":"","background-repeat":"repeat","background-position":"center center","background-size":"auto","background-attachment":"scroll","background-type":"","background-media":"","overlay-type":"","overlay-color":"","overlay-opacity":"","overlay-gradient":""}},"_joinchat":[]},"product_brand":[],"product_cat":[1842,363],"product_tag":[],"class_list":{"0":"post-36057","1":"product","2":"type-product","3":"status-publish","4":"has-post-thumbnail","6":"product_cat-abwechslungsreich","7":"product_cat-tepis-de","8":"desktop-align-center","9":"tablet-align-left","10":"mobile-align-left","12":"first","13":"outofstock","14":"shipping-taxable","15":"purchasable","16":"product-type-simple"},"yoast_head":"<!-- This site is optimized with the Yoast SEO Premium plugin v22.6 (Yoast SEO v27.6) - https:\/\/yoast.com\/product\/yoast-seo-premium-wordpress\/ -->\n<title>Doppelter Tepi Ancestrina<\/title>\n<meta name=\"description\" content=\"Der Double Tepi, der sorgf\u00e4ltig entwickelt wurde, um rap\u00e9 gleichzeitig in beide Nasenl\u00f6cher zu projizieren, ist ein pr\u00e4zises und kraftvolles zeremonielles Werkzeug. Dieses von erfahrenen Handwerkern hergestellte Instrument garantiert eine ausgewogene und tiefe Anwendung und optimiert das rap\u00e9 mit einer direkten Verbindung zur Energie der Vorfahren.\" \/>\n<meta name=\"robots\" content=\"index, follow, max-snippet:-1, max-image-preview:large, max-video-preview:-1\" \/>\n<link rel=\"canonical\" href=\"https:\/\/ancestrina.com\/de\/producto\/tepi-doppel\/\" \/>\n<meta property=\"og:locale\" content=\"de_DE\" \/>\n<meta property=\"og:type\" content=\"article\" \/>\n<meta property=\"og:title\" content=\"Doppelter Tepi\" \/>\n<meta property=\"og:description\" content=\"Der Double Tepi, der sorgf\u00e4ltig entwickelt wurde, um rap\u00e9 gleichzeitig in beide Nasenl\u00f6cher zu projizieren, ist ein pr\u00e4zises und kraftvolles zeremonielles Werkzeug. Dieses von erfahrenen Handwerkern hergestellte Instrument garantiert eine ausgewogene und tiefe Anwendung und optimiert das rap\u00e9 mit einer direkten Verbindung zur Energie der Vorfahren.\" \/>\n<meta property=\"og:url\" content=\"https:\/\/ancestrina.com\/de\/producto\/tepi-doppel\/\" \/>\n<meta property=\"og:site_name\" content=\"Ancestrina\" \/>\n<meta property=\"article:publisher\" content=\"https:\/\/www.facebook.com\/Ancestrina\/\" \/>\n<meta property=\"article:modified_time\" content=\"2026-03-15T15:57:02+00:00\" \/>\n<meta property=\"og:image\" content=\"https:\/\/ancestrina.com\/wp-content\/uploads\/tepis-dobles.jpg\" \/>\n\t<meta property=\"og:image:width\" content=\"2048\" \/>\n\t<meta property=\"og:image:height\" content=\"2048\" \/>\n\t<meta property=\"og:image:type\" content=\"image\/jpeg\" \/>\n<meta name=\"twitter:card\" content=\"summary_large_image\" \/>\n<meta name=\"twitter:label1\" content=\"Gesch\u00e4tzte Lesezeit\" \/>\n\t<meta name=\"twitter:data1\" content=\"1\u00a0Minute\" \/>\n<script type=\"application\/ld+json\" class=\"yoast-schema-graph\">{\"@context\":\"https:\\\/\\\/schema.org\",\"@graph\":[{\"@type\":\"WebPage\",\"@id\":\"https:\\\/\\\/ancestrina.com\\\/de\\\/producto\\\/tepi-doppel\\\/\",\"url\":\"https:\\\/\\\/ancestrina.com\\\/de\\\/producto\\\/tepi-doppel\\\/\",\"name\":\"Doppelter Tepi Ancestrina\",\"isPartOf\":{\"@id\":\"https:\\\/\\\/ancestrina.com\\\/de\\\/#website\"},\"primaryImageOfPage\":{\"@id\":\"https:\\\/\\\/ancestrina.com\\\/de\\\/producto\\\/tepi-doppel\\\/#primaryimage\"},\"image\":{\"@id\":\"https:\\\/\\\/ancestrina.com\\\/de\\\/producto\\\/tepi-doppel\\\/#primaryimage\"},\"thumbnailUrl\":\"https:\\\/\\\/ancestrina.com\\\/wp-content\\\/uploads\\\/tepis-dobles.jpg\",\"datePublished\":\"2024-10-13T22:17:53+00:00\",\"dateModified\":\"2026-03-15T15:57:02+00:00\",\"description\":\"Der Double Tepi, der sorgf\u00e4ltig entwickelt wurde, um rap\u00e9 gleichzeitig in beide Nasenl\u00f6cher zu projizieren, ist ein pr\u00e4zises und kraftvolles zeremonielles Werkzeug. Dieses von erfahrenen Handwerkern hergestellte Instrument garantiert eine ausgewogene und tiefe Anwendung und optimiert das rap\u00e9 mit einer direkten Verbindung zur Energie der Vorfahren.\",\"breadcrumb\":{\"@id\":\"https:\\\/\\\/ancestrina.com\\\/de\\\/producto\\\/tepi-doppel\\\/#breadcrumb\"},\"inLanguage\":\"de\",\"potentialAction\":[{\"@type\":\"ReadAction\",\"target\":[\"https:\\\/\\\/ancestrina.com\\\/de\\\/producto\\\/tepi-doppel\\\/\"]}]},{\"@type\":\"ImageObject\",\"inLanguage\":\"de\",\"@id\":\"https:\\\/\\\/ancestrina.com\\\/de\\\/producto\\\/tepi-doppel\\\/#primaryimage\",\"url\":\"https:\\\/\\\/ancestrina.com\\\/wp-content\\\/uploads\\\/tepis-dobles.jpg\",\"contentUrl\":\"https:\\\/\\\/ancestrina.com\\\/wp-content\\\/uploads\\\/tepis-dobles.jpg\",\"width\":2048,\"height\":2048},{\"@type\":\"BreadcrumbList\",\"@id\":\"https:\\\/\\\/ancestrina.com\\\/de\\\/producto\\\/tepi-doppel\\\/#breadcrumb\",\"itemListElement\":[{\"@type\":\"ListItem\",\"position\":1,\"name\":\"Home\",\"item\":\"https:\\\/\\\/ancestrina.com\\\/de\\\/zuhause\\\/\"},{\"@type\":\"ListItem\",\"position\":2,\"name\":\"Gesch\u00e4ft\",\"item\":\"https:\\\/\\\/ancestrina.com\\\/de\\\/geschaeft\\\/\"},{\"@type\":\"ListItem\",\"position\":3,\"name\":\"Doppelter Tepi\"}]},{\"@type\":\"WebSite\",\"@id\":\"https:\\\/\\\/ancestrina.com\\\/de\\\/#website\",\"url\":\"https:\\\/\\\/ancestrina.com\\\/de\\\/\",\"name\":\"Ancestrina\",\"description\":\"Trabajamos experiencias con plantas maestras, terapias integradoras y cultos ancestrales\",\"publisher\":{\"@id\":\"https:\\\/\\\/ancestrina.com\\\/de\\\/#organization\"},\"potentialAction\":[{\"@type\":\"SearchAction\",\"target\":{\"@type\":\"EntryPoint\",\"urlTemplate\":\"https:\\\/\\\/ancestrina.com\\\/de\\\/?s={search_term_string}\"},\"query-input\":{\"@type\":\"PropertyValueSpecification\",\"valueRequired\":true,\"valueName\":\"search_term_string\"}}],\"inLanguage\":\"de\"},{\"@type\":\"Organization\",\"@id\":\"https:\\\/\\\/ancestrina.com\\\/de\\\/#organization\",\"name\":\"Ancestrina\",\"url\":\"https:\\\/\\\/ancestrina.com\\\/de\\\/\",\"logo\":{\"@type\":\"ImageObject\",\"inLanguage\":\"de\",\"@id\":\"https:\\\/\\\/ancestrina.com\\\/de\\\/#\\\/schema\\\/logo\\\/image\\\/\",\"url\":\"https:\\\/\\\/ancestrina.com\\\/wp-content\\\/uploads\\\/2020\\\/06\\\/cropped-LOGO-ANCESTRINA-1.png\",\"contentUrl\":\"https:\\\/\\\/ancestrina.com\\\/wp-content\\\/uploads\\\/2020\\\/06\\\/cropped-LOGO-ANCESTRINA-1.png\",\"width\":630,\"height\":202,\"caption\":\"Ancestrina\"},\"image\":{\"@id\":\"https:\\\/\\\/ancestrina.com\\\/de\\\/#\\\/schema\\\/logo\\\/image\\\/\"},\"sameAs\":[\"https:\\\/\\\/www.facebook.com\\\/Ancestrina\\\/\",\"https:\\\/\\\/www.instagram.com\\\/ancestrina\\\/\",\"https:\\\/\\\/www.youtube.com\\\/channel\\\/UCgtt6WFhEIVEI30PzxlOeIw\"]}]}<\/script>\n<!-- \/ Yoast SEO Premium plugin. -->","yoast_head_json":{"title":"Doppelter Tepi Ancestrina","description":"Der Double Tepi, der sorgf\u00e4ltig entwickelt wurde, um rap\u00e9 gleichzeitig in beide Nasenl\u00f6cher zu projizieren, ist ein pr\u00e4zises und kraftvolles zeremonielles Werkzeug. Dieses von erfahrenen Handwerkern hergestellte Instrument garantiert eine ausgewogene und tiefe Anwendung und optimiert das rap\u00e9 mit einer direkten Verbindung zur Energie der Vorfahren.","robots":{"index":"index","follow":"follow","max-snippet":"max-snippet:-1","max-image-preview":"max-image-preview:large","max-video-preview":"max-video-preview:-1"},"canonical":"https:\/\/ancestrina.com\/de\/producto\/tepi-doppel\/","og_locale":"de_DE","og_type":"article","og_title":"Doppelter Tepi","og_description":"Der Double Tepi, der sorgf\u00e4ltig entwickelt wurde, um rap\u00e9 gleichzeitig in beide Nasenl\u00f6cher zu projizieren, ist ein pr\u00e4zises und kraftvolles zeremonielles Werkzeug. Dieses von erfahrenen Handwerkern hergestellte Instrument garantiert eine ausgewogene und tiefe Anwendung und optimiert das rap\u00e9 mit einer direkten Verbindung zur Energie der Vorfahren.","og_url":"https:\/\/ancestrina.com\/de\/producto\/tepi-doppel\/","og_site_name":"Ancestrina","article_publisher":"https:\/\/www.facebook.com\/Ancestrina\/","article_modified_time":"2026-03-15T15:57:02+00:00","og_image":[{"width":2048,"height":2048,"url":"https:\/\/ancestrina.com\/wp-content\/uploads\/tepis-dobles.jpg","type":"image\/jpeg"}],"twitter_card":"summary_large_image","twitter_misc":{"Gesch\u00e4tzte Lesezeit":"1\u00a0Minute"},"schema":{"@context":"https:\/\/schema.org","@graph":[{"@type":"WebPage","@id":"https:\/\/ancestrina.com\/de\/producto\/tepi-doppel\/","url":"https:\/\/ancestrina.com\/de\/producto\/tepi-doppel\/","name":"Doppelter Tepi Ancestrina","isPartOf":{"@id":"https:\/\/ancestrina.com\/de\/#website"},"primaryImageOfPage":{"@id":"https:\/\/ancestrina.com\/de\/producto\/tepi-doppel\/#primaryimage"},"image":{"@id":"https:\/\/ancestrina.com\/de\/producto\/tepi-doppel\/#primaryimage"},"thumbnailUrl":"https:\/\/ancestrina.com\/wp-content\/uploads\/tepis-dobles.jpg","datePublished":"2024-10-13T22:17:53+00:00","dateModified":"2026-03-15T15:57:02+00:00","description":"Der Double Tepi, der sorgf\u00e4ltig entwickelt wurde, um rap\u00e9 gleichzeitig in beide Nasenl\u00f6cher zu projizieren, ist ein pr\u00e4zises und kraftvolles zeremonielles Werkzeug. Dieses von erfahrenen Handwerkern hergestellte Instrument garantiert eine ausgewogene und tiefe Anwendung und optimiert das rap\u00e9 mit einer direkten Verbindung zur Energie der Vorfahren.","breadcrumb":{"@id":"https:\/\/ancestrina.com\/de\/producto\/tepi-doppel\/#breadcrumb"},"inLanguage":"de","potentialAction":[{"@type":"ReadAction","target":["https:\/\/ancestrina.com\/de\/producto\/tepi-doppel\/"]}]},{"@type":"ImageObject","inLanguage":"de","@id":"https:\/\/ancestrina.com\/de\/producto\/tepi-doppel\/#primaryimage","url":"https:\/\/ancestrina.com\/wp-content\/uploads\/tepis-dobles.jpg","contentUrl":"https:\/\/ancestrina.com\/wp-content\/uploads\/tepis-dobles.jpg","width":2048,"height":2048},{"@type":"BreadcrumbList","@id":"https:\/\/ancestrina.com\/de\/producto\/tepi-doppel\/#breadcrumb","itemListElement":[{"@type":"ListItem","position":1,"name":"Home","item":"https:\/\/ancestrina.com\/de\/zuhause\/"},{"@type":"ListItem","position":2,"name":"Gesch\u00e4ft","item":"https:\/\/ancestrina.com\/de\/geschaeft\/"},{"@type":"ListItem","position":3,"name":"Doppelter Tepi"}]},{"@type":"WebSite","@id":"https:\/\/ancestrina.com\/de\/#website","url":"https:\/\/ancestrina.com\/de\/","name":"Ancestrina","description":"Trabajamos experiencias con plantas maestras, terapias integradoras y cultos ancestrales","publisher":{"@id":"https:\/\/ancestrina.com\/de\/#organization"},"potentialAction":[{"@type":"SearchAction","target":{"@type":"EntryPoint","urlTemplate":"https:\/\/ancestrina.com\/de\/?s={search_term_string}"},"query-input":{"@type":"PropertyValueSpecification","valueRequired":true,"valueName":"search_term_string"}}],"inLanguage":"de"},{"@type":"Organization","@id":"https:\/\/ancestrina.com\/de\/#organization","name":"Ancestrina","url":"https:\/\/ancestrina.com\/de\/","logo":{"@type":"ImageObject","inLanguage":"de","@id":"https:\/\/ancestrina.com\/de\/#\/schema\/logo\/image\/","url":"https:\/\/ancestrina.com\/wp-content\/uploads\/2020\/06\/cropped-LOGO-ANCESTRINA-1.png","contentUrl":"https:\/\/ancestrina.com\/wp-content\/uploads\/2020\/06\/cropped-LOGO-ANCESTRINA-1.png","width":630,"height":202,"caption":"Ancestrina"},"image":{"@id":"https:\/\/ancestrina.com\/de\/#\/schema\/logo\/image\/"},"sameAs":["https:\/\/www.facebook.com\/Ancestrina\/","https:\/\/www.instagram.com\/ancestrina\/","https:\/\/www.youtube.com\/channel\/UCgtt6WFhEIVEI30PzxlOeIw"]}]}},"_links":{"self":[{"href":"https:\/\/ancestrina.com\/de\/wp-json\/wp\/v2\/product\/36057","targetHints":{"allow":["GET"]}}],"collection":[{"href":"https:\/\/ancestrina.com\/de\/wp-json\/wp\/v2\/product"}],"about":[{"href":"https:\/\/ancestrina.com\/de\/wp-json\/wp\/v2\/types\/product"}],"replies":[{"embeddable":true,"href":"https:\/\/ancestrina.com\/de\/wp-json\/wp\/v2\/comments?post=36057"}],"version-history":[{"count":1,"href":"https:\/\/ancestrina.com\/de\/wp-json\/wp\/v2\/product\/36057\/revisions"}],"predecessor-version":[{"id":37668,"href":"https:\/\/ancestrina.com\/de\/wp-json\/wp\/v2\/product\/36057\/revisions\/37668"}],"wp:featuredmedia":[{"embeddable":true,"href":"https:\/\/ancestrina.com\/de\/wp-json\/wp\/v2\/media\/35150"}],"wp:attachment":[{"href":"https:\/\/ancestrina.com\/de\/wp-json\/wp\/v2\/media?parent=36057"}],"wp:term":[{"taxonomy":"product_brand","embeddable":true,"href":"https:\/\/ancestrina.com\/de\/wp-json\/wp\/v2\/product_brand?post=36057"},{"taxonomy":"product_cat","embeddable":true,"href":"https:\/\/ancestrina.com\/de\/wp-json\/wp\/v2\/product_cat?post=36057"},{"taxonomy":"product_tag","embeddable":true,"href":"https:\/\/ancestrina.com\/de\/wp-json\/wp\/v2\/product_tag?post=36057"}],"curies":[{"name":"wp","href":"https:\/\/api.w.org\/{rel}","templated":true}]}}