{"id":36049,"date":"2024-10-13T17:24:59","date_gmt":"2024-10-13T22:24:59","guid":{"rendered":"https:\/\/ancestrina.com\/producto\/schutzkordel\/"},"modified":"2026-05-12T16:10:09","modified_gmt":"2026-05-12T21:10:09","slug":"schutzkordel","status":"publish","type":"product","link":"https:\/\/ancestrina.com\/de\/producto\/schutzkordel\/","title":{"rendered":"Schutzkordel"},"content":{"rendered":"<p>Die <strong>Schutzschnur<\/strong> ist mehr als nur ein Accessoire. Sie ist ein heiliger Kanal des Schutzes, der mit der Weisheit der \u00c4ltesten gewoben wurde. Jeder seiner F\u00e4den wurde sorgf\u00e4ltig in Zeremonien geweiht, in denen Energien des Schutzes und des Wohlbefindens beschworen werden. Dieses Amulett wurde nach alten Traditionen erschaffen, die Energie als eine Erweiterung des Selbst betrachten. Sein Zweck ist es, als Schutzschild gegen negative Einfl\u00fcsse zu dienen, denen Sie auf Ihrem Weg begegnen k\u00f6nnten.<\/p>\n<p>Die mit Gebeten und Segnungen durchtr\u00e4nkte <strong>Schutzschnur<\/strong> wirkt nicht nur als W\u00e4chter, der Ihr Energiefeld st\u00e4rkt, sondern auch Ihre Verbindung zum Heiligen. Wenn Sie es bei sich tragen, wird es Sie in Ihrem t\u00e4glichen Leben begleiten und eine Barriere schaffen, die Sie vor jeglicher dichter Energie sch\u00fctzt und es Ihnen erm\u00f6glicht, sich mit Klarheit, Frieden und Sicherheit in Ihrem spirituellen Ziel zu bewegen. Dieses Amulett ist ideal f\u00fcr alle, die ihr Energiefeld st\u00e4rken und eine tiefere Verbindung mit der Weisheit der Erde und der Ahnen herstellen m\u00f6chten.<\/p>\n","protected":false},"excerpt":{"rendered":"<p>Der <strong>Schutzkordon<\/strong> ist ein Amulett, das von Hand mit zeremoniellen Absichten hergestellt wurde und unter der Weisheit der Vorfahren aufbewahrt wird. Jeder Faden ist ein energetischer Schild, der dich umh\u00fcllt, deine Aura vor negativen Einfl\u00fcssen sch\u00fctzt und deine spirituelle Verbindung st\u00e4rkt. <\/p>\n","protected":false},"featured_media":34688,"comment_status":"open","ping_status":"closed","template":"","meta":{"order-bump-settings":[],"_wpfnl_thankyou_order_overview":"on","_wpfnl_thankyou_order_details":"on","_wpfnl_thankyou_billing_details":"on","_wpfnl_thankyou_shipping_details":"on","site-sidebar-layout":"default","site-content-layout":"","ast-site-content-layout":"default","site-content-style":"default","site-sidebar-style":"default","ast-global-header-display":"","ast-banner-title-visibility":"","ast-main-header-display":"","ast-hfb-above-header-display":"","ast-hfb-below-header-display":"","ast-hfb-mobile-header-display":"","site-post-title":"","ast-breadcrumbs-content":"","ast-featured-img":"","footer-sml-layout":"","ast-disable-related-posts":"","theme-transparent-header-meta":"default","adv-header-id-meta":"","stick-header-meta":"","header-above-stick-meta":"","header-main-stick-meta":"","header-below-stick-meta":"","astra-migrate-meta-layouts":"default","ast-page-background-enabled":"default","ast-page-background-meta":{"desktop":{"background-color":"","background-image":"","background-repeat":"repeat","background-position":"center center","background-size":"auto","background-attachment":"scroll","background-type":"","background-media":"","overlay-type":"","overlay-color":"","overlay-opacity":"","overlay-gradient":""},"tablet":{"background-color":"","background-image":"","background-repeat":"repeat","background-position":"center center","background-size":"auto","background-attachment":"scroll","background-type":"","background-media":"","overlay-type":"","overlay-color":"","overlay-opacity":"","overlay-gradient":""},"mobile":{"background-color":"","background-image":"","background-repeat":"repeat","background-position":"center center","background-size":"auto","background-attachment":"scroll","background-type":"","background-media":"","overlay-type":"","overlay-color":"","overlay-opacity":"","overlay-gradient":""}},"ast-content-background-meta":{"desktop":{"background-color":"var(--ast-global-color-5)","background-image":"","background-repeat":"repeat","background-position":"center center","background-size":"auto","background-attachment":"scroll","background-type":"","background-media":"","overlay-type":"","overlay-color":"","overlay-opacity":"","overlay-gradient":""},"tablet":{"background-color":"var(--ast-global-color-5)","background-image":"","background-repeat":"repeat","background-position":"center center","background-size":"auto","background-attachment":"scroll","background-type":"","background-media":"","overlay-type":"","overlay-color":"","overlay-opacity":"","overlay-gradient":""},"mobile":{"background-color":"var(--ast-global-color-5)","background-image":"","background-repeat":"repeat","background-position":"center center","background-size":"auto","background-attachment":"scroll","background-type":"","background-media":"","overlay-type":"","overlay-color":"","overlay-opacity":"","overlay-gradient":""}},"_joinchat":[]},"product_brand":[],"product_cat":[1448],"product_tag":[],"class_list":{"0":"post-36049","1":"product","2":"type-product","3":"status-publish","4":"has-post-thumbnail","6":"product_cat-meditacion-de","7":"desktop-align-center","8":"tablet-align-left","9":"mobile-align-left","11":"first","12":"instock","13":"shipping-taxable","14":"purchasable","15":"product-type-simple"},"yoast_head":"<!-- This site is optimized with the Yoast SEO Premium plugin v22.6 (Yoast SEO v27.6) - https:\/\/yoast.com\/product\/yoast-seo-premium-wordpress\/ -->\n<title>Schutzkordel Ancestrina<\/title>\n<meta name=\"description\" content=\"Der Schutzkordon ist ein Amulett, das von Hand mit zeremoniellen Absichten hergestellt wurde und unter der Weisheit der Vorfahren aufbewahrt wird. Jeder Faden ist ein energetischer Schild, der dich umh\u00fcllt, deine Aura vor negativen Einfl\u00fcssen sch\u00fctzt und deine spirituelle Verbindung st\u00e4rkt.\" \/>\n<meta name=\"robots\" content=\"index, follow, max-snippet:-1, max-image-preview:large, max-video-preview:-1\" \/>\n<link rel=\"canonical\" href=\"https:\/\/ancestrina.com\/de\/producto\/schutzkordel\/\" \/>\n<meta property=\"og:locale\" content=\"de_DE\" \/>\n<meta property=\"og:type\" content=\"article\" \/>\n<meta property=\"og:title\" content=\"Schutzkordel\" \/>\n<meta property=\"og:description\" content=\"Der Schutzkordon ist ein Amulett, das von Hand mit zeremoniellen Absichten hergestellt wurde und unter der Weisheit der Vorfahren aufbewahrt wird. Jeder Faden ist ein energetischer Schild, der dich umh\u00fcllt, deine Aura vor negativen Einfl\u00fcssen sch\u00fctzt und deine spirituelle Verbindung st\u00e4rkt.\" \/>\n<meta property=\"og:url\" content=\"https:\/\/ancestrina.com\/de\/producto\/schutzkordel\/\" \/>\n<meta property=\"og:site_name\" content=\"Ancestrina\" \/>\n<meta property=\"article:publisher\" content=\"https:\/\/www.facebook.com\/Ancestrina\/\" \/>\n<meta property=\"article:modified_time\" content=\"2026-05-12T21:10:09+00:00\" \/>\n<meta property=\"og:image\" content=\"https:\/\/ancestrina.com\/wp-content\/uploads\/cordones-de-proteccion-1.jpg\" \/>\n\t<meta property=\"og:image:width\" content=\"2048\" \/>\n\t<meta property=\"og:image:height\" content=\"2048\" \/>\n\t<meta property=\"og:image:type\" content=\"image\/jpeg\" \/>\n<meta name=\"twitter:card\" content=\"summary_large_image\" \/>\n<meta name=\"twitter:label1\" content=\"Gesch\u00e4tzte Lesezeit\" \/>\n\t<meta name=\"twitter:data1\" content=\"1\u00a0Minute\" \/>\n<script type=\"application\/ld+json\" class=\"yoast-schema-graph\">{\"@context\":\"https:\\\/\\\/schema.org\",\"@graph\":[{\"@type\":\"WebPage\",\"@id\":\"https:\\\/\\\/ancestrina.com\\\/de\\\/producto\\\/schutzkordel\\\/\",\"url\":\"https:\\\/\\\/ancestrina.com\\\/de\\\/producto\\\/schutzkordel\\\/\",\"name\":\"Schutzkordel Ancestrina\",\"isPartOf\":{\"@id\":\"https:\\\/\\\/ancestrina.com\\\/de\\\/#website\"},\"primaryImageOfPage\":{\"@id\":\"https:\\\/\\\/ancestrina.com\\\/de\\\/producto\\\/schutzkordel\\\/#primaryimage\"},\"image\":{\"@id\":\"https:\\\/\\\/ancestrina.com\\\/de\\\/producto\\\/schutzkordel\\\/#primaryimage\"},\"thumbnailUrl\":\"https:\\\/\\\/ancestrina.com\\\/wp-content\\\/uploads\\\/cordones-de-proteccion-1.jpg\",\"datePublished\":\"2024-10-13T22:24:59+00:00\",\"dateModified\":\"2026-05-12T21:10:09+00:00\",\"description\":\"Der Schutzkordon ist ein Amulett, das von Hand mit zeremoniellen Absichten hergestellt wurde und unter der Weisheit der Vorfahren aufbewahrt wird. Jeder Faden ist ein energetischer Schild, der dich umh\u00fcllt, deine Aura vor negativen Einfl\u00fcssen sch\u00fctzt und deine spirituelle Verbindung st\u00e4rkt.\",\"breadcrumb\":{\"@id\":\"https:\\\/\\\/ancestrina.com\\\/de\\\/producto\\\/schutzkordel\\\/#breadcrumb\"},\"inLanguage\":\"de\",\"potentialAction\":[{\"@type\":\"ReadAction\",\"target\":[\"https:\\\/\\\/ancestrina.com\\\/de\\\/producto\\\/schutzkordel\\\/\"]}]},{\"@type\":\"ImageObject\",\"inLanguage\":\"de\",\"@id\":\"https:\\\/\\\/ancestrina.com\\\/de\\\/producto\\\/schutzkordel\\\/#primaryimage\",\"url\":\"https:\\\/\\\/ancestrina.com\\\/wp-content\\\/uploads\\\/cordones-de-proteccion-1.jpg\",\"contentUrl\":\"https:\\\/\\\/ancestrina.com\\\/wp-content\\\/uploads\\\/cordones-de-proteccion-1.jpg\",\"width\":2048,\"height\":2048},{\"@type\":\"BreadcrumbList\",\"@id\":\"https:\\\/\\\/ancestrina.com\\\/de\\\/producto\\\/schutzkordel\\\/#breadcrumb\",\"itemListElement\":[{\"@type\":\"ListItem\",\"position\":1,\"name\":\"Home\",\"item\":\"https:\\\/\\\/ancestrina.com\\\/de\\\/zuhause\\\/\"},{\"@type\":\"ListItem\",\"position\":2,\"name\":\"Gesch\u00e4ft\",\"item\":\"https:\\\/\\\/ancestrina.com\\\/de\\\/geschaeft\\\/\"},{\"@type\":\"ListItem\",\"position\":3,\"name\":\"Schutzkordel\"}]},{\"@type\":\"WebSite\",\"@id\":\"https:\\\/\\\/ancestrina.com\\\/de\\\/#website\",\"url\":\"https:\\\/\\\/ancestrina.com\\\/de\\\/\",\"name\":\"Ancestrina\",\"description\":\"Trabajamos experiencias con plantas maestras, terapias integradoras y cultos ancestrales\",\"publisher\":{\"@id\":\"https:\\\/\\\/ancestrina.com\\\/de\\\/#organization\"},\"potentialAction\":[{\"@type\":\"SearchAction\",\"target\":{\"@type\":\"EntryPoint\",\"urlTemplate\":\"https:\\\/\\\/ancestrina.com\\\/de\\\/?s={search_term_string}\"},\"query-input\":{\"@type\":\"PropertyValueSpecification\",\"valueRequired\":true,\"valueName\":\"search_term_string\"}}],\"inLanguage\":\"de\"},{\"@type\":\"Organization\",\"@id\":\"https:\\\/\\\/ancestrina.com\\\/de\\\/#organization\",\"name\":\"Ancestrina\",\"url\":\"https:\\\/\\\/ancestrina.com\\\/de\\\/\",\"logo\":{\"@type\":\"ImageObject\",\"inLanguage\":\"de\",\"@id\":\"https:\\\/\\\/ancestrina.com\\\/de\\\/#\\\/schema\\\/logo\\\/image\\\/\",\"url\":\"https:\\\/\\\/ancestrina.com\\\/wp-content\\\/uploads\\\/2020\\\/06\\\/cropped-LOGO-ANCESTRINA-1.png\",\"contentUrl\":\"https:\\\/\\\/ancestrina.com\\\/wp-content\\\/uploads\\\/2020\\\/06\\\/cropped-LOGO-ANCESTRINA-1.png\",\"width\":630,\"height\":202,\"caption\":\"Ancestrina\"},\"image\":{\"@id\":\"https:\\\/\\\/ancestrina.com\\\/de\\\/#\\\/schema\\\/logo\\\/image\\\/\"},\"sameAs\":[\"https:\\\/\\\/www.facebook.com\\\/Ancestrina\\\/\",\"https:\\\/\\\/www.instagram.com\\\/ancestrina\\\/\",\"https:\\\/\\\/www.youtube.com\\\/channel\\\/UCgtt6WFhEIVEI30PzxlOeIw\"]}]}<\/script>\n<!-- \/ Yoast SEO Premium plugin. -->","yoast_head_json":{"title":"Schutzkordel Ancestrina","description":"Der Schutzkordon ist ein Amulett, das von Hand mit zeremoniellen Absichten hergestellt wurde und unter der Weisheit der Vorfahren aufbewahrt wird. Jeder Faden ist ein energetischer Schild, der dich umh\u00fcllt, deine Aura vor negativen Einfl\u00fcssen sch\u00fctzt und deine spirituelle Verbindung st\u00e4rkt.","robots":{"index":"index","follow":"follow","max-snippet":"max-snippet:-1","max-image-preview":"max-image-preview:large","max-video-preview":"max-video-preview:-1"},"canonical":"https:\/\/ancestrina.com\/de\/producto\/schutzkordel\/","og_locale":"de_DE","og_type":"article","og_title":"Schutzkordel","og_description":"Der Schutzkordon ist ein Amulett, das von Hand mit zeremoniellen Absichten hergestellt wurde und unter der Weisheit der Vorfahren aufbewahrt wird. Jeder Faden ist ein energetischer Schild, der dich umh\u00fcllt, deine Aura vor negativen Einfl\u00fcssen sch\u00fctzt und deine spirituelle Verbindung st\u00e4rkt.","og_url":"https:\/\/ancestrina.com\/de\/producto\/schutzkordel\/","og_site_name":"Ancestrina","article_publisher":"https:\/\/www.facebook.com\/Ancestrina\/","article_modified_time":"2026-05-12T21:10:09+00:00","og_image":[{"width":2048,"height":2048,"url":"https:\/\/ancestrina.com\/wp-content\/uploads\/cordones-de-proteccion-1.jpg","type":"image\/jpeg"}],"twitter_card":"summary_large_image","twitter_misc":{"Gesch\u00e4tzte Lesezeit":"1\u00a0Minute"},"schema":{"@context":"https:\/\/schema.org","@graph":[{"@type":"WebPage","@id":"https:\/\/ancestrina.com\/de\/producto\/schutzkordel\/","url":"https:\/\/ancestrina.com\/de\/producto\/schutzkordel\/","name":"Schutzkordel Ancestrina","isPartOf":{"@id":"https:\/\/ancestrina.com\/de\/#website"},"primaryImageOfPage":{"@id":"https:\/\/ancestrina.com\/de\/producto\/schutzkordel\/#primaryimage"},"image":{"@id":"https:\/\/ancestrina.com\/de\/producto\/schutzkordel\/#primaryimage"},"thumbnailUrl":"https:\/\/ancestrina.com\/wp-content\/uploads\/cordones-de-proteccion-1.jpg","datePublished":"2024-10-13T22:24:59+00:00","dateModified":"2026-05-12T21:10:09+00:00","description":"Der Schutzkordon ist ein Amulett, das von Hand mit zeremoniellen Absichten hergestellt wurde und unter der Weisheit der Vorfahren aufbewahrt wird. Jeder Faden ist ein energetischer Schild, der dich umh\u00fcllt, deine Aura vor negativen Einfl\u00fcssen sch\u00fctzt und deine spirituelle Verbindung st\u00e4rkt.","breadcrumb":{"@id":"https:\/\/ancestrina.com\/de\/producto\/schutzkordel\/#breadcrumb"},"inLanguage":"de","potentialAction":[{"@type":"ReadAction","target":["https:\/\/ancestrina.com\/de\/producto\/schutzkordel\/"]}]},{"@type":"ImageObject","inLanguage":"de","@id":"https:\/\/ancestrina.com\/de\/producto\/schutzkordel\/#primaryimage","url":"https:\/\/ancestrina.com\/wp-content\/uploads\/cordones-de-proteccion-1.jpg","contentUrl":"https:\/\/ancestrina.com\/wp-content\/uploads\/cordones-de-proteccion-1.jpg","width":2048,"height":2048},{"@type":"BreadcrumbList","@id":"https:\/\/ancestrina.com\/de\/producto\/schutzkordel\/#breadcrumb","itemListElement":[{"@type":"ListItem","position":1,"name":"Home","item":"https:\/\/ancestrina.com\/de\/zuhause\/"},{"@type":"ListItem","position":2,"name":"Gesch\u00e4ft","item":"https:\/\/ancestrina.com\/de\/geschaeft\/"},{"@type":"ListItem","position":3,"name":"Schutzkordel"}]},{"@type":"WebSite","@id":"https:\/\/ancestrina.com\/de\/#website","url":"https:\/\/ancestrina.com\/de\/","name":"Ancestrina","description":"Trabajamos experiencias con plantas maestras, terapias integradoras y cultos ancestrales","publisher":{"@id":"https:\/\/ancestrina.com\/de\/#organization"},"potentialAction":[{"@type":"SearchAction","target":{"@type":"EntryPoint","urlTemplate":"https:\/\/ancestrina.com\/de\/?s={search_term_string}"},"query-input":{"@type":"PropertyValueSpecification","valueRequired":true,"valueName":"search_term_string"}}],"inLanguage":"de"},{"@type":"Organization","@id":"https:\/\/ancestrina.com\/de\/#organization","name":"Ancestrina","url":"https:\/\/ancestrina.com\/de\/","logo":{"@type":"ImageObject","inLanguage":"de","@id":"https:\/\/ancestrina.com\/de\/#\/schema\/logo\/image\/","url":"https:\/\/ancestrina.com\/wp-content\/uploads\/2020\/06\/cropped-LOGO-ANCESTRINA-1.png","contentUrl":"https:\/\/ancestrina.com\/wp-content\/uploads\/2020\/06\/cropped-LOGO-ANCESTRINA-1.png","width":630,"height":202,"caption":"Ancestrina"},"image":{"@id":"https:\/\/ancestrina.com\/de\/#\/schema\/logo\/image\/"},"sameAs":["https:\/\/www.facebook.com\/Ancestrina\/","https:\/\/www.instagram.com\/ancestrina\/","https:\/\/www.youtube.com\/channel\/UCgtt6WFhEIVEI30PzxlOeIw"]}]}},"_links":{"self":[{"href":"https:\/\/ancestrina.com\/de\/wp-json\/wp\/v2\/product\/36049","targetHints":{"allow":["GET"]}}],"collection":[{"href":"https:\/\/ancestrina.com\/de\/wp-json\/wp\/v2\/product"}],"about":[{"href":"https:\/\/ancestrina.com\/de\/wp-json\/wp\/v2\/types\/product"}],"replies":[{"embeddable":true,"href":"https:\/\/ancestrina.com\/de\/wp-json\/wp\/v2\/comments?post=36049"}],"version-history":[{"count":1,"href":"https:\/\/ancestrina.com\/de\/wp-json\/wp\/v2\/product\/36049\/revisions"}],"predecessor-version":[{"id":37681,"href":"https:\/\/ancestrina.com\/de\/wp-json\/wp\/v2\/product\/36049\/revisions\/37681"}],"wp:featuredmedia":[{"embeddable":true,"href":"https:\/\/ancestrina.com\/de\/wp-json\/wp\/v2\/media\/34688"}],"wp:attachment":[{"href":"https:\/\/ancestrina.com\/de\/wp-json\/wp\/v2\/media?parent=36049"}],"wp:term":[{"taxonomy":"product_brand","embeddable":true,"href":"https:\/\/ancestrina.com\/de\/wp-json\/wp\/v2\/product_brand?post=36049"},{"taxonomy":"product_cat","embeddable":true,"href":"https:\/\/ancestrina.com\/de\/wp-json\/wp\/v2\/product_cat?post=36049"},{"taxonomy":"product_tag","embeddable":true,"href":"https:\/\/ancestrina.com\/de\/wp-json\/wp\/v2\/product_tag?post=36049"}],"curies":[{"name":"wp","href":"https:\/\/api.w.org\/{rel}","templated":true}]}}