{"id":30179,"date":"2023-10-17T16:01:46","date_gmt":"2023-10-17T21:01:46","guid":{"rendered":"https:\/\/ancestrina.com\/producto\/handgeschnitzte-schachteln\/"},"modified":"2026-05-13T04:52:20","modified_gmt":"2026-05-13T09:52:20","slug":"caja-tallada-medicinas-ancestrales","status":"publish","type":"product","link":"https:\/\/ancestrina.com\/de\/producto\/caja-tallada-medicinas-ancestrales\/","title":{"rendered":"Handgeschnitzte Boxen"},"content":{"rendered":"<p>Das mit Pr\u00e4zision und Liebe handgeschnitzte Holzk\u00e4stchen ist viel mehr als ein einfacher Beh\u00e4lter; es ist ein tragbarer Altar, der f\u00fcr die Aufbewahrung Ihrer heiligen Medizin bestimmt ist. Jede Box ist ein einzigartiges Kunstwerk, das mit der Absicht geschaffen wurde, einen heiligen und pers\u00f6nlichen Raum f\u00fcr die Elemente zu bieten, die Ihren K\u00f6rper und Geist n\u00e4hren.<\/p>\n<p>Diese Box ist in zwei Gr\u00f6\u00dfen erh\u00e4ltlich und kann ganz nach Ihren W\u00fcnschen gestaltet werden. Sie k\u00f6nnen ihn mit dem Bild oder Symbol schm\u00fccken lassen, das mit Ihrem spirituellen Weg in Einklang steht. Die sorgf\u00e4ltige Schnitzerei f\u00e4ngt die Essenz Ihrer Wahl ein und macht jede Schatulle zu einem Spiegelbild Ihres inneren Wesens und Ihrer tiefsten \u00dcberzeugungen.<\/p>\n<p>Das Holz, das aufgrund seiner Sch\u00f6nheit und Langlebigkeit ausgew\u00e4hlt wurde, wird sorgf\u00e4ltig bearbeitet, um seinen nat\u00fcrlichen Glanz und seine Maserung zum Vorschein zu bringen, so dass jede Kiste nicht nur ein funktionales Objekt ist, sondern auch ein dekoratives St\u00fcck, das inspiriert und aufwertet. Der ger\u00e4umige und gem\u00fctliche Innenraum ist f\u00fcr die Aufbewahrung Ihrer wertvollsten Gegenst\u00e4nde gedacht.<\/p>\n<p>Ob f\u00fcr den pers\u00f6nlichen Gebrauch oder als bedeutungsvolles Geschenk, diese handgeschnitzte Holzkiste ist ein Zeugnis alter Kunst und einer tiefen Verbindung zum G\u00f6ttlichen. Es erinnert uns t\u00e4glich an den Zauber, der uns umgibt, und daran, wie wichtig es ist, f\u00fcr unser geistiges Wohlbefinden zu sorgen.<\/p>\n","protected":false},"excerpt":{"rendered":"<p><strong>Handgeschnitzte Schachtel zur Aufbewahrung von Rap\u00e9, Kuripe, Tepi oder anderen Arzneimitteln der Vorfahren: Eine Verbindung zu Spiritualit\u00e4t und Natur<\/strong><\/p>\n<p>Diese Schachtel ist mehr als nur ein Beh\u00e4lter, sie ist ein Tor zum Reich der Spiritualit\u00e4t und der Verbindung zur Natur.<\/p>\n<p>Fragen Sie nach den Schachteln, die wir anbieten.<\/p>\n","protected":false},"featured_media":34426,"comment_status":"open","ping_status":"closed","template":"","meta":{"order-bump-settings":[],"_wpfnl_thankyou_order_overview":"on","_wpfnl_thankyou_order_details":"on","_wpfnl_thankyou_billing_details":"on","_wpfnl_thankyou_shipping_details":"on","site-sidebar-layout":"default","site-content-layout":"","ast-site-content-layout":"default","site-content-style":"default","site-sidebar-style":"default","ast-global-header-display":"","ast-banner-title-visibility":"","ast-main-header-display":"","ast-hfb-above-header-display":"","ast-hfb-below-header-display":"","ast-hfb-mobile-header-display":"","site-post-title":"","ast-breadcrumbs-content":"","ast-featured-img":"","footer-sml-layout":"","ast-disable-related-posts":"","theme-transparent-header-meta":"default","adv-header-id-meta":"","stick-header-meta":"","header-above-stick-meta":"","header-main-stick-meta":"","header-below-stick-meta":"","astra-migrate-meta-layouts":"default","ast-page-background-enabled":"default","ast-page-background-meta":{"desktop":{"background-color":"","background-image":"","background-repeat":"repeat","background-position":"center center","background-size":"auto","background-attachment":"scroll","background-type":"","background-media":"","overlay-type":"","overlay-color":"","overlay-opacity":"","overlay-gradient":""},"tablet":{"background-color":"","background-image":"","background-repeat":"repeat","background-position":"center center","background-size":"auto","background-attachment":"scroll","background-type":"","background-media":"","overlay-type":"","overlay-color":"","overlay-opacity":"","overlay-gradient":""},"mobile":{"background-color":"","background-image":"","background-repeat":"repeat","background-position":"center center","background-size":"auto","background-attachment":"scroll","background-type":"","background-media":"","overlay-type":"","overlay-color":"","overlay-opacity":"","overlay-gradient":""}},"ast-content-background-meta":{"desktop":{"background-color":"var(--ast-global-color-5)","background-image":"","background-repeat":"repeat","background-position":"center center","background-size":"auto","background-attachment":"scroll","background-type":"","background-media":"","overlay-type":"","overlay-color":"","overlay-opacity":"","overlay-gradient":""},"tablet":{"background-color":"var(--ast-global-color-5)","background-image":"","background-repeat":"repeat","background-position":"center center","background-size":"auto","background-attachment":"scroll","background-type":"","background-media":"","overlay-type":"","overlay-color":"","overlay-opacity":"","overlay-gradient":""},"mobile":{"background-color":"var(--ast-global-color-5)","background-image":"","background-repeat":"repeat","background-position":"center center","background-size":"auto","background-attachment":"scroll","background-type":"","background-media":"","overlay-type":"","overlay-color":"","overlay-opacity":"","overlay-gradient":""}},"_joinchat":[]},"product_brand":[],"product_cat":[1443,362],"product_tag":[],"class_list":{"0":"post-30179","1":"product","2":"type-product","3":"status-publish","4":"has-post-thumbnail","6":"product_cat-kisten","7":"product_cat-zubehor","8":"desktop-align-center","9":"tablet-align-left","10":"mobile-align-left","12":"first","13":"instock","14":"shipping-taxable","15":"purchasable","16":"product-type-simple"},"yoast_head":"<!-- This site is optimized with the Yoast SEO Premium plugin v22.6 (Yoast SEO v27.6) - https:\/\/yoast.com\/product\/yoast-seo-premium-wordpress\/ -->\n<title>Handgeschnitzte Box: Bewahren Sie Ihre Ahnenmedizin mit Spiritualit\u00e4t auf<\/title>\n<meta name=\"description\" content=\"Entdecken Sie unsere handgeschnitzte Dose zur Aufbewahrung von Rap\u00e9, Kuripe, Tepi oder anderer Ahnenmedizin. Dieser handgefertigte Beh\u00e4lter sch\u00fctzt nicht nur Ihre spirituellen Werkzeuge, sondern st\u00e4rkt auch Ihre Verbindung zur Natur und zur Spiritualit\u00e4t. Ideal f\u00fcr alle, die Wert auf Authentizit\u00e4t und Tradition in ihrer Praxis legen.\" \/>\n<meta name=\"robots\" content=\"index, follow, max-snippet:-1, max-image-preview:large, max-video-preview:-1\" \/>\n<link rel=\"canonical\" href=\"https:\/\/ancestrina.com\/de\/producto\/caja-tallada-medicinas-ancestrales\/\" \/>\n<meta property=\"og:locale\" content=\"de_DE\" \/>\n<meta property=\"og:type\" content=\"article\" \/>\n<meta property=\"og:title\" content=\"Handgeschnitzte Boxen\" \/>\n<meta property=\"og:description\" content=\"Entdecken Sie unsere handgeschnitzte Dose zur Aufbewahrung von Rap\u00e9, Kuripe, Tepi oder anderer Ahnenmedizin. Dieser handgefertigte Beh\u00e4lter sch\u00fctzt nicht nur Ihre spirituellen Werkzeuge, sondern st\u00e4rkt auch Ihre Verbindung zur Natur und zur Spiritualit\u00e4t. Ideal f\u00fcr alle, die Wert auf Authentizit\u00e4t und Tradition in ihrer Praxis legen.\" \/>\n<meta property=\"og:url\" content=\"https:\/\/ancestrina.com\/de\/producto\/caja-tallada-medicinas-ancestrales\/\" \/>\n<meta property=\"og:site_name\" content=\"Ancestrina\" \/>\n<meta property=\"article:publisher\" content=\"https:\/\/www.facebook.com\/Ancestrina\/\" \/>\n<meta property=\"article:modified_time\" content=\"2026-05-13T09:52:20+00:00\" \/>\n<meta property=\"og:image\" content=\"https:\/\/ancestrina.com\/wp-content\/uploads\/accesorios.jpg\" \/>\n\t<meta property=\"og:image:width\" content=\"2048\" \/>\n\t<meta property=\"og:image:height\" content=\"2048\" \/>\n\t<meta property=\"og:image:type\" content=\"image\/jpeg\" \/>\n<meta name=\"twitter:card\" content=\"summary_large_image\" \/>\n<meta name=\"twitter:label1\" content=\"Gesch\u00e4tzte Lesezeit\" \/>\n\t<meta name=\"twitter:data1\" content=\"1\u00a0Minute\" \/>\n<script type=\"application\/ld+json\" class=\"yoast-schema-graph\">{\"@context\":\"https:\\\/\\\/schema.org\",\"@graph\":[{\"@type\":\"WebPage\",\"@id\":\"https:\\\/\\\/ancestrina.com\\\/de\\\/producto\\\/caja-tallada-medicinas-ancestrales\\\/\",\"url\":\"https:\\\/\\\/ancestrina.com\\\/de\\\/producto\\\/caja-tallada-medicinas-ancestrales\\\/\",\"name\":\"Handgeschnitzte Box: Bewahren Sie Ihre Ahnenmedizin mit Spiritualit\u00e4t auf\",\"isPartOf\":{\"@id\":\"https:\\\/\\\/ancestrina.com\\\/de\\\/#website\"},\"primaryImageOfPage\":{\"@id\":\"https:\\\/\\\/ancestrina.com\\\/de\\\/producto\\\/caja-tallada-medicinas-ancestrales\\\/#primaryimage\"},\"image\":{\"@id\":\"https:\\\/\\\/ancestrina.com\\\/de\\\/producto\\\/caja-tallada-medicinas-ancestrales\\\/#primaryimage\"},\"thumbnailUrl\":\"https:\\\/\\\/ancestrina.com\\\/wp-content\\\/uploads\\\/accesorios.jpg\",\"datePublished\":\"2023-10-17T21:01:46+00:00\",\"dateModified\":\"2026-05-13T09:52:20+00:00\",\"description\":\"Entdecken Sie unsere handgeschnitzte Dose zur Aufbewahrung von Rap\u00e9, Kuripe, Tepi oder anderer Ahnenmedizin. Dieser handgefertigte Beh\u00e4lter sch\u00fctzt nicht nur Ihre spirituellen Werkzeuge, sondern st\u00e4rkt auch Ihre Verbindung zur Natur und zur Spiritualit\u00e4t. Ideal f\u00fcr alle, die Wert auf Authentizit\u00e4t und Tradition in ihrer Praxis legen.\",\"breadcrumb\":{\"@id\":\"https:\\\/\\\/ancestrina.com\\\/de\\\/producto\\\/caja-tallada-medicinas-ancestrales\\\/#breadcrumb\"},\"inLanguage\":\"de\",\"potentialAction\":[{\"@type\":\"ReadAction\",\"target\":[\"https:\\\/\\\/ancestrina.com\\\/de\\\/producto\\\/caja-tallada-medicinas-ancestrales\\\/\"]}]},{\"@type\":\"ImageObject\",\"inLanguage\":\"de\",\"@id\":\"https:\\\/\\\/ancestrina.com\\\/de\\\/producto\\\/caja-tallada-medicinas-ancestrales\\\/#primaryimage\",\"url\":\"https:\\\/\\\/ancestrina.com\\\/wp-content\\\/uploads\\\/accesorios.jpg\",\"contentUrl\":\"https:\\\/\\\/ancestrina.com\\\/wp-content\\\/uploads\\\/accesorios.jpg\",\"width\":2048,\"height\":2048},{\"@type\":\"BreadcrumbList\",\"@id\":\"https:\\\/\\\/ancestrina.com\\\/de\\\/producto\\\/caja-tallada-medicinas-ancestrales\\\/#breadcrumb\",\"itemListElement\":[{\"@type\":\"ListItem\",\"position\":1,\"name\":\"Home\",\"item\":\"https:\\\/\\\/ancestrina.com\\\/de\\\/zuhause\\\/\"},{\"@type\":\"ListItem\",\"position\":2,\"name\":\"Gesch\u00e4ft\",\"item\":\"https:\\\/\\\/ancestrina.com\\\/de\\\/geschaeft\\\/\"},{\"@type\":\"ListItem\",\"position\":3,\"name\":\"Handgeschnitzte Boxen\"}]},{\"@type\":\"WebSite\",\"@id\":\"https:\\\/\\\/ancestrina.com\\\/de\\\/#website\",\"url\":\"https:\\\/\\\/ancestrina.com\\\/de\\\/\",\"name\":\"Ancestrina\",\"description\":\"Trabajamos experiencias con plantas maestras, terapias integradoras y cultos ancestrales\",\"publisher\":{\"@id\":\"https:\\\/\\\/ancestrina.com\\\/de\\\/#organization\"},\"potentialAction\":[{\"@type\":\"SearchAction\",\"target\":{\"@type\":\"EntryPoint\",\"urlTemplate\":\"https:\\\/\\\/ancestrina.com\\\/de\\\/?s={search_term_string}\"},\"query-input\":{\"@type\":\"PropertyValueSpecification\",\"valueRequired\":true,\"valueName\":\"search_term_string\"}}],\"inLanguage\":\"de\"},{\"@type\":\"Organization\",\"@id\":\"https:\\\/\\\/ancestrina.com\\\/de\\\/#organization\",\"name\":\"Ancestrina\",\"url\":\"https:\\\/\\\/ancestrina.com\\\/de\\\/\",\"logo\":{\"@type\":\"ImageObject\",\"inLanguage\":\"de\",\"@id\":\"https:\\\/\\\/ancestrina.com\\\/de\\\/#\\\/schema\\\/logo\\\/image\\\/\",\"url\":\"https:\\\/\\\/ancestrina.com\\\/wp-content\\\/uploads\\\/2020\\\/06\\\/cropped-LOGO-ANCESTRINA-1.png\",\"contentUrl\":\"https:\\\/\\\/ancestrina.com\\\/wp-content\\\/uploads\\\/2020\\\/06\\\/cropped-LOGO-ANCESTRINA-1.png\",\"width\":630,\"height\":202,\"caption\":\"Ancestrina\"},\"image\":{\"@id\":\"https:\\\/\\\/ancestrina.com\\\/de\\\/#\\\/schema\\\/logo\\\/image\\\/\"},\"sameAs\":[\"https:\\\/\\\/www.facebook.com\\\/Ancestrina\\\/\",\"https:\\\/\\\/www.instagram.com\\\/ancestrina\\\/\",\"https:\\\/\\\/www.youtube.com\\\/channel\\\/UCgtt6WFhEIVEI30PzxlOeIw\"]}]}<\/script>\n<!-- \/ Yoast SEO Premium plugin. -->","yoast_head_json":{"title":"Handgeschnitzte Box: Bewahren Sie Ihre Ahnenmedizin mit Spiritualit\u00e4t auf","description":"Entdecken Sie unsere handgeschnitzte Dose zur Aufbewahrung von Rap\u00e9, Kuripe, Tepi oder anderer Ahnenmedizin. Dieser handgefertigte Beh\u00e4lter sch\u00fctzt nicht nur Ihre spirituellen Werkzeuge, sondern st\u00e4rkt auch Ihre Verbindung zur Natur und zur Spiritualit\u00e4t. Ideal f\u00fcr alle, die Wert auf Authentizit\u00e4t und Tradition in ihrer Praxis legen.","robots":{"index":"index","follow":"follow","max-snippet":"max-snippet:-1","max-image-preview":"max-image-preview:large","max-video-preview":"max-video-preview:-1"},"canonical":"https:\/\/ancestrina.com\/de\/producto\/caja-tallada-medicinas-ancestrales\/","og_locale":"de_DE","og_type":"article","og_title":"Handgeschnitzte Boxen","og_description":"Entdecken Sie unsere handgeschnitzte Dose zur Aufbewahrung von Rap\u00e9, Kuripe, Tepi oder anderer Ahnenmedizin. Dieser handgefertigte Beh\u00e4lter sch\u00fctzt nicht nur Ihre spirituellen Werkzeuge, sondern st\u00e4rkt auch Ihre Verbindung zur Natur und zur Spiritualit\u00e4t. Ideal f\u00fcr alle, die Wert auf Authentizit\u00e4t und Tradition in ihrer Praxis legen.","og_url":"https:\/\/ancestrina.com\/de\/producto\/caja-tallada-medicinas-ancestrales\/","og_site_name":"Ancestrina","article_publisher":"https:\/\/www.facebook.com\/Ancestrina\/","article_modified_time":"2026-05-13T09:52:20+00:00","og_image":[{"width":2048,"height":2048,"url":"https:\/\/ancestrina.com\/wp-content\/uploads\/accesorios.jpg","type":"image\/jpeg"}],"twitter_card":"summary_large_image","twitter_misc":{"Gesch\u00e4tzte Lesezeit":"1\u00a0Minute"},"schema":{"@context":"https:\/\/schema.org","@graph":[{"@type":"WebPage","@id":"https:\/\/ancestrina.com\/de\/producto\/caja-tallada-medicinas-ancestrales\/","url":"https:\/\/ancestrina.com\/de\/producto\/caja-tallada-medicinas-ancestrales\/","name":"Handgeschnitzte Box: Bewahren Sie Ihre Ahnenmedizin mit Spiritualit\u00e4t auf","isPartOf":{"@id":"https:\/\/ancestrina.com\/de\/#website"},"primaryImageOfPage":{"@id":"https:\/\/ancestrina.com\/de\/producto\/caja-tallada-medicinas-ancestrales\/#primaryimage"},"image":{"@id":"https:\/\/ancestrina.com\/de\/producto\/caja-tallada-medicinas-ancestrales\/#primaryimage"},"thumbnailUrl":"https:\/\/ancestrina.com\/wp-content\/uploads\/accesorios.jpg","datePublished":"2023-10-17T21:01:46+00:00","dateModified":"2026-05-13T09:52:20+00:00","description":"Entdecken Sie unsere handgeschnitzte Dose zur Aufbewahrung von Rap\u00e9, Kuripe, Tepi oder anderer Ahnenmedizin. Dieser handgefertigte Beh\u00e4lter sch\u00fctzt nicht nur Ihre spirituellen Werkzeuge, sondern st\u00e4rkt auch Ihre Verbindung zur Natur und zur Spiritualit\u00e4t. Ideal f\u00fcr alle, die Wert auf Authentizit\u00e4t und Tradition in ihrer Praxis legen.","breadcrumb":{"@id":"https:\/\/ancestrina.com\/de\/producto\/caja-tallada-medicinas-ancestrales\/#breadcrumb"},"inLanguage":"de","potentialAction":[{"@type":"ReadAction","target":["https:\/\/ancestrina.com\/de\/producto\/caja-tallada-medicinas-ancestrales\/"]}]},{"@type":"ImageObject","inLanguage":"de","@id":"https:\/\/ancestrina.com\/de\/producto\/caja-tallada-medicinas-ancestrales\/#primaryimage","url":"https:\/\/ancestrina.com\/wp-content\/uploads\/accesorios.jpg","contentUrl":"https:\/\/ancestrina.com\/wp-content\/uploads\/accesorios.jpg","width":2048,"height":2048},{"@type":"BreadcrumbList","@id":"https:\/\/ancestrina.com\/de\/producto\/caja-tallada-medicinas-ancestrales\/#breadcrumb","itemListElement":[{"@type":"ListItem","position":1,"name":"Home","item":"https:\/\/ancestrina.com\/de\/zuhause\/"},{"@type":"ListItem","position":2,"name":"Gesch\u00e4ft","item":"https:\/\/ancestrina.com\/de\/geschaeft\/"},{"@type":"ListItem","position":3,"name":"Handgeschnitzte Boxen"}]},{"@type":"WebSite","@id":"https:\/\/ancestrina.com\/de\/#website","url":"https:\/\/ancestrina.com\/de\/","name":"Ancestrina","description":"Trabajamos experiencias con plantas maestras, terapias integradoras y cultos ancestrales","publisher":{"@id":"https:\/\/ancestrina.com\/de\/#organization"},"potentialAction":[{"@type":"SearchAction","target":{"@type":"EntryPoint","urlTemplate":"https:\/\/ancestrina.com\/de\/?s={search_term_string}"},"query-input":{"@type":"PropertyValueSpecification","valueRequired":true,"valueName":"search_term_string"}}],"inLanguage":"de"},{"@type":"Organization","@id":"https:\/\/ancestrina.com\/de\/#organization","name":"Ancestrina","url":"https:\/\/ancestrina.com\/de\/","logo":{"@type":"ImageObject","inLanguage":"de","@id":"https:\/\/ancestrina.com\/de\/#\/schema\/logo\/image\/","url":"https:\/\/ancestrina.com\/wp-content\/uploads\/2020\/06\/cropped-LOGO-ANCESTRINA-1.png","contentUrl":"https:\/\/ancestrina.com\/wp-content\/uploads\/2020\/06\/cropped-LOGO-ANCESTRINA-1.png","width":630,"height":202,"caption":"Ancestrina"},"image":{"@id":"https:\/\/ancestrina.com\/de\/#\/schema\/logo\/image\/"},"sameAs":["https:\/\/www.facebook.com\/Ancestrina\/","https:\/\/www.instagram.com\/ancestrina\/","https:\/\/www.youtube.com\/channel\/UCgtt6WFhEIVEI30PzxlOeIw"]}]}},"_links":{"self":[{"href":"https:\/\/ancestrina.com\/de\/wp-json\/wp\/v2\/product\/30179","targetHints":{"allow":["GET"]}}],"collection":[{"href":"https:\/\/ancestrina.com\/de\/wp-json\/wp\/v2\/product"}],"about":[{"href":"https:\/\/ancestrina.com\/de\/wp-json\/wp\/v2\/types\/product"}],"replies":[{"embeddable":true,"href":"https:\/\/ancestrina.com\/de\/wp-json\/wp\/v2\/comments?post=30179"}],"version-history":[{"count":1,"href":"https:\/\/ancestrina.com\/de\/wp-json\/wp\/v2\/product\/30179\/revisions"}],"predecessor-version":[{"id":37725,"href":"https:\/\/ancestrina.com\/de\/wp-json\/wp\/v2\/product\/30179\/revisions\/37725"}],"wp:featuredmedia":[{"embeddable":true,"href":"https:\/\/ancestrina.com\/de\/wp-json\/wp\/v2\/media\/34426"}],"wp:attachment":[{"href":"https:\/\/ancestrina.com\/de\/wp-json\/wp\/v2\/media?parent=30179"}],"wp:term":[{"taxonomy":"product_brand","embeddable":true,"href":"https:\/\/ancestrina.com\/de\/wp-json\/wp\/v2\/product_brand?post=30179"},{"taxonomy":"product_cat","embeddable":true,"href":"https:\/\/ancestrina.com\/de\/wp-json\/wp\/v2\/product_cat?post=30179"},{"taxonomy":"product_tag","embeddable":true,"href":"https:\/\/ancestrina.com\/de\/wp-json\/wp\/v2\/product_tag?post=30179"}],"curies":[{"name":"wp","href":"https:\/\/api.w.org\/{rel}","templated":true}]}}