{"id":30101,"date":"2024-03-26T11:20:40","date_gmt":"2024-03-26T16:20:40","guid":{"rendered":"https:\/\/ancestrina.com\/producto\/copalera\/"},"modified":"2026-05-16T06:28:52","modified_gmt":"2026-05-16T11:28:52","slug":"copaleras-quema-copal-resinas","status":"publish","type":"product","link":"https:\/\/ancestrina.com\/de\/producto\/copaleras-quema-copal-resinas\/","title":{"rendered":"Copalera"},"content":{"rendered":"<p>Unsere Copaleras sind speziell f\u00fcr die Verbrennung von Copal und anderen aromatischen Harzen entwickelte Beh\u00e4lter. Diese eleganten Accessoires dienen nicht nur als sichere Unterlage f\u00fcr das Anz\u00fcnden von Holzkohle und Harzen, sondern verleihen auch jedem Meditations- oder Zeremonienraum eine dekorative Note. Unsere Kopaleras sind aus hitzebest\u00e4ndigen Materialien gefertigt und gew\u00e4hrleisten ein sicheres und effektives Brennerlebnis.<\/p>\n<p>Wir bieten Copaleras in drei Gr\u00f6\u00dfen und zwei verschiedenen Ausf\u00fchrungen an, um allen Bed\u00fcrfnissen und Vorlieben gerecht zu werden:<\/p>\n<ul>\n<li><strong>Large Black<\/strong>: Ideal f\u00fcr lange Sitzungen oder f\u00fcr diejenigen, die einen robusten und eleganten Auftritt w\u00fcnschen. Seine dunkle Farbe verleiht jeder Umgebung einen Hauch von N\u00fcchternheit und Tiefe.<\/li>\n<li><strong>Large Brown<\/strong>: Perfekt f\u00fcr alle, die einen nat\u00fcrlichen oder rustikalen Stil bevorzugen. Sein Braunton f\u00fcgt sich harmonisch in erdige oder organisch inspirierte Dekorationen ein.<\/li>\n<li><strong>Mittel<\/strong>: Geeignet f\u00fcr kleinere R\u00e4ume oder zur individuellen Nutzung. Diese Version ist kompakter, aber genauso funktionell und \u00e4sthetisch ansprechend wie ihre gr\u00f6\u00dferen Pendants.<\/li>\n<\/ul>\n<p>Jede Kopalera ist auf einfache Handhabung und gr\u00f6\u00dftm\u00f6gliche Sicherheit ausgelegt und verf\u00fcgt \u00fcber einen stabilen Boden, der das Versch\u00fctten von Asche verhindert und die Glut gut einschlie\u00dft. Ob Sie Kopal zur energetischen Reinigung, als Teil spiritueller Rituale oder einfach nur, um sein entspannendes Aroma zu genie\u00dfen, verwenden, unsere Kopalschalen sind die perfekte Erg\u00e4nzung zu Ihrer Praxis.<\/p>\n","protected":false},"excerpt":{"rendered":"<p>Die Copalera ist ein traditionelles Gef\u00e4\u00df, das bei spirituellen Praktiken in Mexiko verwendet wird, um Kopal zu verbrennen, ein heiliges Harz, das f\u00fcr Reinigungsrituale und Opfergaben verwendet wird. Dieses wesentliche zeremonielle Artefakt verbindet die Gegenwart mit den Traditionen der Vorfahren und dient als Br\u00fccke f\u00fcr spirituelle Kommunikation und energetische Reinigung. In Mexiko wird Kopal verbrannt, um die Aura der Menschen und die R\u00e4ume zu reinigen und um Gebete zum Himmel zu leiten.<\/p>\n<p>&nbsp;<\/p>\n","protected":false},"featured_media":34671,"comment_status":"open","ping_status":"closed","template":"","meta":{"order-bump-settings":[],"_wpfnl_thankyou_order_overview":"on","_wpfnl_thankyou_order_details":"on","_wpfnl_thankyou_billing_details":"on","_wpfnl_thankyou_shipping_details":"on","site-sidebar-layout":"default","site-content-layout":"","ast-site-content-layout":"default","site-content-style":"default","site-sidebar-style":"default","ast-global-header-display":"","ast-banner-title-visibility":"","ast-main-header-display":"","ast-hfb-above-header-display":"","ast-hfb-below-header-display":"","ast-hfb-mobile-header-display":"","site-post-title":"","ast-breadcrumbs-content":"","ast-featured-img":"","footer-sml-layout":"","ast-disable-related-posts":"","theme-transparent-header-meta":"default","adv-header-id-meta":"","stick-header-meta":"","header-above-stick-meta":"","header-main-stick-meta":"","header-below-stick-meta":"","astra-migrate-meta-layouts":"default","ast-page-background-enabled":"default","ast-page-background-meta":{"desktop":{"background-color":"","background-image":"","background-repeat":"repeat","background-position":"center center","background-size":"auto","background-attachment":"scroll","background-type":"","background-media":"","overlay-type":"","overlay-color":"","overlay-opacity":"","overlay-gradient":""},"tablet":{"background-color":"","background-image":"","background-repeat":"repeat","background-position":"center center","background-size":"auto","background-attachment":"scroll","background-type":"","background-media":"","overlay-type":"","overlay-color":"","overlay-opacity":"","overlay-gradient":""},"mobile":{"background-color":"","background-image":"","background-repeat":"repeat","background-position":"center center","background-size":"auto","background-attachment":"scroll","background-type":"","background-media":"","overlay-type":"","overlay-color":"","overlay-opacity":"","overlay-gradient":""}},"ast-content-background-meta":{"desktop":{"background-color":"var(--ast-global-color-5)","background-image":"","background-repeat":"repeat","background-position":"center center","background-size":"auto","background-attachment":"scroll","background-type":"","background-media":"","overlay-type":"","overlay-color":"","overlay-opacity":"","overlay-gradient":""},"tablet":{"background-color":"var(--ast-global-color-5)","background-image":"","background-repeat":"repeat","background-position":"center center","background-size":"auto","background-attachment":"scroll","background-type":"","background-media":"","overlay-type":"","overlay-color":"","overlay-opacity":"","overlay-gradient":""},"mobile":{"background-color":"var(--ast-global-color-5)","background-image":"","background-repeat":"repeat","background-position":"center center","background-size":"auto","background-attachment":"scroll","background-type":"","background-media":"","overlay-type":"","overlay-color":"","overlay-opacity":"","overlay-gradient":""}},"_joinchat":[]},"product_brand":[],"product_cat":[1445],"product_tag":[],"class_list":{"0":"post-30101","1":"product","2":"type-product","3":"status-publish","4":"has-post-thumbnail","6":"product_cat-humitos-de","7":"desktop-align-center","8":"tablet-align-left","9":"mobile-align-left","11":"first","12":"instock","13":"shipping-taxable","14":"purchasable","15":"product-type-variable"},"yoast_head":"<!-- This site is optimized with the Yoast SEO Premium plugin v22.6 (Yoast SEO v27.6) - https:\/\/yoast.com\/product\/yoast-seo-premium-wordpress\/ -->\n<title>Copal Copal-Halter: Eleganz und Sicherheit f\u00fcr Ihre Rituale<\/title>\n<meta name=\"description\" content=\"Entdecken Sie unsere Kopaleras, ideal zum Verbrennen von Kopal und anderen aromatischen Harzen. Diese eleganten und funktionalen Kopalbrenner sind in drei Gr\u00f6\u00dfen und zwei Ausf\u00fchrungen (Schwarz und Braun) erh\u00e4ltlich und sorgen f\u00fcr ein sicheres und dekoratives Brennerlebnis. Perfekt f\u00fcr Meditation, spirituelle Rituale und energetische Reinigung.\" \/>\n<meta name=\"robots\" content=\"index, follow, max-snippet:-1, max-image-preview:large, max-video-preview:-1\" \/>\n<link rel=\"canonical\" href=\"https:\/\/ancestrina.com\/de\/producto\/copaleras-quema-copal-resinas\/\" \/>\n<meta property=\"og:locale\" content=\"de_DE\" \/>\n<meta property=\"og:type\" content=\"article\" \/>\n<meta property=\"og:title\" content=\"Copalera\" \/>\n<meta property=\"og:description\" content=\"Entdecken Sie unsere Kopaleras, ideal zum Verbrennen von Kopal und anderen aromatischen Harzen. Diese eleganten und funktionalen Kopalbrenner sind in drei Gr\u00f6\u00dfen und zwei Ausf\u00fchrungen (Schwarz und Braun) erh\u00e4ltlich und sorgen f\u00fcr ein sicheres und dekoratives Brennerlebnis. Perfekt f\u00fcr Meditation, spirituelle Rituale und energetische Reinigung.\" \/>\n<meta property=\"og:url\" content=\"https:\/\/ancestrina.com\/de\/producto\/copaleras-quema-copal-resinas\/\" \/>\n<meta property=\"og:site_name\" content=\"Ancestrina\" \/>\n<meta property=\"article:publisher\" content=\"https:\/\/www.facebook.com\/Ancestrina\/\" \/>\n<meta property=\"article:modified_time\" content=\"2026-05-16T11:28:52+00:00\" \/>\n<meta property=\"og:image\" content=\"https:\/\/ancestrina.com\/wp-content\/uploads\/copaleras-1.jpg\" \/>\n\t<meta property=\"og:image:width\" content=\"2048\" \/>\n\t<meta property=\"og:image:height\" content=\"2048\" \/>\n\t<meta property=\"og:image:type\" content=\"image\/jpeg\" \/>\n<meta name=\"twitter:card\" content=\"summary_large_image\" \/>\n<meta name=\"twitter:label1\" content=\"Gesch\u00e4tzte Lesezeit\" \/>\n\t<meta name=\"twitter:data1\" content=\"1\u00a0Minute\" \/>\n<script type=\"application\/ld+json\" class=\"yoast-schema-graph\">{\"@context\":\"https:\\\/\\\/schema.org\",\"@graph\":[{\"@type\":\"WebPage\",\"@id\":\"https:\\\/\\\/ancestrina.com\\\/de\\\/producto\\\/copaleras-quema-copal-resinas\\\/\",\"url\":\"https:\\\/\\\/ancestrina.com\\\/de\\\/producto\\\/copaleras-quema-copal-resinas\\\/\",\"name\":\"Copal Copal-Halter: Eleganz und Sicherheit f\u00fcr Ihre Rituale\",\"isPartOf\":{\"@id\":\"https:\\\/\\\/ancestrina.com\\\/de\\\/#website\"},\"primaryImageOfPage\":{\"@id\":\"https:\\\/\\\/ancestrina.com\\\/de\\\/producto\\\/copaleras-quema-copal-resinas\\\/#primaryimage\"},\"image\":{\"@id\":\"https:\\\/\\\/ancestrina.com\\\/de\\\/producto\\\/copaleras-quema-copal-resinas\\\/#primaryimage\"},\"thumbnailUrl\":\"https:\\\/\\\/ancestrina.com\\\/wp-content\\\/uploads\\\/copaleras-1.jpg\",\"datePublished\":\"2024-03-26T16:20:40+00:00\",\"dateModified\":\"2026-05-16T11:28:52+00:00\",\"description\":\"Entdecken Sie unsere Kopaleras, ideal zum Verbrennen von Kopal und anderen aromatischen Harzen. Diese eleganten und funktionalen Kopalbrenner sind in drei Gr\u00f6\u00dfen und zwei Ausf\u00fchrungen (Schwarz und Braun) erh\u00e4ltlich und sorgen f\u00fcr ein sicheres und dekoratives Brennerlebnis. Perfekt f\u00fcr Meditation, spirituelle Rituale und energetische Reinigung.\",\"breadcrumb\":{\"@id\":\"https:\\\/\\\/ancestrina.com\\\/de\\\/producto\\\/copaleras-quema-copal-resinas\\\/#breadcrumb\"},\"inLanguage\":\"de\",\"potentialAction\":[{\"@type\":\"ReadAction\",\"target\":[\"https:\\\/\\\/ancestrina.com\\\/de\\\/producto\\\/copaleras-quema-copal-resinas\\\/\"]}]},{\"@type\":\"ImageObject\",\"inLanguage\":\"de\",\"@id\":\"https:\\\/\\\/ancestrina.com\\\/de\\\/producto\\\/copaleras-quema-copal-resinas\\\/#primaryimage\",\"url\":\"https:\\\/\\\/ancestrina.com\\\/wp-content\\\/uploads\\\/copaleras-1.jpg\",\"contentUrl\":\"https:\\\/\\\/ancestrina.com\\\/wp-content\\\/uploads\\\/copaleras-1.jpg\",\"width\":2048,\"height\":2048},{\"@type\":\"BreadcrumbList\",\"@id\":\"https:\\\/\\\/ancestrina.com\\\/de\\\/producto\\\/copaleras-quema-copal-resinas\\\/#breadcrumb\",\"itemListElement\":[{\"@type\":\"ListItem\",\"position\":1,\"name\":\"Home\",\"item\":\"https:\\\/\\\/ancestrina.com\\\/de\\\/zuhause\\\/\"},{\"@type\":\"ListItem\",\"position\":2,\"name\":\"Gesch\u00e4ft\",\"item\":\"https:\\\/\\\/ancestrina.com\\\/de\\\/geschaeft\\\/\"},{\"@type\":\"ListItem\",\"position\":3,\"name\":\"Copalera\"}]},{\"@type\":\"WebSite\",\"@id\":\"https:\\\/\\\/ancestrina.com\\\/de\\\/#website\",\"url\":\"https:\\\/\\\/ancestrina.com\\\/de\\\/\",\"name\":\"Ancestrina\",\"description\":\"Trabajamos experiencias con plantas maestras, terapias integradoras y cultos ancestrales\",\"publisher\":{\"@id\":\"https:\\\/\\\/ancestrina.com\\\/de\\\/#organization\"},\"potentialAction\":[{\"@type\":\"SearchAction\",\"target\":{\"@type\":\"EntryPoint\",\"urlTemplate\":\"https:\\\/\\\/ancestrina.com\\\/de\\\/?s={search_term_string}\"},\"query-input\":{\"@type\":\"PropertyValueSpecification\",\"valueRequired\":true,\"valueName\":\"search_term_string\"}}],\"inLanguage\":\"de\"},{\"@type\":\"Organization\",\"@id\":\"https:\\\/\\\/ancestrina.com\\\/de\\\/#organization\",\"name\":\"Ancestrina\",\"url\":\"https:\\\/\\\/ancestrina.com\\\/de\\\/\",\"logo\":{\"@type\":\"ImageObject\",\"inLanguage\":\"de\",\"@id\":\"https:\\\/\\\/ancestrina.com\\\/de\\\/#\\\/schema\\\/logo\\\/image\\\/\",\"url\":\"https:\\\/\\\/ancestrina.com\\\/wp-content\\\/uploads\\\/2020\\\/06\\\/cropped-LOGO-ANCESTRINA-1.png\",\"contentUrl\":\"https:\\\/\\\/ancestrina.com\\\/wp-content\\\/uploads\\\/2020\\\/06\\\/cropped-LOGO-ANCESTRINA-1.png\",\"width\":630,\"height\":202,\"caption\":\"Ancestrina\"},\"image\":{\"@id\":\"https:\\\/\\\/ancestrina.com\\\/de\\\/#\\\/schema\\\/logo\\\/image\\\/\"},\"sameAs\":[\"https:\\\/\\\/www.facebook.com\\\/Ancestrina\\\/\",\"https:\\\/\\\/www.instagram.com\\\/ancestrina\\\/\",\"https:\\\/\\\/www.youtube.com\\\/channel\\\/UCgtt6WFhEIVEI30PzxlOeIw\"]}]}<\/script>\n<!-- \/ Yoast SEO Premium plugin. -->","yoast_head_json":{"title":"Copal Copal-Halter: Eleganz und Sicherheit f\u00fcr Ihre Rituale","description":"Entdecken Sie unsere Kopaleras, ideal zum Verbrennen von Kopal und anderen aromatischen Harzen. Diese eleganten und funktionalen Kopalbrenner sind in drei Gr\u00f6\u00dfen und zwei Ausf\u00fchrungen (Schwarz und Braun) erh\u00e4ltlich und sorgen f\u00fcr ein sicheres und dekoratives Brennerlebnis. Perfekt f\u00fcr Meditation, spirituelle Rituale und energetische Reinigung.","robots":{"index":"index","follow":"follow","max-snippet":"max-snippet:-1","max-image-preview":"max-image-preview:large","max-video-preview":"max-video-preview:-1"},"canonical":"https:\/\/ancestrina.com\/de\/producto\/copaleras-quema-copal-resinas\/","og_locale":"de_DE","og_type":"article","og_title":"Copalera","og_description":"Entdecken Sie unsere Kopaleras, ideal zum Verbrennen von Kopal und anderen aromatischen Harzen. Diese eleganten und funktionalen Kopalbrenner sind in drei Gr\u00f6\u00dfen und zwei Ausf\u00fchrungen (Schwarz und Braun) erh\u00e4ltlich und sorgen f\u00fcr ein sicheres und dekoratives Brennerlebnis. Perfekt f\u00fcr Meditation, spirituelle Rituale und energetische Reinigung.","og_url":"https:\/\/ancestrina.com\/de\/producto\/copaleras-quema-copal-resinas\/","og_site_name":"Ancestrina","article_publisher":"https:\/\/www.facebook.com\/Ancestrina\/","article_modified_time":"2026-05-16T11:28:52+00:00","og_image":[{"width":2048,"height":2048,"url":"https:\/\/ancestrina.com\/wp-content\/uploads\/copaleras-1.jpg","type":"image\/jpeg"}],"twitter_card":"summary_large_image","twitter_misc":{"Gesch\u00e4tzte Lesezeit":"1\u00a0Minute"},"schema":{"@context":"https:\/\/schema.org","@graph":[{"@type":"WebPage","@id":"https:\/\/ancestrina.com\/de\/producto\/copaleras-quema-copal-resinas\/","url":"https:\/\/ancestrina.com\/de\/producto\/copaleras-quema-copal-resinas\/","name":"Copal Copal-Halter: Eleganz und Sicherheit f\u00fcr Ihre Rituale","isPartOf":{"@id":"https:\/\/ancestrina.com\/de\/#website"},"primaryImageOfPage":{"@id":"https:\/\/ancestrina.com\/de\/producto\/copaleras-quema-copal-resinas\/#primaryimage"},"image":{"@id":"https:\/\/ancestrina.com\/de\/producto\/copaleras-quema-copal-resinas\/#primaryimage"},"thumbnailUrl":"https:\/\/ancestrina.com\/wp-content\/uploads\/copaleras-1.jpg","datePublished":"2024-03-26T16:20:40+00:00","dateModified":"2026-05-16T11:28:52+00:00","description":"Entdecken Sie unsere Kopaleras, ideal zum Verbrennen von Kopal und anderen aromatischen Harzen. Diese eleganten und funktionalen Kopalbrenner sind in drei Gr\u00f6\u00dfen und zwei Ausf\u00fchrungen (Schwarz und Braun) erh\u00e4ltlich und sorgen f\u00fcr ein sicheres und dekoratives Brennerlebnis. Perfekt f\u00fcr Meditation, spirituelle Rituale und energetische Reinigung.","breadcrumb":{"@id":"https:\/\/ancestrina.com\/de\/producto\/copaleras-quema-copal-resinas\/#breadcrumb"},"inLanguage":"de","potentialAction":[{"@type":"ReadAction","target":["https:\/\/ancestrina.com\/de\/producto\/copaleras-quema-copal-resinas\/"]}]},{"@type":"ImageObject","inLanguage":"de","@id":"https:\/\/ancestrina.com\/de\/producto\/copaleras-quema-copal-resinas\/#primaryimage","url":"https:\/\/ancestrina.com\/wp-content\/uploads\/copaleras-1.jpg","contentUrl":"https:\/\/ancestrina.com\/wp-content\/uploads\/copaleras-1.jpg","width":2048,"height":2048},{"@type":"BreadcrumbList","@id":"https:\/\/ancestrina.com\/de\/producto\/copaleras-quema-copal-resinas\/#breadcrumb","itemListElement":[{"@type":"ListItem","position":1,"name":"Home","item":"https:\/\/ancestrina.com\/de\/zuhause\/"},{"@type":"ListItem","position":2,"name":"Gesch\u00e4ft","item":"https:\/\/ancestrina.com\/de\/geschaeft\/"},{"@type":"ListItem","position":3,"name":"Copalera"}]},{"@type":"WebSite","@id":"https:\/\/ancestrina.com\/de\/#website","url":"https:\/\/ancestrina.com\/de\/","name":"Ancestrina","description":"Trabajamos experiencias con plantas maestras, terapias integradoras y cultos ancestrales","publisher":{"@id":"https:\/\/ancestrina.com\/de\/#organization"},"potentialAction":[{"@type":"SearchAction","target":{"@type":"EntryPoint","urlTemplate":"https:\/\/ancestrina.com\/de\/?s={search_term_string}"},"query-input":{"@type":"PropertyValueSpecification","valueRequired":true,"valueName":"search_term_string"}}],"inLanguage":"de"},{"@type":"Organization","@id":"https:\/\/ancestrina.com\/de\/#organization","name":"Ancestrina","url":"https:\/\/ancestrina.com\/de\/","logo":{"@type":"ImageObject","inLanguage":"de","@id":"https:\/\/ancestrina.com\/de\/#\/schema\/logo\/image\/","url":"https:\/\/ancestrina.com\/wp-content\/uploads\/2020\/06\/cropped-LOGO-ANCESTRINA-1.png","contentUrl":"https:\/\/ancestrina.com\/wp-content\/uploads\/2020\/06\/cropped-LOGO-ANCESTRINA-1.png","width":630,"height":202,"caption":"Ancestrina"},"image":{"@id":"https:\/\/ancestrina.com\/de\/#\/schema\/logo\/image\/"},"sameAs":["https:\/\/www.facebook.com\/Ancestrina\/","https:\/\/www.instagram.com\/ancestrina\/","https:\/\/www.youtube.com\/channel\/UCgtt6WFhEIVEI30PzxlOeIw"]}]}},"_links":{"self":[{"href":"https:\/\/ancestrina.com\/de\/wp-json\/wp\/v2\/product\/30101","targetHints":{"allow":["GET"]}}],"collection":[{"href":"https:\/\/ancestrina.com\/de\/wp-json\/wp\/v2\/product"}],"about":[{"href":"https:\/\/ancestrina.com\/de\/wp-json\/wp\/v2\/types\/product"}],"replies":[{"embeddable":true,"href":"https:\/\/ancestrina.com\/de\/wp-json\/wp\/v2\/comments?post=30101"}],"version-history":[{"count":1,"href":"https:\/\/ancestrina.com\/de\/wp-json\/wp\/v2\/product\/30101\/revisions"}],"predecessor-version":[{"id":37626,"href":"https:\/\/ancestrina.com\/de\/wp-json\/wp\/v2\/product\/30101\/revisions\/37626"}],"wp:featuredmedia":[{"embeddable":true,"href":"https:\/\/ancestrina.com\/de\/wp-json\/wp\/v2\/media\/34671"}],"wp:attachment":[{"href":"https:\/\/ancestrina.com\/de\/wp-json\/wp\/v2\/media?parent=30101"}],"wp:term":[{"taxonomy":"product_brand","embeddable":true,"href":"https:\/\/ancestrina.com\/de\/wp-json\/wp\/v2\/product_brand?post=30101"},{"taxonomy":"product_cat","embeddable":true,"href":"https:\/\/ancestrina.com\/de\/wp-json\/wp\/v2\/product_cat?post=30101"},{"taxonomy":"product_tag","embeddable":true,"href":"https:\/\/ancestrina.com\/de\/wp-json\/wp\/v2\/product_tag?post=30101"}],"curies":[{"name":"wp","href":"https:\/\/api.w.org\/{rel}","templated":true}]}}