{"id":30099,"date":"2024-04-11T14:56:55","date_gmt":"2024-04-11T19:56:55","guid":{"rendered":"https:\/\/ancestrina.com\/producto\/kerzenwurzeln-alt\/"},"modified":"2026-05-16T05:38:29","modified_gmt":"2026-05-16T10:38:29","slug":"kerzenwurzeln-alt","status":"publish","type":"product","link":"https:\/\/ancestrina.com\/de\/producto\/kerzenwurzeln-alt\/","title":{"rendered":"Ancient Roots Kerze"},"content":{"rendered":"<p>Begeben Sie sich mit unserer Duftkerze &#8222;Ancient Roots&#8220; auf eine sinnliche Reise in die alten W\u00e4lder. Diese Kerze wurde entwickelt, um Sie in der Weisheit der Erde zu erden, indem sie den s\u00fc\u00dfen, erdigen Duft von Priprioca mit den umh\u00fcllenden Noten von Patchouli, Vetiver und frischen Bl\u00e4ttern verbindet. Jedes Element wurde sorgf\u00e4ltig ausgew\u00e4hlt, um die Atmosph\u00e4re des Waldbodens nach einem Regen wiederherzustellen und Sie einzuladen, sich mit der Natur zu verbinden und in ihren Tiefen Ruhe zu finden.<\/p>\n<p>Ancient Roots&#8220; wird aus Kokosnusswachs und Sheabutter hergestellt und versch\u00f6nert mit seinem Duft nicht nur die Umgebung, sondern dient auch als Ausdruck von Verwurzelung und Erneuerung. Sein tellurischer Duft, der an die Verbindung mit den Wurzeln unserer Vorfahren erinnert, zelebriert die st\u00e4ndige Regeneration von Mutter Erde. Diese Kerze ist ideal f\u00fcr Momente der Meditation oder einfach zum Entspannen zu Hause. Sie hilft Ihnen, einen heiligen Raum der Ruhe und Verbundenheit zu schaffen.<\/p>\n<p>Z\u00fcnde die Kerze &#8222;Ancient Roots&#8220; an und lasse dich von ihrem Licht in einen Zustand der Gelassenheit und des Gleichgewichts f\u00fchren. Es ist der perfekte Begleiter f\u00fcr alle, die ihren Geist neu beleben und ihre Verbindung zur nat\u00fcrlichen Welt st\u00e4rken wollen.<\/p>\n","protected":false},"excerpt":{"rendered":"<p>Tauchen Sie ein in die Ruhe uralter W\u00e4lder mit unserer Duftkerze &#8222;Ancient Roots&#8220;. Diese Kerze besteht aus der reichhaltigen, erdigen Essenz der Priprioca und ist mit Noten von Patchouli, Vetiver und frischen Bl\u00e4ttern angereichert. Sie l\u00e4dt Sie zu einer tiefen Verbindung mit der Natur und Ihren spirituellen Wurzeln ein.<\/p>\n<p>Ancient Roots&#8220; ist ideal f\u00fcr die Meditation oder als Erg\u00e4nzung f\u00fcr jeden Raum, der Ruhe und Erneuerung sucht. Es kombiniert Kokoswachs und Sheabutter zu einem subtilen Aroma, das den Geist beruhigt und verj\u00fcngt.<\/p>\n","protected":false},"featured_media":35217,"comment_status":"open","ping_status":"closed","template":"","meta":{"order-bump-settings":[],"_wpfnl_thankyou_order_overview":"on","_wpfnl_thankyou_order_details":"on","_wpfnl_thankyou_billing_details":"on","_wpfnl_thankyou_shipping_details":"on","site-sidebar-layout":"default","site-content-layout":"","ast-site-content-layout":"default","site-content-style":"default","site-sidebar-style":"default","ast-global-header-display":"","ast-banner-title-visibility":"","ast-main-header-display":"","ast-hfb-above-header-display":"","ast-hfb-below-header-display":"","ast-hfb-mobile-header-display":"","site-post-title":"","ast-breadcrumbs-content":"","ast-featured-img":"","footer-sml-layout":"","ast-disable-related-posts":"","theme-transparent-header-meta":"default","adv-header-id-meta":"","stick-header-meta":"","header-above-stick-meta":"","header-main-stick-meta":"","header-below-stick-meta":"","astra-migrate-meta-layouts":"default","ast-page-background-enabled":"default","ast-page-background-meta":{"desktop":{"background-color":"","background-image":"","background-repeat":"repeat","background-position":"center center","background-size":"auto","background-attachment":"scroll","background-type":"","background-media":"","overlay-type":"","overlay-color":"","overlay-opacity":"","overlay-gradient":""},"tablet":{"background-color":"","background-image":"","background-repeat":"repeat","background-position":"center center","background-size":"auto","background-attachment":"scroll","background-type":"","background-media":"","overlay-type":"","overlay-color":"","overlay-opacity":"","overlay-gradient":""},"mobile":{"background-color":"","background-image":"","background-repeat":"repeat","background-position":"center center","background-size":"auto","background-attachment":"scroll","background-type":"","background-media":"","overlay-type":"","overlay-color":"","overlay-opacity":"","overlay-gradient":""}},"ast-content-background-meta":{"desktop":{"background-color":"var(--ast-global-color-5)","background-image":"","background-repeat":"repeat","background-position":"center center","background-size":"auto","background-attachment":"scroll","background-type":"","background-media":"","overlay-type":"","overlay-color":"","overlay-opacity":"","overlay-gradient":""},"tablet":{"background-color":"var(--ast-global-color-5)","background-image":"","background-repeat":"repeat","background-position":"center center","background-size":"auto","background-attachment":"scroll","background-type":"","background-media":"","overlay-type":"","overlay-color":"","overlay-opacity":"","overlay-gradient":""},"mobile":{"background-color":"var(--ast-global-color-5)","background-image":"","background-repeat":"repeat","background-position":"center center","background-size":"auto","background-attachment":"scroll","background-type":"","background-media":"","overlay-type":"","overlay-color":"","overlay-opacity":"","overlay-gradient":""}},"_joinchat":[]},"product_brand":[],"product_cat":[1449],"product_tag":[],"class_list":{"0":"post-30099","1":"product","2":"type-product","3":"status-publish","4":"has-post-thumbnail","6":"product_cat-kerzen","7":"desktop-align-center","8":"tablet-align-left","9":"mobile-align-left","11":"first","12":"instock","13":"shipping-taxable","14":"purchasable","15":"product-type-simple"},"yoast_head":"<!-- This site is optimized with the Yoast SEO Premium plugin v22.6 (Yoast SEO v27.6) - https:\/\/yoast.com\/product\/yoast-seo-premium-wordpress\/ -->\n<title>Ancient Roots Kerze: Waldverbindung und Gelassenheit<\/title>\n<meta name=\"description\" content=\"Tauchen Sie ein in die Ruhe der alten W\u00e4lder mit der Kerze &quot;Ancient Roots&quot;, die aus Kokosnusswachs und Sheabutter hergestellt wird. Mit einer reichhaltigen Mischung aus Priprioca, Patchouli, Vetiver und frischen Bl\u00e4ttern bietet diese Kerze ein erdiges und revitalisierendes Aroma. Sie ist perfekt f\u00fcr Meditation und Entspannung und verbindet Sie mit der Natur und Ihren spirituellen Wurzeln.\" \/>\n<meta name=\"robots\" content=\"index, follow, max-snippet:-1, max-image-preview:large, max-video-preview:-1\" \/>\n<link rel=\"canonical\" href=\"https:\/\/ancestrina.com\/de\/producto\/kerzenwurzeln-alt\/\" \/>\n<meta property=\"og:locale\" content=\"de_DE\" \/>\n<meta property=\"og:type\" content=\"article\" \/>\n<meta property=\"og:title\" content=\"Ancient Roots Kerze\" \/>\n<meta property=\"og:description\" content=\"Tauchen Sie ein in die Ruhe der alten W\u00e4lder mit der Kerze &quot;Ancient Roots&quot;, die aus Kokosnusswachs und Sheabutter hergestellt wird. Mit einer reichhaltigen Mischung aus Priprioca, Patchouli, Vetiver und frischen Bl\u00e4ttern bietet diese Kerze ein erdiges und revitalisierendes Aroma. Sie ist perfekt f\u00fcr Meditation und Entspannung und verbindet Sie mit der Natur und Ihren spirituellen Wurzeln.\" \/>\n<meta property=\"og:url\" content=\"https:\/\/ancestrina.com\/de\/producto\/kerzenwurzeln-alt\/\" \/>\n<meta property=\"og:site_name\" content=\"Ancestrina\" \/>\n<meta property=\"article:publisher\" content=\"https:\/\/www.facebook.com\/Ancestrina\/\" \/>\n<meta property=\"article:modified_time\" content=\"2026-05-16T10:38:29+00:00\" \/>\n<meta property=\"og:image\" content=\"https:\/\/ancestrina.com\/wp-content\/uploads\/vela-raices-antiguas.jpg\" \/>\n\t<meta property=\"og:image:width\" content=\"2048\" \/>\n\t<meta property=\"og:image:height\" content=\"2048\" \/>\n\t<meta property=\"og:image:type\" content=\"image\/jpeg\" \/>\n<meta name=\"twitter:card\" content=\"summary_large_image\" \/>\n<meta name=\"twitter:label1\" content=\"Gesch\u00e4tzte Lesezeit\" \/>\n\t<meta name=\"twitter:data1\" content=\"1\u00a0Minute\" \/>\n<script type=\"application\/ld+json\" class=\"yoast-schema-graph\">{\"@context\":\"https:\\\/\\\/schema.org\",\"@graph\":[{\"@type\":\"WebPage\",\"@id\":\"https:\\\/\\\/ancestrina.com\\\/de\\\/producto\\\/kerzenwurzeln-alt\\\/\",\"url\":\"https:\\\/\\\/ancestrina.com\\\/de\\\/producto\\\/kerzenwurzeln-alt\\\/\",\"name\":\"Ancient Roots Kerze: Waldverbindung und Gelassenheit\",\"isPartOf\":{\"@id\":\"https:\\\/\\\/ancestrina.com\\\/de\\\/#website\"},\"primaryImageOfPage\":{\"@id\":\"https:\\\/\\\/ancestrina.com\\\/de\\\/producto\\\/kerzenwurzeln-alt\\\/#primaryimage\"},\"image\":{\"@id\":\"https:\\\/\\\/ancestrina.com\\\/de\\\/producto\\\/kerzenwurzeln-alt\\\/#primaryimage\"},\"thumbnailUrl\":\"https:\\\/\\\/ancestrina.com\\\/wp-content\\\/uploads\\\/vela-raices-antiguas.jpg\",\"datePublished\":\"2024-04-11T19:56:55+00:00\",\"dateModified\":\"2026-05-16T10:38:29+00:00\",\"description\":\"Tauchen Sie ein in die Ruhe der alten W\u00e4lder mit der Kerze \\\"Ancient Roots\\\", die aus Kokosnusswachs und Sheabutter hergestellt wird. Mit einer reichhaltigen Mischung aus Priprioca, Patchouli, Vetiver und frischen Bl\u00e4ttern bietet diese Kerze ein erdiges und revitalisierendes Aroma. Sie ist perfekt f\u00fcr Meditation und Entspannung und verbindet Sie mit der Natur und Ihren spirituellen Wurzeln.\",\"breadcrumb\":{\"@id\":\"https:\\\/\\\/ancestrina.com\\\/de\\\/producto\\\/kerzenwurzeln-alt\\\/#breadcrumb\"},\"inLanguage\":\"de\",\"potentialAction\":[{\"@type\":\"ReadAction\",\"target\":[\"https:\\\/\\\/ancestrina.com\\\/de\\\/producto\\\/kerzenwurzeln-alt\\\/\"]}]},{\"@type\":\"ImageObject\",\"inLanguage\":\"de\",\"@id\":\"https:\\\/\\\/ancestrina.com\\\/de\\\/producto\\\/kerzenwurzeln-alt\\\/#primaryimage\",\"url\":\"https:\\\/\\\/ancestrina.com\\\/wp-content\\\/uploads\\\/vela-raices-antiguas.jpg\",\"contentUrl\":\"https:\\\/\\\/ancestrina.com\\\/wp-content\\\/uploads\\\/vela-raices-antiguas.jpg\",\"width\":2048,\"height\":2048},{\"@type\":\"BreadcrumbList\",\"@id\":\"https:\\\/\\\/ancestrina.com\\\/de\\\/producto\\\/kerzenwurzeln-alt\\\/#breadcrumb\",\"itemListElement\":[{\"@type\":\"ListItem\",\"position\":1,\"name\":\"Home\",\"item\":\"https:\\\/\\\/ancestrina.com\\\/de\\\/zuhause\\\/\"},{\"@type\":\"ListItem\",\"position\":2,\"name\":\"Gesch\u00e4ft\",\"item\":\"https:\\\/\\\/ancestrina.com\\\/de\\\/geschaeft\\\/\"},{\"@type\":\"ListItem\",\"position\":3,\"name\":\"Ancient Roots Kerze\"}]},{\"@type\":\"WebSite\",\"@id\":\"https:\\\/\\\/ancestrina.com\\\/de\\\/#website\",\"url\":\"https:\\\/\\\/ancestrina.com\\\/de\\\/\",\"name\":\"Ancestrina\",\"description\":\"Trabajamos experiencias con plantas maestras, terapias integradoras y cultos ancestrales\",\"publisher\":{\"@id\":\"https:\\\/\\\/ancestrina.com\\\/de\\\/#organization\"},\"potentialAction\":[{\"@type\":\"SearchAction\",\"target\":{\"@type\":\"EntryPoint\",\"urlTemplate\":\"https:\\\/\\\/ancestrina.com\\\/de\\\/?s={search_term_string}\"},\"query-input\":{\"@type\":\"PropertyValueSpecification\",\"valueRequired\":true,\"valueName\":\"search_term_string\"}}],\"inLanguage\":\"de\"},{\"@type\":\"Organization\",\"@id\":\"https:\\\/\\\/ancestrina.com\\\/de\\\/#organization\",\"name\":\"Ancestrina\",\"url\":\"https:\\\/\\\/ancestrina.com\\\/de\\\/\",\"logo\":{\"@type\":\"ImageObject\",\"inLanguage\":\"de\",\"@id\":\"https:\\\/\\\/ancestrina.com\\\/de\\\/#\\\/schema\\\/logo\\\/image\\\/\",\"url\":\"https:\\\/\\\/ancestrina.com\\\/wp-content\\\/uploads\\\/2020\\\/06\\\/cropped-LOGO-ANCESTRINA-1.png\",\"contentUrl\":\"https:\\\/\\\/ancestrina.com\\\/wp-content\\\/uploads\\\/2020\\\/06\\\/cropped-LOGO-ANCESTRINA-1.png\",\"width\":630,\"height\":202,\"caption\":\"Ancestrina\"},\"image\":{\"@id\":\"https:\\\/\\\/ancestrina.com\\\/de\\\/#\\\/schema\\\/logo\\\/image\\\/\"},\"sameAs\":[\"https:\\\/\\\/www.facebook.com\\\/Ancestrina\\\/\",\"https:\\\/\\\/www.instagram.com\\\/ancestrina\\\/\",\"https:\\\/\\\/www.youtube.com\\\/channel\\\/UCgtt6WFhEIVEI30PzxlOeIw\"]}]}<\/script>\n<!-- \/ Yoast SEO Premium plugin. -->","yoast_head_json":{"title":"Ancient Roots Kerze: Waldverbindung und Gelassenheit","description":"Tauchen Sie ein in die Ruhe der alten W\u00e4lder mit der Kerze \"Ancient Roots\", die aus Kokosnusswachs und Sheabutter hergestellt wird. Mit einer reichhaltigen Mischung aus Priprioca, Patchouli, Vetiver und frischen Bl\u00e4ttern bietet diese Kerze ein erdiges und revitalisierendes Aroma. Sie ist perfekt f\u00fcr Meditation und Entspannung und verbindet Sie mit der Natur und Ihren spirituellen Wurzeln.","robots":{"index":"index","follow":"follow","max-snippet":"max-snippet:-1","max-image-preview":"max-image-preview:large","max-video-preview":"max-video-preview:-1"},"canonical":"https:\/\/ancestrina.com\/de\/producto\/kerzenwurzeln-alt\/","og_locale":"de_DE","og_type":"article","og_title":"Ancient Roots Kerze","og_description":"Tauchen Sie ein in die Ruhe der alten W\u00e4lder mit der Kerze \"Ancient Roots\", die aus Kokosnusswachs und Sheabutter hergestellt wird. Mit einer reichhaltigen Mischung aus Priprioca, Patchouli, Vetiver und frischen Bl\u00e4ttern bietet diese Kerze ein erdiges und revitalisierendes Aroma. Sie ist perfekt f\u00fcr Meditation und Entspannung und verbindet Sie mit der Natur und Ihren spirituellen Wurzeln.","og_url":"https:\/\/ancestrina.com\/de\/producto\/kerzenwurzeln-alt\/","og_site_name":"Ancestrina","article_publisher":"https:\/\/www.facebook.com\/Ancestrina\/","article_modified_time":"2026-05-16T10:38:29+00:00","og_image":[{"width":2048,"height":2048,"url":"https:\/\/ancestrina.com\/wp-content\/uploads\/vela-raices-antiguas.jpg","type":"image\/jpeg"}],"twitter_card":"summary_large_image","twitter_misc":{"Gesch\u00e4tzte Lesezeit":"1\u00a0Minute"},"schema":{"@context":"https:\/\/schema.org","@graph":[{"@type":"WebPage","@id":"https:\/\/ancestrina.com\/de\/producto\/kerzenwurzeln-alt\/","url":"https:\/\/ancestrina.com\/de\/producto\/kerzenwurzeln-alt\/","name":"Ancient Roots Kerze: Waldverbindung und Gelassenheit","isPartOf":{"@id":"https:\/\/ancestrina.com\/de\/#website"},"primaryImageOfPage":{"@id":"https:\/\/ancestrina.com\/de\/producto\/kerzenwurzeln-alt\/#primaryimage"},"image":{"@id":"https:\/\/ancestrina.com\/de\/producto\/kerzenwurzeln-alt\/#primaryimage"},"thumbnailUrl":"https:\/\/ancestrina.com\/wp-content\/uploads\/vela-raices-antiguas.jpg","datePublished":"2024-04-11T19:56:55+00:00","dateModified":"2026-05-16T10:38:29+00:00","description":"Tauchen Sie ein in die Ruhe der alten W\u00e4lder mit der Kerze \"Ancient Roots\", die aus Kokosnusswachs und Sheabutter hergestellt wird. Mit einer reichhaltigen Mischung aus Priprioca, Patchouli, Vetiver und frischen Bl\u00e4ttern bietet diese Kerze ein erdiges und revitalisierendes Aroma. Sie ist perfekt f\u00fcr Meditation und Entspannung und verbindet Sie mit der Natur und Ihren spirituellen Wurzeln.","breadcrumb":{"@id":"https:\/\/ancestrina.com\/de\/producto\/kerzenwurzeln-alt\/#breadcrumb"},"inLanguage":"de","potentialAction":[{"@type":"ReadAction","target":["https:\/\/ancestrina.com\/de\/producto\/kerzenwurzeln-alt\/"]}]},{"@type":"ImageObject","inLanguage":"de","@id":"https:\/\/ancestrina.com\/de\/producto\/kerzenwurzeln-alt\/#primaryimage","url":"https:\/\/ancestrina.com\/wp-content\/uploads\/vela-raices-antiguas.jpg","contentUrl":"https:\/\/ancestrina.com\/wp-content\/uploads\/vela-raices-antiguas.jpg","width":2048,"height":2048},{"@type":"BreadcrumbList","@id":"https:\/\/ancestrina.com\/de\/producto\/kerzenwurzeln-alt\/#breadcrumb","itemListElement":[{"@type":"ListItem","position":1,"name":"Home","item":"https:\/\/ancestrina.com\/de\/zuhause\/"},{"@type":"ListItem","position":2,"name":"Gesch\u00e4ft","item":"https:\/\/ancestrina.com\/de\/geschaeft\/"},{"@type":"ListItem","position":3,"name":"Ancient Roots Kerze"}]},{"@type":"WebSite","@id":"https:\/\/ancestrina.com\/de\/#website","url":"https:\/\/ancestrina.com\/de\/","name":"Ancestrina","description":"Trabajamos experiencias con plantas maestras, terapias integradoras y cultos ancestrales","publisher":{"@id":"https:\/\/ancestrina.com\/de\/#organization"},"potentialAction":[{"@type":"SearchAction","target":{"@type":"EntryPoint","urlTemplate":"https:\/\/ancestrina.com\/de\/?s={search_term_string}"},"query-input":{"@type":"PropertyValueSpecification","valueRequired":true,"valueName":"search_term_string"}}],"inLanguage":"de"},{"@type":"Organization","@id":"https:\/\/ancestrina.com\/de\/#organization","name":"Ancestrina","url":"https:\/\/ancestrina.com\/de\/","logo":{"@type":"ImageObject","inLanguage":"de","@id":"https:\/\/ancestrina.com\/de\/#\/schema\/logo\/image\/","url":"https:\/\/ancestrina.com\/wp-content\/uploads\/2020\/06\/cropped-LOGO-ANCESTRINA-1.png","contentUrl":"https:\/\/ancestrina.com\/wp-content\/uploads\/2020\/06\/cropped-LOGO-ANCESTRINA-1.png","width":630,"height":202,"caption":"Ancestrina"},"image":{"@id":"https:\/\/ancestrina.com\/de\/#\/schema\/logo\/image\/"},"sameAs":["https:\/\/www.facebook.com\/Ancestrina\/","https:\/\/www.instagram.com\/ancestrina\/","https:\/\/www.youtube.com\/channel\/UCgtt6WFhEIVEI30PzxlOeIw"]}]}},"_links":{"self":[{"href":"https:\/\/ancestrina.com\/de\/wp-json\/wp\/v2\/product\/30099","targetHints":{"allow":["GET"]}}],"collection":[{"href":"https:\/\/ancestrina.com\/de\/wp-json\/wp\/v2\/product"}],"about":[{"href":"https:\/\/ancestrina.com\/de\/wp-json\/wp\/v2\/types\/product"}],"replies":[{"embeddable":true,"href":"https:\/\/ancestrina.com\/de\/wp-json\/wp\/v2\/comments?post=30099"}],"version-history":[{"count":1,"href":"https:\/\/ancestrina.com\/de\/wp-json\/wp\/v2\/product\/30099\/revisions"}],"predecessor-version":[{"id":37643,"href":"https:\/\/ancestrina.com\/de\/wp-json\/wp\/v2\/product\/30099\/revisions\/37643"}],"wp:featuredmedia":[{"embeddable":true,"href":"https:\/\/ancestrina.com\/de\/wp-json\/wp\/v2\/media\/35217"}],"wp:attachment":[{"href":"https:\/\/ancestrina.com\/de\/wp-json\/wp\/v2\/media?parent=30099"}],"wp:term":[{"taxonomy":"product_brand","embeddable":true,"href":"https:\/\/ancestrina.com\/de\/wp-json\/wp\/v2\/product_brand?post=30099"},{"taxonomy":"product_cat","embeddable":true,"href":"https:\/\/ancestrina.com\/de\/wp-json\/wp\/v2\/product_cat?post=30099"},{"taxonomy":"product_tag","embeddable":true,"href":"https:\/\/ancestrina.com\/de\/wp-json\/wp\/v2\/product_tag?post=30099"}],"curies":[{"name":"wp","href":"https:\/\/api.w.org\/{rel}","templated":true}]}}