{"id":30097,"date":"2024-03-26T11:17:05","date_gmt":"2024-03-26T16:17:05","guid":{"rendered":"https:\/\/ancestrina.com\/producto\/kerze-herz-waerme\/"},"modified":"2026-05-17T13:36:16","modified_gmt":"2026-05-17T18:36:16","slug":"kerze-herz-waerme","status":"publish","type":"product","link":"https:\/\/ancestrina.com\/de\/producto\/kerze-herz-waerme\/","title":{"rendered":"Warm Heart Kerze"},"content":{"rendered":"<p>Tauchen Sie ein in die warme und beruhigende Pr\u00e4senz unserer &#8222;Warm Heart&#8220;-Kerze. Diese Kerze wurde f\u00fcr alle geschaffen, die ihr Herz und ihren Geist n\u00e4hren wollen. Sie kombiniert den reichen Duft von ger\u00f6steten Kakaobohnen mit w\u00fcrzigen Noten von rosa Pfeffer und bietet so ein Dufterlebnis, das die Seele w\u00e4rmt und den Geist erhebt.<\/p>\n<p>Kakao, bekannt als &#8222;Speise der G\u00f6tter&#8220;, ist der Hauptbestandteil und bietet nicht nur ein berauschendes Aroma, sondern auch energetische Eigenschaften, die beleben und erneuern. Seine F\u00e4higkeit, die Stimmung zu verbessern und Antioxidantien zu liefern, macht ihn zu einem starken Verb\u00fcndeten f\u00fcr das emotionale und geistige Wohlbefinden.<\/p>\n<p>Erg\u00e4nzt mit rosa Pfeffer, einem \u00e4therischen \u00d6l, das die Durchblutung anregt und das Herz auf energetischer Ebene st\u00e4rkt, ist Warm Heart&#8220; mehr als eine Kerze: Es ist eine Einladung zu einem Ritual der Selbstf\u00fcrsorge und Selbstliebe. Schalten Sie es ein, um Ihren Geist zu kl\u00e4ren, Ihr Herz zu zentrieren und sich wieder mit Ihrem inneren Selbst zu verbinden.<\/p>\n<p>Die Kerze wird aus nat\u00fcrlichem Kokoswachs und reiner Kakaobutter hergestellt, was ein sauberes Abbrennen und ein lang anhaltendes Aroma gew\u00e4hrleistet, das jeden Raum in eine Oase der W\u00e4rme und Gelassenheit verwandelt. Ideal f\u00fcr Meditationen, die sich auf Liebe und Mitgef\u00fchl konzentrieren, oder einfach um eine gem\u00fctliche Atmosph\u00e4re in Ihrem Zuhause zu schaffen.<\/p>\n<p>Z\u00fcnden Sie unsere Warm Heart Kerze an und lassen Sie sich von ihrem Licht und Duft zu einer gr\u00f6\u00dferen Verbindung mit Ihrem Herzen und den Menschen, die Sie lieben, f\u00fchren. Erleben Sie die Magie von Kakao und rosa Pfeffer, die Sie in eine warme und belebende Umarmung h\u00fcllen.<\/p>\n","protected":false},"excerpt":{"rendered":"<p>Tauchen Sie ein in den reichen Duft von ger\u00f6steten Kakaobohnen und die W\u00e4rme von rosa Pfeffer mit unserer &#8222;Warm Heart&#8220; Kerze. Diese Kerze soll den Geist beleben und n\u00e4hren und schafft eine Atmosph\u00e4re der Selbstliebe und spirituellen Erneuerung.<\/p>\n<p>Warm Heart&#8220; ist ideal f\u00fcr Momente der Besinnung und Meditation. Es besteht aus nat\u00fcrlichem Kokoswachs und reiner Kakaobutter, die f\u00fcr eine saubere Verbrennung und einen lang anhaltenden Duft sorgen, der jeden Raum in eine gem\u00fctliche Oase verwandelt.<\/p>\n","protected":false},"featured_media":35203,"comment_status":"open","ping_status":"closed","template":"","meta":{"order-bump-settings":[],"_wpfnl_thankyou_order_overview":"on","_wpfnl_thankyou_order_details":"on","_wpfnl_thankyou_billing_details":"on","_wpfnl_thankyou_shipping_details":"on","site-sidebar-layout":"default","site-content-layout":"","ast-site-content-layout":"default","site-content-style":"default","site-sidebar-style":"default","ast-global-header-display":"","ast-banner-title-visibility":"","ast-main-header-display":"","ast-hfb-above-header-display":"","ast-hfb-below-header-display":"","ast-hfb-mobile-header-display":"","site-post-title":"","ast-breadcrumbs-content":"","ast-featured-img":"","footer-sml-layout":"","ast-disable-related-posts":"","theme-transparent-header-meta":"default","adv-header-id-meta":"","stick-header-meta":"","header-above-stick-meta":"","header-main-stick-meta":"","header-below-stick-meta":"","astra-migrate-meta-layouts":"default","ast-page-background-enabled":"default","ast-page-background-meta":{"desktop":{"background-color":"","background-image":"","background-repeat":"repeat","background-position":"center center","background-size":"auto","background-attachment":"scroll","background-type":"","background-media":"","overlay-type":"","overlay-color":"","overlay-opacity":"","overlay-gradient":""},"tablet":{"background-color":"","background-image":"","background-repeat":"repeat","background-position":"center center","background-size":"auto","background-attachment":"scroll","background-type":"","background-media":"","overlay-type":"","overlay-color":"","overlay-opacity":"","overlay-gradient":""},"mobile":{"background-color":"","background-image":"","background-repeat":"repeat","background-position":"center center","background-size":"auto","background-attachment":"scroll","background-type":"","background-media":"","overlay-type":"","overlay-color":"","overlay-opacity":"","overlay-gradient":""}},"ast-content-background-meta":{"desktop":{"background-color":"var(--ast-global-color-5)","background-image":"","background-repeat":"repeat","background-position":"center center","background-size":"auto","background-attachment":"scroll","background-type":"","background-media":"","overlay-type":"","overlay-color":"","overlay-opacity":"","overlay-gradient":""},"tablet":{"background-color":"var(--ast-global-color-5)","background-image":"","background-repeat":"repeat","background-position":"center center","background-size":"auto","background-attachment":"scroll","background-type":"","background-media":"","overlay-type":"","overlay-color":"","overlay-opacity":"","overlay-gradient":""},"mobile":{"background-color":"var(--ast-global-color-5)","background-image":"","background-repeat":"repeat","background-position":"center center","background-size":"auto","background-attachment":"scroll","background-type":"","background-media":"","overlay-type":"","overlay-color":"","overlay-opacity":"","overlay-gradient":""}},"_joinchat":[]},"product_brand":[],"product_cat":[1449],"product_tag":[],"class_list":{"0":"post-30097","1":"product","2":"type-product","3":"status-publish","4":"has-post-thumbnail","6":"product_cat-kerzen","7":"desktop-align-center","8":"tablet-align-left","9":"mobile-align-left","11":"first","12":"instock","13":"shipping-taxable","14":"purchasable","15":"product-type-simple"},"yoast_head":"<!-- This site is optimized with the Yoast SEO Premium plugin v22.6 (Yoast SEO v27.6) - https:\/\/yoast.com\/product\/yoast-seo-premium-wordpress\/ -->\n<title>Warm Heart&quot; Kerze: Energie und W\u00e4rme f\u00fcr die Seele<\/title>\n<meta name=\"description\" content=\"Tauchen Sie ein in den reichen Duft von ger\u00f6steten Kakaobohnen und rosa Pfeffer mit der Kerze &quot;Warm Heart&quot;. Diese Kerze aus Kokosnusswachs und Kakaobutter energetisiert und n\u00e4hrt den Geist und schafft eine Atmosph\u00e4re der Selbstliebe und spirituellen Erneuerung. Perfekt f\u00fcr Meditation und Momente der Besinnung.\" \/>\n<meta name=\"robots\" content=\"index, follow, max-snippet:-1, max-image-preview:large, max-video-preview:-1\" \/>\n<link rel=\"canonical\" href=\"https:\/\/ancestrina.com\/de\/producto\/kerze-herz-waerme\/\" \/>\n<meta property=\"og:locale\" content=\"de_DE\" \/>\n<meta property=\"og:type\" content=\"article\" \/>\n<meta property=\"og:title\" content=\"Warm Heart Kerze\" \/>\n<meta property=\"og:description\" content=\"Tauchen Sie ein in den reichen Duft von ger\u00f6steten Kakaobohnen und rosa Pfeffer mit der Kerze &quot;Warm Heart&quot;. Diese Kerze aus Kokosnusswachs und Kakaobutter energetisiert und n\u00e4hrt den Geist und schafft eine Atmosph\u00e4re der Selbstliebe und spirituellen Erneuerung. Perfekt f\u00fcr Meditation und Momente der Besinnung.\" \/>\n<meta property=\"og:url\" content=\"https:\/\/ancestrina.com\/de\/producto\/kerze-herz-waerme\/\" \/>\n<meta property=\"og:site_name\" content=\"Ancestrina\" \/>\n<meta property=\"article:publisher\" content=\"https:\/\/www.facebook.com\/Ancestrina\/\" \/>\n<meta property=\"article:modified_time\" content=\"2026-05-17T18:36:16+00:00\" \/>\n<meta property=\"og:image\" content=\"https:\/\/ancestrina.com\/wp-content\/uploads\/vela-cacao.jpg\" \/>\n\t<meta property=\"og:image:width\" content=\"2048\" \/>\n\t<meta property=\"og:image:height\" content=\"2048\" \/>\n\t<meta property=\"og:image:type\" content=\"image\/jpeg\" \/>\n<meta name=\"twitter:card\" content=\"summary_large_image\" \/>\n<meta name=\"twitter:label1\" content=\"Gesch\u00e4tzte Lesezeit\" \/>\n\t<meta name=\"twitter:data1\" content=\"1\u00a0Minute\" \/>\n<script type=\"application\/ld+json\" class=\"yoast-schema-graph\">{\"@context\":\"https:\\\/\\\/schema.org\",\"@graph\":[{\"@type\":\"WebPage\",\"@id\":\"https:\\\/\\\/ancestrina.com\\\/de\\\/producto\\\/kerze-herz-waerme\\\/\",\"url\":\"https:\\\/\\\/ancestrina.com\\\/de\\\/producto\\\/kerze-herz-waerme\\\/\",\"name\":\"Warm Heart\\\" Kerze: Energie und W\u00e4rme f\u00fcr die Seele\",\"isPartOf\":{\"@id\":\"https:\\\/\\\/ancestrina.com\\\/de\\\/#website\"},\"primaryImageOfPage\":{\"@id\":\"https:\\\/\\\/ancestrina.com\\\/de\\\/producto\\\/kerze-herz-waerme\\\/#primaryimage\"},\"image\":{\"@id\":\"https:\\\/\\\/ancestrina.com\\\/de\\\/producto\\\/kerze-herz-waerme\\\/#primaryimage\"},\"thumbnailUrl\":\"https:\\\/\\\/ancestrina.com\\\/wp-content\\\/uploads\\\/vela-cacao.jpg\",\"datePublished\":\"2024-03-26T16:17:05+00:00\",\"dateModified\":\"2026-05-17T18:36:16+00:00\",\"description\":\"Tauchen Sie ein in den reichen Duft von ger\u00f6steten Kakaobohnen und rosa Pfeffer mit der Kerze \\\"Warm Heart\\\". Diese Kerze aus Kokosnusswachs und Kakaobutter energetisiert und n\u00e4hrt den Geist und schafft eine Atmosph\u00e4re der Selbstliebe und spirituellen Erneuerung. Perfekt f\u00fcr Meditation und Momente der Besinnung.\",\"breadcrumb\":{\"@id\":\"https:\\\/\\\/ancestrina.com\\\/de\\\/producto\\\/kerze-herz-waerme\\\/#breadcrumb\"},\"inLanguage\":\"de\",\"potentialAction\":[{\"@type\":\"ReadAction\",\"target\":[\"https:\\\/\\\/ancestrina.com\\\/de\\\/producto\\\/kerze-herz-waerme\\\/\"]}]},{\"@type\":\"ImageObject\",\"inLanguage\":\"de\",\"@id\":\"https:\\\/\\\/ancestrina.com\\\/de\\\/producto\\\/kerze-herz-waerme\\\/#primaryimage\",\"url\":\"https:\\\/\\\/ancestrina.com\\\/wp-content\\\/uploads\\\/vela-cacao.jpg\",\"contentUrl\":\"https:\\\/\\\/ancestrina.com\\\/wp-content\\\/uploads\\\/vela-cacao.jpg\",\"width\":2048,\"height\":2048},{\"@type\":\"BreadcrumbList\",\"@id\":\"https:\\\/\\\/ancestrina.com\\\/de\\\/producto\\\/kerze-herz-waerme\\\/#breadcrumb\",\"itemListElement\":[{\"@type\":\"ListItem\",\"position\":1,\"name\":\"Home\",\"item\":\"https:\\\/\\\/ancestrina.com\\\/de\\\/zuhause\\\/\"},{\"@type\":\"ListItem\",\"position\":2,\"name\":\"Gesch\u00e4ft\",\"item\":\"https:\\\/\\\/ancestrina.com\\\/de\\\/geschaeft\\\/\"},{\"@type\":\"ListItem\",\"position\":3,\"name\":\"Warm Heart Kerze\"}]},{\"@type\":\"WebSite\",\"@id\":\"https:\\\/\\\/ancestrina.com\\\/de\\\/#website\",\"url\":\"https:\\\/\\\/ancestrina.com\\\/de\\\/\",\"name\":\"Ancestrina\",\"description\":\"Trabajamos experiencias con plantas maestras, terapias integradoras y cultos ancestrales\",\"publisher\":{\"@id\":\"https:\\\/\\\/ancestrina.com\\\/de\\\/#organization\"},\"potentialAction\":[{\"@type\":\"SearchAction\",\"target\":{\"@type\":\"EntryPoint\",\"urlTemplate\":\"https:\\\/\\\/ancestrina.com\\\/de\\\/?s={search_term_string}\"},\"query-input\":{\"@type\":\"PropertyValueSpecification\",\"valueRequired\":true,\"valueName\":\"search_term_string\"}}],\"inLanguage\":\"de\"},{\"@type\":\"Organization\",\"@id\":\"https:\\\/\\\/ancestrina.com\\\/de\\\/#organization\",\"name\":\"Ancestrina\",\"url\":\"https:\\\/\\\/ancestrina.com\\\/de\\\/\",\"logo\":{\"@type\":\"ImageObject\",\"inLanguage\":\"de\",\"@id\":\"https:\\\/\\\/ancestrina.com\\\/de\\\/#\\\/schema\\\/logo\\\/image\\\/\",\"url\":\"https:\\\/\\\/ancestrina.com\\\/wp-content\\\/uploads\\\/2020\\\/06\\\/cropped-LOGO-ANCESTRINA-1.png\",\"contentUrl\":\"https:\\\/\\\/ancestrina.com\\\/wp-content\\\/uploads\\\/2020\\\/06\\\/cropped-LOGO-ANCESTRINA-1.png\",\"width\":630,\"height\":202,\"caption\":\"Ancestrina\"},\"image\":{\"@id\":\"https:\\\/\\\/ancestrina.com\\\/de\\\/#\\\/schema\\\/logo\\\/image\\\/\"},\"sameAs\":[\"https:\\\/\\\/www.facebook.com\\\/Ancestrina\\\/\",\"https:\\\/\\\/www.instagram.com\\\/ancestrina\\\/\",\"https:\\\/\\\/www.youtube.com\\\/channel\\\/UCgtt6WFhEIVEI30PzxlOeIw\"]}]}<\/script>\n<!-- \/ Yoast SEO Premium plugin. -->","yoast_head_json":{"title":"Warm Heart\" Kerze: Energie und W\u00e4rme f\u00fcr die Seele","description":"Tauchen Sie ein in den reichen Duft von ger\u00f6steten Kakaobohnen und rosa Pfeffer mit der Kerze \"Warm Heart\". Diese Kerze aus Kokosnusswachs und Kakaobutter energetisiert und n\u00e4hrt den Geist und schafft eine Atmosph\u00e4re der Selbstliebe und spirituellen Erneuerung. Perfekt f\u00fcr Meditation und Momente der Besinnung.","robots":{"index":"index","follow":"follow","max-snippet":"max-snippet:-1","max-image-preview":"max-image-preview:large","max-video-preview":"max-video-preview:-1"},"canonical":"https:\/\/ancestrina.com\/de\/producto\/kerze-herz-waerme\/","og_locale":"de_DE","og_type":"article","og_title":"Warm Heart Kerze","og_description":"Tauchen Sie ein in den reichen Duft von ger\u00f6steten Kakaobohnen und rosa Pfeffer mit der Kerze \"Warm Heart\". Diese Kerze aus Kokosnusswachs und Kakaobutter energetisiert und n\u00e4hrt den Geist und schafft eine Atmosph\u00e4re der Selbstliebe und spirituellen Erneuerung. Perfekt f\u00fcr Meditation und Momente der Besinnung.","og_url":"https:\/\/ancestrina.com\/de\/producto\/kerze-herz-waerme\/","og_site_name":"Ancestrina","article_publisher":"https:\/\/www.facebook.com\/Ancestrina\/","article_modified_time":"2026-05-17T18:36:16+00:00","og_image":[{"width":2048,"height":2048,"url":"https:\/\/ancestrina.com\/wp-content\/uploads\/vela-cacao.jpg","type":"image\/jpeg"}],"twitter_card":"summary_large_image","twitter_misc":{"Gesch\u00e4tzte Lesezeit":"1\u00a0Minute"},"schema":{"@context":"https:\/\/schema.org","@graph":[{"@type":"WebPage","@id":"https:\/\/ancestrina.com\/de\/producto\/kerze-herz-waerme\/","url":"https:\/\/ancestrina.com\/de\/producto\/kerze-herz-waerme\/","name":"Warm Heart\" Kerze: Energie und W\u00e4rme f\u00fcr die Seele","isPartOf":{"@id":"https:\/\/ancestrina.com\/de\/#website"},"primaryImageOfPage":{"@id":"https:\/\/ancestrina.com\/de\/producto\/kerze-herz-waerme\/#primaryimage"},"image":{"@id":"https:\/\/ancestrina.com\/de\/producto\/kerze-herz-waerme\/#primaryimage"},"thumbnailUrl":"https:\/\/ancestrina.com\/wp-content\/uploads\/vela-cacao.jpg","datePublished":"2024-03-26T16:17:05+00:00","dateModified":"2026-05-17T18:36:16+00:00","description":"Tauchen Sie ein in den reichen Duft von ger\u00f6steten Kakaobohnen und rosa Pfeffer mit der Kerze \"Warm Heart\". Diese Kerze aus Kokosnusswachs und Kakaobutter energetisiert und n\u00e4hrt den Geist und schafft eine Atmosph\u00e4re der Selbstliebe und spirituellen Erneuerung. Perfekt f\u00fcr Meditation und Momente der Besinnung.","breadcrumb":{"@id":"https:\/\/ancestrina.com\/de\/producto\/kerze-herz-waerme\/#breadcrumb"},"inLanguage":"de","potentialAction":[{"@type":"ReadAction","target":["https:\/\/ancestrina.com\/de\/producto\/kerze-herz-waerme\/"]}]},{"@type":"ImageObject","inLanguage":"de","@id":"https:\/\/ancestrina.com\/de\/producto\/kerze-herz-waerme\/#primaryimage","url":"https:\/\/ancestrina.com\/wp-content\/uploads\/vela-cacao.jpg","contentUrl":"https:\/\/ancestrina.com\/wp-content\/uploads\/vela-cacao.jpg","width":2048,"height":2048},{"@type":"BreadcrumbList","@id":"https:\/\/ancestrina.com\/de\/producto\/kerze-herz-waerme\/#breadcrumb","itemListElement":[{"@type":"ListItem","position":1,"name":"Home","item":"https:\/\/ancestrina.com\/de\/zuhause\/"},{"@type":"ListItem","position":2,"name":"Gesch\u00e4ft","item":"https:\/\/ancestrina.com\/de\/geschaeft\/"},{"@type":"ListItem","position":3,"name":"Warm Heart Kerze"}]},{"@type":"WebSite","@id":"https:\/\/ancestrina.com\/de\/#website","url":"https:\/\/ancestrina.com\/de\/","name":"Ancestrina","description":"Trabajamos experiencias con plantas maestras, terapias integradoras y cultos ancestrales","publisher":{"@id":"https:\/\/ancestrina.com\/de\/#organization"},"potentialAction":[{"@type":"SearchAction","target":{"@type":"EntryPoint","urlTemplate":"https:\/\/ancestrina.com\/de\/?s={search_term_string}"},"query-input":{"@type":"PropertyValueSpecification","valueRequired":true,"valueName":"search_term_string"}}],"inLanguage":"de"},{"@type":"Organization","@id":"https:\/\/ancestrina.com\/de\/#organization","name":"Ancestrina","url":"https:\/\/ancestrina.com\/de\/","logo":{"@type":"ImageObject","inLanguage":"de","@id":"https:\/\/ancestrina.com\/de\/#\/schema\/logo\/image\/","url":"https:\/\/ancestrina.com\/wp-content\/uploads\/2020\/06\/cropped-LOGO-ANCESTRINA-1.png","contentUrl":"https:\/\/ancestrina.com\/wp-content\/uploads\/2020\/06\/cropped-LOGO-ANCESTRINA-1.png","width":630,"height":202,"caption":"Ancestrina"},"image":{"@id":"https:\/\/ancestrina.com\/de\/#\/schema\/logo\/image\/"},"sameAs":["https:\/\/www.facebook.com\/Ancestrina\/","https:\/\/www.instagram.com\/ancestrina\/","https:\/\/www.youtube.com\/channel\/UCgtt6WFhEIVEI30PzxlOeIw"]}]}},"_links":{"self":[{"href":"https:\/\/ancestrina.com\/de\/wp-json\/wp\/v2\/product\/30097","targetHints":{"allow":["GET"]}}],"collection":[{"href":"https:\/\/ancestrina.com\/de\/wp-json\/wp\/v2\/product"}],"about":[{"href":"https:\/\/ancestrina.com\/de\/wp-json\/wp\/v2\/types\/product"}],"replies":[{"embeddable":true,"href":"https:\/\/ancestrina.com\/de\/wp-json\/wp\/v2\/comments?post=30097"}],"version-history":[{"count":1,"href":"https:\/\/ancestrina.com\/de\/wp-json\/wp\/v2\/product\/30097\/revisions"}],"predecessor-version":[{"id":37623,"href":"https:\/\/ancestrina.com\/de\/wp-json\/wp\/v2\/product\/30097\/revisions\/37623"}],"wp:featuredmedia":[{"embeddable":true,"href":"https:\/\/ancestrina.com\/de\/wp-json\/wp\/v2\/media\/35203"}],"wp:attachment":[{"href":"https:\/\/ancestrina.com\/de\/wp-json\/wp\/v2\/media?parent=30097"}],"wp:term":[{"taxonomy":"product_brand","embeddable":true,"href":"https:\/\/ancestrina.com\/de\/wp-json\/wp\/v2\/product_brand?post=30097"},{"taxonomy":"product_cat","embeddable":true,"href":"https:\/\/ancestrina.com\/de\/wp-json\/wp\/v2\/product_cat?post=30097"},{"taxonomy":"product_tag","embeddable":true,"href":"https:\/\/ancestrina.com\/de\/wp-json\/wp\/v2\/product_tag?post=30097"}],"curies":[{"name":"wp","href":"https:\/\/api.w.org\/{rel}","templated":true}]}}