{"id":30095,"date":"2024-04-11T14:57:01","date_gmt":"2024-04-11T19:57:01","guid":{"rendered":"https:\/\/ancestrina.com\/producto\/kerze-honig-heilig\/"},"modified":"2026-05-12T19:37:16","modified_gmt":"2026-05-13T00:37:16","slug":"kerze-honig-heilig","status":"publish","type":"product","link":"https:\/\/ancestrina.com\/de\/producto\/kerze-honig-heilig\/","title":{"rendered":"Heiliger Honig Kerze"},"content":{"rendered":"<p>Feiern Sie S\u00fc\u00dfe und Lebensenergie mit unserer Sacred Honey&#8220;-Kerze, einer Kreation, die von Mar\u00ef, dem Geist des Honigs und der Bienenmutter in der amazonischen Kosmologie, inspiriert wurde. Diese Kerze kombiniert nat\u00fcrliches Kokoswachs mit rohem Bienenwachs und integriert die reine Essenz von Honig und \u00e4therischen \u00d6len von s\u00fc\u00dfen Blumen wie Macela und Cambara, um Sie in eine Atmosph\u00e4re von W\u00e4rme und Positivit\u00e4t zu h\u00fcllen.<\/p>\n<p>Wenn Sie den &#8222;Sacred Honey&#8220; anz\u00fcnden, erhellt sein Licht nicht nur Ihren Raum, sondern spendet auch Energie, Freude und Sch\u00f6nheit und spiegelt die wichtige Arbeit der Bienen in unserem \u00d6kosystem wider. Die Kerze eignet sich besonders f\u00fcr Zeiten der Besinnung und des Feierns, wo ihr s\u00fc\u00dfer und beruhigender Duft den Geist erhebt und ein Gef\u00fchl des Wohlbefindens und der Dankbarkeit f\u00f6rdert.<\/p>\n<p>Die Kerze &#8222;Sacred Honey&#8220; eignet sich ideal f\u00fcr Dankesrituale oder einfach, um den Alltag zu vers\u00fc\u00dfen. Sie erinnert an den Reichtum und die F\u00fclle der Natur. Z\u00fcnden Sie ihn an, um die geistige Klarheit zu verbessern, die Umgebung zu energetisieren und positive Schwingungen in Ihr Zuhause zu bringen.<\/p>\n","protected":false},"excerpt":{"rendered":"<p>Huldigen Sie Mar\u00ef, dem Geist des Honigs und der Bienenmutter der amazonischen Kosmologie, mit unserer Kerze, die mit Kokosnusswachs und rohem Bienenwachs angereichert ist. Sein Duft, der sich aus Honigessenzen und \u00e4therischen \u00d6len s\u00fc\u00dfer Blumen wie Macela und Cambara zusammensetzt, bringt S\u00fc\u00dfe und positive Energie in jeden Raum.<\/p>\n<p>Die Kerze &#8222;Sacred Honey&#8220; ist ideal f\u00fcr erhebende und bereichernde Momente der Meditation oder des Feierns. Sie erleuchtet, energetisiert und transformiert die Umgebung, f\u00f6rdert die geistige Klarheit und zieht positive Schwingungen an. Z\u00fcnden Sie es an, um eine warme und gem\u00fctliche Atmosph\u00e4re zu genie\u00dfen, die den Reichtum und die Sch\u00f6nheit der Natur feiert.<\/p>\n","protected":false},"featured_media":35049,"comment_status":"open","ping_status":"closed","template":"","meta":{"order-bump-settings":[],"_wpfnl_thankyou_order_overview":"on","_wpfnl_thankyou_order_details":"on","_wpfnl_thankyou_billing_details":"on","_wpfnl_thankyou_shipping_details":"on","site-sidebar-layout":"default","site-content-layout":"","ast-site-content-layout":"default","site-content-style":"default","site-sidebar-style":"default","ast-global-header-display":"","ast-banner-title-visibility":"","ast-main-header-display":"","ast-hfb-above-header-display":"","ast-hfb-below-header-display":"","ast-hfb-mobile-header-display":"","site-post-title":"","ast-breadcrumbs-content":"","ast-featured-img":"","footer-sml-layout":"","ast-disable-related-posts":"","theme-transparent-header-meta":"default","adv-header-id-meta":"","stick-header-meta":"","header-above-stick-meta":"","header-main-stick-meta":"","header-below-stick-meta":"","astra-migrate-meta-layouts":"default","ast-page-background-enabled":"default","ast-page-background-meta":{"desktop":{"background-color":"","background-image":"","background-repeat":"repeat","background-position":"center center","background-size":"auto","background-attachment":"scroll","background-type":"","background-media":"","overlay-type":"","overlay-color":"","overlay-opacity":"","overlay-gradient":""},"tablet":{"background-color":"","background-image":"","background-repeat":"repeat","background-position":"center center","background-size":"auto","background-attachment":"scroll","background-type":"","background-media":"","overlay-type":"","overlay-color":"","overlay-opacity":"","overlay-gradient":""},"mobile":{"background-color":"","background-image":"","background-repeat":"repeat","background-position":"center center","background-size":"auto","background-attachment":"scroll","background-type":"","background-media":"","overlay-type":"","overlay-color":"","overlay-opacity":"","overlay-gradient":""}},"ast-content-background-meta":{"desktop":{"background-color":"var(--ast-global-color-5)","background-image":"","background-repeat":"repeat","background-position":"center center","background-size":"auto","background-attachment":"scroll","background-type":"","background-media":"","overlay-type":"","overlay-color":"","overlay-opacity":"","overlay-gradient":""},"tablet":{"background-color":"var(--ast-global-color-5)","background-image":"","background-repeat":"repeat","background-position":"center center","background-size":"auto","background-attachment":"scroll","background-type":"","background-media":"","overlay-type":"","overlay-color":"","overlay-opacity":"","overlay-gradient":""},"mobile":{"background-color":"var(--ast-global-color-5)","background-image":"","background-repeat":"repeat","background-position":"center center","background-size":"auto","background-attachment":"scroll","background-type":"","background-media":"","overlay-type":"","overlay-color":"","overlay-opacity":"","overlay-gradient":""}},"_joinchat":[]},"product_brand":[],"product_cat":[1449],"product_tag":[],"class_list":{"0":"post-30095","1":"product","2":"type-product","3":"status-publish","4":"has-post-thumbnail","6":"product_cat-kerzen","7":"desktop-align-center","8":"tablet-align-left","9":"mobile-align-left","11":"first","12":"instock","13":"shipping-taxable","14":"purchasable","15":"product-type-simple"},"yoast_head":"<!-- This site is optimized with the Yoast SEO Premium plugin v22.6 (Yoast SEO v27.6) - https:\/\/yoast.com\/product\/yoast-seo-premium-wordpress\/ -->\n<title>Kerze &quot;Heiliger Honig&quot;: S\u00fc\u00dfe und Lebensenergie in Ihrem Raum<\/title>\n<meta name=\"description\" content=\"Feiern Sie S\u00fc\u00dfe und Lebensenergie mit der Kerze &quot;Heiliger Honig&quot; aus Kokoswachs und rohem Bienenwachs. Diese Kerze ist mit Honigessenzen und \u00e4therischen \u00d6len aus s\u00fc\u00dfen Bl\u00fcten angereichert und erhellt und energetisiert jeden Raum, f\u00f6rdert die geistige Klarheit und zieht positive Schwingungen an. Perfekt f\u00fcr Dankbarkeitsrituale und Momente der Meditation.\" \/>\n<meta name=\"robots\" content=\"index, follow, max-snippet:-1, max-image-preview:large, max-video-preview:-1\" \/>\n<link rel=\"canonical\" href=\"https:\/\/ancestrina.com\/de\/producto\/kerze-honig-heilig\/\" \/>\n<meta property=\"og:locale\" content=\"de_DE\" \/>\n<meta property=\"og:type\" content=\"article\" \/>\n<meta property=\"og:title\" content=\"Heiliger Honig Kerze\" \/>\n<meta property=\"og:description\" content=\"Feiern Sie S\u00fc\u00dfe und Lebensenergie mit der Kerze &quot;Heiliger Honig&quot; aus Kokoswachs und rohem Bienenwachs. Diese Kerze ist mit Honigessenzen und \u00e4therischen \u00d6len aus s\u00fc\u00dfen Bl\u00fcten angereichert und erhellt und energetisiert jeden Raum, f\u00f6rdert die geistige Klarheit und zieht positive Schwingungen an. Perfekt f\u00fcr Dankbarkeitsrituale und Momente der Meditation.\" \/>\n<meta property=\"og:url\" content=\"https:\/\/ancestrina.com\/de\/producto\/kerze-honig-heilig\/\" \/>\n<meta property=\"og:site_name\" content=\"Ancestrina\" \/>\n<meta property=\"article:publisher\" content=\"https:\/\/www.facebook.com\/Ancestrina\/\" \/>\n<meta property=\"article:modified_time\" content=\"2026-05-13T00:37:16+00:00\" \/>\n<meta property=\"og:image\" content=\"https:\/\/ancestrina.com\/wp-content\/uploads\/rela-miel-sagrada.jpg\" \/>\n\t<meta property=\"og:image:width\" content=\"2048\" \/>\n\t<meta property=\"og:image:height\" content=\"2048\" \/>\n\t<meta property=\"og:image:type\" content=\"image\/jpeg\" \/>\n<meta name=\"twitter:card\" content=\"summary_large_image\" \/>\n<meta name=\"twitter:label1\" content=\"Gesch\u00e4tzte Lesezeit\" \/>\n\t<meta name=\"twitter:data1\" content=\"1\u00a0Minute\" \/>\n<script type=\"application\/ld+json\" class=\"yoast-schema-graph\">{\"@context\":\"https:\\\/\\\/schema.org\",\"@graph\":[{\"@type\":\"WebPage\",\"@id\":\"https:\\\/\\\/ancestrina.com\\\/de\\\/producto\\\/kerze-honig-heilig\\\/\",\"url\":\"https:\\\/\\\/ancestrina.com\\\/de\\\/producto\\\/kerze-honig-heilig\\\/\",\"name\":\"Kerze \\\"Heiliger Honig\\\": S\u00fc\u00dfe und Lebensenergie in Ihrem Raum\",\"isPartOf\":{\"@id\":\"https:\\\/\\\/ancestrina.com\\\/de\\\/#website\"},\"primaryImageOfPage\":{\"@id\":\"https:\\\/\\\/ancestrina.com\\\/de\\\/producto\\\/kerze-honig-heilig\\\/#primaryimage\"},\"image\":{\"@id\":\"https:\\\/\\\/ancestrina.com\\\/de\\\/producto\\\/kerze-honig-heilig\\\/#primaryimage\"},\"thumbnailUrl\":\"https:\\\/\\\/ancestrina.com\\\/wp-content\\\/uploads\\\/rela-miel-sagrada.jpg\",\"datePublished\":\"2024-04-11T19:57:01+00:00\",\"dateModified\":\"2026-05-13T00:37:16+00:00\",\"description\":\"Feiern Sie S\u00fc\u00dfe und Lebensenergie mit der Kerze \\\"Heiliger Honig\\\" aus Kokoswachs und rohem Bienenwachs. Diese Kerze ist mit Honigessenzen und \u00e4therischen \u00d6len aus s\u00fc\u00dfen Bl\u00fcten angereichert und erhellt und energetisiert jeden Raum, f\u00f6rdert die geistige Klarheit und zieht positive Schwingungen an. Perfekt f\u00fcr Dankbarkeitsrituale und Momente der Meditation.\",\"breadcrumb\":{\"@id\":\"https:\\\/\\\/ancestrina.com\\\/de\\\/producto\\\/kerze-honig-heilig\\\/#breadcrumb\"},\"inLanguage\":\"de\",\"potentialAction\":[{\"@type\":\"ReadAction\",\"target\":[\"https:\\\/\\\/ancestrina.com\\\/de\\\/producto\\\/kerze-honig-heilig\\\/\"]}]},{\"@type\":\"ImageObject\",\"inLanguage\":\"de\",\"@id\":\"https:\\\/\\\/ancestrina.com\\\/de\\\/producto\\\/kerze-honig-heilig\\\/#primaryimage\",\"url\":\"https:\\\/\\\/ancestrina.com\\\/wp-content\\\/uploads\\\/rela-miel-sagrada.jpg\",\"contentUrl\":\"https:\\\/\\\/ancestrina.com\\\/wp-content\\\/uploads\\\/rela-miel-sagrada.jpg\",\"width\":2048,\"height\":2048},{\"@type\":\"BreadcrumbList\",\"@id\":\"https:\\\/\\\/ancestrina.com\\\/de\\\/producto\\\/kerze-honig-heilig\\\/#breadcrumb\",\"itemListElement\":[{\"@type\":\"ListItem\",\"position\":1,\"name\":\"Home\",\"item\":\"https:\\\/\\\/ancestrina.com\\\/de\\\/zuhause\\\/\"},{\"@type\":\"ListItem\",\"position\":2,\"name\":\"Gesch\u00e4ft\",\"item\":\"https:\\\/\\\/ancestrina.com\\\/de\\\/geschaeft\\\/\"},{\"@type\":\"ListItem\",\"position\":3,\"name\":\"Heiliger Honig Kerze\"}]},{\"@type\":\"WebSite\",\"@id\":\"https:\\\/\\\/ancestrina.com\\\/de\\\/#website\",\"url\":\"https:\\\/\\\/ancestrina.com\\\/de\\\/\",\"name\":\"Ancestrina\",\"description\":\"Trabajamos experiencias con plantas maestras, terapias integradoras y cultos ancestrales\",\"publisher\":{\"@id\":\"https:\\\/\\\/ancestrina.com\\\/de\\\/#organization\"},\"potentialAction\":[{\"@type\":\"SearchAction\",\"target\":{\"@type\":\"EntryPoint\",\"urlTemplate\":\"https:\\\/\\\/ancestrina.com\\\/de\\\/?s={search_term_string}\"},\"query-input\":{\"@type\":\"PropertyValueSpecification\",\"valueRequired\":true,\"valueName\":\"search_term_string\"}}],\"inLanguage\":\"de\"},{\"@type\":\"Organization\",\"@id\":\"https:\\\/\\\/ancestrina.com\\\/de\\\/#organization\",\"name\":\"Ancestrina\",\"url\":\"https:\\\/\\\/ancestrina.com\\\/de\\\/\",\"logo\":{\"@type\":\"ImageObject\",\"inLanguage\":\"de\",\"@id\":\"https:\\\/\\\/ancestrina.com\\\/de\\\/#\\\/schema\\\/logo\\\/image\\\/\",\"url\":\"https:\\\/\\\/ancestrina.com\\\/wp-content\\\/uploads\\\/2020\\\/06\\\/cropped-LOGO-ANCESTRINA-1.png\",\"contentUrl\":\"https:\\\/\\\/ancestrina.com\\\/wp-content\\\/uploads\\\/2020\\\/06\\\/cropped-LOGO-ANCESTRINA-1.png\",\"width\":630,\"height\":202,\"caption\":\"Ancestrina\"},\"image\":{\"@id\":\"https:\\\/\\\/ancestrina.com\\\/de\\\/#\\\/schema\\\/logo\\\/image\\\/\"},\"sameAs\":[\"https:\\\/\\\/www.facebook.com\\\/Ancestrina\\\/\",\"https:\\\/\\\/www.instagram.com\\\/ancestrina\\\/\",\"https:\\\/\\\/www.youtube.com\\\/channel\\\/UCgtt6WFhEIVEI30PzxlOeIw\"]}]}<\/script>\n<!-- \/ Yoast SEO Premium plugin. -->","yoast_head_json":{"title":"Kerze \"Heiliger Honig\": S\u00fc\u00dfe und Lebensenergie in Ihrem Raum","description":"Feiern Sie S\u00fc\u00dfe und Lebensenergie mit der Kerze \"Heiliger Honig\" aus Kokoswachs und rohem Bienenwachs. Diese Kerze ist mit Honigessenzen und \u00e4therischen \u00d6len aus s\u00fc\u00dfen Bl\u00fcten angereichert und erhellt und energetisiert jeden Raum, f\u00f6rdert die geistige Klarheit und zieht positive Schwingungen an. Perfekt f\u00fcr Dankbarkeitsrituale und Momente der Meditation.","robots":{"index":"index","follow":"follow","max-snippet":"max-snippet:-1","max-image-preview":"max-image-preview:large","max-video-preview":"max-video-preview:-1"},"canonical":"https:\/\/ancestrina.com\/de\/producto\/kerze-honig-heilig\/","og_locale":"de_DE","og_type":"article","og_title":"Heiliger Honig Kerze","og_description":"Feiern Sie S\u00fc\u00dfe und Lebensenergie mit der Kerze \"Heiliger Honig\" aus Kokoswachs und rohem Bienenwachs. Diese Kerze ist mit Honigessenzen und \u00e4therischen \u00d6len aus s\u00fc\u00dfen Bl\u00fcten angereichert und erhellt und energetisiert jeden Raum, f\u00f6rdert die geistige Klarheit und zieht positive Schwingungen an. Perfekt f\u00fcr Dankbarkeitsrituale und Momente der Meditation.","og_url":"https:\/\/ancestrina.com\/de\/producto\/kerze-honig-heilig\/","og_site_name":"Ancestrina","article_publisher":"https:\/\/www.facebook.com\/Ancestrina\/","article_modified_time":"2026-05-13T00:37:16+00:00","og_image":[{"width":2048,"height":2048,"url":"https:\/\/ancestrina.com\/wp-content\/uploads\/rela-miel-sagrada.jpg","type":"image\/jpeg"}],"twitter_card":"summary_large_image","twitter_misc":{"Gesch\u00e4tzte Lesezeit":"1\u00a0Minute"},"schema":{"@context":"https:\/\/schema.org","@graph":[{"@type":"WebPage","@id":"https:\/\/ancestrina.com\/de\/producto\/kerze-honig-heilig\/","url":"https:\/\/ancestrina.com\/de\/producto\/kerze-honig-heilig\/","name":"Kerze \"Heiliger Honig\": S\u00fc\u00dfe und Lebensenergie in Ihrem Raum","isPartOf":{"@id":"https:\/\/ancestrina.com\/de\/#website"},"primaryImageOfPage":{"@id":"https:\/\/ancestrina.com\/de\/producto\/kerze-honig-heilig\/#primaryimage"},"image":{"@id":"https:\/\/ancestrina.com\/de\/producto\/kerze-honig-heilig\/#primaryimage"},"thumbnailUrl":"https:\/\/ancestrina.com\/wp-content\/uploads\/rela-miel-sagrada.jpg","datePublished":"2024-04-11T19:57:01+00:00","dateModified":"2026-05-13T00:37:16+00:00","description":"Feiern Sie S\u00fc\u00dfe und Lebensenergie mit der Kerze \"Heiliger Honig\" aus Kokoswachs und rohem Bienenwachs. Diese Kerze ist mit Honigessenzen und \u00e4therischen \u00d6len aus s\u00fc\u00dfen Bl\u00fcten angereichert und erhellt und energetisiert jeden Raum, f\u00f6rdert die geistige Klarheit und zieht positive Schwingungen an. Perfekt f\u00fcr Dankbarkeitsrituale und Momente der Meditation.","breadcrumb":{"@id":"https:\/\/ancestrina.com\/de\/producto\/kerze-honig-heilig\/#breadcrumb"},"inLanguage":"de","potentialAction":[{"@type":"ReadAction","target":["https:\/\/ancestrina.com\/de\/producto\/kerze-honig-heilig\/"]}]},{"@type":"ImageObject","inLanguage":"de","@id":"https:\/\/ancestrina.com\/de\/producto\/kerze-honig-heilig\/#primaryimage","url":"https:\/\/ancestrina.com\/wp-content\/uploads\/rela-miel-sagrada.jpg","contentUrl":"https:\/\/ancestrina.com\/wp-content\/uploads\/rela-miel-sagrada.jpg","width":2048,"height":2048},{"@type":"BreadcrumbList","@id":"https:\/\/ancestrina.com\/de\/producto\/kerze-honig-heilig\/#breadcrumb","itemListElement":[{"@type":"ListItem","position":1,"name":"Home","item":"https:\/\/ancestrina.com\/de\/zuhause\/"},{"@type":"ListItem","position":2,"name":"Gesch\u00e4ft","item":"https:\/\/ancestrina.com\/de\/geschaeft\/"},{"@type":"ListItem","position":3,"name":"Heiliger Honig Kerze"}]},{"@type":"WebSite","@id":"https:\/\/ancestrina.com\/de\/#website","url":"https:\/\/ancestrina.com\/de\/","name":"Ancestrina","description":"Trabajamos experiencias con plantas maestras, terapias integradoras y cultos ancestrales","publisher":{"@id":"https:\/\/ancestrina.com\/de\/#organization"},"potentialAction":[{"@type":"SearchAction","target":{"@type":"EntryPoint","urlTemplate":"https:\/\/ancestrina.com\/de\/?s={search_term_string}"},"query-input":{"@type":"PropertyValueSpecification","valueRequired":true,"valueName":"search_term_string"}}],"inLanguage":"de"},{"@type":"Organization","@id":"https:\/\/ancestrina.com\/de\/#organization","name":"Ancestrina","url":"https:\/\/ancestrina.com\/de\/","logo":{"@type":"ImageObject","inLanguage":"de","@id":"https:\/\/ancestrina.com\/de\/#\/schema\/logo\/image\/","url":"https:\/\/ancestrina.com\/wp-content\/uploads\/2020\/06\/cropped-LOGO-ANCESTRINA-1.png","contentUrl":"https:\/\/ancestrina.com\/wp-content\/uploads\/2020\/06\/cropped-LOGO-ANCESTRINA-1.png","width":630,"height":202,"caption":"Ancestrina"},"image":{"@id":"https:\/\/ancestrina.com\/de\/#\/schema\/logo\/image\/"},"sameAs":["https:\/\/www.facebook.com\/Ancestrina\/","https:\/\/www.instagram.com\/ancestrina\/","https:\/\/www.youtube.com\/channel\/UCgtt6WFhEIVEI30PzxlOeIw"]}]}},"_links":{"self":[{"href":"https:\/\/ancestrina.com\/de\/wp-json\/wp\/v2\/product\/30095","targetHints":{"allow":["GET"]}}],"collection":[{"href":"https:\/\/ancestrina.com\/de\/wp-json\/wp\/v2\/product"}],"about":[{"href":"https:\/\/ancestrina.com\/de\/wp-json\/wp\/v2\/types\/product"}],"replies":[{"embeddable":true,"href":"https:\/\/ancestrina.com\/de\/wp-json\/wp\/v2\/comments?post=30095"}],"version-history":[{"count":1,"href":"https:\/\/ancestrina.com\/de\/wp-json\/wp\/v2\/product\/30095\/revisions"}],"predecessor-version":[{"id":36102,"href":"https:\/\/ancestrina.com\/de\/wp-json\/wp\/v2\/product\/30095\/revisions\/36102"}],"wp:featuredmedia":[{"embeddable":true,"href":"https:\/\/ancestrina.com\/de\/wp-json\/wp\/v2\/media\/35049"}],"wp:attachment":[{"href":"https:\/\/ancestrina.com\/de\/wp-json\/wp\/v2\/media?parent=30095"}],"wp:term":[{"taxonomy":"product_brand","embeddable":true,"href":"https:\/\/ancestrina.com\/de\/wp-json\/wp\/v2\/product_brand?post=30095"},{"taxonomy":"product_cat","embeddable":true,"href":"https:\/\/ancestrina.com\/de\/wp-json\/wp\/v2\/product_cat?post=30095"},{"taxonomy":"product_tag","embeddable":true,"href":"https:\/\/ancestrina.com\/de\/wp-json\/wp\/v2\/product_tag?post=30095"}],"curies":[{"name":"wp","href":"https:\/\/api.w.org\/{rel}","templated":true}]}}