{"id":30087,"date":"2024-02-15T14:04:08","date_gmt":"2024-02-15T19:04:08","guid":{"rendered":"https:\/\/ancestrina.com\/producto\/schweissbrenner\/"},"modified":"2026-02-11T21:25:01","modified_gmt":"2026-02-12T02:25:01","slug":"soplete-ceremonial","status":"publish","type":"product","link":"https:\/\/ancestrina.com\/de\/producto\/soplete-ceremonial\/","title":{"rendered":"Schwei\u00dfbrenner"},"content":{"rendered":"<p><strong>Kontrollierte Kraft:<\/strong> Erleben Sie kontrollierte Kraft in Ihren H\u00e4nden. Unsere Taschenlampe erm\u00f6glicht es Ihnen, die Intensit\u00e4t der Flamme zu regulieren und bietet Ihnen die<\/p>\n<p><strong>Zeremonieller Schneidbrenner: Entz\u00fcnden Sie Ihr Ritual mit Pr\u00e4zision und Respekt<\/strong><\/p>\n<p>Erh\u00f6hen Sie Ihre Rituale mit unserer zeremoniellen L\u00f6tlampe, die speziell zur Erg\u00e4nzung Ihrer spirituellen Praktiken entwickelt wurde. Diese Fackel ist nicht nur ein Werkzeug, sondern auch ein wesentlicher Vermittler, der dabei hilft, Kerzen, Holzkohle und Weihrauch &#8211; wichtige Elemente in jedem heiligen Raum &#8211; pr\u00e4zise und sicher anzuz\u00fcnden.<\/p>\n<p><strong>Funktionalit\u00e4t und Sicherheit:<\/strong> Unser Brenner ist so konzipiert, dass er eine stabile und kontrollierbare Flamme bietet, die eine schnelle und sichere Z\u00fcndung gew\u00e4hrleistet. Dank ihrer Ergonomie ist sie leicht zu handhaben und ideal f\u00fcr den h\u00e4ufigen Gebrauch bei verschiedenen Ritualen und Zeremonien.<\/p>\n<p><strong>Langlebigkeit und Design:<\/strong> Der aus hochwertigen Materialien gefertigte Brenner verbindet Langlebigkeit mit einem eleganten und respektvollen Design und f\u00fcgt sich so harmonisch in die feierliche Umgebung ein. Seine raffinierte \u00c4sthetik und robuste Funktionalit\u00e4t machen ihn zu einem unverzichtbaren Begleiter f\u00fcr jeden spirituellen Praktiker.<\/p>\n<p><strong>Vielseitiger ritueller Einsatz:<\/strong> Perfekt f\u00fcr eine Vielzahl von Ritualen, vom schnellen Anz\u00fcnden einer Kerze \u00fcber das gleichm\u00e4\u00dfige Abbrennen von Holzkohle bis hin zur Aufrechterhaltung eines gleichm\u00e4\u00dfigen Weihrauchflusses. Mit unserer Fackel wird jedes Element Ihres Rituals m\u00fchelos aktiviert, so dass Sie sich ganz auf die Absicht und den Moment konzentrieren k\u00f6nnen.<\/p>\n<p>&nbsp;<\/p>\n<p>Wir von Ancestrina wissen, wie wichtig jedes Detail bei Ihren Ritualen ist. Unsere Zeremonialfackel ist mehr als nur ein Accessoire: Sie ist ein Schl\u00fcsselst\u00fcck, das die Ernsthaftigkeit und Tiefe Ihrer heiligen Momente unterst\u00fctzt.<\/p>\n<p><strong>Beleuchten Sie jede Zeremonie mit Zuversicht und Gelassenheit mit unserer Zeremonialfackel.<\/strong><\/p>\n","protected":false},"excerpt":{"rendered":"<p>Entz\u00fcnden Sie Kerzen, Holzkohle und R\u00e4ucherst\u00e4bchen mit Leichtigkeit und Sicherheit mit unserem Zeremonienbrenner. Diese Fackel wurde entwickelt, um eine kontrollierbare und stabile Flamme zu bieten. Sie ist ein wesentliches Element, das eine schnelle und sichere Z\u00fcndung garantiert und ideal f\u00fcr alle Arten von spirituellen Ritualen ist. Er ist aus hochwertigen Materialien gefertigt und verbindet robuste Funktionalit\u00e4t mit elegantem Design, das sich nahtlos in jeden sakralen Raum einf\u00fcgt.<\/p>\n<p>Diese Fackel verbessert nicht nur die Effizienz Ihrer Zeremonien, sondern sorgt auch f\u00fcr zus\u00e4tzliche Sicherheit, damit Sie sich voll und ganz auf die Absicht Ihrer Rituale konzentrieren k\u00f6nnen. Es ist das perfekte Werkzeug, um die Gelassenheit und den Respekt zu bewahren, die jeder heilige Moment verdient.<\/p>\n","protected":false},"featured_media":38199,"comment_status":"open","ping_status":"closed","template":"","meta":{"order-bump-settings":[],"_wpfnl_thankyou_order_overview":"on","_wpfnl_thankyou_order_details":"on","_wpfnl_thankyou_billing_details":"on","_wpfnl_thankyou_shipping_details":"on","site-sidebar-layout":"default","site-content-layout":"","ast-site-content-layout":"default","site-content-style":"default","site-sidebar-style":"default","ast-global-header-display":"","ast-banner-title-visibility":"","ast-main-header-display":"","ast-hfb-above-header-display":"","ast-hfb-below-header-display":"","ast-hfb-mobile-header-display":"","site-post-title":"","ast-breadcrumbs-content":"","ast-featured-img":"","footer-sml-layout":"","ast-disable-related-posts":"","theme-transparent-header-meta":"default","adv-header-id-meta":"","stick-header-meta":"","header-above-stick-meta":"","header-main-stick-meta":"","header-below-stick-meta":"","astra-migrate-meta-layouts":"default","ast-page-background-enabled":"default","ast-page-background-meta":{"desktop":{"background-color":"","background-image":"","background-repeat":"repeat","background-position":"center center","background-size":"auto","background-attachment":"scroll","background-type":"","background-media":"","overlay-type":"","overlay-color":"","overlay-opacity":"","overlay-gradient":""},"tablet":{"background-color":"","background-image":"","background-repeat":"repeat","background-position":"center center","background-size":"auto","background-attachment":"scroll","background-type":"","background-media":"","overlay-type":"","overlay-color":"","overlay-opacity":"","overlay-gradient":""},"mobile":{"background-color":"","background-image":"","background-repeat":"repeat","background-position":"center center","background-size":"auto","background-attachment":"scroll","background-type":"","background-media":"","overlay-type":"","overlay-color":"","overlay-opacity":"","overlay-gradient":""}},"ast-content-background-meta":{"desktop":{"background-color":"var(--ast-global-color-5)","background-image":"","background-repeat":"repeat","background-position":"center center","background-size":"auto","background-attachment":"scroll","background-type":"","background-media":"","overlay-type":"","overlay-color":"","overlay-opacity":"","overlay-gradient":""},"tablet":{"background-color":"var(--ast-global-color-5)","background-image":"","background-repeat":"repeat","background-position":"center center","background-size":"auto","background-attachment":"scroll","background-type":"","background-media":"","overlay-type":"","overlay-color":"","overlay-opacity":"","overlay-gradient":""},"mobile":{"background-color":"var(--ast-global-color-5)","background-image":"","background-repeat":"repeat","background-position":"center center","background-size":"auto","background-attachment":"scroll","background-type":"","background-media":"","overlay-type":"","overlay-color":"","overlay-opacity":"","overlay-gradient":""}},"_joinchat":[]},"product_brand":[],"product_cat":[1445],"product_tag":[],"class_list":{"0":"post-30087","1":"product","2":"type-product","3":"status-publish","4":"has-post-thumbnail","6":"product_cat-humitos-de","7":"desktop-align-center","8":"tablet-align-left","9":"mobile-align-left","11":"first","12":"outofstock","13":"shipping-taxable","14":"purchasable","15":"product-type-simple"},"yoast_head":"<!-- This site is optimized with the Yoast SEO Premium plugin v22.6 (Yoast SEO v27.6) - https:\/\/yoast.com\/product\/yoast-seo-premium-wordpress\/ -->\n<title>Zeremonieller Schneidbrenner: Pr\u00e4zision und Sicherheit bei Ihren Ritualen<\/title>\n<meta name=\"description\" content=\"Entz\u00fcnden Sie Kerzen, Holzkohle und Weihrauch mit unserer zeremoniellen Fackel, die eine kontrollierbare und stabile Flamme erzeugt. Diese Fackel ist ideal f\u00fcr spirituelle Rituale und gew\u00e4hrleistet ein sicheres und pr\u00e4zises Anz\u00fcnden. Sie ist aus hochwertigen Materialien gefertigt und kombiniert robuste Funktionalit\u00e4t mit elegantem Design, das sich in jeden sakralen Raum einf\u00fcgt.\" \/>\n<meta name=\"robots\" content=\"index, follow, max-snippet:-1, max-image-preview:large, max-video-preview:-1\" \/>\n<link rel=\"canonical\" href=\"https:\/\/ancestrina.com\/de\/producto\/soplete-ceremonial\/\" \/>\n<meta property=\"og:locale\" content=\"de_DE\" \/>\n<meta property=\"og:type\" content=\"article\" \/>\n<meta property=\"og:title\" content=\"Schwei\u00dfbrenner\" \/>\n<meta property=\"og:description\" content=\"Entz\u00fcnden Sie Kerzen, Holzkohle und Weihrauch mit unserer zeremoniellen Fackel, die eine kontrollierbare und stabile Flamme erzeugt. Diese Fackel ist ideal f\u00fcr spirituelle Rituale und gew\u00e4hrleistet ein sicheres und pr\u00e4zises Anz\u00fcnden. Sie ist aus hochwertigen Materialien gefertigt und kombiniert robuste Funktionalit\u00e4t mit elegantem Design, das sich in jeden sakralen Raum einf\u00fcgt.\" \/>\n<meta property=\"og:url\" content=\"https:\/\/ancestrina.com\/de\/producto\/soplete-ceremonial\/\" \/>\n<meta property=\"og:site_name\" content=\"Ancestrina\" \/>\n<meta property=\"article:publisher\" content=\"https:\/\/www.facebook.com\/Ancestrina\/\" \/>\n<meta property=\"article:modified_time\" content=\"2026-02-12T02:25:01+00:00\" \/>\n<meta property=\"og:image\" content=\"https:\/\/ancestrina.com\/wp-content\/uploads\/soplete-1.jpg\" \/>\n\t<meta property=\"og:image:width\" content=\"2048\" \/>\n\t<meta property=\"og:image:height\" content=\"2048\" \/>\n\t<meta property=\"og:image:type\" content=\"image\/jpeg\" \/>\n<meta name=\"twitter:card\" content=\"summary_large_image\" \/>\n<meta name=\"twitter:label1\" content=\"Gesch\u00e4tzte Lesezeit\" \/>\n\t<meta name=\"twitter:data1\" content=\"1\u00a0Minute\" \/>\n<script type=\"application\/ld+json\" class=\"yoast-schema-graph\">{\"@context\":\"https:\\\/\\\/schema.org\",\"@graph\":[{\"@type\":\"WebPage\",\"@id\":\"https:\\\/\\\/ancestrina.com\\\/de\\\/producto\\\/soplete-ceremonial\\\/\",\"url\":\"https:\\\/\\\/ancestrina.com\\\/de\\\/producto\\\/soplete-ceremonial\\\/\",\"name\":\"Zeremonieller Schneidbrenner: Pr\u00e4zision und Sicherheit bei Ihren Ritualen\",\"isPartOf\":{\"@id\":\"https:\\\/\\\/ancestrina.com\\\/de\\\/#website\"},\"primaryImageOfPage\":{\"@id\":\"https:\\\/\\\/ancestrina.com\\\/de\\\/producto\\\/soplete-ceremonial\\\/#primaryimage\"},\"image\":{\"@id\":\"https:\\\/\\\/ancestrina.com\\\/de\\\/producto\\\/soplete-ceremonial\\\/#primaryimage\"},\"thumbnailUrl\":\"https:\\\/\\\/ancestrina.com\\\/wp-content\\\/uploads\\\/soplete-1.jpg\",\"datePublished\":\"2024-02-15T19:04:08+00:00\",\"dateModified\":\"2026-02-12T02:25:01+00:00\",\"description\":\"Entz\u00fcnden Sie Kerzen, Holzkohle und Weihrauch mit unserer zeremoniellen Fackel, die eine kontrollierbare und stabile Flamme erzeugt. Diese Fackel ist ideal f\u00fcr spirituelle Rituale und gew\u00e4hrleistet ein sicheres und pr\u00e4zises Anz\u00fcnden. Sie ist aus hochwertigen Materialien gefertigt und kombiniert robuste Funktionalit\u00e4t mit elegantem Design, das sich in jeden sakralen Raum einf\u00fcgt.\",\"breadcrumb\":{\"@id\":\"https:\\\/\\\/ancestrina.com\\\/de\\\/producto\\\/soplete-ceremonial\\\/#breadcrumb\"},\"inLanguage\":\"de\",\"potentialAction\":[{\"@type\":\"ReadAction\",\"target\":[\"https:\\\/\\\/ancestrina.com\\\/de\\\/producto\\\/soplete-ceremonial\\\/\"]}]},{\"@type\":\"ImageObject\",\"inLanguage\":\"de\",\"@id\":\"https:\\\/\\\/ancestrina.com\\\/de\\\/producto\\\/soplete-ceremonial\\\/#primaryimage\",\"url\":\"https:\\\/\\\/ancestrina.com\\\/wp-content\\\/uploads\\\/soplete-1.jpg\",\"contentUrl\":\"https:\\\/\\\/ancestrina.com\\\/wp-content\\\/uploads\\\/soplete-1.jpg\",\"width\":2048,\"height\":2048},{\"@type\":\"BreadcrumbList\",\"@id\":\"https:\\\/\\\/ancestrina.com\\\/de\\\/producto\\\/soplete-ceremonial\\\/#breadcrumb\",\"itemListElement\":[{\"@type\":\"ListItem\",\"position\":1,\"name\":\"Home\",\"item\":\"https:\\\/\\\/ancestrina.com\\\/de\\\/zuhause\\\/\"},{\"@type\":\"ListItem\",\"position\":2,\"name\":\"Gesch\u00e4ft\",\"item\":\"https:\\\/\\\/ancestrina.com\\\/de\\\/geschaeft\\\/\"},{\"@type\":\"ListItem\",\"position\":3,\"name\":\"Schwei\u00dfbrenner\"}]},{\"@type\":\"WebSite\",\"@id\":\"https:\\\/\\\/ancestrina.com\\\/de\\\/#website\",\"url\":\"https:\\\/\\\/ancestrina.com\\\/de\\\/\",\"name\":\"Ancestrina\",\"description\":\"Trabajamos experiencias con plantas maestras, terapias integradoras y cultos ancestrales\",\"publisher\":{\"@id\":\"https:\\\/\\\/ancestrina.com\\\/de\\\/#organization\"},\"potentialAction\":[{\"@type\":\"SearchAction\",\"target\":{\"@type\":\"EntryPoint\",\"urlTemplate\":\"https:\\\/\\\/ancestrina.com\\\/de\\\/?s={search_term_string}\"},\"query-input\":{\"@type\":\"PropertyValueSpecification\",\"valueRequired\":true,\"valueName\":\"search_term_string\"}}],\"inLanguage\":\"de\"},{\"@type\":\"Organization\",\"@id\":\"https:\\\/\\\/ancestrina.com\\\/de\\\/#organization\",\"name\":\"Ancestrina\",\"url\":\"https:\\\/\\\/ancestrina.com\\\/de\\\/\",\"logo\":{\"@type\":\"ImageObject\",\"inLanguage\":\"de\",\"@id\":\"https:\\\/\\\/ancestrina.com\\\/de\\\/#\\\/schema\\\/logo\\\/image\\\/\",\"url\":\"https:\\\/\\\/ancestrina.com\\\/wp-content\\\/uploads\\\/2020\\\/06\\\/cropped-LOGO-ANCESTRINA-1.png\",\"contentUrl\":\"https:\\\/\\\/ancestrina.com\\\/wp-content\\\/uploads\\\/2020\\\/06\\\/cropped-LOGO-ANCESTRINA-1.png\",\"width\":630,\"height\":202,\"caption\":\"Ancestrina\"},\"image\":{\"@id\":\"https:\\\/\\\/ancestrina.com\\\/de\\\/#\\\/schema\\\/logo\\\/image\\\/\"},\"sameAs\":[\"https:\\\/\\\/www.facebook.com\\\/Ancestrina\\\/\",\"https:\\\/\\\/www.instagram.com\\\/ancestrina\\\/\",\"https:\\\/\\\/www.youtube.com\\\/channel\\\/UCgtt6WFhEIVEI30PzxlOeIw\"]}]}<\/script>\n<!-- \/ Yoast SEO Premium plugin. -->","yoast_head_json":{"title":"Zeremonieller Schneidbrenner: Pr\u00e4zision und Sicherheit bei Ihren Ritualen","description":"Entz\u00fcnden Sie Kerzen, Holzkohle und Weihrauch mit unserer zeremoniellen Fackel, die eine kontrollierbare und stabile Flamme erzeugt. Diese Fackel ist ideal f\u00fcr spirituelle Rituale und gew\u00e4hrleistet ein sicheres und pr\u00e4zises Anz\u00fcnden. Sie ist aus hochwertigen Materialien gefertigt und kombiniert robuste Funktionalit\u00e4t mit elegantem Design, das sich in jeden sakralen Raum einf\u00fcgt.","robots":{"index":"index","follow":"follow","max-snippet":"max-snippet:-1","max-image-preview":"max-image-preview:large","max-video-preview":"max-video-preview:-1"},"canonical":"https:\/\/ancestrina.com\/de\/producto\/soplete-ceremonial\/","og_locale":"de_DE","og_type":"article","og_title":"Schwei\u00dfbrenner","og_description":"Entz\u00fcnden Sie Kerzen, Holzkohle und Weihrauch mit unserer zeremoniellen Fackel, die eine kontrollierbare und stabile Flamme erzeugt. Diese Fackel ist ideal f\u00fcr spirituelle Rituale und gew\u00e4hrleistet ein sicheres und pr\u00e4zises Anz\u00fcnden. Sie ist aus hochwertigen Materialien gefertigt und kombiniert robuste Funktionalit\u00e4t mit elegantem Design, das sich in jeden sakralen Raum einf\u00fcgt.","og_url":"https:\/\/ancestrina.com\/de\/producto\/soplete-ceremonial\/","og_site_name":"Ancestrina","article_publisher":"https:\/\/www.facebook.com\/Ancestrina\/","article_modified_time":"2026-02-12T02:25:01+00:00","og_image":[{"width":2048,"height":2048,"url":"https:\/\/ancestrina.com\/wp-content\/uploads\/soplete-1.jpg","type":"image\/jpeg"}],"twitter_card":"summary_large_image","twitter_misc":{"Gesch\u00e4tzte Lesezeit":"1\u00a0Minute"},"schema":{"@context":"https:\/\/schema.org","@graph":[{"@type":"WebPage","@id":"https:\/\/ancestrina.com\/de\/producto\/soplete-ceremonial\/","url":"https:\/\/ancestrina.com\/de\/producto\/soplete-ceremonial\/","name":"Zeremonieller Schneidbrenner: Pr\u00e4zision und Sicherheit bei Ihren Ritualen","isPartOf":{"@id":"https:\/\/ancestrina.com\/de\/#website"},"primaryImageOfPage":{"@id":"https:\/\/ancestrina.com\/de\/producto\/soplete-ceremonial\/#primaryimage"},"image":{"@id":"https:\/\/ancestrina.com\/de\/producto\/soplete-ceremonial\/#primaryimage"},"thumbnailUrl":"https:\/\/ancestrina.com\/wp-content\/uploads\/soplete-1.jpg","datePublished":"2024-02-15T19:04:08+00:00","dateModified":"2026-02-12T02:25:01+00:00","description":"Entz\u00fcnden Sie Kerzen, Holzkohle und Weihrauch mit unserer zeremoniellen Fackel, die eine kontrollierbare und stabile Flamme erzeugt. Diese Fackel ist ideal f\u00fcr spirituelle Rituale und gew\u00e4hrleistet ein sicheres und pr\u00e4zises Anz\u00fcnden. Sie ist aus hochwertigen Materialien gefertigt und kombiniert robuste Funktionalit\u00e4t mit elegantem Design, das sich in jeden sakralen Raum einf\u00fcgt.","breadcrumb":{"@id":"https:\/\/ancestrina.com\/de\/producto\/soplete-ceremonial\/#breadcrumb"},"inLanguage":"de","potentialAction":[{"@type":"ReadAction","target":["https:\/\/ancestrina.com\/de\/producto\/soplete-ceremonial\/"]}]},{"@type":"ImageObject","inLanguage":"de","@id":"https:\/\/ancestrina.com\/de\/producto\/soplete-ceremonial\/#primaryimage","url":"https:\/\/ancestrina.com\/wp-content\/uploads\/soplete-1.jpg","contentUrl":"https:\/\/ancestrina.com\/wp-content\/uploads\/soplete-1.jpg","width":2048,"height":2048},{"@type":"BreadcrumbList","@id":"https:\/\/ancestrina.com\/de\/producto\/soplete-ceremonial\/#breadcrumb","itemListElement":[{"@type":"ListItem","position":1,"name":"Home","item":"https:\/\/ancestrina.com\/de\/zuhause\/"},{"@type":"ListItem","position":2,"name":"Gesch\u00e4ft","item":"https:\/\/ancestrina.com\/de\/geschaeft\/"},{"@type":"ListItem","position":3,"name":"Schwei\u00dfbrenner"}]},{"@type":"WebSite","@id":"https:\/\/ancestrina.com\/de\/#website","url":"https:\/\/ancestrina.com\/de\/","name":"Ancestrina","description":"Trabajamos experiencias con plantas maestras, terapias integradoras y cultos ancestrales","publisher":{"@id":"https:\/\/ancestrina.com\/de\/#organization"},"potentialAction":[{"@type":"SearchAction","target":{"@type":"EntryPoint","urlTemplate":"https:\/\/ancestrina.com\/de\/?s={search_term_string}"},"query-input":{"@type":"PropertyValueSpecification","valueRequired":true,"valueName":"search_term_string"}}],"inLanguage":"de"},{"@type":"Organization","@id":"https:\/\/ancestrina.com\/de\/#organization","name":"Ancestrina","url":"https:\/\/ancestrina.com\/de\/","logo":{"@type":"ImageObject","inLanguage":"de","@id":"https:\/\/ancestrina.com\/de\/#\/schema\/logo\/image\/","url":"https:\/\/ancestrina.com\/wp-content\/uploads\/2020\/06\/cropped-LOGO-ANCESTRINA-1.png","contentUrl":"https:\/\/ancestrina.com\/wp-content\/uploads\/2020\/06\/cropped-LOGO-ANCESTRINA-1.png","width":630,"height":202,"caption":"Ancestrina"},"image":{"@id":"https:\/\/ancestrina.com\/de\/#\/schema\/logo\/image\/"},"sameAs":["https:\/\/www.facebook.com\/Ancestrina\/","https:\/\/www.instagram.com\/ancestrina\/","https:\/\/www.youtube.com\/channel\/UCgtt6WFhEIVEI30PzxlOeIw"]}]}},"_links":{"self":[{"href":"https:\/\/ancestrina.com\/de\/wp-json\/wp\/v2\/product\/30087","targetHints":{"allow":["GET"]}}],"collection":[{"href":"https:\/\/ancestrina.com\/de\/wp-json\/wp\/v2\/product"}],"about":[{"href":"https:\/\/ancestrina.com\/de\/wp-json\/wp\/v2\/types\/product"}],"replies":[{"embeddable":true,"href":"https:\/\/ancestrina.com\/de\/wp-json\/wp\/v2\/comments?post=30087"}],"version-history":[{"count":1,"href":"https:\/\/ancestrina.com\/de\/wp-json\/wp\/v2\/product\/30087\/revisions"}],"predecessor-version":[{"id":37703,"href":"https:\/\/ancestrina.com\/de\/wp-json\/wp\/v2\/product\/30087\/revisions\/37703"}],"wp:featuredmedia":[{"embeddable":true,"href":"https:\/\/ancestrina.com\/de\/wp-json\/wp\/v2\/media\/38199"}],"wp:attachment":[{"href":"https:\/\/ancestrina.com\/de\/wp-json\/wp\/v2\/media?parent=30087"}],"wp:term":[{"taxonomy":"product_brand","embeddable":true,"href":"https:\/\/ancestrina.com\/de\/wp-json\/wp\/v2\/product_brand?post=30087"},{"taxonomy":"product_cat","embeddable":true,"href":"https:\/\/ancestrina.com\/de\/wp-json\/wp\/v2\/product_cat?post=30087"},{"taxonomy":"product_tag","embeddable":true,"href":"https:\/\/ancestrina.com\/de\/wp-json\/wp\/v2\/product_tag?post=30087"}],"curies":[{"name":"wp","href":"https:\/\/api.w.org\/{rel}","templated":true}]}}