{"id":30027,"date":"2024-04-14T13:25:29","date_gmt":"2024-04-14T18:25:29","guid":{"rendered":"https:\/\/ancestrina.com\/producto\/toloache-salbe\/"},"modified":"2026-05-14T15:05:35","modified_gmt":"2026-05-14T20:05:35","slug":"toloache-salbe","status":"publish","type":"product","link":"https:\/\/ancestrina.com\/de\/producto\/toloache-salbe\/","title":{"rendered":"Toloache-Salbe"},"content":{"rendered":"<p>Tauchen Sie ein in die mystische Welt der Toloache mit unserer einzigartigen Toloache-Salbe, die sorgf\u00e4ltig entwickelt wurde, um Sie in eine tiefe Entspannung zu versetzen und luzides Tr\u00e4umen zu f\u00f6rdern. Vor dem Schlafengehen sanft hinter den Ohren und im Nacken aufgetragen, ist diese Creme Ihre Eintrittskarte zu einer Nacht der tiefen Ruhe und Erneuerung, die Sie vom Alltagsstress befreit und Sie in vollem Bewusstsein auf traumhafte Pfade f\u00fchrt.<\/p>\n<h3>Eigenschaften und Vorteile:<\/h3>\n<ul>\n<li><strong>Tiefenentspannung:<\/strong> Sanft hinter den Ohren und im Nacken eingerieben, bereitet es Ihren Geist und K\u00f6rper auf eine unvergleichliche Ruhe vor und f\u00f6rdert ein Gef\u00fchl von Frieden und Gelassenheit.<\/li>\n<li><strong>Lucid Dream Enhancer:<\/strong> F\u00f6rdert Traumerfahrungen, die Sie frei erforschen k\u00f6nnen, w\u00e4hrend Sie sich bewusst sind, dass Sie tr\u00e4umen.<\/li>\n<li><strong>Schmerzlinderung:<\/strong> Ideal bei Muskelschmerzen, Menstruationsbeschwerden und Verspannungen, dank seiner schmerzlindernden und entz\u00fcndungshemmenden Eigenschaften.<\/li>\n<\/ul>\n<h3>Art der Verwendung:<\/h3>\n<p>Um die volle Wirkung zu erzielen, tupfen Sie vor dem Schlafengehen sanft ein wenig Salbe auf die entsprechenden Stellen. Es wird auch zur Schmerzlinderung empfohlen, indem es direkt auf die betroffene Stelle aufgetragen und leicht eingerieben wird.<\/p>\n<h3>Vorsichtsma\u00dfnahmen:<\/h3>\n<p>Obwohl die Toloache wegen ihrer Eigenschaften gesch\u00e4tzt wird, sollte sie mit Vorsicht verwendet werden. Vermeiden Sie den Kontakt mit den Augen und waschen Sie sich nach dem Auftragen der Salbe die H\u00e4nde, um unerw\u00fcnschte Reaktionen zu vermeiden.<\/p>\n<p>Unsere Toloache-Pomade ist eine Hommage an die Tradition und das moderne Wohlbefinden, eine Einladung, Ruhe und traumhafte Abenteuer auf sichere und bereichernde Weise zu erleben. Entdecken Sie die perfekte Balance zwischen altem Wissen und modernem Komfort mit diesem Geschenk der Natur.<\/p>\n","protected":false},"excerpt":{"rendered":"<p>Die Toloache-Creme hat sich zu einem starken Verb\u00fcndeten f\u00fcr Menschen entwickelt, die unter Schmerzen oder starken Muskelverspannungen leiden. Diejenigen, die aufgrund von Migr\u00e4ne oder Krankheiten wie Fibromyalgie mit chronischen Schmerzen zu k\u00e4mpfen haben, haben in der Toloache-Creme das perfekte Mittel f\u00fcr ein besseres Leben gefunden. Die Creme ist zu einer Alternative geworden, um k\u00f6rperliche Beschwerden zu lindern.<\/p>\n<p>Die Toloache-Creme kann als Alternative zur Entspannung der t\u00e4glichen Muskelverspannungen verwendet werden. Das Auftragen auf die Haut von Schultern, Armen und Beinen hilft Ihnen, den ganzen Stress abzubauen, dem Sie ausgesetzt sind.<\/p>\n","protected":false},"featured_media":35028,"comment_status":"open","ping_status":"closed","template":"","meta":{"order-bump-settings":[],"_wpfnl_thankyou_order_overview":"on","_wpfnl_thankyou_order_details":"on","_wpfnl_thankyou_billing_details":"on","_wpfnl_thankyou_shipping_details":"on","site-sidebar-layout":"default","site-content-layout":"default","ast-site-content-layout":"default","site-content-style":"default","site-sidebar-style":"default","ast-global-header-display":"","ast-banner-title-visibility":"","ast-main-header-display":"","ast-hfb-above-header-display":"","ast-hfb-below-header-display":"","ast-hfb-mobile-header-display":"","site-post-title":"","ast-breadcrumbs-content":"","ast-featured-img":"","footer-sml-layout":"","ast-disable-related-posts":"","theme-transparent-header-meta":"default","adv-header-id-meta":"","stick-header-meta":"","header-above-stick-meta":"","header-main-stick-meta":"","header-below-stick-meta":"","astra-migrate-meta-layouts":"default","ast-page-background-enabled":"default","ast-page-background-meta":{"desktop":{"background-color":"","background-image":"","background-repeat":"repeat","background-position":"center center","background-size":"auto","background-attachment":"scroll","background-type":"","background-media":"","overlay-type":"","overlay-color":"","overlay-opacity":"","overlay-gradient":""},"tablet":{"background-color":"","background-image":"","background-repeat":"repeat","background-position":"center center","background-size":"auto","background-attachment":"scroll","background-type":"","background-media":"","overlay-type":"","overlay-color":"","overlay-opacity":"","overlay-gradient":""},"mobile":{"background-color":"","background-image":"","background-repeat":"repeat","background-position":"center center","background-size":"auto","background-attachment":"scroll","background-type":"","background-media":"","overlay-type":"","overlay-color":"","overlay-opacity":"","overlay-gradient":""}},"ast-content-background-meta":{"desktop":{"background-color":"var(--ast-global-color-5)","background-image":"","background-repeat":"repeat","background-position":"center center","background-size":"auto","background-attachment":"scroll","background-type":"","background-media":"","overlay-type":"","overlay-color":"","overlay-opacity":"","overlay-gradient":""},"tablet":{"background-color":"var(--ast-global-color-5)","background-image":"","background-repeat":"repeat","background-position":"center center","background-size":"auto","background-attachment":"scroll","background-type":"","background-media":"","overlay-type":"","overlay-color":"","overlay-opacity":"","overlay-gradient":""},"mobile":{"background-color":"var(--ast-global-color-5)","background-image":"","background-repeat":"repeat","background-position":"center center","background-size":"auto","background-attachment":"scroll","background-type":"","background-media":"","overlay-type":"","overlay-color":"","overlay-opacity":"","overlay-gradient":""}},"_joinchat":[]},"product_brand":[],"product_cat":[1447],"product_tag":[],"class_list":{"0":"post-30027","1":"product","2":"type-product","3":"status-publish","4":"has-post-thumbnail","6":"product_cat-otras-medicinas-de","7":"desktop-align-center","8":"tablet-align-left","9":"mobile-align-left","11":"first","12":"instock","13":"shipping-taxable","14":"purchasable","15":"product-type-variable"},"yoast_head":"<!-- This site is optimized with the Yoast SEO Premium plugin v22.6 (Yoast SEO v27.6) - https:\/\/yoast.com\/product\/yoast-seo-premium-wordpress\/ -->\n<title>Toloache Salbe: Tiefenentspannung und luzides Tr\u00e4umen<\/title>\n<meta name=\"description\" content=\"Entdecken Sie Toloache Salbe, eine Creme zur Tiefenentspannung und Schmerzlinderung. Hinter den Ohren und im Nacken aufgetragen, verbessert diese Salbe das luzide Tr\u00e4umen und l\u00f6st Muskelverspannungen. Perfekt f\u00fcr eine erfrischende Erholung und die Behandlung chronischer Schmerzen. Erleben Sie die Balance zwischen Tradition und Wohlbefinden mit diesem kraftvollen Naturheilmittel.\" \/>\n<meta name=\"robots\" content=\"index, follow, max-snippet:-1, max-image-preview:large, max-video-preview:-1\" \/>\n<link rel=\"canonical\" href=\"https:\/\/ancestrina.com\/de\/producto\/toloache-salbe\/\" \/>\n<meta property=\"og:locale\" content=\"de_DE\" \/>\n<meta property=\"og:type\" content=\"article\" \/>\n<meta property=\"og:title\" content=\"Toloache-Salbe\" \/>\n<meta property=\"og:description\" content=\"Entdecken Sie Toloache Salbe, eine Creme zur Tiefenentspannung und Schmerzlinderung. Hinter den Ohren und im Nacken aufgetragen, verbessert diese Salbe das luzide Tr\u00e4umen und l\u00f6st Muskelverspannungen. Perfekt f\u00fcr eine erfrischende Erholung und die Behandlung chronischer Schmerzen. Erleben Sie die Balance zwischen Tradition und Wohlbefinden mit diesem kraftvollen Naturheilmittel.\" \/>\n<meta property=\"og:url\" content=\"https:\/\/ancestrina.com\/de\/producto\/toloache-salbe\/\" \/>\n<meta property=\"og:site_name\" content=\"Ancestrina\" \/>\n<meta property=\"article:publisher\" content=\"https:\/\/www.facebook.com\/Ancestrina\/\" \/>\n<meta property=\"article:modified_time\" content=\"2026-05-14T20:05:35+00:00\" \/>\n<meta property=\"og:image\" content=\"https:\/\/ancestrina.com\/wp-content\/uploads\/pomada-de-toloache.jpg\" \/>\n\t<meta property=\"og:image:width\" content=\"2048\" \/>\n\t<meta property=\"og:image:height\" content=\"2048\" \/>\n\t<meta property=\"og:image:type\" content=\"image\/jpeg\" \/>\n<meta name=\"twitter:card\" content=\"summary_large_image\" \/>\n<meta name=\"twitter:label1\" content=\"Gesch\u00e4tzte Lesezeit\" \/>\n\t<meta name=\"twitter:data1\" content=\"1\u00a0Minute\" \/>\n<script type=\"application\/ld+json\" class=\"yoast-schema-graph\">{\"@context\":\"https:\\\/\\\/schema.org\",\"@graph\":[{\"@type\":\"WebPage\",\"@id\":\"https:\\\/\\\/ancestrina.com\\\/de\\\/producto\\\/toloache-salbe\\\/\",\"url\":\"https:\\\/\\\/ancestrina.com\\\/de\\\/producto\\\/toloache-salbe\\\/\",\"name\":\"Toloache Salbe: Tiefenentspannung und luzides Tr\u00e4umen\",\"isPartOf\":{\"@id\":\"https:\\\/\\\/ancestrina.com\\\/de\\\/#website\"},\"primaryImageOfPage\":{\"@id\":\"https:\\\/\\\/ancestrina.com\\\/de\\\/producto\\\/toloache-salbe\\\/#primaryimage\"},\"image\":{\"@id\":\"https:\\\/\\\/ancestrina.com\\\/de\\\/producto\\\/toloache-salbe\\\/#primaryimage\"},\"thumbnailUrl\":\"https:\\\/\\\/ancestrina.com\\\/wp-content\\\/uploads\\\/pomada-de-toloache.jpg\",\"datePublished\":\"2024-04-14T18:25:29+00:00\",\"dateModified\":\"2026-05-14T20:05:35+00:00\",\"description\":\"Entdecken Sie Toloache Salbe, eine Creme zur Tiefenentspannung und Schmerzlinderung. Hinter den Ohren und im Nacken aufgetragen, verbessert diese Salbe das luzide Tr\u00e4umen und l\u00f6st Muskelverspannungen. Perfekt f\u00fcr eine erfrischende Erholung und die Behandlung chronischer Schmerzen. Erleben Sie die Balance zwischen Tradition und Wohlbefinden mit diesem kraftvollen Naturheilmittel.\",\"breadcrumb\":{\"@id\":\"https:\\\/\\\/ancestrina.com\\\/de\\\/producto\\\/toloache-salbe\\\/#breadcrumb\"},\"inLanguage\":\"de\",\"potentialAction\":[{\"@type\":\"ReadAction\",\"target\":[\"https:\\\/\\\/ancestrina.com\\\/de\\\/producto\\\/toloache-salbe\\\/\"]}]},{\"@type\":\"ImageObject\",\"inLanguage\":\"de\",\"@id\":\"https:\\\/\\\/ancestrina.com\\\/de\\\/producto\\\/toloache-salbe\\\/#primaryimage\",\"url\":\"https:\\\/\\\/ancestrina.com\\\/wp-content\\\/uploads\\\/pomada-de-toloache.jpg\",\"contentUrl\":\"https:\\\/\\\/ancestrina.com\\\/wp-content\\\/uploads\\\/pomada-de-toloache.jpg\",\"width\":2048,\"height\":2048},{\"@type\":\"BreadcrumbList\",\"@id\":\"https:\\\/\\\/ancestrina.com\\\/de\\\/producto\\\/toloache-salbe\\\/#breadcrumb\",\"itemListElement\":[{\"@type\":\"ListItem\",\"position\":1,\"name\":\"Home\",\"item\":\"https:\\\/\\\/ancestrina.com\\\/de\\\/zuhause\\\/\"},{\"@type\":\"ListItem\",\"position\":2,\"name\":\"Gesch\u00e4ft\",\"item\":\"https:\\\/\\\/ancestrina.com\\\/de\\\/geschaeft\\\/\"},{\"@type\":\"ListItem\",\"position\":3,\"name\":\"Toloache-Salbe\"}]},{\"@type\":\"WebSite\",\"@id\":\"https:\\\/\\\/ancestrina.com\\\/de\\\/#website\",\"url\":\"https:\\\/\\\/ancestrina.com\\\/de\\\/\",\"name\":\"Ancestrina\",\"description\":\"Trabajamos experiencias con plantas maestras, terapias integradoras y cultos ancestrales\",\"publisher\":{\"@id\":\"https:\\\/\\\/ancestrina.com\\\/de\\\/#organization\"},\"potentialAction\":[{\"@type\":\"SearchAction\",\"target\":{\"@type\":\"EntryPoint\",\"urlTemplate\":\"https:\\\/\\\/ancestrina.com\\\/de\\\/?s={search_term_string}\"},\"query-input\":{\"@type\":\"PropertyValueSpecification\",\"valueRequired\":true,\"valueName\":\"search_term_string\"}}],\"inLanguage\":\"de\"},{\"@type\":\"Organization\",\"@id\":\"https:\\\/\\\/ancestrina.com\\\/de\\\/#organization\",\"name\":\"Ancestrina\",\"url\":\"https:\\\/\\\/ancestrina.com\\\/de\\\/\",\"logo\":{\"@type\":\"ImageObject\",\"inLanguage\":\"de\",\"@id\":\"https:\\\/\\\/ancestrina.com\\\/de\\\/#\\\/schema\\\/logo\\\/image\\\/\",\"url\":\"https:\\\/\\\/ancestrina.com\\\/wp-content\\\/uploads\\\/2020\\\/06\\\/cropped-LOGO-ANCESTRINA-1.png\",\"contentUrl\":\"https:\\\/\\\/ancestrina.com\\\/wp-content\\\/uploads\\\/2020\\\/06\\\/cropped-LOGO-ANCESTRINA-1.png\",\"width\":630,\"height\":202,\"caption\":\"Ancestrina\"},\"image\":{\"@id\":\"https:\\\/\\\/ancestrina.com\\\/de\\\/#\\\/schema\\\/logo\\\/image\\\/\"},\"sameAs\":[\"https:\\\/\\\/www.facebook.com\\\/Ancestrina\\\/\",\"https:\\\/\\\/www.instagram.com\\\/ancestrina\\\/\",\"https:\\\/\\\/www.youtube.com\\\/channel\\\/UCgtt6WFhEIVEI30PzxlOeIw\"]}]}<\/script>\n<!-- \/ Yoast SEO Premium plugin. -->","yoast_head_json":{"title":"Toloache Salbe: Tiefenentspannung und luzides Tr\u00e4umen","description":"Entdecken Sie Toloache Salbe, eine Creme zur Tiefenentspannung und Schmerzlinderung. Hinter den Ohren und im Nacken aufgetragen, verbessert diese Salbe das luzide Tr\u00e4umen und l\u00f6st Muskelverspannungen. Perfekt f\u00fcr eine erfrischende Erholung und die Behandlung chronischer Schmerzen. Erleben Sie die Balance zwischen Tradition und Wohlbefinden mit diesem kraftvollen Naturheilmittel.","robots":{"index":"index","follow":"follow","max-snippet":"max-snippet:-1","max-image-preview":"max-image-preview:large","max-video-preview":"max-video-preview:-1"},"canonical":"https:\/\/ancestrina.com\/de\/producto\/toloache-salbe\/","og_locale":"de_DE","og_type":"article","og_title":"Toloache-Salbe","og_description":"Entdecken Sie Toloache Salbe, eine Creme zur Tiefenentspannung und Schmerzlinderung. Hinter den Ohren und im Nacken aufgetragen, verbessert diese Salbe das luzide Tr\u00e4umen und l\u00f6st Muskelverspannungen. Perfekt f\u00fcr eine erfrischende Erholung und die Behandlung chronischer Schmerzen. Erleben Sie die Balance zwischen Tradition und Wohlbefinden mit diesem kraftvollen Naturheilmittel.","og_url":"https:\/\/ancestrina.com\/de\/producto\/toloache-salbe\/","og_site_name":"Ancestrina","article_publisher":"https:\/\/www.facebook.com\/Ancestrina\/","article_modified_time":"2026-05-14T20:05:35+00:00","og_image":[{"width":2048,"height":2048,"url":"https:\/\/ancestrina.com\/wp-content\/uploads\/pomada-de-toloache.jpg","type":"image\/jpeg"}],"twitter_card":"summary_large_image","twitter_misc":{"Gesch\u00e4tzte Lesezeit":"1\u00a0Minute"},"schema":{"@context":"https:\/\/schema.org","@graph":[{"@type":"WebPage","@id":"https:\/\/ancestrina.com\/de\/producto\/toloache-salbe\/","url":"https:\/\/ancestrina.com\/de\/producto\/toloache-salbe\/","name":"Toloache Salbe: Tiefenentspannung und luzides Tr\u00e4umen","isPartOf":{"@id":"https:\/\/ancestrina.com\/de\/#website"},"primaryImageOfPage":{"@id":"https:\/\/ancestrina.com\/de\/producto\/toloache-salbe\/#primaryimage"},"image":{"@id":"https:\/\/ancestrina.com\/de\/producto\/toloache-salbe\/#primaryimage"},"thumbnailUrl":"https:\/\/ancestrina.com\/wp-content\/uploads\/pomada-de-toloache.jpg","datePublished":"2024-04-14T18:25:29+00:00","dateModified":"2026-05-14T20:05:35+00:00","description":"Entdecken Sie Toloache Salbe, eine Creme zur Tiefenentspannung und Schmerzlinderung. Hinter den Ohren und im Nacken aufgetragen, verbessert diese Salbe das luzide Tr\u00e4umen und l\u00f6st Muskelverspannungen. Perfekt f\u00fcr eine erfrischende Erholung und die Behandlung chronischer Schmerzen. Erleben Sie die Balance zwischen Tradition und Wohlbefinden mit diesem kraftvollen Naturheilmittel.","breadcrumb":{"@id":"https:\/\/ancestrina.com\/de\/producto\/toloache-salbe\/#breadcrumb"},"inLanguage":"de","potentialAction":[{"@type":"ReadAction","target":["https:\/\/ancestrina.com\/de\/producto\/toloache-salbe\/"]}]},{"@type":"ImageObject","inLanguage":"de","@id":"https:\/\/ancestrina.com\/de\/producto\/toloache-salbe\/#primaryimage","url":"https:\/\/ancestrina.com\/wp-content\/uploads\/pomada-de-toloache.jpg","contentUrl":"https:\/\/ancestrina.com\/wp-content\/uploads\/pomada-de-toloache.jpg","width":2048,"height":2048},{"@type":"BreadcrumbList","@id":"https:\/\/ancestrina.com\/de\/producto\/toloache-salbe\/#breadcrumb","itemListElement":[{"@type":"ListItem","position":1,"name":"Home","item":"https:\/\/ancestrina.com\/de\/zuhause\/"},{"@type":"ListItem","position":2,"name":"Gesch\u00e4ft","item":"https:\/\/ancestrina.com\/de\/geschaeft\/"},{"@type":"ListItem","position":3,"name":"Toloache-Salbe"}]},{"@type":"WebSite","@id":"https:\/\/ancestrina.com\/de\/#website","url":"https:\/\/ancestrina.com\/de\/","name":"Ancestrina","description":"Trabajamos experiencias con plantas maestras, terapias integradoras y cultos ancestrales","publisher":{"@id":"https:\/\/ancestrina.com\/de\/#organization"},"potentialAction":[{"@type":"SearchAction","target":{"@type":"EntryPoint","urlTemplate":"https:\/\/ancestrina.com\/de\/?s={search_term_string}"},"query-input":{"@type":"PropertyValueSpecification","valueRequired":true,"valueName":"search_term_string"}}],"inLanguage":"de"},{"@type":"Organization","@id":"https:\/\/ancestrina.com\/de\/#organization","name":"Ancestrina","url":"https:\/\/ancestrina.com\/de\/","logo":{"@type":"ImageObject","inLanguage":"de","@id":"https:\/\/ancestrina.com\/de\/#\/schema\/logo\/image\/","url":"https:\/\/ancestrina.com\/wp-content\/uploads\/2020\/06\/cropped-LOGO-ANCESTRINA-1.png","contentUrl":"https:\/\/ancestrina.com\/wp-content\/uploads\/2020\/06\/cropped-LOGO-ANCESTRINA-1.png","width":630,"height":202,"caption":"Ancestrina"},"image":{"@id":"https:\/\/ancestrina.com\/de\/#\/schema\/logo\/image\/"},"sameAs":["https:\/\/www.facebook.com\/Ancestrina\/","https:\/\/www.instagram.com\/ancestrina\/","https:\/\/www.youtube.com\/channel\/UCgtt6WFhEIVEI30PzxlOeIw"]}]}},"_links":{"self":[{"href":"https:\/\/ancestrina.com\/de\/wp-json\/wp\/v2\/product\/30027","targetHints":{"allow":["GET"]}}],"collection":[{"href":"https:\/\/ancestrina.com\/de\/wp-json\/wp\/v2\/product"}],"about":[{"href":"https:\/\/ancestrina.com\/de\/wp-json\/wp\/v2\/types\/product"}],"replies":[{"embeddable":true,"href":"https:\/\/ancestrina.com\/de\/wp-json\/wp\/v2\/comments?post=30027"}],"version-history":[{"count":1,"href":"https:\/\/ancestrina.com\/de\/wp-json\/wp\/v2\/product\/30027\/revisions"}],"predecessor-version":[{"id":36086,"href":"https:\/\/ancestrina.com\/de\/wp-json\/wp\/v2\/product\/30027\/revisions\/36086"}],"wp:featuredmedia":[{"embeddable":true,"href":"https:\/\/ancestrina.com\/de\/wp-json\/wp\/v2\/media\/35028"}],"wp:attachment":[{"href":"https:\/\/ancestrina.com\/de\/wp-json\/wp\/v2\/media?parent=30027"}],"wp:term":[{"taxonomy":"product_brand","embeddable":true,"href":"https:\/\/ancestrina.com\/de\/wp-json\/wp\/v2\/product_brand?post=30027"},{"taxonomy":"product_cat","embeddable":true,"href":"https:\/\/ancestrina.com\/de\/wp-json\/wp\/v2\/product_cat?post=30027"},{"taxonomy":"product_tag","embeddable":true,"href":"https:\/\/ancestrina.com\/de\/wp-json\/wp\/v2\/product_tag?post=30027"}],"curies":[{"name":"wp","href":"https:\/\/api.w.org\/{rel}","templated":true}]}}