{"id":29852,"date":"2025-10-23T02:40:56","date_gmt":"2025-10-23T07:40:56","guid":{"rendered":"https:\/\/ancestrina.com\/?post_type=product&#038;p=29852"},"modified":"2026-05-16T03:12:44","modified_gmt":"2026-05-16T08:12:44","slug":"tepis-geschnitzt-zu-hand-kopie","status":"publish","type":"product","link":"https:\/\/ancestrina.com\/de\/producto\/tepis-geschnitzt-zu-hand-kopie\/","title":{"rendered":"Handgeschnitzte Tepis"},"content":{"rendered":"<p>Unsere in Indonesien handgefertigten Tepis zeichnen sich durch ihre au\u00dfergew\u00f6hnliche Qualit\u00e4t und die M\u00f6glichkeit der individuellen Gestaltung aus. W\u00e4hlen Sie das Design, das Sie am meisten anspricht, und verbinden Sie sich mit der uralten Kunst des rap\u00e9 durch ein einzigartiges Instrument, das von erfahrenen Handwerkern aus Holz von h\u00f6chster Qualit\u00e4t geschnitzt wurde. Ideal f\u00fcr alle, die Wert auf Authentizit\u00e4t und den Sinn hinter jeder \u00dcbung legen.<\/p>\n<p><strong>Hauptmerkmale:<\/strong><\/p>\n<ul>\n<li><strong>Garantierte Echtheit:<\/strong> Direkt von indonesischen Kunsthandwerkern.<\/li>\n<li><strong>Vollst\u00e4ndig anpassbar:<\/strong> W\u00e4hlen Sie die Figur, die zu Ihnen passt.<\/li>\n<li><strong>Verbindungsinstrument:<\/strong> Ideal, um die Tradition des rap\u00e9 zu teilen.<\/li>\n<\/ul>\n<p>Verwandeln Sie Ihre spirituelle Praxis mit einem Tepi, das mehr als ein Instrument ist: Es ist ein Kunstwerk, eine Geschichte, ein Verm\u00e4chtnis.<\/p>\n","protected":false},"excerpt":{"rendered":"<p>Diese Tepis sind nicht nur Kunstwerke, sondern auch Werkzeuge f\u00fcr die Bewusstseinserweiterung. Verwenden Sie sie in Ihren spirituellen Praktiken, Meditationen und Zeremonien, um sich mit Ihrem Krafttier zu verbinden und inneren Frieden zu finden. Jedes Tepi ist einzigartig und wurde mit der Absicht der Heilung und des spirituellen Wachstums gesegnet. Indem du einen bei dir tr\u00e4gst, tr\u00e4gst du die Essenz deines Krafttiers und seine F\u00fchrung auf deiner Reise.<\/p>\n<p>Fragen Sie nach denen, die wir zur Verf\u00fcgung haben.<\/p>\n","protected":false},"featured_media":34426,"comment_status":"open","ping_status":"closed","template":"","meta":{"order-bump-settings":[],"_wpfnl_thankyou_order_overview":"on","_wpfnl_thankyou_order_details":"on","_wpfnl_thankyou_billing_details":"on","_wpfnl_thankyou_shipping_details":"on","site-sidebar-layout":"default","site-content-layout":"default","ast-site-content-layout":"default","site-content-style":"default","site-sidebar-style":"default","ast-global-header-display":"","ast-banner-title-visibility":"","ast-main-header-display":"","ast-hfb-above-header-display":"","ast-hfb-below-header-display":"","ast-hfb-mobile-header-display":"","site-post-title":"","ast-breadcrumbs-content":"","ast-featured-img":"","footer-sml-layout":"","ast-disable-related-posts":"","theme-transparent-header-meta":"default","adv-header-id-meta":"","stick-header-meta":"","header-above-stick-meta":"","header-main-stick-meta":"","header-below-stick-meta":"","astra-migrate-meta-layouts":"default","ast-page-background-enabled":"default","ast-page-background-meta":{"desktop":{"background-color":"","background-image":"","background-repeat":"repeat","background-position":"center center","background-size":"auto","background-attachment":"scroll","background-type":"","background-media":"","overlay-type":"","overlay-color":"","overlay-opacity":"","overlay-gradient":""},"tablet":{"background-color":"","background-image":"","background-repeat":"repeat","background-position":"center center","background-size":"auto","background-attachment":"scroll","background-type":"","background-media":"","overlay-type":"","overlay-color":"","overlay-opacity":"","overlay-gradient":""},"mobile":{"background-color":"","background-image":"","background-repeat":"repeat","background-position":"center center","background-size":"auto","background-attachment":"scroll","background-type":"","background-media":"","overlay-type":"","overlay-color":"","overlay-opacity":"","overlay-gradient":""}},"ast-content-background-meta":{"desktop":{"background-color":"var(--ast-global-color-5)","background-image":"","background-repeat":"repeat","background-position":"center center","background-size":"auto","background-attachment":"scroll","background-type":"","background-media":"","overlay-type":"","overlay-color":"","overlay-opacity":"","overlay-gradient":""},"tablet":{"background-color":"var(--ast-global-color-5)","background-image":"","background-repeat":"repeat","background-position":"center center","background-size":"auto","background-attachment":"scroll","background-type":"","background-media":"","overlay-type":"","overlay-color":"","overlay-opacity":"","overlay-gradient":""},"mobile":{"background-color":"var(--ast-global-color-5)","background-image":"","background-repeat":"repeat","background-position":"center center","background-size":"auto","background-attachment":"scroll","background-type":"","background-media":"","overlay-type":"","overlay-color":"","overlay-opacity":"","overlay-gradient":""}},"_joinchat":[]},"product_brand":[],"product_cat":[363,362],"product_tag":[],"class_list":{"0":"post-29852","1":"product","2":"type-product","3":"status-publish","4":"has-post-thumbnail","6":"product_cat-tepis-de","7":"product_cat-zubehor","8":"desktop-align-center","9":"tablet-align-left","10":"mobile-align-left","12":"first","13":"instock","14":"shipping-taxable","15":"purchasable","16":"product-type-simple"},"yoast_head":"<!-- This site is optimized with the Yoast SEO Premium plugin v22.6 (Yoast SEO v27.6) - https:\/\/yoast.com\/product\/yoast-seo-premium-wordpress\/ -->\n<title>Handgeschnitzte Tepis: Spirituelle Verbindung und Ahnenkunst<\/title>\n<meta name=\"description\" content=\"Entdecken Sie unsere handgeschnitzten Tepis, die von indonesischen Handwerkern mit Holz h\u00f6chster Qualit\u00e4t hergestellt werden. Anpassbar und authentisch, sind diese Teapis ideal, um sich mit der alten Kunst des rap\u00e9 zu verbinden und Ihre spirituellen Praktiken zu bereichern. Jedes St\u00fcck ist ein einzigartiges Kunstwerk, das f\u00fcr die Erweiterung des Bewusstseins und die Verbindung mit Ihrem Krafttier konzipiert wurde.\" \/>\n<meta name=\"robots\" content=\"index, follow, max-snippet:-1, max-image-preview:large, max-video-preview:-1\" \/>\n<link rel=\"canonical\" href=\"https:\/\/ancestrina.com\/de\/producto\/tepis-geschnitzt-zu-hand-kopie\/\" \/>\n<meta property=\"og:locale\" content=\"de_DE\" \/>\n<meta property=\"og:type\" content=\"article\" \/>\n<meta property=\"og:title\" content=\"Handgeschnitzte Tepis\" \/>\n<meta property=\"og:description\" content=\"Entdecken Sie unsere handgeschnitzten Tepis, die von indonesischen Handwerkern mit Holz h\u00f6chster Qualit\u00e4t hergestellt werden. Anpassbar und authentisch, sind diese Teapis ideal, um sich mit der alten Kunst des rap\u00e9 zu verbinden und Ihre spirituellen Praktiken zu bereichern. Jedes St\u00fcck ist ein einzigartiges Kunstwerk, das f\u00fcr die Erweiterung des Bewusstseins und die Verbindung mit Ihrem Krafttier konzipiert wurde.\" \/>\n<meta property=\"og:url\" content=\"https:\/\/ancestrina.com\/de\/producto\/tepis-geschnitzt-zu-hand-kopie\/\" \/>\n<meta property=\"og:site_name\" content=\"Ancestrina\" \/>\n<meta property=\"article:publisher\" content=\"https:\/\/www.facebook.com\/Ancestrina\/\" \/>\n<meta property=\"article:modified_time\" content=\"2026-05-16T08:12:44+00:00\" \/>\n<meta name=\"twitter:card\" content=\"summary_large_image\" \/>\n<meta name=\"twitter:label1\" content=\"Gesch\u00e4tzte Lesezeit\" \/>\n\t<meta name=\"twitter:data1\" content=\"1\u00a0Minute\" \/>\n<script type=\"application\/ld+json\" class=\"yoast-schema-graph\">{\"@context\":\"https:\\\/\\\/schema.org\",\"@graph\":[{\"@type\":\"WebPage\",\"@id\":\"https:\\\/\\\/ancestrina.com\\\/de\\\/producto\\\/tepis-geschnitzt-zu-hand-kopie\\\/\",\"url\":\"https:\\\/\\\/ancestrina.com\\\/de\\\/producto\\\/tepis-geschnitzt-zu-hand-kopie\\\/\",\"name\":\"Handgeschnitzte Tepis: Spirituelle Verbindung und Ahnenkunst\",\"isPartOf\":{\"@id\":\"https:\\\/\\\/ancestrina.com\\\/de\\\/#website\"},\"primaryImageOfPage\":{\"@id\":\"https:\\\/\\\/ancestrina.com\\\/de\\\/producto\\\/tepis-geschnitzt-zu-hand-kopie\\\/#primaryimage\"},\"image\":{\"@id\":\"https:\\\/\\\/ancestrina.com\\\/de\\\/producto\\\/tepis-geschnitzt-zu-hand-kopie\\\/#primaryimage\"},\"thumbnailUrl\":\"https:\\\/\\\/ancestrina.com\\\/wp-content\\\/uploads\\\/accesorios.jpg\",\"datePublished\":\"2025-10-23T07:40:56+00:00\",\"dateModified\":\"2026-05-16T08:12:44+00:00\",\"description\":\"Entdecken Sie unsere handgeschnitzten Tepis, die von indonesischen Handwerkern mit Holz h\u00f6chster Qualit\u00e4t hergestellt werden. Anpassbar und authentisch, sind diese Teapis ideal, um sich mit der alten Kunst des rap\u00e9 zu verbinden und Ihre spirituellen Praktiken zu bereichern. Jedes St\u00fcck ist ein einzigartiges Kunstwerk, das f\u00fcr die Erweiterung des Bewusstseins und die Verbindung mit Ihrem Krafttier konzipiert wurde.\",\"breadcrumb\":{\"@id\":\"https:\\\/\\\/ancestrina.com\\\/de\\\/producto\\\/tepis-geschnitzt-zu-hand-kopie\\\/#breadcrumb\"},\"inLanguage\":\"de\",\"potentialAction\":[{\"@type\":\"ReadAction\",\"target\":[\"https:\\\/\\\/ancestrina.com\\\/de\\\/producto\\\/tepis-geschnitzt-zu-hand-kopie\\\/\"]}]},{\"@type\":\"ImageObject\",\"inLanguage\":\"de\",\"@id\":\"https:\\\/\\\/ancestrina.com\\\/de\\\/producto\\\/tepis-geschnitzt-zu-hand-kopie\\\/#primaryimage\",\"url\":\"https:\\\/\\\/ancestrina.com\\\/wp-content\\\/uploads\\\/accesorios.jpg\",\"contentUrl\":\"https:\\\/\\\/ancestrina.com\\\/wp-content\\\/uploads\\\/accesorios.jpg\",\"width\":2048,\"height\":2048},{\"@type\":\"BreadcrumbList\",\"@id\":\"https:\\\/\\\/ancestrina.com\\\/de\\\/producto\\\/tepis-geschnitzt-zu-hand-kopie\\\/#breadcrumb\",\"itemListElement\":[{\"@type\":\"ListItem\",\"position\":1,\"name\":\"Home\",\"item\":\"https:\\\/\\\/ancestrina.com\\\/de\\\/zuhause\\\/\"},{\"@type\":\"ListItem\",\"position\":2,\"name\":\"Gesch\u00e4ft\",\"item\":\"https:\\\/\\\/ancestrina.com\\\/de\\\/geschaeft\\\/\"},{\"@type\":\"ListItem\",\"position\":3,\"name\":\"Handgeschnitzte Tepis\"}]},{\"@type\":\"WebSite\",\"@id\":\"https:\\\/\\\/ancestrina.com\\\/de\\\/#website\",\"url\":\"https:\\\/\\\/ancestrina.com\\\/de\\\/\",\"name\":\"Ancestrina\",\"description\":\"Trabajamos experiencias con plantas maestras, terapias integradoras y cultos ancestrales\",\"publisher\":{\"@id\":\"https:\\\/\\\/ancestrina.com\\\/de\\\/#organization\"},\"potentialAction\":[{\"@type\":\"SearchAction\",\"target\":{\"@type\":\"EntryPoint\",\"urlTemplate\":\"https:\\\/\\\/ancestrina.com\\\/de\\\/?s={search_term_string}\"},\"query-input\":{\"@type\":\"PropertyValueSpecification\",\"valueRequired\":true,\"valueName\":\"search_term_string\"}}],\"inLanguage\":\"de\"},{\"@type\":\"Organization\",\"@id\":\"https:\\\/\\\/ancestrina.com\\\/de\\\/#organization\",\"name\":\"Ancestrina\",\"url\":\"https:\\\/\\\/ancestrina.com\\\/de\\\/\",\"logo\":{\"@type\":\"ImageObject\",\"inLanguage\":\"de\",\"@id\":\"https:\\\/\\\/ancestrina.com\\\/de\\\/#\\\/schema\\\/logo\\\/image\\\/\",\"url\":\"https:\\\/\\\/ancestrina.com\\\/wp-content\\\/uploads\\\/2020\\\/06\\\/cropped-LOGO-ANCESTRINA-1.png\",\"contentUrl\":\"https:\\\/\\\/ancestrina.com\\\/wp-content\\\/uploads\\\/2020\\\/06\\\/cropped-LOGO-ANCESTRINA-1.png\",\"width\":630,\"height\":202,\"caption\":\"Ancestrina\"},\"image\":{\"@id\":\"https:\\\/\\\/ancestrina.com\\\/de\\\/#\\\/schema\\\/logo\\\/image\\\/\"},\"sameAs\":[\"https:\\\/\\\/www.facebook.com\\\/Ancestrina\\\/\",\"https:\\\/\\\/www.instagram.com\\\/ancestrina\\\/\",\"https:\\\/\\\/www.youtube.com\\\/channel\\\/UCgtt6WFhEIVEI30PzxlOeIw\"]}]}<\/script>\n<!-- \/ Yoast SEO Premium plugin. -->","yoast_head_json":{"title":"Handgeschnitzte Tepis: Spirituelle Verbindung und Ahnenkunst","description":"Entdecken Sie unsere handgeschnitzten Tepis, die von indonesischen Handwerkern mit Holz h\u00f6chster Qualit\u00e4t hergestellt werden. Anpassbar und authentisch, sind diese Teapis ideal, um sich mit der alten Kunst des rap\u00e9 zu verbinden und Ihre spirituellen Praktiken zu bereichern. Jedes St\u00fcck ist ein einzigartiges Kunstwerk, das f\u00fcr die Erweiterung des Bewusstseins und die Verbindung mit Ihrem Krafttier konzipiert wurde.","robots":{"index":"index","follow":"follow","max-snippet":"max-snippet:-1","max-image-preview":"max-image-preview:large","max-video-preview":"max-video-preview:-1"},"canonical":"https:\/\/ancestrina.com\/de\/producto\/tepis-geschnitzt-zu-hand-kopie\/","og_locale":"de_DE","og_type":"article","og_title":"Handgeschnitzte Tepis","og_description":"Entdecken Sie unsere handgeschnitzten Tepis, die von indonesischen Handwerkern mit Holz h\u00f6chster Qualit\u00e4t hergestellt werden. Anpassbar und authentisch, sind diese Teapis ideal, um sich mit der alten Kunst des rap\u00e9 zu verbinden und Ihre spirituellen Praktiken zu bereichern. Jedes St\u00fcck ist ein einzigartiges Kunstwerk, das f\u00fcr die Erweiterung des Bewusstseins und die Verbindung mit Ihrem Krafttier konzipiert wurde.","og_url":"https:\/\/ancestrina.com\/de\/producto\/tepis-geschnitzt-zu-hand-kopie\/","og_site_name":"Ancestrina","article_publisher":"https:\/\/www.facebook.com\/Ancestrina\/","article_modified_time":"2026-05-16T08:12:44+00:00","twitter_card":"summary_large_image","twitter_misc":{"Gesch\u00e4tzte Lesezeit":"1\u00a0Minute"},"schema":{"@context":"https:\/\/schema.org","@graph":[{"@type":"WebPage","@id":"https:\/\/ancestrina.com\/de\/producto\/tepis-geschnitzt-zu-hand-kopie\/","url":"https:\/\/ancestrina.com\/de\/producto\/tepis-geschnitzt-zu-hand-kopie\/","name":"Handgeschnitzte Tepis: Spirituelle Verbindung und Ahnenkunst","isPartOf":{"@id":"https:\/\/ancestrina.com\/de\/#website"},"primaryImageOfPage":{"@id":"https:\/\/ancestrina.com\/de\/producto\/tepis-geschnitzt-zu-hand-kopie\/#primaryimage"},"image":{"@id":"https:\/\/ancestrina.com\/de\/producto\/tepis-geschnitzt-zu-hand-kopie\/#primaryimage"},"thumbnailUrl":"https:\/\/ancestrina.com\/wp-content\/uploads\/accesorios.jpg","datePublished":"2025-10-23T07:40:56+00:00","dateModified":"2026-05-16T08:12:44+00:00","description":"Entdecken Sie unsere handgeschnitzten Tepis, die von indonesischen Handwerkern mit Holz h\u00f6chster Qualit\u00e4t hergestellt werden. Anpassbar und authentisch, sind diese Teapis ideal, um sich mit der alten Kunst des rap\u00e9 zu verbinden und Ihre spirituellen Praktiken zu bereichern. Jedes St\u00fcck ist ein einzigartiges Kunstwerk, das f\u00fcr die Erweiterung des Bewusstseins und die Verbindung mit Ihrem Krafttier konzipiert wurde.","breadcrumb":{"@id":"https:\/\/ancestrina.com\/de\/producto\/tepis-geschnitzt-zu-hand-kopie\/#breadcrumb"},"inLanguage":"de","potentialAction":[{"@type":"ReadAction","target":["https:\/\/ancestrina.com\/de\/producto\/tepis-geschnitzt-zu-hand-kopie\/"]}]},{"@type":"ImageObject","inLanguage":"de","@id":"https:\/\/ancestrina.com\/de\/producto\/tepis-geschnitzt-zu-hand-kopie\/#primaryimage","url":"https:\/\/ancestrina.com\/wp-content\/uploads\/accesorios.jpg","contentUrl":"https:\/\/ancestrina.com\/wp-content\/uploads\/accesorios.jpg","width":2048,"height":2048},{"@type":"BreadcrumbList","@id":"https:\/\/ancestrina.com\/de\/producto\/tepis-geschnitzt-zu-hand-kopie\/#breadcrumb","itemListElement":[{"@type":"ListItem","position":1,"name":"Home","item":"https:\/\/ancestrina.com\/de\/zuhause\/"},{"@type":"ListItem","position":2,"name":"Gesch\u00e4ft","item":"https:\/\/ancestrina.com\/de\/geschaeft\/"},{"@type":"ListItem","position":3,"name":"Handgeschnitzte Tepis"}]},{"@type":"WebSite","@id":"https:\/\/ancestrina.com\/de\/#website","url":"https:\/\/ancestrina.com\/de\/","name":"Ancestrina","description":"Trabajamos experiencias con plantas maestras, terapias integradoras y cultos ancestrales","publisher":{"@id":"https:\/\/ancestrina.com\/de\/#organization"},"potentialAction":[{"@type":"SearchAction","target":{"@type":"EntryPoint","urlTemplate":"https:\/\/ancestrina.com\/de\/?s={search_term_string}"},"query-input":{"@type":"PropertyValueSpecification","valueRequired":true,"valueName":"search_term_string"}}],"inLanguage":"de"},{"@type":"Organization","@id":"https:\/\/ancestrina.com\/de\/#organization","name":"Ancestrina","url":"https:\/\/ancestrina.com\/de\/","logo":{"@type":"ImageObject","inLanguage":"de","@id":"https:\/\/ancestrina.com\/de\/#\/schema\/logo\/image\/","url":"https:\/\/ancestrina.com\/wp-content\/uploads\/2020\/06\/cropped-LOGO-ANCESTRINA-1.png","contentUrl":"https:\/\/ancestrina.com\/wp-content\/uploads\/2020\/06\/cropped-LOGO-ANCESTRINA-1.png","width":630,"height":202,"caption":"Ancestrina"},"image":{"@id":"https:\/\/ancestrina.com\/de\/#\/schema\/logo\/image\/"},"sameAs":["https:\/\/www.facebook.com\/Ancestrina\/","https:\/\/www.instagram.com\/ancestrina\/","https:\/\/www.youtube.com\/channel\/UCgtt6WFhEIVEI30PzxlOeIw"]}]}},"_links":{"self":[{"href":"https:\/\/ancestrina.com\/de\/wp-json\/wp\/v2\/product\/29852","targetHints":{"allow":["GET"]}}],"collection":[{"href":"https:\/\/ancestrina.com\/de\/wp-json\/wp\/v2\/product"}],"about":[{"href":"https:\/\/ancestrina.com\/de\/wp-json\/wp\/v2\/types\/product"}],"replies":[{"embeddable":true,"href":"https:\/\/ancestrina.com\/de\/wp-json\/wp\/v2\/comments?post=29852"}],"version-history":[{"count":2,"href":"https:\/\/ancestrina.com\/de\/wp-json\/wp\/v2\/product\/29852\/revisions"}],"predecessor-version":[{"id":36089,"href":"https:\/\/ancestrina.com\/de\/wp-json\/wp\/v2\/product\/29852\/revisions\/36089"}],"wp:featuredmedia":[{"embeddable":true,"href":"https:\/\/ancestrina.com\/de\/wp-json\/wp\/v2\/media\/34426"}],"wp:attachment":[{"href":"https:\/\/ancestrina.com\/de\/wp-json\/wp\/v2\/media?parent=29852"}],"wp:term":[{"taxonomy":"product_brand","embeddable":true,"href":"https:\/\/ancestrina.com\/de\/wp-json\/wp\/v2\/product_brand?post=29852"},{"taxonomy":"product_cat","embeddable":true,"href":"https:\/\/ancestrina.com\/de\/wp-json\/wp\/v2\/product_cat?post=29852"},{"taxonomy":"product_tag","embeddable":true,"href":"https:\/\/ancestrina.com\/de\/wp-json\/wp\/v2\/product_tag?post=29852"}],"curies":[{"name":"wp","href":"https:\/\/api.w.org\/{rel}","templated":true}]}}