{"id":29334,"date":"2024-04-11T16:24:37","date_gmt":"2024-04-11T21:24:37","guid":{"rendered":"https:\/\/ancestrina.com\/?post_type=product&#038;p=29334"},"modified":"2026-05-12T22:15:23","modified_gmt":"2026-05-13T03:15:23","slug":"dreissig-schnupftabak-set","status":"publish","type":"product","link":"https:\/\/ancestrina.com\/de\/producto\/dreissig-schnupftabak-set\/","title":{"rendered":"Kit von drei\u00dfig Rap\u00e9s."},"content":{"rendered":"<p>Willkommen in der faszinierenden Welt der heiligen Medizin! Wenn Sie hier sind, f\u00fchlen Sie wahrscheinlich den Ruf, diesen transformativen Weg zu erkunden. Vielleicht haben Sie es intuitiv gesp\u00fcrt oder es durch Empfehlungen oder Ver\u00f6ffentlichungen entdeckt.<\/p>\n<p>Unser Set mit 30 Schnupftabak ist eine Einladung, in dieses einzigartige Erlebnis einzutauchen. Anstatt den Schnupftabak selbst zu w\u00e4hlen, lassen Sie die Medizin Sie w\u00e4hlen. Stellen Sie sich vor, Sie erhalten eine Sammlung unseres ganz besonderen Schnupftabaks zu Hause, bereit, Sie auf Ihrer Reise der Selbsterkenntnis zu begleiten.  <\/p>\n<p>Wir wissen, dass es schwierig sein kann, aus so vielen Optionen zu w\u00e4hlen, deshalb haben wir alle unsere verf\u00fcgbaren Schnupftabake an einem Ort gesammelt. Mit diesem Kit k\u00f6nnen Sie jedes dieser Themen erforschen und sich bei jeder Sitzung von Ihrer Intuition leiten lassen. Von dem Moment, in dem Sie sich f\u00fcr die Anwendung entscheiden, \u00fcber die Menge, die Sie auftragen, die Art des Puffs, die Sie bevorzugen, bis hin zu dem Nasenloch, das Sie zuerst benutzen, liegt alles in Ihrer Hand.<\/p>\n<p>Schlie\u00dfen Sie die Augen, atmen Sie tief durch und lassen Sie sich von Ihrer Intuition zu dem Schnupftabak f\u00fchren, den Sie gerade brauchen. Mit unserem Kit laden wir Sie ein, sich ganz auf diese Erfahrung einzulassen und die Medizin auf eine einzigartige und pers\u00f6nliche Weise auf Sie wirken zu lassen. Entdecken Sie die transformative Kraft des Schnupftabaks und lassen Sie sich mitrei\u00dfen von der Reise in Ihr Inneres!<\/p>\n<p style=\"text-align: center;\">Lernen Sie die verschiedenen <a style=\"color: #999999;\" href=\"https:\/\/ancestrina.com\/tipos-de-soplo\/\" target=\"_blank\" rel=\"noopener\">Arten von Z\u00fcgen<\/a> kennen und finden Sie diejenige, die am besten zu Ihnen passt, unserer Erfahrung nach passt sich jeder Schnupftabak an Sie und einen anderen Zug an.<\/p>\n<p style=\"text-align: center;\"><em>Alle Produkte werden nur als botanische Proben verkauft, ohne dass ein Anspruch auf einen bestimmten Zweck oder eine bestimmte Verwendung erhoben wird. Alle bereitgestellten Informationen dienen ausschlie\u00dflich p\u00e4dagogischen, wissenschaftlichen, ethnografischen und historischen Forschungszwecken.<\/em><\/p>\n","protected":false},"excerpt":{"rendered":"<p>Entdecken Sie die Magie der heiligen Medizin mit unserem Set mit 30 sorgf\u00e4ltig ausgew\u00e4hlten Schnupftabaken. Lassen Sie sich von Ihrer Intuition leiten, w\u00e4hrend Sie eine Vielzahl von Optionen erkunden, so dass jede Sitzung einzigartig und transformativ ist. Tauchen Sie ein in diese Reise der Selbsterkenntnis und lassen Sie sich von der heilenden Kraft des Schnupftabaks \u00fcberraschen.<\/p>\n<p><span style=\"color: #999999;\"><em>*Jede Flasche des Kits enth\u00e4lt ein Gramm des Medikaments.<\/em><\/span><\/p>\n","protected":false},"featured_media":34849,"comment_status":"closed","ping_status":"closed","template":"","meta":{"order-bump-settings":[],"_wpfnl_thankyou_order_overview":"on","_wpfnl_thankyou_order_details":"on","_wpfnl_thankyou_billing_details":"on","_wpfnl_thankyou_shipping_details":"on","site-sidebar-layout":"default","site-content-layout":"plain-container","ast-site-content-layout":"normal-width-container","site-content-style":"unboxed","site-sidebar-style":"unboxed","ast-global-header-display":"","ast-banner-title-visibility":"","ast-main-header-display":"","ast-hfb-above-header-display":"","ast-hfb-below-header-display":"","ast-hfb-mobile-header-display":"","site-post-title":"","ast-breadcrumbs-content":"","ast-featured-img":"","footer-sml-layout":"","ast-disable-related-posts":"","theme-transparent-header-meta":"disabled","adv-header-id-meta":"","stick-header-meta":"","header-above-stick-meta":"","header-main-stick-meta":"","header-below-stick-meta":"","astra-migrate-meta-layouts":"set","ast-page-background-enabled":"default","ast-page-background-meta":{"desktop":{"background-color":"","background-image":"","background-repeat":"repeat","background-position":"center center","background-size":"auto","background-attachment":"scroll","background-type":"","background-media":"","overlay-type":"","overlay-color":"","overlay-opacity":"","overlay-gradient":""},"tablet":{"background-color":"","background-image":"","background-repeat":"repeat","background-position":"center center","background-size":"auto","background-attachment":"scroll","background-type":"","background-media":"","overlay-type":"","overlay-color":"","overlay-opacity":"","overlay-gradient":""},"mobile":{"background-color":"","background-image":"","background-repeat":"repeat","background-position":"center center","background-size":"auto","background-attachment":"scroll","background-type":"","background-media":"","overlay-type":"","overlay-color":"","overlay-opacity":"","overlay-gradient":""}},"ast-content-background-meta":{"desktop":{"background-color":"var(--ast-global-color-5)","background-image":"","background-repeat":"repeat","background-position":"center center","background-size":"auto","background-attachment":"scroll","background-type":"","background-media":"","overlay-type":"","overlay-color":"","overlay-opacity":"","overlay-gradient":""},"tablet":{"background-color":"var(--ast-global-color-5)","background-image":"","background-repeat":"repeat","background-position":"center center","background-size":"auto","background-attachment":"scroll","background-type":"","background-media":"","overlay-type":"","overlay-color":"","overlay-opacity":"","overlay-gradient":""},"mobile":{"background-color":"var(--ast-global-color-5)","background-image":"","background-repeat":"repeat","background-position":"center center","background-size":"auto","background-attachment":"scroll","background-type":"","background-media":"","overlay-type":"","overlay-color":"","overlay-opacity":"","overlay-gradient":""}},"_joinchat":[]},"product_brand":[],"product_cat":[365],"product_tag":[],"class_list":{"0":"post-29334","1":"product","2":"type-product","3":"status-publish","4":"has-post-thumbnail","6":"product_cat-rape-kit-de","7":"desktop-align-center","8":"tablet-align-left","9":"mobile-align-left","11":"first","12":"instock","13":"shipping-taxable","14":"purchasable","15":"product-type-simple"},"yoast_head":"<!-- This site is optimized with the Yoast SEO Premium plugin v22.6 (Yoast SEO v27.6) - https:\/\/yoast.com\/product\/yoast-seo-premium-wordpress\/ -->\n<title>Thirty Snuff Kit: Reise der Selbsterkenntnis und Heilung<\/title>\n<meta name=\"description\" content=\"Entdecken Sie die Kraft der heiligen Medizin mit unserem Thirty Snuff Kit. Diese sorgf\u00e4ltig kuratierte Kollektion l\u00e4dt Sie ein, in eine Reise der Selbsterkenntnis und Heilung einzutauchen. Lassen Sie sich bei Ihrer Erfahrung von Ihrer Intuition leiten und entdecken Sie den perfekten Schnupftabak f\u00fcr jeden Moment. Perfekt f\u00fcr diejenigen, die eine tiefe und personalisierte spirituelle Praxis suchen.\" \/>\n<meta name=\"robots\" content=\"index, follow, max-snippet:-1, max-image-preview:large, max-video-preview:-1\" \/>\n<link rel=\"canonical\" href=\"https:\/\/ancestrina.com\/de\/producto\/dreissig-schnupftabak-set\/\" \/>\n<meta property=\"og:locale\" content=\"de_DE\" \/>\n<meta property=\"og:type\" content=\"article\" \/>\n<meta property=\"og:title\" content=\"Kit von drei\u00dfig Rap\u00e9s.\" \/>\n<meta property=\"og:description\" content=\"Entdecken Sie die Kraft der heiligen Medizin mit unserem Thirty Snuff Kit. Diese sorgf\u00e4ltig kuratierte Kollektion l\u00e4dt Sie ein, in eine Reise der Selbsterkenntnis und Heilung einzutauchen. Lassen Sie sich bei Ihrer Erfahrung von Ihrer Intuition leiten und entdecken Sie den perfekten Schnupftabak f\u00fcr jeden Moment. Perfekt f\u00fcr diejenigen, die eine tiefe und personalisierte spirituelle Praxis suchen.\" \/>\n<meta property=\"og:url\" content=\"https:\/\/ancestrina.com\/de\/producto\/dreissig-schnupftabak-set\/\" \/>\n<meta property=\"og:site_name\" content=\"Ancestrina\" \/>\n<meta property=\"article:publisher\" content=\"https:\/\/www.facebook.com\/Ancestrina\/\" \/>\n<meta property=\"article:modified_time\" content=\"2026-05-13T03:15:23+00:00\" \/>\n<meta name=\"twitter:card\" content=\"summary_large_image\" \/>\n<meta name=\"twitter:label1\" content=\"Gesch\u00e4tzte Lesezeit\" \/>\n\t<meta name=\"twitter:data1\" content=\"2\u00a0Minuten\" \/>\n<script type=\"application\/ld+json\" class=\"yoast-schema-graph\">{\"@context\":\"https:\\\/\\\/schema.org\",\"@graph\":[{\"@type\":\"WebPage\",\"@id\":\"https:\\\/\\\/ancestrina.com\\\/de\\\/producto\\\/dreissig-schnupftabak-set\\\/\",\"url\":\"https:\\\/\\\/ancestrina.com\\\/de\\\/producto\\\/dreissig-schnupftabak-set\\\/\",\"name\":\"Thirty Snuff Kit: Reise der Selbsterkenntnis und Heilung\",\"isPartOf\":{\"@id\":\"https:\\\/\\\/ancestrina.com\\\/de\\\/#website\"},\"primaryImageOfPage\":{\"@id\":\"https:\\\/\\\/ancestrina.com\\\/de\\\/producto\\\/dreissig-schnupftabak-set\\\/#primaryimage\"},\"image\":{\"@id\":\"https:\\\/\\\/ancestrina.com\\\/de\\\/producto\\\/dreissig-schnupftabak-set\\\/#primaryimage\"},\"thumbnailUrl\":\"https:\\\/\\\/ancestrina.com\\\/wp-content\\\/uploads\\\/kit-de-30.jpg\",\"datePublished\":\"2024-04-11T21:24:37+00:00\",\"dateModified\":\"2026-05-13T03:15:23+00:00\",\"description\":\"Entdecken Sie die Kraft der heiligen Medizin mit unserem Thirty Snuff Kit. Diese sorgf\u00e4ltig kuratierte Kollektion l\u00e4dt Sie ein, in eine Reise der Selbsterkenntnis und Heilung einzutauchen. Lassen Sie sich bei Ihrer Erfahrung von Ihrer Intuition leiten und entdecken Sie den perfekten Schnupftabak f\u00fcr jeden Moment. Perfekt f\u00fcr diejenigen, die eine tiefe und personalisierte spirituelle Praxis suchen.\",\"breadcrumb\":{\"@id\":\"https:\\\/\\\/ancestrina.com\\\/de\\\/producto\\\/dreissig-schnupftabak-set\\\/#breadcrumb\"},\"inLanguage\":\"de\",\"potentialAction\":[{\"@type\":\"ReadAction\",\"target\":[\"https:\\\/\\\/ancestrina.com\\\/de\\\/producto\\\/dreissig-schnupftabak-set\\\/\"]}]},{\"@type\":\"ImageObject\",\"inLanguage\":\"de\",\"@id\":\"https:\\\/\\\/ancestrina.com\\\/de\\\/producto\\\/dreissig-schnupftabak-set\\\/#primaryimage\",\"url\":\"https:\\\/\\\/ancestrina.com\\\/wp-content\\\/uploads\\\/kit-de-30.jpg\",\"contentUrl\":\"https:\\\/\\\/ancestrina.com\\\/wp-content\\\/uploads\\\/kit-de-30.jpg\",\"width\":2048,\"height\":2048},{\"@type\":\"BreadcrumbList\",\"@id\":\"https:\\\/\\\/ancestrina.com\\\/de\\\/producto\\\/dreissig-schnupftabak-set\\\/#breadcrumb\",\"itemListElement\":[{\"@type\":\"ListItem\",\"position\":1,\"name\":\"Home\",\"item\":\"https:\\\/\\\/ancestrina.com\\\/de\\\/zuhause\\\/\"},{\"@type\":\"ListItem\",\"position\":2,\"name\":\"Gesch\u00e4ft\",\"item\":\"https:\\\/\\\/ancestrina.com\\\/de\\\/geschaeft\\\/\"},{\"@type\":\"ListItem\",\"position\":3,\"name\":\"Kit von drei\u00dfig Rap\u00e9s.\"}]},{\"@type\":\"WebSite\",\"@id\":\"https:\\\/\\\/ancestrina.com\\\/de\\\/#website\",\"url\":\"https:\\\/\\\/ancestrina.com\\\/de\\\/\",\"name\":\"Ancestrina\",\"description\":\"Trabajamos experiencias con plantas maestras, terapias integradoras y cultos ancestrales\",\"publisher\":{\"@id\":\"https:\\\/\\\/ancestrina.com\\\/de\\\/#organization\"},\"potentialAction\":[{\"@type\":\"SearchAction\",\"target\":{\"@type\":\"EntryPoint\",\"urlTemplate\":\"https:\\\/\\\/ancestrina.com\\\/de\\\/?s={search_term_string}\"},\"query-input\":{\"@type\":\"PropertyValueSpecification\",\"valueRequired\":true,\"valueName\":\"search_term_string\"}}],\"inLanguage\":\"de\"},{\"@type\":\"Organization\",\"@id\":\"https:\\\/\\\/ancestrina.com\\\/de\\\/#organization\",\"name\":\"Ancestrina\",\"url\":\"https:\\\/\\\/ancestrina.com\\\/de\\\/\",\"logo\":{\"@type\":\"ImageObject\",\"inLanguage\":\"de\",\"@id\":\"https:\\\/\\\/ancestrina.com\\\/de\\\/#\\\/schema\\\/logo\\\/image\\\/\",\"url\":\"https:\\\/\\\/ancestrina.com\\\/wp-content\\\/uploads\\\/2020\\\/06\\\/cropped-LOGO-ANCESTRINA-1.png\",\"contentUrl\":\"https:\\\/\\\/ancestrina.com\\\/wp-content\\\/uploads\\\/2020\\\/06\\\/cropped-LOGO-ANCESTRINA-1.png\",\"width\":630,\"height\":202,\"caption\":\"Ancestrina\"},\"image\":{\"@id\":\"https:\\\/\\\/ancestrina.com\\\/de\\\/#\\\/schema\\\/logo\\\/image\\\/\"},\"sameAs\":[\"https:\\\/\\\/www.facebook.com\\\/Ancestrina\\\/\",\"https:\\\/\\\/www.instagram.com\\\/ancestrina\\\/\",\"https:\\\/\\\/www.youtube.com\\\/channel\\\/UCgtt6WFhEIVEI30PzxlOeIw\"]}]}<\/script>\n<!-- \/ Yoast SEO Premium plugin. -->","yoast_head_json":{"title":"Thirty Snuff Kit: Reise der Selbsterkenntnis und Heilung","description":"Entdecken Sie die Kraft der heiligen Medizin mit unserem Thirty Snuff Kit. Diese sorgf\u00e4ltig kuratierte Kollektion l\u00e4dt Sie ein, in eine Reise der Selbsterkenntnis und Heilung einzutauchen. Lassen Sie sich bei Ihrer Erfahrung von Ihrer Intuition leiten und entdecken Sie den perfekten Schnupftabak f\u00fcr jeden Moment. Perfekt f\u00fcr diejenigen, die eine tiefe und personalisierte spirituelle Praxis suchen.","robots":{"index":"index","follow":"follow","max-snippet":"max-snippet:-1","max-image-preview":"max-image-preview:large","max-video-preview":"max-video-preview:-1"},"canonical":"https:\/\/ancestrina.com\/de\/producto\/dreissig-schnupftabak-set\/","og_locale":"de_DE","og_type":"article","og_title":"Kit von drei\u00dfig Rap\u00e9s.","og_description":"Entdecken Sie die Kraft der heiligen Medizin mit unserem Thirty Snuff Kit. Diese sorgf\u00e4ltig kuratierte Kollektion l\u00e4dt Sie ein, in eine Reise der Selbsterkenntnis und Heilung einzutauchen. Lassen Sie sich bei Ihrer Erfahrung von Ihrer Intuition leiten und entdecken Sie den perfekten Schnupftabak f\u00fcr jeden Moment. Perfekt f\u00fcr diejenigen, die eine tiefe und personalisierte spirituelle Praxis suchen.","og_url":"https:\/\/ancestrina.com\/de\/producto\/dreissig-schnupftabak-set\/","og_site_name":"Ancestrina","article_publisher":"https:\/\/www.facebook.com\/Ancestrina\/","article_modified_time":"2026-05-13T03:15:23+00:00","twitter_card":"summary_large_image","twitter_misc":{"Gesch\u00e4tzte Lesezeit":"2\u00a0Minuten"},"schema":{"@context":"https:\/\/schema.org","@graph":[{"@type":"WebPage","@id":"https:\/\/ancestrina.com\/de\/producto\/dreissig-schnupftabak-set\/","url":"https:\/\/ancestrina.com\/de\/producto\/dreissig-schnupftabak-set\/","name":"Thirty Snuff Kit: Reise der Selbsterkenntnis und Heilung","isPartOf":{"@id":"https:\/\/ancestrina.com\/de\/#website"},"primaryImageOfPage":{"@id":"https:\/\/ancestrina.com\/de\/producto\/dreissig-schnupftabak-set\/#primaryimage"},"image":{"@id":"https:\/\/ancestrina.com\/de\/producto\/dreissig-schnupftabak-set\/#primaryimage"},"thumbnailUrl":"https:\/\/ancestrina.com\/wp-content\/uploads\/kit-de-30.jpg","datePublished":"2024-04-11T21:24:37+00:00","dateModified":"2026-05-13T03:15:23+00:00","description":"Entdecken Sie die Kraft der heiligen Medizin mit unserem Thirty Snuff Kit. Diese sorgf\u00e4ltig kuratierte Kollektion l\u00e4dt Sie ein, in eine Reise der Selbsterkenntnis und Heilung einzutauchen. Lassen Sie sich bei Ihrer Erfahrung von Ihrer Intuition leiten und entdecken Sie den perfekten Schnupftabak f\u00fcr jeden Moment. Perfekt f\u00fcr diejenigen, die eine tiefe und personalisierte spirituelle Praxis suchen.","breadcrumb":{"@id":"https:\/\/ancestrina.com\/de\/producto\/dreissig-schnupftabak-set\/#breadcrumb"},"inLanguage":"de","potentialAction":[{"@type":"ReadAction","target":["https:\/\/ancestrina.com\/de\/producto\/dreissig-schnupftabak-set\/"]}]},{"@type":"ImageObject","inLanguage":"de","@id":"https:\/\/ancestrina.com\/de\/producto\/dreissig-schnupftabak-set\/#primaryimage","url":"https:\/\/ancestrina.com\/wp-content\/uploads\/kit-de-30.jpg","contentUrl":"https:\/\/ancestrina.com\/wp-content\/uploads\/kit-de-30.jpg","width":2048,"height":2048},{"@type":"BreadcrumbList","@id":"https:\/\/ancestrina.com\/de\/producto\/dreissig-schnupftabak-set\/#breadcrumb","itemListElement":[{"@type":"ListItem","position":1,"name":"Home","item":"https:\/\/ancestrina.com\/de\/zuhause\/"},{"@type":"ListItem","position":2,"name":"Gesch\u00e4ft","item":"https:\/\/ancestrina.com\/de\/geschaeft\/"},{"@type":"ListItem","position":3,"name":"Kit von drei\u00dfig Rap\u00e9s."}]},{"@type":"WebSite","@id":"https:\/\/ancestrina.com\/de\/#website","url":"https:\/\/ancestrina.com\/de\/","name":"Ancestrina","description":"Trabajamos experiencias con plantas maestras, terapias integradoras y cultos ancestrales","publisher":{"@id":"https:\/\/ancestrina.com\/de\/#organization"},"potentialAction":[{"@type":"SearchAction","target":{"@type":"EntryPoint","urlTemplate":"https:\/\/ancestrina.com\/de\/?s={search_term_string}"},"query-input":{"@type":"PropertyValueSpecification","valueRequired":true,"valueName":"search_term_string"}}],"inLanguage":"de"},{"@type":"Organization","@id":"https:\/\/ancestrina.com\/de\/#organization","name":"Ancestrina","url":"https:\/\/ancestrina.com\/de\/","logo":{"@type":"ImageObject","inLanguage":"de","@id":"https:\/\/ancestrina.com\/de\/#\/schema\/logo\/image\/","url":"https:\/\/ancestrina.com\/wp-content\/uploads\/2020\/06\/cropped-LOGO-ANCESTRINA-1.png","contentUrl":"https:\/\/ancestrina.com\/wp-content\/uploads\/2020\/06\/cropped-LOGO-ANCESTRINA-1.png","width":630,"height":202,"caption":"Ancestrina"},"image":{"@id":"https:\/\/ancestrina.com\/de\/#\/schema\/logo\/image\/"},"sameAs":["https:\/\/www.facebook.com\/Ancestrina\/","https:\/\/www.instagram.com\/ancestrina\/","https:\/\/www.youtube.com\/channel\/UCgtt6WFhEIVEI30PzxlOeIw"]}]}},"_links":{"self":[{"href":"https:\/\/ancestrina.com\/de\/wp-json\/wp\/v2\/product\/29334","targetHints":{"allow":["GET"]}}],"collection":[{"href":"https:\/\/ancestrina.com\/de\/wp-json\/wp\/v2\/product"}],"about":[{"href":"https:\/\/ancestrina.com\/de\/wp-json\/wp\/v2\/types\/product"}],"replies":[{"embeddable":true,"href":"https:\/\/ancestrina.com\/de\/wp-json\/wp\/v2\/comments?post=29334"}],"version-history":[{"count":3,"href":"https:\/\/ancestrina.com\/de\/wp-json\/wp\/v2\/product\/29334\/revisions"}],"predecessor-version":[{"id":37518,"href":"https:\/\/ancestrina.com\/de\/wp-json\/wp\/v2\/product\/29334\/revisions\/37518"}],"wp:featuredmedia":[{"embeddable":true,"href":"https:\/\/ancestrina.com\/de\/wp-json\/wp\/v2\/media\/34849"}],"wp:attachment":[{"href":"https:\/\/ancestrina.com\/de\/wp-json\/wp\/v2\/media?parent=29334"}],"wp:term":[{"taxonomy":"product_brand","embeddable":true,"href":"https:\/\/ancestrina.com\/de\/wp-json\/wp\/v2\/product_brand?post=29334"},{"taxonomy":"product_cat","embeddable":true,"href":"https:\/\/ancestrina.com\/de\/wp-json\/wp\/v2\/product_cat?post=29334"},{"taxonomy":"product_tag","embeddable":true,"href":"https:\/\/ancestrina.com\/de\/wp-json\/wp\/v2\/product_tag?post=29334"}],"curies":[{"name":"wp","href":"https:\/\/api.w.org\/{rel}","templated":true}]}}