{"id":7547,"date":"2021-11-03T14:16:42","date_gmt":"2021-11-03T14:16:42","guid":{"rendered":"http:\/\/ancestrina.com\/politik-der-versand-ruecksendungen-erstattungen\/"},"modified":"2024-04-25T21:38:15","modified_gmt":"2024-04-26T02:38:15","slug":"rucksendung-politik-rucksendung-erstattung","status":"publish","type":"page","link":"https:\/\/ancestrina.com\/de\/rucksendung-politik-rucksendung-erstattung\/","title":{"rendered":"Versand-, R\u00fcckgabe- und Erstattungsbedingungen"},"content":{"rendered":"\t\t<div data-elementor-type=\"wp-page\" data-elementor-id=\"7547\" class=\"elementor elementor-7547 elementor-257\" data-elementor-post-type=\"page\">\n\t\t\t\t\t\t<section class=\"elementor-section elementor-top-section elementor-element elementor-element-041de6f elementor-section-content-middle elementor-section-boxed elementor-section-height-default elementor-section-height-default\" data-id=\"041de6f\" data-element_type=\"section\" data-e-type=\"section\" data-settings=\"{&quot;background_background&quot;:&quot;classic&quot;,&quot;background_motion_fx_motion_fx_scrolling&quot;:&quot;yes&quot;,&quot;background_motion_fx_scale_effect&quot;:&quot;yes&quot;,&quot;shape_divider_bottom&quot;:&quot;tilt&quot;,&quot;jet_parallax_layout_list&quot;:[],&quot;background_motion_fx_scale_direction&quot;:&quot;out-in&quot;,&quot;background_motion_fx_scale_speed&quot;:{&quot;unit&quot;:&quot;px&quot;,&quot;size&quot;:4,&quot;sizes&quot;:[]},&quot;background_motion_fx_scale_range&quot;:{&quot;unit&quot;:&quot;%&quot;,&quot;size&quot;:&quot;&quot;,&quot;sizes&quot;:{&quot;start&quot;:20,&quot;end&quot;:80}},&quot;background_motion_fx_devices&quot;:[&quot;desktop&quot;,&quot;tablet&quot;,&quot;mobile&quot;]}\">\n\t\t\t\t\t\t\t<div class=\"elementor-background-overlay\"><\/div>\n\t\t\t\t\t\t<div class=\"elementor-shape elementor-shape-bottom\" aria-hidden=\"true\" data-negative=\"false\">\n\t\t\t<svg xmlns=\"http:\/\/www.w3.org\/2000\/svg\" viewBox=\"0 0 1000 100\" preserveAspectRatio=\"none\">\n\t<path class=\"elementor-shape-fill\" d=\"M0,6V0h1000v100L0,6z\"\/>\n<\/svg>\t\t<\/div>\n\t\t\t\t\t<div class=\"elementor-container elementor-column-gap-no\">\n\t\t\t\t\t<div class=\"elementor-column elementor-col-100 elementor-top-column elementor-element elementor-element-81e0123\" data-id=\"81e0123\" data-element_type=\"column\" data-e-type=\"column\">\n\t\t\t<div class=\"elementor-widget-wrap elementor-element-populated\">\n\t\t\t\t\t\t<div class=\"elementor-element elementor-element-0015b9d elementor-widget elementor-widget-heading\" data-id=\"0015b9d\" data-element_type=\"widget\" data-e-type=\"widget\" data-widget_type=\"heading.default\">\n\t\t\t\t<div class=\"elementor-widget-container\">\n\t\t\t\t\t<h1 class=\"elementor-heading-title elementor-size-default\">Versand-, R\u00fcckgabe- und R\u00fcckerstattungsrichtlinien<\/h1>\t\t\t\t<\/div>\n\t\t\t\t<\/div>\n\t\t\t\t\t<\/div>\n\t\t<\/div>\n\t\t\t\t\t<\/div>\n\t\t<\/section>\n\t\t\t\t<section class=\"elementor-section elementor-top-section elementor-element elementor-element-4223739 elementor-section-boxed elementor-section-height-default elementor-section-height-default\" data-id=\"4223739\" data-element_type=\"section\" data-e-type=\"section\" data-settings=\"{&quot;jet_parallax_layout_list&quot;:[]}\">\n\t\t\t\t\t\t<div class=\"elementor-container elementor-column-gap-default\">\n\t\t\t\t\t<div class=\"elementor-column elementor-col-100 elementor-top-column elementor-element elementor-element-615cad7\" data-id=\"615cad7\" data-element_type=\"column\" data-e-type=\"column\">\n\t\t\t<div class=\"elementor-widget-wrap elementor-element-populated\">\n\t\t\t\t\t\t<div class=\"elementor-element elementor-element-e6b3d55 elementor-widget elementor-widget-heading\" data-id=\"e6b3d55\" data-element_type=\"widget\" data-e-type=\"widget\" data-widget_type=\"heading.default\">\n\t\t\t\t<div class=\"elementor-widget-container\">\n\t\t\t\t\t<h2 class=\"elementor-heading-title elementor-size-default\">Versand<\/h2>\t\t\t\t<\/div>\n\t\t\t\t<\/div>\n\t\t\t\t<div class=\"elementor-element elementor-element-1e48727 elementor-widget elementor-widget-text-editor\" data-id=\"1e48727\" data-element_type=\"widget\" data-e-type=\"widget\" data-widget_type=\"text-editor.default\">\n\t\t\t\t<div class=\"elementor-widget-container\">\n\t\t\t\t\t\t\t\t\t<p style=\"text-align: center;\"><span lang=\"ES-US\">Die Preise sind in Ihrer Landesw\u00e4hrung angegeben, ansonsten in kolumbianischen Pesos.<\/span><span lang=\"ES-US\"> <\/span><\/p>\n<p style=\"text-align: center;\">Einige Artikel k\u00f6nnen aufgrund von Beschr\u00e4nkungen nicht in bestimmte L\u00e4nder versandt werden.  <\/p>\n<p style=\"text-align: center;\">Es liegt in der Verantwortung des Kunden, zu pr\u00fcfen, ob es nach der Gesetzgebung seines Wohnsitzes irgendwelche Einschr\u00e4nkungen gibt, sowie den Steuersatz. Ancestrina ist unter keinen Umst\u00e4nden f\u00fcr den Wert der im Land des Empf\u00e4ngers zu zahlenden Steuern verantwortlich.<\/p>\n<p style=\"text-align: center;\">  Um eine Bestellung aufzugeben, legen Sie die gew\u00fcnschten Artikel in den Warenkorb und nutzen Sie unsere Standard-Zahlungs- und Versandoptionen, um Ihre Bestellung aufzugeben.  <\/p>\n<p style=\"text-align: center;\">Die Versandkosten und der Zeitplan werden f\u00fcr Sie berechnet, bevor Sie Ihre Zahlungsinformationen eingeben. Kunden mit Fragen k\u00f6nnen mich per E-Mail oder \u00fcber die WhatsApp-Schaltfl\u00e4che auf der Website (+573118662045) kontaktieren.<\/p>\n\t\t\t\t\t\t\t\t<\/div>\n\t\t\t\t<\/div>\n\t\t\t\t<div class=\"elementor-element elementor-element-99f78b6 elementor-widget elementor-widget-heading\" data-id=\"99f78b6\" data-element_type=\"widget\" data-e-type=\"widget\" data-widget_type=\"heading.default\">\n\t\t\t\t<div class=\"elementor-widget-container\">\n\t\t\t\t\t<h2 class=\"elementor-heading-title elementor-size-default\">Auftr\u00e4ge<\/h2>\t\t\t\t<\/div>\n\t\t\t\t<\/div>\n\t\t\t\t<div class=\"elementor-element elementor-element-f8d5610 elementor-widget elementor-widget-text-editor\" data-id=\"f8d5610\" data-element_type=\"widget\" data-e-type=\"widget\" data-widget_type=\"text-editor.default\">\n\t\t\t\t<div class=\"elementor-widget-container\">\n\t\t\t\t\t\t\t\t\t<p><span lang=\"ES-US\">Al<\/span><span lang=\"ES-US\">  um eine Bestellung aufzugeben, m\u00fcssen Sie die korrekte Lieferadresse, Ihren vollst\u00e4ndigen Namen und Ihre Telefonnummer angeben. Andernfalls kann Ihre Sendung verz\u00f6gert oder zur\u00fcckgeschickt werden. Wir sind nicht verantwortlich f\u00fcr Lieferprobleme aufgrund falscher Daten.<\/span><\/p>\n\t\t\t\t\t\t\t\t<\/div>\n\t\t\t\t<\/div>\n\t\t\t\t<div class=\"elementor-element elementor-element-f685019 elementor-widget elementor-widget-heading\" data-id=\"f685019\" data-element_type=\"widget\" data-e-type=\"widget\" data-widget_type=\"heading.default\">\n\t\t\t\t<div class=\"elementor-widget-container\">\n\t\t\t\t\t<h2 class=\"elementor-heading-title elementor-size-default\">R\u00fcckgabe- und R\u00fcckerstattungsrichtlinie<\/h2>\t\t\t\t<\/div>\n\t\t\t\t<\/div>\n\t\t\t\t<div class=\"elementor-element elementor-element-9545cea elementor-widget elementor-widget-text-editor\" data-id=\"9545cea\" data-element_type=\"widget\" data-e-type=\"widget\" data-widget_type=\"text-editor.default\">\n\t\t\t\t<div class=\"elementor-widget-container\">\n\t\t\t\t\t\t\t\t\t<p style=\"text-align: center;\">F\u00fcr alle Arten von Rap\u00e9 gibt es eine R\u00fcckgabe- und R\u00fcckerstattungsrichtlinie. &nbsp; Ancestrina<br>bietet eine Ein-Gramm-Option f\u00fcr alle Rap\u00e9 an, um Ihnen die<br>w\u00e4hlen Sie den Rap\u00e9, der am besten zu Ihnen passt, und wir bieten Ihnen eine pers\u00f6nliche Beratung, um Ihnen bei Ihrer Wahl zu helfen.<\/p>\n<p style=\"text-align: center;\">F\u00fcr Tipis, Kuripes und anderes Zubeh\u00f6r werden aus Sicherheitsgr\u00fcnden keine R\u00fcckgaben akzeptiert.<\/p>\n<p style=\"text-align: center;\">&nbsp;Unsere Richtlinien sind zwar streng f\u00fcr<br>offensichtlichen Gr\u00fcnden, werden wir unser Bestes tun, um mit Ihnen zusammenzuarbeiten und sicherzustellen, dass Ihr<br>Erfahrung ist positiv.<\/p>\t\t\t\t\t\t\t\t<\/div>\n\t\t\t\t<\/div>\n\t\t\t\t<div class=\"elementor-element elementor-element-7be135a elementor-widget elementor-widget-heading\" data-id=\"7be135a\" data-element_type=\"widget\" data-e-type=\"widget\" data-widget_type=\"heading.default\">\n\t\t\t\t<div class=\"elementor-widget-container\">\n\t\t\t\t\t<h2 class=\"elementor-heading-title elementor-size-default\">Zur\u00fcckgegebene Bestellungen<\/h2>\t\t\t\t<\/div>\n\t\t\t\t<\/div>\n\t\t\t\t<div class=\"elementor-element elementor-element-d710efa elementor-widget elementor-widget-text-editor\" data-id=\"d710efa\" data-element_type=\"widget\" data-e-type=\"widget\" data-widget_type=\"text-editor.default\">\n\t\t\t\t<div class=\"elementor-widget-container\">\n\t\t\t\t\t\t\t\t\t<p style=\"text-align: center;\">Wenn eine Sendung aus einem Grund, der sich unserer Kontrolle entzieht, zur\u00fcckgeschickt wird, sind wir verpflichtet<br \/>Wenn es nicht m\u00f6glich ist, die Bestellung erneut zu versenden, gilt die folgende Strafklausel.<\/p>\n<p style=\"text-align: center;\">\n\t\t\t\t\t\t\t\t<\/div>\n\t\t\t\t<\/div>\n\t\t\t\t<div class=\"elementor-element elementor-element-e080243 elementor-widget elementor-widget-heading\" data-id=\"e080243\" data-element_type=\"widget\" data-e-type=\"widget\" data-widget_type=\"heading.default\">\n\t\t\t\t<div class=\"elementor-widget-container\">\n\t\t\t\t\t<h2 class=\"elementor-heading-title elementor-size-default\">R\u00fcckerstattung von zur\u00fcckgesandten Bestellungen<\/h2>\t\t\t\t<\/div>\n\t\t\t\t<\/div>\n\t\t\t\t<div class=\"elementor-element elementor-element-265af43 elementor-widget elementor-widget-text-editor\" data-id=\"265af43\" data-element_type=\"widget\" data-e-type=\"widget\" data-widget_type=\"text-editor.default\">\n\t\t\t\t<div class=\"elementor-widget-container\">\n\t\t\t\t\t\t\t\t\t<p style=\"text-align: center;\">F\u00fcr internationale Sendungen wird eine Strafe von 30 US-Dollar oder der Gegenwert in der Landesw\u00e4hrung f\u00fcr die Bearbeitung, Dokumentation und andere Kosten, die beim Versand anfallen, erhoben, zuz\u00fcglich der Frachtkosten, die zum Zeitpunkt der Bestellung berechnet werden.<\/p>\n\t\t\t\t\t\t\t\t<\/div>\n\t\t\t\t<\/div>\n\t\t\t\t<div class=\"elementor-element elementor-element-d66c0ad elementor-widget elementor-widget-heading\" data-id=\"d66c0ad\" data-element_type=\"widget\" data-e-type=\"widget\" data-widget_type=\"heading.default\">\n\t\t\t\t<div class=\"elementor-widget-container\">\n\t\t\t\t\t<h2 class=\"elementor-heading-title elementor-size-default\">Lieferzeit<\/h2>\t\t\t\t<\/div>\n\t\t\t\t<\/div>\n\t\t\t\t<div class=\"elementor-element elementor-element-01502a1 elementor-widget elementor-widget-text-editor\" data-id=\"01502a1\" data-element_type=\"widget\" data-e-type=\"widget\" data-widget_type=\"text-editor.default\">\n\t\t\t\t<div class=\"elementor-widget-container\">\n\t\t\t\t\t\t\t\t\t<p style=\"text-align: center;\">Wir k\u00f6nnen keine Lieferzeiten garantieren und k\u00f6nnen nicht f\u00fcr eventuelle Verz\u00f6gerungen verantwortlich gemacht werden. Kontrollbeh\u00f6rden k\u00f6nnen Ihr Paket untersuchen und die Zustellung verz\u00f6gern, was au\u00dferhalb unserer Kontrolle liegt.  <\/p>\n\t\t\t\t\t\t\t\t<\/div>\n\t\t\t\t<\/div>\n\t\t\t\t\t<\/div>\n\t\t<\/div>\n\t\t\t\t\t<\/div>\n\t\t<\/section>\n\t\t\t\t<\/div>\n\t\t","protected":false},"excerpt":{"rendered":"<p>Versand-, R\u00fcckgabe- und R\u00fcckerstattungsrichtlinien Versand Die Preise sind in Ihrer Landesw\u00e4hrung angegeben, ansonsten in kolumbianischen Pesos. Einige Artikel k\u00f6nnen aufgrund von Beschr\u00e4nkungen nicht in bestimmte L\u00e4nder versandt werden. Es liegt in der Verantwortung des Kunden, zu pr\u00fcfen, ob es nach der Gesetzgebung seines Wohnsitzes irgendwelche Einschr\u00e4nkungen gibt, sowie den Steuersatz. Ancestrina ist unter keinen Umst\u00e4nden [&hellip;]<\/p>\n","protected":false},"author":1,"featured_media":0,"parent":0,"menu_order":0,"comment_status":"closed","ping_status":"closed","template":"","meta":{"order-bump-settings":[],"_wpfnl_thankyou_order_overview":"on","_wpfnl_thankyou_order_details":"on","_wpfnl_thankyou_billing_details":"on","_wpfnl_thankyou_shipping_details":"on","site-sidebar-layout":"no-sidebar","site-content-layout":"page-builder","ast-site-content-layout":"default","site-content-style":"default","site-sidebar-style":"default","ast-global-header-display":"","ast-banner-title-visibility":"","ast-main-header-display":"","ast-hfb-above-header-display":"","ast-hfb-below-header-display":"","ast-hfb-mobile-header-display":"","site-post-title":"disabled","ast-breadcrumbs-content":"","ast-featured-img":"disabled","footer-sml-layout":"","ast-disable-related-posts":"","theme-transparent-header-meta":"default","adv-header-id-meta":"","stick-header-meta":"","header-above-stick-meta":"","header-main-stick-meta":"","header-below-stick-meta":"","astra-migrate-meta-layouts":"default","ast-page-background-enabled":"default","ast-page-background-meta":{"desktop":{"background-color":"","background-image":"","background-repeat":"repeat","background-position":"center center","background-size":"auto","background-attachment":"scroll","background-type":"","background-media":"","overlay-type":"","overlay-color":"","overlay-opacity":"","overlay-gradient":""},"tablet":{"background-color":"","background-image":"","background-repeat":"repeat","background-position":"center center","background-size":"auto","background-attachment":"scroll","background-type":"","background-media":"","overlay-type":"","overlay-color":"","overlay-opacity":"","overlay-gradient":""},"mobile":{"background-color":"","background-image":"","background-repeat":"repeat","background-position":"center center","background-size":"auto","background-attachment":"scroll","background-type":"","background-media":"","overlay-type":"","overlay-color":"","overlay-opacity":"","overlay-gradient":""}},"ast-content-background-meta":{"desktop":{"background-color":"var(--ast-global-color-5)","background-image":"","background-repeat":"repeat","background-position":"center center","background-size":"auto","background-attachment":"scroll","background-type":"","background-media":"","overlay-type":"","overlay-color":"","overlay-opacity":"","overlay-gradient":""},"tablet":{"background-color":"var(--ast-global-color-5)","background-image":"","background-repeat":"repeat","background-position":"center center","background-size":"auto","background-attachment":"scroll","background-type":"","background-media":"","overlay-type":"","overlay-color":"","overlay-opacity":"","overlay-gradient":""},"mobile":{"background-color":"var(--ast-global-color-5)","background-image":"","background-repeat":"repeat","background-position":"center center","background-size":"auto","background-attachment":"scroll","background-type":"","background-media":"","overlay-type":"","overlay-color":"","overlay-opacity":"","overlay-gradient":""}},"_joinchat":[],"footnotes":""},"class_list":["post-7547","page","type-page","status-publish","hentry"],"yoast_head":"<!-- This site is optimized with the Yoast SEO Premium plugin v22.6 (Yoast SEO v27.6) - https:\/\/yoast.com\/product\/yoast-seo-premium-wordpress\/ -->\n<title>und Lieferung unserer Produkte an Ihren Bestimmungsort<\/title>\n<meta name=\"description\" content=\"Es liegt in der Verantwortung unseres Kunden, zu pr\u00fcfen, ob es an seinem Wohnort Einschr\u00e4nkungen f\u00fcr die Lieferung unseres Produkts gibt.\" \/>\n<meta name=\"robots\" content=\"index, follow, max-snippet:-1, max-image-preview:large, max-video-preview:-1\" \/>\n<link rel=\"canonical\" href=\"https:\/\/ancestrina.com\/de\/rucksendung-politik-rucksendung-erstattung\/\" \/>\n<meta property=\"og:locale\" content=\"de_DE\" \/>\n<meta property=\"og:type\" content=\"article\" \/>\n<meta property=\"og:title\" content=\"Versand-, R\u00fcckgabe- und Erstattungsbedingungen\" \/>\n<meta property=\"og:description\" content=\"Es liegt in der Verantwortung unseres Kunden, zu pr\u00fcfen, ob es an seinem Wohnort Einschr\u00e4nkungen f\u00fcr die Lieferung unseres Produkts gibt.\" \/>\n<meta property=\"og:url\" content=\"https:\/\/ancestrina.com\/de\/rucksendung-politik-rucksendung-erstattung\/\" \/>\n<meta property=\"og:site_name\" content=\"Ancestrina\" \/>\n<meta property=\"article:publisher\" content=\"https:\/\/www.facebook.com\/Ancestrina\/\" \/>\n<meta property=\"article:modified_time\" content=\"2024-04-26T02:38:15+00:00\" \/>\n<meta name=\"twitter:card\" content=\"summary_large_image\" \/>\n<meta name=\"twitter:label1\" content=\"Gesch\u00e4tzte Lesezeit\" \/>\n\t<meta name=\"twitter:data1\" content=\"2\u00a0Minuten\" \/>\n<script type=\"application\/ld+json\" class=\"yoast-schema-graph\">{\"@context\":\"https:\\\/\\\/schema.org\",\"@graph\":[{\"@type\":\"WebPage\",\"@id\":\"https:\\\/\\\/ancestrina.com\\\/de\\\/rucksendung-politik-rucksendung-erstattung\\\/\",\"url\":\"https:\\\/\\\/ancestrina.com\\\/de\\\/rucksendung-politik-rucksendung-erstattung\\\/\",\"name\":\"und Lieferung unserer Produkte an Ihren Bestimmungsort\",\"isPartOf\":{\"@id\":\"https:\\\/\\\/ancestrina.com\\\/de\\\/#website\"},\"datePublished\":\"2021-11-03T14:16:42+00:00\",\"dateModified\":\"2024-04-26T02:38:15+00:00\",\"description\":\"Es liegt in der Verantwortung unseres Kunden, zu pr\u00fcfen, ob es an seinem Wohnort Einschr\u00e4nkungen f\u00fcr die Lieferung unseres Produkts gibt.\",\"breadcrumb\":{\"@id\":\"https:\\\/\\\/ancestrina.com\\\/de\\\/rucksendung-politik-rucksendung-erstattung\\\/#breadcrumb\"},\"inLanguage\":\"de\",\"potentialAction\":[{\"@type\":\"ReadAction\",\"target\":[\"https:\\\/\\\/ancestrina.com\\\/de\\\/rucksendung-politik-rucksendung-erstattung\\\/\"]}]},{\"@type\":\"BreadcrumbList\",\"@id\":\"https:\\\/\\\/ancestrina.com\\\/de\\\/rucksendung-politik-rucksendung-erstattung\\\/#breadcrumb\",\"itemListElement\":[{\"@type\":\"ListItem\",\"position\":1,\"name\":\"Home\",\"item\":\"https:\\\/\\\/ancestrina.com\\\/de\\\/zuhause\\\/\"},{\"@type\":\"ListItem\",\"position\":2,\"name\":\"Versand-, R\u00fcckgabe- und Erstattungsbedingungen\"}]},{\"@type\":\"WebSite\",\"@id\":\"https:\\\/\\\/ancestrina.com\\\/de\\\/#website\",\"url\":\"https:\\\/\\\/ancestrina.com\\\/de\\\/\",\"name\":\"Ancestrina\",\"description\":\"Trabajamos experiencias con plantas maestras, terapias integradoras y cultos ancestrales\",\"publisher\":{\"@id\":\"https:\\\/\\\/ancestrina.com\\\/de\\\/#organization\"},\"potentialAction\":[{\"@type\":\"SearchAction\",\"target\":{\"@type\":\"EntryPoint\",\"urlTemplate\":\"https:\\\/\\\/ancestrina.com\\\/de\\\/?s={search_term_string}\"},\"query-input\":{\"@type\":\"PropertyValueSpecification\",\"valueRequired\":true,\"valueName\":\"search_term_string\"}}],\"inLanguage\":\"de\"},{\"@type\":\"Organization\",\"@id\":\"https:\\\/\\\/ancestrina.com\\\/de\\\/#organization\",\"name\":\"Ancestrina\",\"url\":\"https:\\\/\\\/ancestrina.com\\\/de\\\/\",\"logo\":{\"@type\":\"ImageObject\",\"inLanguage\":\"de\",\"@id\":\"https:\\\/\\\/ancestrina.com\\\/de\\\/#\\\/schema\\\/logo\\\/image\\\/\",\"url\":\"https:\\\/\\\/ancestrina.com\\\/wp-content\\\/uploads\\\/2020\\\/06\\\/cropped-LOGO-ANCESTRINA-1.png\",\"contentUrl\":\"https:\\\/\\\/ancestrina.com\\\/wp-content\\\/uploads\\\/2020\\\/06\\\/cropped-LOGO-ANCESTRINA-1.png\",\"width\":630,\"height\":202,\"caption\":\"Ancestrina\"},\"image\":{\"@id\":\"https:\\\/\\\/ancestrina.com\\\/de\\\/#\\\/schema\\\/logo\\\/image\\\/\"},\"sameAs\":[\"https:\\\/\\\/www.facebook.com\\\/Ancestrina\\\/\",\"https:\\\/\\\/www.instagram.com\\\/ancestrina\\\/\",\"https:\\\/\\\/www.youtube.com\\\/channel\\\/UCgtt6WFhEIVEI30PzxlOeIw\"]}]}<\/script>\n<!-- \/ Yoast SEO Premium plugin. -->","yoast_head_json":{"title":"und Lieferung unserer Produkte an Ihren Bestimmungsort","description":"Es liegt in der Verantwortung unseres Kunden, zu pr\u00fcfen, ob es an seinem Wohnort Einschr\u00e4nkungen f\u00fcr die Lieferung unseres Produkts gibt.","robots":{"index":"index","follow":"follow","max-snippet":"max-snippet:-1","max-image-preview":"max-image-preview:large","max-video-preview":"max-video-preview:-1"},"canonical":"https:\/\/ancestrina.com\/de\/rucksendung-politik-rucksendung-erstattung\/","og_locale":"de_DE","og_type":"article","og_title":"Versand-, R\u00fcckgabe- und Erstattungsbedingungen","og_description":"Es liegt in der Verantwortung unseres Kunden, zu pr\u00fcfen, ob es an seinem Wohnort Einschr\u00e4nkungen f\u00fcr die Lieferung unseres Produkts gibt.","og_url":"https:\/\/ancestrina.com\/de\/rucksendung-politik-rucksendung-erstattung\/","og_site_name":"Ancestrina","article_publisher":"https:\/\/www.facebook.com\/Ancestrina\/","article_modified_time":"2024-04-26T02:38:15+00:00","twitter_card":"summary_large_image","twitter_misc":{"Gesch\u00e4tzte Lesezeit":"2\u00a0Minuten"},"schema":{"@context":"https:\/\/schema.org","@graph":[{"@type":"WebPage","@id":"https:\/\/ancestrina.com\/de\/rucksendung-politik-rucksendung-erstattung\/","url":"https:\/\/ancestrina.com\/de\/rucksendung-politik-rucksendung-erstattung\/","name":"und Lieferung unserer Produkte an Ihren Bestimmungsort","isPartOf":{"@id":"https:\/\/ancestrina.com\/de\/#website"},"datePublished":"2021-11-03T14:16:42+00:00","dateModified":"2024-04-26T02:38:15+00:00","description":"Es liegt in der Verantwortung unseres Kunden, zu pr\u00fcfen, ob es an seinem Wohnort Einschr\u00e4nkungen f\u00fcr die Lieferung unseres Produkts gibt.","breadcrumb":{"@id":"https:\/\/ancestrina.com\/de\/rucksendung-politik-rucksendung-erstattung\/#breadcrumb"},"inLanguage":"de","potentialAction":[{"@type":"ReadAction","target":["https:\/\/ancestrina.com\/de\/rucksendung-politik-rucksendung-erstattung\/"]}]},{"@type":"BreadcrumbList","@id":"https:\/\/ancestrina.com\/de\/rucksendung-politik-rucksendung-erstattung\/#breadcrumb","itemListElement":[{"@type":"ListItem","position":1,"name":"Home","item":"https:\/\/ancestrina.com\/de\/zuhause\/"},{"@type":"ListItem","position":2,"name":"Versand-, R\u00fcckgabe- und Erstattungsbedingungen"}]},{"@type":"WebSite","@id":"https:\/\/ancestrina.com\/de\/#website","url":"https:\/\/ancestrina.com\/de\/","name":"Ancestrina","description":"Trabajamos experiencias con plantas maestras, terapias integradoras y cultos ancestrales","publisher":{"@id":"https:\/\/ancestrina.com\/de\/#organization"},"potentialAction":[{"@type":"SearchAction","target":{"@type":"EntryPoint","urlTemplate":"https:\/\/ancestrina.com\/de\/?s={search_term_string}"},"query-input":{"@type":"PropertyValueSpecification","valueRequired":true,"valueName":"search_term_string"}}],"inLanguage":"de"},{"@type":"Organization","@id":"https:\/\/ancestrina.com\/de\/#organization","name":"Ancestrina","url":"https:\/\/ancestrina.com\/de\/","logo":{"@type":"ImageObject","inLanguage":"de","@id":"https:\/\/ancestrina.com\/de\/#\/schema\/logo\/image\/","url":"https:\/\/ancestrina.com\/wp-content\/uploads\/2020\/06\/cropped-LOGO-ANCESTRINA-1.png","contentUrl":"https:\/\/ancestrina.com\/wp-content\/uploads\/2020\/06\/cropped-LOGO-ANCESTRINA-1.png","width":630,"height":202,"caption":"Ancestrina"},"image":{"@id":"https:\/\/ancestrina.com\/de\/#\/schema\/logo\/image\/"},"sameAs":["https:\/\/www.facebook.com\/Ancestrina\/","https:\/\/www.instagram.com\/ancestrina\/","https:\/\/www.youtube.com\/channel\/UCgtt6WFhEIVEI30PzxlOeIw"]}]}},"_links":{"self":[{"href":"https:\/\/ancestrina.com\/de\/wp-json\/wp\/v2\/pages\/7547","targetHints":{"allow":["GET"]}}],"collection":[{"href":"https:\/\/ancestrina.com\/de\/wp-json\/wp\/v2\/pages"}],"about":[{"href":"https:\/\/ancestrina.com\/de\/wp-json\/wp\/v2\/types\/page"}],"author":[{"embeddable":true,"href":"https:\/\/ancestrina.com\/de\/wp-json\/wp\/v2\/users\/1"}],"replies":[{"embeddable":true,"href":"https:\/\/ancestrina.com\/de\/wp-json\/wp\/v2\/comments?post=7547"}],"version-history":[{"count":6,"href":"https:\/\/ancestrina.com\/de\/wp-json\/wp\/v2\/pages\/7547\/revisions"}],"predecessor-version":[{"id":30820,"href":"https:\/\/ancestrina.com\/de\/wp-json\/wp\/v2\/pages\/7547\/revisions\/30820"}],"wp:attachment":[{"href":"https:\/\/ancestrina.com\/de\/wp-json\/wp\/v2\/media?parent=7547"}],"curies":[{"name":"wp","href":"https:\/\/api.w.org\/{rel}","templated":true}]}}